{"id":7476,"date":"2025-11-26T17:34:33","date_gmt":"2025-11-26T16:34:33","guid":{"rendered":"https:\/\/zlp-krakow.pl\/?page_id=7476"},"modified":"2025-11-26T18:46:02","modified_gmt":"2025-11-26T17:46:02","slug":"lucyna-beltowska","status":"publish","type":"page","link":"https:\/\/zlp-krakow.pl\/?page_id=7476","title":{"rendered":"Lucyna Be\u0142towska"},"content":{"rendered":"<p><a href=\"https:\/\/zlp-krakow.pl\/wp-content\/uploads\/2025\/11\/Beltowska-foto.jpg\"><img loading=\"lazy\" decoding=\"async\" class=\"alignnone wp-image-7475 size-thumbnail\" src=\"https:\/\/zlp-krakow.pl\/wp-content\/uploads\/2025\/11\/Beltowska-foto-150x150.jpg\" alt=\"\" width=\"150\" height=\"150\" \/><\/a><\/p>\n<p><strong>Lucyna Be\u0142towska\u00a0\u00a0<\/strong><\/p>\n<p style=\"text-align: justify;\">Ca\u0142e studenckie i zawodowe \u017cycie zwi\u0105zana z Uniwersytetem Jagiello\u0144skim. Jeszcze przed uko\u0144czeniem studi\u00f3w na Wydziale Filologicznym przyj\u0119ta do pracy w Muzeum Uniwersytetu Jagiello\u0144skiego przez prof. dr hab. Karola Estreichera m\u0142odszego. W Collegium Maius, gdzie przepracowa\u0142a kilkadziesi\u0105t lat, by\u0142a autork\u0105 i kuratork\u0105 wielu muzealnych wystaw oraz katalog\u00f3w do nich, w tym kilku ekspozycji o zasi\u0119gu krajowym i mi\u0119dzynarodowym. Jedna z nich, pt. <em>Skarby Uniwersytetu Jagiello\u0144skiego<\/em> nagrodzona zosta\u0142a drugim miejscem (g\u0142\u00f3wn\u0105 nagrod\u0119 \u201eSybill\u0119\u201d otrzyma\u0142 Zamek Kr\u00f3lewski na Wawelu) w og\u00f3lnopolskim konkursie \u201eWydarzenie Muzealne Roku\u201d pod patronatem Ministerstwa Kultury i Dziedzictwa Narodowego. Na wniosek ministra Nauki i Szkolnictwa Wy\u017cszego za osi\u0105gni\u0119cia w pracy zawodowej, zas\u0142ugi w dzia\u0142alno\u015bci na rzecz rozwoju, popularyzacji nauki i sztuki odznaczona przez prezydenta RP Srebrnym, a nast\u0119pnie Z\u0142otym Krzy\u017cem Zas\u0142ugi. Otrzyma\u0142a tak\u017ce nagrod\u0119 Rady Dzielnicy XI Miasta Krakowa \u201eOsobowo\u015b\u0107 Roku w Dziedzinie Kultury w kategorii Tw\u00f3rca\u201d.<\/p>\n<p style=\"text-align: justify;\">Przej\u015bcie w \u201estan spoczynku\u201d nie oznacza\u0142o\u2026 przys\u0142owiowego <em>dolce far niente.<\/em> Do g\u0142osu dosz\u0142y zainteresowania, pasje, na kt\u00f3re wcze\u015bniej nigdy nie starcza\u0142o czasu; potrzeba wyra\u017cenia w s\u0142owie i obrazie w\u0142asnego widzenia, opisania \u015bwiata, a tak\u017ce wewn\u0119trznego artystycznego \u0142adunku wyniesionego z Collegium Maius.\u00a0 Zaowocowa\u0142o to szeregiem wystaw obraz\u00f3w oraz wieczork\u00f3w autorskich w Krakowie, Gliwicach, Kielcach, Nowym Targu. Wiersze, opowiadania oraz fragmenty powstaj\u0105cej powie\u015bci publikowane s\u0105 na internetowych portalach literackich, drukowane w czasopismach i wydawnictwach literackich, np. \u201eAkant\u201d, \u201eYpsylon\u201d, a tak\u017ce w licznych Antologiach i Almanachach.\u00a0 Przez lata wsp\u00f3\u0142pracowa\u0142a z miesi\u0119cznikiem uniwersyteckim \u201eAlma Mater\u201d, Dziennikiem Polskim\u201d i z \u201eWiadomo\u015bciami\u201d \u2013 miesi\u0119cznikiem Dzielnicy Krakowa Podg\u00f3rze.\u00a0 W radiu Koszalin w ramach cyklu \u201ePoczta poetycka Radia Koszalin\u201d dwukrotnie zaprezentowano jej wiersze z merytoryczn\u0105 analiz\u0105 i interpretacj\u0105. Kilka lat temu Muzeum Uniwersytetu Jagiello\u0144skiego zorganizowa\u0142o du\u017c\u0105 \u2013 ponad siedem miesi\u0119cy trwaj\u0105c\u0105 \u2212 wstaw\u0119 jej obraz\u00f3w i \u00a0poezji. W roku 2022 ukaza\u0142a si\u0119 ksi\u0105\u017cka pt. \u201eMon\u0119 Lis\u0119 tanio sprzedam. Wyb\u0142yskos\u0142owie\u201d (pierwsza indywidualna, nie licz\u0105c wydanego w 2004 roku tomiku poezji \u201eOkruchy serca\u201d oraz kilkudziesi\u0119ciu katalog\u00f3w wystaw muzealnych) zawieraj\u0105ca szkice, eseje, opowiadania \u201eoko\u0142o muzealne\u201d i z zakresu historii sztuki. Rok 2024 r. przyni\u00f3s\u0142 dwie wa\u017cne (nie tylko dla najstarszej polskiej wy\u017cszej uczelni) rocznice: 40. \u015bmierci prof. Estreichera, 60. udost\u0119pnienia dla zwiedzaj\u0105cych powsta\u0142ego z jego wizji Muzeum UJ i 50. rozpocz\u0119cia jej pracy i przygody w i z Collegium Maius. Te rocznice, pami\u0119\u0107 o profesorze, a tak\u017ce ho\u0142d z\u0142o\u017cony wyj\u0105tkowemu miejscu, w kt\u00f3rym sp\u0119dzi\u0142a ca\u0142e zawodowe \u017cycie sta\u0142y si\u0119 asumptem do napisania ksi\u0105\u017cki pt. \u201eWyznania muzealniczki. Historie \u2013 wspomnienia \u2013 impresje\u201d.\u00a0 4 marca 2025 r. w Collegium Maius \u2212\u00a0 w historycznej Sali Librarii (kolebki ksi\u0119gozbioru Biblioteki Jagiello\u0144skiej)\u00a0 \u2212 w \u00a0119.\u00a0 rocznic\u0119 urodzin profesora Karola Estreichera m\u0142odszego \u2212 odby\u0142a si\u0119 promocja tej ksi\u0105\u017cki.<\/p>\n<div><strong>Jutrobranie<\/strong><\/div>\n<div><strong><sup>\u00a0<\/sup><\/strong><\/div>\n<div>Rozpanoszy\u0142 si\u0119 na dobre. Listopad.<\/div>\n<div>Dopada ka\u017cde ledwo wypowiedziane<\/div>\n<div>s\u0142owo. Ogryza do ko\u015bci.<\/div>\n<div>Na jaw wychodz\u0105 wszystkie letnie<\/div>\n<div>k\u0142amstewka.<\/div>\n<div><\/div>\n<h6><\/h6>\n<div>Marzn\u0119.<\/div>\n<div><\/div>\n<h6><\/h6>\n<div>Czy ty mnie Czasie nie wysrebrzasz<\/div>\n<div>przedwcze\u015bnie?<\/div>\n<div>Sp\u00f3jrz \u2212 jeszcze si\u0119 zieleni\u0119.<\/div>\n<div>Szmaragdowo.<\/div>\n<h6><\/h6>\n<div><\/div>\n<div>Nie od\u0142o\u017cy\u0142am bezpiecznej przesz\u0142o\u015bci<\/div>\n<div>na zapas. Tej jesieni nie czekaj<\/div>\n<div>na owoc.<\/div>\n<div><\/div>\n<h6><\/h6>\n<div><em><strong>Scherzo ma non troppo <\/strong><\/em><\/div>\n<div><em><strong>\u00a0<\/strong><\/em><\/div>\n<div>Nie namawiaj na mi\u0142o\u015b\u0107 w tonacji durowej<\/div>\n<div>na l\u015bni\u0105cej politurze, ch\u0142odnej i bez rysy.<\/div>\n<div>G\u0142os podnosisz i r\u0119k\u0119. We mnie cisza krzyczy,<\/div>\n<div>kiedy \u0107wiczysz ten akord, kt\u00f3ry dudni w g\u0142owie,<\/div>\n<h6><\/h6>\n<div>a noc\u0105 pachnie pi\u017cmem. Nie dr\u0119cz klawiatury,<\/div>\n<div>moich nut nie przy\u015bpieszysz, wi\u0119c graj piano, piano<\/div>\n<div>\u2212\u00a0 jej ciep\u0142o, biel i g\u0142adko\u015b\u0107 \u2212 ca\u0142e moje wiano.<\/div>\n<div>W tej tonacji molowej, nie podrap mi sk\u00f3ry,<\/div>\n<h6><\/h6>\n<div>Zgubiona w d\u017awi\u0119k\u00f3w ci\u017cbie, rezonuj\u0119 tonem<\/div>\n<div>fa\u0142szywego odprysku, p\u00f3\u0142nut\u0105 zdziwienia.<\/div>\n<div>Na kim\u015b innym \u0107wicz solfe\u017c. Ciszej kamertonie<\/div>\n<h6><\/h6>\n<div>wyznaczniku nieczu\u0142y. A ty nuty zmieniasz,<\/div>\n<div>cho\u0107 kr\u0105g kwintowy zgodny, klawiatura milczy.<\/div>\n<div>Z\u0142y instrument wybra\u0142e\u015b. Apetyt mam wilczy.<\/div>\n<h6><\/h6>\n<div><strong>Conversatio morum\u00a0<\/strong><\/div>\n<div><em>Nigdzie indziej poza w\u0142asnym Montserrat nie znajdzie cz\u0142owiek szcz\u0119\u015bcia i spokoju. J.W. Goethe<\/em><\/div>\n<div><em>\u00a0<\/em><\/div>\n<div>W jednym z erem\u00f3w w Montserrat<br \/>\nCzarna Madonna<\/div>\n<div>\n<p>ma zamkni\u0119te oczy \u2212 symbol milczenia.<\/p>\n<\/div>\n<div>Wspinam si\u0119 po s\u0142owach, uparcie<br \/>\nnie wierz\u0105c w ich sens.<br \/>\n\u015acigaj\u0105 mnie twarde, kanciaste.<br \/>\nJu\u017c wiem, nie zd\u0105\u017c\u0119.<br \/>\nPoch\u0142onie mnie lawinisko. I jeszcze tw\u00f3j krzyk.<br \/>\nNie patrz tak!<br \/>\nOczy mog\u0105 narobi\u0107 wiele<br \/>\nha\u0142asu.<\/div>\n<h6><\/h6>\n<div>Nie wiedzia\u0142e\u015b?<\/div>\n<h6><\/h6>\n<div><strong><em>In plena concordia <\/em><\/strong><\/div>\n<h6><\/h6>\n<div>Ze spokojem spogl\u0105dam na szlak dr\u00f3g przebytych,<br \/>\nmiasta X tam nie ma, unikam miejsc na\u017cytych<br \/>\nnadmiernie. Przez imperatyw bycia na topie,<br \/>\nucieka najwa\u017cniejsze, znika wraz z potopem<br \/>\nha\u0142a\u015bliwego t\u0142umu. Ukrytego pi\u0119kna<br \/>\nnie dojrzysz, gdzie zbyt du\u017co zadrapa\u0144 i szum\u00f3w.<\/div>\n<div>Przygod\u0105 kusz\u0105 stacje jeszcze niepoznane,<br \/>\ngdzie s\u0142owa zmilkn\u0105 naszym niewyznaniem.<\/div>\n<h6><\/h6>\n<div><strong>Palimpsest<\/strong><\/div>\n<h6><\/h6>\n<div>Szumy w tle s\u0105 wa\u017cne.<\/div>\n<div>Mimo \u017ce zamazane nie pozwalaj\u0105 zapomnie\u0107.<\/div>\n<div>Niewiele znacz\u0105 pokrywaj\u0105ce je runy,<\/div>\n<div>nie si\u0119gaj\u0105 sekretu.<\/div>\n<h6><\/h6>\n<div>Trzeba po\u0142o\u017cy\u0107 szare na szare by uzyska\u0107<\/div>\n<div>wyrazisto\u015b\u0107.<\/div>\n<div>Kiedy <em>sowa Minerwy wyleci o zmierzchu<\/em><\/div>\n<div>wszystko stanie si\u0119 jasne.<\/div>\n<div>Czy dlatego nawet my\u015bl jest tylko ciemnofioletowym<\/div>\n<div>cieniem rysuj\u0105cym krakelury wybrzmia\u0142ych wspomnie\u0144?<\/div>\n<h6><\/h6>\n<div>We wn\u0119trzu jeszcze ciep\u0142ej d\u0142oni uk\u0142adam niedopasowane<\/div>\n<div>puzzle pami\u0119ci. Rozsypane paciorki zb\u0119dnych s\u0142\u00f3w<\/div>\n<div>skar\u017c\u0105 si\u0119 \u017ca\u0142o\u015bnie.<\/div>\n<h6><\/h6>\n<div>Pr\u00f3buj\u0119 pozbiera\u0107 nie kalecz\u0105c przysz\u0142ych marze\u0144<\/div>\n<div>bezszelestnie upadaj\u0105cych czarno-bia\u0142ymi snami.<\/div>\n<div>Kiedy ch\u0142\u00f3d prze\u015bcierad\u0142a k\u0142adzie si\u0119 cieniem<\/div>\n<div>na powiekach znikam, ch\u0142on\u0105c ostanie \u015blady czu\u0142o\u015bci.<\/div>\n<h6><\/h6>\n<div><strong>Pycha<\/strong><\/div>\n<h6><\/h6>\n<div>zamykam oczy i fotografuj\u0119 cudze my\u015bli<\/div>\n<div>my\u015bla\u0142am uda\u0142o si\u0119 skra\u015b\u0107 okruszek<\/div>\n<div>boskiej mocy<\/div>\n<div>a ja tylko zagubi\u0142am siebie w kakofonii<\/div>\n<div>k\u0142\u0119bowiska obraz\u00f3w niewywo\u0142anych film\u00f3w<\/div>\n<div>staczaj\u0105cych si\u0119 w lawinisko<\/div>\n<div>imaginacji pragnie\u0144 obsesji<\/div>\n<h6><\/h6>\n<div>\u017cycie ca\u0142e w gar\u015bci zmie\u015bci\u0107<\/div>\n<div>to jakby przysi\u0105\u015b\u0107<\/div>\n<div>na at\u0142asem wy\u015bcie\u0142anym taborecie<\/div>\n<div>przy najpi\u0119kniejszym fortepianie<\/div>\n<div>Pana Boga<\/div>\n<h6><\/h6>\n<div>nie dla ciebie cz\u0142owieku<\/div>\n<h6><\/h6>\n<div>powiniene\u015b wiedzie\u0107 nie potrafisz<\/div>\n<div>zagra\u0107 nawet jednej najkr\u00f3tszej<\/div>\n<div>czystej nuty na bia\u0142o-czarnej<\/div>\n<div>niesko\u0144czonej niebia\u0144skiej<\/div>\n<div>klawiaturze<\/div>\n<h6><\/h6>\n<div><strong>Nie pytaj, kiedy znasz odpowied\u017a<\/strong><\/div>\n<h6><\/h6>\n<div>Wlecze si\u0119<\/div>\n<div>za cz\u0142owiekiem<\/div>\n<div>cie\u0144. Czarna dziura.<\/div>\n<h6><\/h6>\n<div>Czym jest ta czer\u0144.<\/div>\n<div>Uniwersalnym wzorem na tragedi\u0119.<\/div>\n<div>Emanacj\u0105 z\u0142a bez rozcie\u0144czania<\/div>\n<div>czy ma\u0142\u0105 czarn\u0105 w szafie<\/div>\n<div>szanuj\u0105cej si\u0119 damy?<\/div>\n<h6><\/h6>\n<div>A mo\u017ce tylko t\u0142em<\/div>\n<div>dla b\u0142ysk\u00f3w-rozb\u0142ysk\u00f3w gwiezdnych<\/div>\n<div>wachlarzy kosmicznych idei.<\/div>\n<h6><\/h6>\n<div>Jeszcze niepoj\u0119tych.<\/div>\n<h6><\/h6>\n<div><strong>wr\u00f3\u017cenie ze starych fotografii <\/strong><\/div>\n<h6><\/h6>\n<div>w mie\u015bcie cichego poranka<\/div>\n<div>gdzie kolor b\u0142\u0119kitny jest symbolem oddalenia<\/div>\n<div>ulica urwana chcia\u0142aby spotyka\u0107 si\u0119 z ulic\u0105 wsp\u00f3ln\u0105<\/div>\n<div>przechodnie nie podnosz\u0105c oczu blakn\u0105<\/div>\n<div>kiedy b\u00f3l stacza (zwyci\u0119sk\u0105) walk\u0119 z rozumem<\/div>\n<h6><\/h6>\n<div>nie dziw si\u0119 \u017ce uciekam<\/div>\n<div>cho\u0107 w baga\u017cu mam tyle miejsc<\/div>\n<div>do wype\u0142nienia<\/div>\n<div>podobno pustka jest dobra nie rdzewieje<\/div>\n<div>ma odcie\u0144 twoich oczu<\/div>\n<div>ju\u017c nie czekasz<\/div>\n<div>chocia\u017c wci\u0105\u017c tak my\u015bl\u0119<\/div>\n<p><strong>\u00a0<\/strong><\/p>\n","protected":false},"excerpt":{"rendered":"<p>Lucyna Be\u0142towska\u00a0\u00a0 Ca\u0142e studenckie i zawodowe \u017cycie zwi\u0105zana z Uniwersytetem Jagiello\u0144skim. Jeszcze przed uko\u0144czeniem studi\u00f3w na Wydziale Filologicznym przyj\u0119ta do pracy w Muzeum Uniwersytetu Jagiello\u0144skiego przez prof. dr hab. Karola Estreichera m\u0142odszego. W Collegium Maius, gdzie przepracowa\u0142a kilkadziesi\u0105t lat, by\u0142a &#8230; <a class=\"more-link\" href=\"https:\/\/zlp-krakow.pl\/?page_id=7476\">Read More &raquo;<\/a><\/p>\n","protected":false},"author":3,"featured_media":0,"parent":0,"menu_order":0,"comment_status":"closed","ping_status":"closed","template":"","meta":{"footnotes":""},"categories":[2],"tags":[],"class_list":["post-7476","page","type-page","status-publish","hentry","category-czlonkowie"],"_links":{"self":[{"href":"https:\/\/zlp-krakow.pl\/index.php?rest_route=\/wp\/v2\/pages\/7476","targetHints":{"allow":["GET"]}}],"collection":[{"href":"https:\/\/zlp-krakow.pl\/index.php?rest_route=\/wp\/v2\/pages"}],"about":[{"href":"https:\/\/zlp-krakow.pl\/index.php?rest_route=\/wp\/v2\/types\/page"}],"author":[{"embeddable":true,"href":"https:\/\/zlp-krakow.pl\/index.php?rest_route=\/wp\/v2\/users\/3"}],"replies":[{"embeddable":true,"href":"https:\/\/zlp-krakow.pl\/index.php?rest_route=%2Fwp%2Fv2%2Fcomments&post=7476"}],"version-history":[{"count":12,"href":"https:\/\/zlp-krakow.pl\/index.php?rest_route=\/wp\/v2\/pages\/7476\/revisions"}],"predecessor-version":[{"id":7496,"href":"https:\/\/zlp-krakow.pl\/index.php?rest_route=\/wp\/v2\/pages\/7476\/revisions\/7496"}],"wp:attachment":[{"href":"https:\/\/zlp-krakow.pl\/index.php?rest_route=%2Fwp%2Fv2%2Fmedia&parent=7476"}],"wp:term":[{"taxonomy":"category","embeddable":true,"href":"https:\/\/zlp-krakow.pl\/index.php?rest_route=%2Fwp%2Fv2%2Fcategories&post=7476"},{"taxonomy":"post_tag","embeddable":true,"href":"https:\/\/zlp-krakow.pl\/index.php?rest_route=%2Fwp%2Fv2%2Ftags&post=7476"}],"curies":[{"name":"wp","href":"https:\/\/api.w.org\/{rel}","templated":true}]}}