{"id":6954,"date":"2025-02-14T09:12:58","date_gmt":"2025-02-14T08:12:58","guid":{"rendered":"https:\/\/zlp-krakow.pl\/?page_id=6954"},"modified":"2025-02-14T09:47:30","modified_gmt":"2025-02-14T08:47:30","slug":"kulisiewicz-malgorzata","status":"publish","type":"page","link":"https:\/\/zlp-krakow.pl\/?page_id=6954","title":{"rendered":"Ma\u0142gorzata Kulisiewicz"},"content":{"rendered":"<p><a href=\"https:\/\/zlp-krakow.pl\/wp-content\/uploads\/2025\/02\/autorka-zdjecia-Karolina-Kulisiewicz.jpg\"><img loading=\"lazy\" decoding=\"async\" class=\"alignnone wp-image-6955 size-thumbnail\" src=\"https:\/\/zlp-krakow.pl\/wp-content\/uploads\/2025\/02\/autorka-zdjecia-Karolina-Kulisiewicz-150x150.jpg\" alt=\"\" width=\"150\" height=\"150\" \/><\/a><\/p>\n<p><span style=\"font-family: georgia, palatino, serif; font-size: 12pt;\"><strong>Ma\u0142gorzata Kulisiewicz\u00a0<\/strong><\/span><\/p>\n<div style=\"text-align: justify;\">Absolwentka filmoznawstwa i polonistyki Uniwersytetu Jagiello\u0144skiego, autorka esej\u00f3w i recenzji filmowych i literackich, publikacji historycznych, realizatorka reporta\u017cy telewizyjnych. publikowa\u0142a artyku\u0142y m.in.: \u201ewSieci Historii\u201d, \u201ewNas, wPolityce\u201d, w \u201eDzienniku Polskim\u201d, na portalu \u201eFilm.org.pl\u201d, \u201eMagazynie Filmowym SFP\u201d oraz w \u201eFilm and TV Kamera\u201d i miesi\u0119czniku \u201eKino\u201d.<\/div>\n<div style=\"text-align: justify;\"><strong>Autorka ksi\u0105\u017cek poetyckich<\/strong>: \u201eInni Bogowie\u201d, \u201eKot Wittgensteina i inne wiersze\u201d, \u201eCiasteczka z ironi\u0105\u201d, \u201eSprzedawcy ja\u015bminu\u201d, \u201eKinoptycznie\u201d oraz zbioru opowiada\u0144 \u201edalEKOwzroczno\u015b\u0107\u201d.<\/div>\n<div style=\"text-align: justify;\">Jej opowiadania i wiersze by\u0142y publikowane w \u201eLirydramie\u201d, \u201eWyspie\u201d, \u201eDzienniku Polskim\u201d, \u201eNowych My\u015blach\u201d, \u201eBregArcie\u201d, \u201eBabi\u0144cu Literackim\u201d, \u201eLamelli\u201d, \u201eSzufladzie.net\u201d, \u201ePoezji Dzisiaj\u201d, \u201eMetaforze Wsp\u00f3\u0142czesno\u015bci\u201d, \u201eAkancie\u201d, \u201eHybrydzie\u201d, \u201eLiteracie Krakowskim\u201d, \u201eWytrychu\u201d, \u201ePost Scriptum\u201d, &#8222;Helikopterze OPT&#8221;, na portalu &#8222;Pisarze.pl&#8221;, w \u201eGazecie Kulturalnej&#8221;,\u00a0 \u201eBezkresie\u201d, w \u201eStronie Czynnej\u201d, w \u201eMagazynie Horyzont\u201d, \u00a0\u00a0\u201eWhisper of Sofly \u2013 Yearly Anthology of Poetry (Vol 2)\u201d, \u201eContemporary Writers of Poland. On Life\u2019s Path\u201d, na portalu \u201eSpillwords.com\u201d oraz w licznych antologiach i almanachach. Kilkukrotnie wyr\u00f3\u017cniona w konkursach literackich i filmowych. Zakwalifikowana do fina\u0142u og\u00f3lnopolskiego konkursu scenariuszowego Script Fiesty ze scenariuszem \u201eCienie Katynia\u201d i nominowana do wyr\u00f3\u017cnie\u0144 na Festiwalu Film\u00f3w Katolickich w Niepokalanowie za scenariusz i re\u017cyseri\u0119 filmu: \u201eWanda P\u00f3\u0142tawska. \u017bycie w obronie rodziny\u201d (Wydawnictwo WAM).<\/div>\n<p>&nbsp;<\/p>\n<p><strong>Inni Bogowie<\/strong><\/p>\n<p>Z\u0142otego cielca<br \/>\ndali ludziom<br \/>\ni od tej pory trz\u0119s\u0105 si\u0119<br \/>\nw skowycie<br \/>\nszalej\u0105 na gie\u0142dach<br \/>\npozabijaliby si\u0119<br \/>\nby wyssa\u0107 jad Wielkiej Pszczo\u0142y<\/p>\n<p>A on<br \/>\ndrapie si\u0119 w \u0142ydk\u0119<br \/>\nw g\u0142ow\u0119<br \/>\ni po brzuchu<br \/>\nNie zauwa\u017ca<\/p>\n<p>Nie powt\u00f3rz\u0119<br \/>\nco o nim m\u00f3wi\u0105<br \/>\nMo\u017ce ma racj\u0119<br \/>\nNie b\u0119dziesz mia\u0142 Bog\u00f3w cudzych \u2026<\/p>\n<p>&nbsp;<\/p>\n<div><strong>Kot<\/strong><strong> Wittgensteina <\/strong><\/div>\n<h6><\/h6>\n<div>\u201eBia\u0142y kot pije mleko.\u201d<\/div>\n<div>Czy je\u017celi ja istniej\u0119 naprawd\u0119<\/div>\n<div>i widz\u0119 kota,<\/div>\n<div>to czy on na pewno istnieje?<\/div>\n<h6><\/h6>\n<div>A gdy zamkn\u0119 oczy,<\/div>\n<div>on nie przestaje by\u0107?<\/div>\n<h6><\/h6>\n<div>Kot nie przejmuje si\u0119<\/div>\n<div>moimi w\u0105tpliwo\u015bciami<\/div>\n<div>i wypija mleko ze smakiem,<\/div>\n<h6><\/h6>\n<div>potem znika<\/div>\n<div>i nadal nie wiem,<\/div>\n<div>czy naprawd\u0119 by\u0142.<\/div>\n<div><\/div>\n<p>&nbsp;<\/p>\n<div><strong>Ciasteczka z ironi\u0105 <\/strong><\/div>\n<h6><\/h6>\n<div>w \u015bmiech zamienia<\/div>\n<div>surowe ciasto<\/div>\n<div>w s\u0142odkie i lekkie<\/div>\n<div>ciasteczka<\/div>\n<h6><\/h6>\n<div>z\u0142ocisty bo\u017cek<\/div>\n<div>b\u0142\u0119kitnej ironii<\/div>\n<div>nas wybra\u0142<\/div>\n<h6><\/h6>\n<div>czy\u015bcimy ciasteczka<\/div>\n<div>z wyszukiwarki google<\/div>\n<div>te z naszego \u017cycia<\/div>\n<div>nie daj\u0105 si\u0119 tak \u0142atwo<\/div>\n<div>zosta\u0142 w nas \u015blad<\/div>\n<h6><\/h6>\n<div>niezmywalny jak wr\u00f3\u017cba<\/div>\n<div><\/div>\n<p>&nbsp;<\/p>\n<div><strong>Sprzedawcy ja\u015bminu <\/strong><\/div>\n<h6><\/h6>\n<div>Bia\u0142y dar Boga<\/div>\n<div>kolczyki i bransolety<\/div>\n<div>bransolety i kolczyki ja\u015bminowe<\/div>\n<div>ofiarowuje ojciec<\/div>\n<div>w przeddzie\u0144 \u015blubu swej c\u00f3rce<\/div>\n<h6><\/h6>\n<div>m\u0105\u017c k\u0142adzie ga\u0142\u0105zki ja\u015bminu<\/div>\n<div>obok starego cia\u0142a \u017cony<\/div>\n<div>jako po\u017cegnalny podarunek<\/div>\n<div>Dar Boga<\/div>\n<div>Bia\u0142y Dar<\/div>\n<h6><\/h6>\n<div>niedaleko \u015bwi\u0105tyni<\/div>\n<div>sprzedawcy ja\u015bminu<\/div>\n<div>warz\u0105 los<\/div>\n<div>strz\u0105saj\u0105 \u015bnie\u017cny py\u0142<\/div>\n<div>z kwiat\u00f3w<\/div>\n<div>na drog\u0119<\/div>\n<div>bez powrotu<\/div>\n<div><\/div>\n<p>&nbsp;<\/p>\n<div><strong>Kinoptycznie <\/strong><\/div>\n<h6><\/h6>\n<div>Moje oczy filmuj\u0105 niebo,<\/div>\n<div>patrz\u0119 na kropl\u0119<\/div>\n<div>na \u017ad\u017able trawy,<\/div>\n<div>przegl\u0105dam si\u0119<\/div>\n<div>w \u017ar\u00f3dle czasu.<\/div>\n<div>\u0179renice jak kamera<\/div>\n<div>ogarniaj\u0105 faluj\u0105cy los,<\/div>\n<div>wod\u0119, piasek, mg\u0142\u0119, i g\u00f3r\u0119,<\/div>\n<div>ziemi\u0119<\/div>\n<div>jak nieustannie<\/div>\n<div>odnawiaj\u0105c\u0105 si\u0119 mandal\u0119.<\/div>\n<div>Ikona\u00a0 ekranu<\/div>\n<div>ratuje \u015bwiat<\/div>\n<div>na kraw\u0119dzi.<\/div>\n<div>Kino-\u017cycie,<\/div>\n<div>zielony promie\u0144 nadziei.<\/div>\n<div>Przecie\u017c i tak jeste\u015bmy<\/div>\n<div>czyj\u0105\u015b opowie\u015bci\u0105.<\/div>\n<div><\/div>\n<p>&nbsp;<\/p>\n<div><strong>Spotkanie \u00a0<\/strong><\/div>\n<div>(ze zbioru opowiada\u0144 \u201edalEKOwzroczno\u015b\u0107\u201d)<\/div>\n<h6><\/h6>\n<div>Zatrzyma\u0142a si\u0119 na \u015brodku ulicy. S\u0142o\u0144ce \u015bwieci\u0142o jaskrawym o\u015blepiaj\u0105cym \u015bwiat\u0142em. Obok przeszed\u0142 cz\u0142owiek w bia\u0142ym garniturze. Bardzo m\u0142ody, opalony, smuk\u0142y, wygl\u0105da\u0142 jak wyci\u0119ty z kolorowego magazynu. Wpatrywa\u0142a si\u0119 w niego uporczywie. Karty kobiecych pism glamour cz\u0119sto b\u0142yszcza\u0142y na jej biurku.\u00a0 Tylu pi\u0119knych m\u0119\u017cczyzn prezentowa\u0142o si\u0119 w reklamach, ale \u017caden nie dor\u00f3wnywa\u0142 temu tutaj. Przystojniak wszed\u0142 do baru. W pubie siad\u0142a przy nim naprzeciw baru z lustrzan\u0105 p\u0142yt\u0105. Barman wyszed\u0142 z cienia.<\/div>\n<div>\u2013 Co poda\u0107, madame?<\/div>\n<div>Odwr\u00f3ci\u0142a si\u0119 w kierunku m\u0119\u017cczyzny w bia\u0142ym garniturze. Obok nie by\u0142o nikogo. Zobaczy\u0142a tylko dym s\u0105cz\u0105cy si\u0119 z popielniczki stoj\u0105cej blisko.<\/div>\n<div>\u2013 Pani pali dwa papierosy naraz. Czy co\u015b si\u0119 sta\u0142o?<\/div>\n<div>\u2013 A ten m\u0119\u017cczyzna, kt\u00f3ry tu by\u0142? Widzia\u0142 pan, w kt\u00f3r\u0105 stron\u0119 poszed\u0142?<\/div>\n<div>\u2013 Jaki m\u0119\u017cczyzna? \u2013 kelner popatrzy\u0142 na ni\u0105 zdziwiony. \u2013 Od godziny nie ma tu nikogo opr\u00f3cz pani.<\/div>\n<div>\u2013 Ten przystojny przed chwil\u0105.<\/div>\n<div>\u2013 O tej porze jest tu przewa\u017cnie pusto. Szef musi zadba\u0107 o lepsz\u0105 reklam\u0119.<\/div>\n<div>Wsta\u0142a od sto\u0142u smutna i zniech\u0119cona.<\/div>\n<div>\u2013 Nie przejmuj si\u0119 nim kochanie.<\/div>\n<div>M\u0119\u017cczyzna w bia\u0142ym garniturze obj\u0105\u0142 j\u0105 ramieniem. Jego g\u0142os brzmia\u0142 g\u0142ucho na pustym przystanku.<\/div>\n<div><\/div>\n<p>&nbsp;<\/p>\n","protected":false},"excerpt":{"rendered":"<p>Ma\u0142gorzata Kulisiewicz\u00a0 Absolwentka filmoznawstwa i polonistyki Uniwersytetu Jagiello\u0144skiego, autorka esej\u00f3w i recenzji filmowych i literackich, publikacji historycznych, realizatorka reporta\u017cy telewizyjnych. publikowa\u0142a artyku\u0142y m.in.: \u201ewSieci Historii\u201d, \u201ewNas, wPolityce\u201d, w \u201eDzienniku Polskim\u201d, na portalu \u201eFilm.org.pl\u201d, \u201eMagazynie Filmowym SFP\u201d oraz w \u201eFilm and &#8230; <a class=\"more-link\" href=\"https:\/\/zlp-krakow.pl\/?page_id=6954\">Read More &raquo;<\/a><\/p>\n","protected":false},"author":3,"featured_media":0,"parent":51,"menu_order":0,"comment_status":"closed","ping_status":"closed","template":"","meta":{"footnotes":""},"categories":[2],"tags":[],"class_list":["post-6954","page","type-page","status-publish","hentry","category-czlonkowie"],"_links":{"self":[{"href":"https:\/\/zlp-krakow.pl\/index.php?rest_route=\/wp\/v2\/pages\/6954","targetHints":{"allow":["GET"]}}],"collection":[{"href":"https:\/\/zlp-krakow.pl\/index.php?rest_route=\/wp\/v2\/pages"}],"about":[{"href":"https:\/\/zlp-krakow.pl\/index.php?rest_route=\/wp\/v2\/types\/page"}],"author":[{"embeddable":true,"href":"https:\/\/zlp-krakow.pl\/index.php?rest_route=\/wp\/v2\/users\/3"}],"replies":[{"embeddable":true,"href":"https:\/\/zlp-krakow.pl\/index.php?rest_route=%2Fwp%2Fv2%2Fcomments&post=6954"}],"version-history":[{"count":16,"href":"https:\/\/zlp-krakow.pl\/index.php?rest_route=\/wp\/v2\/pages\/6954\/revisions"}],"predecessor-version":[{"id":6973,"href":"https:\/\/zlp-krakow.pl\/index.php?rest_route=\/wp\/v2\/pages\/6954\/revisions\/6973"}],"up":[{"embeddable":true,"href":"https:\/\/zlp-krakow.pl\/index.php?rest_route=\/wp\/v2\/pages\/51"}],"wp:attachment":[{"href":"https:\/\/zlp-krakow.pl\/index.php?rest_route=%2Fwp%2Fv2%2Fmedia&parent=6954"}],"wp:term":[{"taxonomy":"category","embeddable":true,"href":"https:\/\/zlp-krakow.pl\/index.php?rest_route=%2Fwp%2Fv2%2Fcategories&post=6954"},{"taxonomy":"post_tag","embeddable":true,"href":"https:\/\/zlp-krakow.pl\/index.php?rest_route=%2Fwp%2Fv2%2Ftags&post=6954"}],"curies":[{"name":"wp","href":"https:\/\/api.w.org\/{rel}","templated":true}]}}