{"id":6422,"date":"2024-04-06T18:25:25","date_gmt":"2024-04-06T16:25:25","guid":{"rendered":"https:\/\/zlp-krakow.pl\/?page_id=6422"},"modified":"2024-04-06T19:29:08","modified_gmt":"2024-04-06T17:29:08","slug":"watroba-juliusz","status":"publish","type":"page","link":"https:\/\/zlp-krakow.pl\/?page_id=6422","title":{"rendered":"Juliusz W\u0105troba"},"content":{"rendered":"<p><a href=\"https:\/\/zlp-krakow.pl\/wp-content\/uploads\/2024\/04\/Watroba.jpg\"><img loading=\"lazy\" decoding=\"async\" class=\"alignnone wp-image-6423 size-thumbnail\" src=\"https:\/\/zlp-krakow.pl\/wp-content\/uploads\/2024\/04\/Watroba-150x150.jpg\" alt=\"\" width=\"150\" height=\"150\" \/><\/a><\/p>\n<p><strong><span style=\"font-size: 10pt;\">Juliusz W\u0105troba<\/span><\/strong><\/p>\n<div style=\"text-align: justify;\"><span style=\"font-size: 12pt;\"><strong>Juliusz W\u0105troba <\/strong><\/span>ur. w 1954 w Rudzicy, na \u015al\u0105sku Cieszy\u0144skim. Poeta, prozaik, satyryk, kabareciarz\u2026 Debiut liryczny\u00a0\u00a0 w <em>RADARZE <\/em>(1977), satyryczny w <em>SZPILKACH<\/em> (1977), ksi\u0105\u017ckowy w <em>WYDAWNICTWIE \u015aL\u0104SK (Chwila przemienienia <\/em>\u2013 Katowice 1983.)<\/div>\n<div style=\"text-align: justify;\">Opublikowa\u0142 poezje, satyry, fraszki, aforyzmy, powie\u015bci, opowiadania, felietony, reporta\u017ce. Tak\u017ce autor musicali, spektakli, program\u00f3w kabaretowych, tekst\u00f3w pie\u015bni i piosenek autorskich\u2026<\/div>\n<div style=\"text-align: justify;\">Setki jego wierszy ukaza\u0142o si\u0119 w pismach literackich, kulturalnych, satyrycznych i w edycjach zbiorowych.\u00a0 Laureat stu konkurs\u00f3w literackich. Jego utwory by\u0142y t\u0142umaczone na j\u0119zyk angielski, niemiecki, czeski, s\u0142owacki i bu\u0142garski.<\/div>\n<div style=\"text-align: justify;\">W latach 1989 \u2013 2004 wsp\u00f3\u0142pracowa\u0142 z Polskim Radiem, gdzie <em>jego<\/em> utwory interpretowali najwybitniejsi aktorzy.<\/div>\n<div style=\"text-align: justify;\">Nale\u017cy do zespo\u0142u redakcyjnego Niezale\u017cnego Kwartalnika Literacko-Artystycznego POST SCRIPTUM.\u00a0 Cz\u0142onek kabaretu TON.<\/div>\n<div style=\"text-align: justify;\">\u00a0Jest g\u0142\u00f3wn\u0105 postaci\u0105 filmu dokumentalnego <em>Szcz\u0119\u015bliwe miejsce, kt\u00f3re ma poet\u0119 <\/em>w re\u017cyserii Ewy Borysewicz.<\/div>\n<div style=\"text-align: justify;\">W latach 2015-2023 prezes katowickiego Oddzia\u0142u ZLP i Stowarzyszenia Autor\u00f3w ZAiKS.<\/div>\n<div style=\"text-align: justify;\">Za tw\u00f3rczo\u015b\u0107 literack\u0105 otrzyma\u0142 wiele nagr\u00f3d i wyr\u00f3\u017cnie\u0144, m. in.<em> Br\u0105zowy<\/em> <em>Medal <\/em>Zas\u0142u\u017cony<em> Kulturze Gloria Artis<\/em><\/div>\n<div><\/div>\n<div><strong>Publikacje ksi\u0105\u017ckowe<\/strong><\/div>\n<div><\/div>\n<div><strong>Poezja<\/strong><\/div>\n<div><\/div>\n<div style=\"text-align: justify;\">Chwila przemienienia 1983, Przyp\u0142yw niepokoju 1987, Zamy\u015blenia 1992, Zanim rzucicie kamienie 1993, Czas b\u0142azna 1993, Ko\u0142ysani gondolami 1994, Jasno\u015b\u0107 pomroczna 1995, Nie-do-m\u00f3wienia 1997, Rysy1997, Mi\u0119dzy wierszami 1999, To by\u0142o wczora 2001, \u015alady na wietrze 2001, Niebosk\u0142on 2003, \u2026i-granie z czasem 2004, \u017by\u0107 nie uwiera\u0107 2006, Herbowizna 2008, Sp\u0142y\u0144 do nas kol\u0119do 2008, Oddechy Der Atem 2011, B\u0142\u0119kity 2012, Kryszta\u0142 2013,Tajemnice 2015, Wczora by\u0142a niedzieliczka 2015, W \u015awierkowym Gaju 2015, Szcz\u0119\u015bliwa Mi\u0142o\u015b\u0107 Samosiejk\u0105. Lots Of Love 2015, Blisko\u015b\u0107 oddale\u0144 2016, Krzesany \u015bwiat\u0142em 2017, Oddech \u017bywio\u0142\u00f3w 2018, W ta\u0144cu \u015bwiat\u0142a 2020, Ol\u015bnienia 20021, Gesty 2022&#8230;<\/div>\n<div><\/div>\n<div><strong>Satyra<\/strong><\/div>\n<div><\/div>\n<div>Pora na Amora 1991, Pegazki 1992, Migawy 1994, Przeb\u0142yski 1996, Wyskoki 1996, Fiko\u0142ki 1997, \u015amiech przez bzy 2000 (B)\u0142a\u017ania publiczna 2001, Robaczki \u015bwi\u0119todra\u0144skie 2004, Bar-o-metr 2008, Wprawo, czyli w lewo 2012, Skrzeczywisto\u015b\u0107 2014, Turkucie spod ladki 2014, Mr\u00f3wki far(m)a(z)ona 2016, Insek-ciki 2019, Karaluszki do poduszki 2019, W swoim czasie 2021&#8230;<\/div>\n<div><\/div>\n<div><strong>Proza<\/strong><\/div>\n<div><\/div>\n<div>&#8230;\u017ce a\u017c strach 1997, Jeszcze jeden cud 2013, Po skarb z busol\u0105 s\u0142o\u0144ca 2014, Od nocy do \u015bwitu 2015, Pospiesznym do mi\u0142o\u015bci 2019, Wampir w bia\u0142ych r\u0119kawiczkach 2020, Z sercem na pulsie 2021, Krwawa Ka\u015bka 2023<\/div>\n<div>Krwawa Zo\u015bka na dziedzinie 2023&#8230;<\/div>\n<p>&nbsp;<\/p>\n<div><span style=\"font-size: 14pt;\"><strong><em>Liryka<\/em><\/strong><\/span><\/div>\n<p>&nbsp;<\/p>\n<div><strong>Ziemia<\/strong><\/div>\n<h6><\/h6>\n<div>Ziemia bez ziemi<\/div>\n<div>Lasy bez drzew<\/div>\n<div>Ptaki bez \u015bpiewu<\/div>\n<h6><\/h6>\n<div>Co nam zosta\u0142o dzisiaj po raju?<\/div>\n<div>Tylko wspomnienie kruche i blade<\/div>\n<div>kt\u00f3re jak listek z dzieci\u0144stwa \u0142\u0105ki<\/div>\n<div>dr\u017c\u0105cy<\/div>\n<div>w pami\u0119ci zielniku k\u0142ad\u0119<\/div>\n<div>aby przechowa\u0107 do lepszych dni<\/div>\n<div>pami\u0119\u0107 o d\u0119bie co uleg\u0142 pile<\/div>\n<div>pami\u0119\u0107 o rzece co niedorzecznie<\/div>\n<div>marzy o rybie i wodzie \u017cywej\u2026<\/div>\n<h6><\/h6>\n<div>Noc\u0105 podchodz\u0105 pod moje drzwi<\/div>\n<div>bezpa\u0144skie koty<\/div>\n<div>kulawe psy<\/div>\n<div>kt\u00f3re odesz\u0142y przed tylu latu<\/div>\n<div>podaj\u0105 \u0142apk\u0119 mrucz\u0105 do snu\u2026<\/div>\n<h6><\/h6>\n<div>Przecieram oczy<\/div>\n<div>Nie \u2013 to nie sen<\/div>\n<div>To czas zawr\u00f3ci\u0142 i ptasie \u015bpiewy<\/div>\n<div>z\u0142\u0105czy\u0142y ziemi\u0119 z beztroskim niebem<\/div>\n<div>gdzie wszystko takie samo jak tu:<\/div>\n<div>zborze na chleb<\/div>\n<div>kwiaty na podziw<\/div>\n<div>i B\u00f3g na cuda w \u017c\u0142obku si\u0119 rodzi<\/div>\n<div>abym uwierzy\u0107 raz jeszcze m\u00f3g\u0142<\/div>\n<div>w Ziemi\u0119 dla ludzi\u2026<\/div>\n<div><strong>\u00a0<\/strong><\/div>\n<div><strong>Wiosna<\/strong><\/div>\n<h6><\/h6>\n<div>Moje \u017cycie si\u0119 ko\u0144czy<\/div>\n<div>wypalam si\u0119<\/div>\n<div>koroduj\u0119 w grudk\u0119 popio\u0142u<\/div>\n<h6><\/h6>\n<div>Moje \u017cycie si\u0119 ko\u0144czy<\/div>\n<div>cho\u0107 m\u00f3j \u015bwiat<\/div>\n<div>jeszcze si\u0119 nie zacz\u0105\u0142<\/div>\n<div>&#8211; rozkwitnie z p\u0105czka<\/div>\n<div>duszy<\/div>\n<h6><\/h6>\n<div><strong>Pewno\u015b\u0107<\/strong><\/div>\n<h6><\/h6>\n<div>Nie prze\u017cyjesz<\/div>\n<div>\u017cycia na skr\u00f3ty<\/div>\n<h6><\/h6>\n<div>Nie napiszesz<\/div>\n<div>wiersza przypadkiem<\/div>\n<h6><\/h6>\n<div><span style=\"font-size: 14pt;\"><strong><em>Satyra<\/em><\/strong><\/span><\/div>\n<p>&nbsp;<\/p>\n<div><strong>Paciorek<\/strong><\/div>\n<h6><\/h6>\n<div>Zanim si\u0119 z wszystkich dziennych spraw rozbior\u0119,<\/div>\n<div>nim w\u0105t\u0142e cia\u0142o w sen po\u015bcieli z\u0142o\u017c\u0119,<\/div>\n<div>zm\u00f3wi\u0119 do Ciebie, sprawiedliwy Bo\u017ce,<\/div>\n<div>z serca p\u0142yn\u0105cy niewinny paciorek:<\/div>\n<h6><\/h6>\n<div>M\u00f3j dobry Bo\u017ce, Ty wszystko potrafisz,<\/div>\n<div>prosz\u0119 Ci\u0119 tedy z pokor\u0105 na twarzy,<\/div>\n<div>by m\u0105 s\u0105siadk\u0119 dzi\u015b \u2026jasny szlag trafi\u0142!<\/div>\n<div>za to, \u017ce j\u0119dzy tak si\u0119 wszystko darzy\u2026<\/div>\n<h6><\/h6>\n<div>M\u00f3j dobry Bo\u017ce \u2013 s\u0142uchaj moich s\u0142\u00f3wek \u2013<\/div>\n<div>spraw by ci\u0119\u017carnej (w cnocie mi si\u0119 d\u0142u\u017cy)<\/div>\n<div>wnet si\u0119 urodzi\u0142 kosmaty p\u00f3\u0142g\u0142\u00f3wek,<\/div>\n<div>a je\u015bli bystry, to chocia\u017c bez n\u00f3\u017cek!<\/div>\n<h6><\/h6>\n<div>M\u00f3j dobry Bo\u017ce, szef to taka gnida<\/div>\n<div>\u2013 wiesz jak ja dobrze ile dziwkarz zgrzeszy\u0142,<\/div>\n<div>spraw by najrychlej z\u0142apa\u0142 cho\u0107 covida!<\/div>\n<div>Gdy z\u0142apie HIV-a to b\u0119dzie najlepiej!<\/div>\n<h6><\/h6>\n<div>M\u00f3j dobry Bo\u017ce \u2013 o wszystko si\u0119 troskam\u2026<\/div>\n<div>Racz wi\u0119c wys\u0142ucha\u0107 moich pr\u00f3\u015bb i b\u0142aga\u0144,<\/div>\n<div>i niech nade mn\u0105 Twa Opieka Boska<\/div>\n<div><em>rozci\u0105gnie wielkiej mi\u0142o\u015bci parawan\u2026<\/em><\/div>\n<h6><\/h6>\n<div><strong>Talent<\/strong><\/div>\n<div>Wena<\/div>\n<div>w genach.<\/div>\n<h6><\/h6>\n<div><strong>Nie-mo\u017cliwo\u015b\u0107<\/strong><\/div>\n<div>Po co si\u0119 m\u0119czysz?<\/div>\n<div>\u017bycia nie zmienisz<\/div>\n<div>&#8211; nie zagrasz t\u0119czy<\/div>\n<div>w teatrze cieni.<\/div>\n<h6><\/h6>\n<div><strong>Przewrotno\u015b\u0107<\/strong><\/div>\n<div>W tym przewrotnym \u015bwiecie<\/div>\n<div>z regu\u0142y tak bywa,<\/div>\n<div>\u017ce fa\u0142sz jest prawdziwy,<\/div>\n<div>a prawda fa\u0142szywa.<\/div>\n<h6><\/h6>\n<div><strong>Metamorfoza<\/strong><\/div>\n<div>Sko\u0144cz ju\u017c g\u0142upio gada\u0107.<\/div>\n<div>Zacznij m\u0105drze szczeka\u0107,<\/div>\n<div>bo tak \u2013 schodz\u0105c na psy \u2013<\/div>\n<div>dojdziesz do cz\u0142owieka.<\/div>\n<h6><\/h6>\n<div><strong>Protekcja<\/strong><\/div>\n<div>G\u0142upek g\u0142upka<\/div>\n<div>w\u015br\u00f3d swych upcha!<\/div>\n<h6><\/h6>\n<div><strong>Wyznanie<\/strong><\/div>\n<div>Po gorzale mam sto zalet,<\/div>\n<div>kt\u00f3re trac\u0119 razem z kacem!<\/div>\n<h6><\/h6>\n<div><strong>\u017bmija plotkarka<\/strong><\/div>\n<div>Rada<\/div>\n<div>gada.<\/div>\n<h6><\/h6>\n<div><strong>Wyznanie kanibala<\/strong><\/div>\n<div>Jestem gejem.<\/div>\n<div>Kobiet nie jem.<\/div>\n<h6><\/h6>\n<div><strong>Przestroga ornitologa<\/strong><\/div>\n<div>Lepiej na pi\u0119kne panie nie zerkaj,<\/div>\n<div>kiedy w spodenkach masz\u2026\u00a0 koliberka.<\/div>\n<div><\/div>\n","protected":false},"excerpt":{"rendered":"<p>Juliusz W\u0105troba Juliusz W\u0105troba ur. w 1954 w Rudzicy, na \u015al\u0105sku Cieszy\u0144skim. Poeta, prozaik, satyryk, kabareciarz\u2026 Debiut liryczny\u00a0\u00a0 w RADARZE (1977), satyryczny w SZPILKACH (1977), ksi\u0105\u017ckowy w WYDAWNICTWIE \u015aL\u0104SK (Chwila przemienienia \u2013 Katowice 1983.) Opublikowa\u0142 poezje, satyry, fraszki, aforyzmy, powie\u015bci, &#8230; <a class=\"more-link\" href=\"https:\/\/zlp-krakow.pl\/?page_id=6422\">Read More &raquo;<\/a><\/p>\n","protected":false},"author":3,"featured_media":0,"parent":51,"menu_order":0,"comment_status":"closed","ping_status":"closed","template":"","meta":{"footnotes":""},"categories":[2],"tags":[],"class_list":["post-6422","page","type-page","status-publish","hentry","category-czlonkowie"],"_links":{"self":[{"href":"https:\/\/zlp-krakow.pl\/index.php?rest_route=\/wp\/v2\/pages\/6422","targetHints":{"allow":["GET"]}}],"collection":[{"href":"https:\/\/zlp-krakow.pl\/index.php?rest_route=\/wp\/v2\/pages"}],"about":[{"href":"https:\/\/zlp-krakow.pl\/index.php?rest_route=\/wp\/v2\/types\/page"}],"author":[{"embeddable":true,"href":"https:\/\/zlp-krakow.pl\/index.php?rest_route=\/wp\/v2\/users\/3"}],"replies":[{"embeddable":true,"href":"https:\/\/zlp-krakow.pl\/index.php?rest_route=%2Fwp%2Fv2%2Fcomments&post=6422"}],"version-history":[{"count":15,"href":"https:\/\/zlp-krakow.pl\/index.php?rest_route=\/wp\/v2\/pages\/6422\/revisions"}],"predecessor-version":[{"id":6445,"href":"https:\/\/zlp-krakow.pl\/index.php?rest_route=\/wp\/v2\/pages\/6422\/revisions\/6445"}],"up":[{"embeddable":true,"href":"https:\/\/zlp-krakow.pl\/index.php?rest_route=\/wp\/v2\/pages\/51"}],"wp:attachment":[{"href":"https:\/\/zlp-krakow.pl\/index.php?rest_route=%2Fwp%2Fv2%2Fmedia&parent=6422"}],"wp:term":[{"taxonomy":"category","embeddable":true,"href":"https:\/\/zlp-krakow.pl\/index.php?rest_route=%2Fwp%2Fv2%2Fcategories&post=6422"},{"taxonomy":"post_tag","embeddable":true,"href":"https:\/\/zlp-krakow.pl\/index.php?rest_route=%2Fwp%2Fv2%2Ftags&post=6422"}],"curies":[{"name":"wp","href":"https:\/\/api.w.org\/{rel}","templated":true}]}}