{"id":6384,"date":"2024-03-22T18:46:10","date_gmt":"2024-03-22T17:46:10","guid":{"rendered":"https:\/\/zlp-krakow.pl\/?page_id=6384"},"modified":"2024-04-06T19:15:29","modified_gmt":"2024-04-06T17:15:29","slug":"szeliga-pawel","status":"publish","type":"page","link":"https:\/\/zlp-krakow.pl\/?page_id=6384","title":{"rendered":"Pawe\u0142 Szeliga"},"content":{"rendered":"<p><a href=\"https:\/\/zlp-krakow.pl\/wp-content\/uploads\/2024\/03\/Pawel-Szeliga-foto.jpg\"><img loading=\"lazy\" decoding=\"async\" class=\"alignnone wp-image-6385 size-thumbnail\" src=\"https:\/\/zlp-krakow.pl\/wp-content\/uploads\/2024\/03\/Pawel-Szeliga-foto-150x150.jpg\" alt=\"\" width=\"150\" height=\"150\" \/><\/a><\/p>\n<p><strong>Pawe\u0142 Szeliga\u00a0<\/strong><\/p>\n<div style=\"text-align: justify;\"><span style=\"font-size: 12pt;\"><strong>Pawe\u0142 Szeliga <\/strong><\/span>(ur. 1970 r. w Nowym S\u0105czu), poeta, prozaik, satyryk. Absolwent socjologii KUL. W latach 1995-2015 dziennikarz \u201eDziennika Polskiego\u201d i \u201eGazety Krakowskiej\u201d. W czasie studi\u00f3w zwi\u0105zany z lubelskim \u015brodowiskiem literackim, publikuj\u0105c proz\u0119 w wydawanym w tym mie\u015bcie Og\u00f3lnopolskim Kwartalniku Literackim \u201eAkcent\u201d. Wiersze, proz\u0119 poetyck\u0105 i opowiadania zamieszcza\u0142 m.in. w \u201eAkancie\u201d, \u201eAkcencie\u201d, \u201eKrzywym Kole Literatury\u201d i \u201eMagazynie Literackim\u201d. Wsp\u00f3\u0142pracownik og\u00f3lnopolskiego pisma satyrycznego \u201eTw\u00f3j Dobry Humor\u201d, gdzie publikowano jego humoreski. Wybrane wiersze zosta\u0142y przet\u0142umaczone na j\u0119zyk \u0142emkowski i s\u0142owacki.<\/div>\n<div style=\"text-align: justify;\"><strong>Publikacje ksi\u0105\u017ckowe:\u00a0<\/strong><\/div>\n<div style=\"text-align: justify;\">\u201eUmieram ka\u017cdej nocy\u201d (wiersze) Krak\u00f3w 1996,<\/div>\n<div style=\"text-align: justify;\">\u201eIm noc ciemniejsza\u201d (opowiadania) Lublin 1996,<\/div>\n<div style=\"text-align: justify;\">\u201eRze\u017ania poet\u00f3w\u201d (wiersze) Krak\u00f3w 1998,<\/div>\n<div style=\"text-align: justify;\">\u201e\u015apiew kalekiego ptaka\u201d (opowiadania) Krak\u00f3w 1999,<\/div>\n<div style=\"text-align: justify;\">\u201eNa wariackich papierach\u201d (humoreski i skecze sceniczne) Krak\u00f3w 1999,<\/div>\n<div style=\"text-align: justify;\">\u201eBudzenie opowie\u015bci\u201d (mikropowie\u015b\u0107) Podkowa Le\u015bna 2001,<\/div>\n<div style=\"text-align: justify;\">\u201ePrzez mleczn\u0105 drog\u0119\u201d (wiersze i proza poetycka) Krak\u00f3w 2007.<\/div>\n<p><strong>\u00a0<\/strong><\/p>\n<div><strong>drugie wej\u015bcie heraklita<\/strong><\/div>\n<h6><\/h6>\n<div>widzia\u0142em dzi\u015b cienie zakl\u0119te<\/div>\n<div>w skamielin\u0119 na porowatej<\/div>\n<div>powierzchni zachowa\u0142y si\u0119<\/div>\n<div>kszta\u0142t ich nos\u00f3w<\/div>\n<div>kontury twarzy<\/div>\n<div>a nawet<\/div>\n<div>cienkie konary w\u0142os\u00f3w<\/div>\n<div>pokrywaj\u0105cych kratery brody<\/div>\n<div>cienie by\u0142y wyra\u017aniejsze<\/div>\n<div>od rzucaj\u0105cych je cia\u0142<\/div>\n<div>zatrzymane w bezczasie<\/div>\n<div>przygl\u0105da\u0142y si\u0119 z uwag\u0105<\/div>\n<div>brodatemu heraklitowi<\/div>\n<div>kt\u00f3ry stan\u0105\u0142 w zakl\u0119tej w beton<\/div>\n<div>wodzie gdy wszed\u0142<\/div>\n<div>po raz drugi do tej samej rzeki<\/div>\n<div><\/div>\n<h6><\/h6>\n<div><strong>Czterna\u015bcie karat\u00f3w<\/strong><\/div>\n<h6><\/h6>\n<div>sprzeda\u0142em dzi\u015b obr\u0105czk\u0119<\/div>\n<div>czterna\u015bcie karat\u00f3w, sto pi\u0119\u0107dziesi\u0105t dwa z\u0142ote<\/div>\n<div>za ma\u0142o na buty, w kt\u00f3rych mo\u017cna by uciec<\/div>\n<div>od dwudziestu trzech lat \u017cycia nosz\u0105cego twoje imi\u0119<\/div>\n<div>wystarczaj\u0105co du\u017co na kolacj\u0119 przy \u015bwiecach<\/div>\n<div>ze stekiem, butelk\u0105 burgunda, napiwkiem dla kelnera<\/div>\n<div>i jedn\u0105 nadpalon\u0105 \u015bwieczk\u0105, udaj\u0105c\u0105 nieudolnie romantyczny klimat<\/div>\n<h6><\/h6>\n<div>sprzeda\u0142em dzi\u015b obr\u0105czk\u0119<\/div>\n<div>zostawi\u0142a po sobie r\u00f3w maria\u0144ski odci\u015bni\u0119ty na palcu<\/div>\n<div>sk\u00f3ra nie potrafi go wype\u0142ni\u0107, zapomnie\u0107 lat<\/div>\n<div>przez kt\u00f3re kruszec wrasta\u0142 w ko\u015b\u0107<\/div>\n<h6><\/h6>\n<div>po samotnej kolacji mija\u0142em kloszarda<\/div>\n<div>karmi\u0105cego go\u0142\u0119bie zeschni\u0119tym obwarzankiem<\/div>\n<div>w jego oczach widzia\u0142em \u0142agodno\u015b\u0107<\/div>\n<div>a w szerokim \u0142uku ramienia rzucaj\u0105cego okruchy by\u0142a mi\u0142o\u015b\u0107<\/div>\n<div>kt\u00f3ra poderwa\u0142a si\u0119 pod niebo z radosnym furkotem go\u0142\u0119bich skrzyde\u0142<\/div>\n<h6><\/h6>\n<div>13 maca 2018 r.<\/div>\n<div><\/div>\n<h6><\/h6>\n<div><strong>Przeprowadzka<\/strong><\/div>\n<h6><\/h6>\n<div>Dwa tygodnie po \u015bmierci taty<\/div>\n<div>mama stoi przed rozrputym<\/div>\n<div>brzuchem szafy<\/div>\n<div>Mo\u017ce by\u015b chcia\u0142 t\u0119 koszul\u0119<\/div>\n<div>Pyta<\/div>\n<div>Ojciec prawie jej nie nosi\u0142<\/div>\n<div>Koszula nie pachnie tanim tytoniem<\/div>\n<div>unosi si\u0119 nad ni\u0105 lekki zapach lawendy<\/div>\n<div>kt\u00f3rej nie lubi\u0105 mole<\/div>\n<div>W domu starannie j\u0105 sk\u0142adam<\/div>\n<div>i wpycham g\u0142\u0119boko na p\u00f3\u0142k\u0119<\/div>\n<div>poza zasi\u0119g wzroku i r\u0105k<\/div>\n<div>jakbym ba\u0142 si\u0119 zarazi\u0107 \u015bmierci\u0105<\/div>\n<h6><\/h6>\n<div>3 pa\u017adziernika 2016 r.<\/div>\n<div><\/div>\n<h6><\/h6>\n<div><strong>Stypa \u2013 refleksja II<\/strong><\/div>\n<h6><\/h6>\n<div>umar\u0142 cz\u0142owiek kiedy odchodzi\u0142<\/div>\n<div>nawet li\u015b\u0107 nie zata\u0144czy\u0142 na wietrze<\/div>\n<div>jego kroki zag\u0142uszy\u0142 brz\u0119k talerzy<\/div>\n<div>w kuchni i g\u0142o\u015bny \u015bmiech<\/div>\n<div>ludzi wracaj\u0105cych ze spaceru<\/div>\n<div>tylko jakie\u015b dziecko obudzi\u0142o si\u0119 nagle<\/div>\n<div>i p\u0142aka\u0142o ca\u0142\u0105 noc<\/div>\n<div>ale to chyba kolka<\/div>\n<h6><\/h6>\n<div><strong>Kanjpa \u2013 jesienne klimaty<\/strong><\/div>\n<h6><\/h6>\n<div>do knajpy przez okno wpadaj\u0105<\/div>\n<div>li\u015bcie tak pachn\u0105 jakby<\/div>\n<div>ta jesie\u0144 by\u0142a pierwsza a jej<\/div>\n<div>w\u0105t\u0142y kr\u0119gos\u0142up nie ust\u0119powa\u0142<\/div>\n<div>pod naporem czasu<\/div>\n<div>p\u0142ynny bursztyn faluje<\/div>\n<div>w kryszta\u0142owej niecce pod \u015bcian\u0105<\/div>\n<div>blisko fortepianu pijany poeta<\/div>\n<div>zanosi si\u0119 wersem jak dziecko<\/div>\n<div>p\u0142aczem<\/div>\n<h6><\/h6>\n<div><strong>van gogh<\/strong><\/div>\n<h6><\/h6>\n<div>w tej ciszy tykanie zegara<\/div>\n<div>jest jak huk wystrza\u0142u<\/div>\n<div>vincencie trzeba by\u0142o<\/div>\n<div>j\u0119ku ca\u0142ego wszech\u015bwiata<\/div>\n<div>zebranego w membranie<\/div>\n<div>mi\u0119kkiej muszli ucha \u017ceby\u015b<\/div>\n<div>wyrzuci\u0142 siebie na \u015bmietnik<\/div>\n<div>i zgrabnym ruchem p\u0119dzla<\/div>\n<div>stworzy\u0142 strzeliste cyprysy kt\u00f3re<\/div>\n<div>do dzi\u015b k\u0142\u0119bi\u0105 siw\u0105 brod\u0119 pana boga<\/div>\n<div><\/div>\n<h6><\/h6>\n<div><strong>madonna b\u0142\u0119kitna<\/strong><\/div>\n<h6><\/h6>\n<div>ponad \u0142\u0105kami p\u0142yniesz<\/div>\n<div>b\u0142\u0119kitna madonno odziana<\/div>\n<div>w sukni\u0119 cumullusa<\/div>\n<div>gdy s\u0142o\u0144ce wykre\u015bla \u015bcie\u017ck\u0119<\/div>\n<div>ponad widnokr\u0119giem<\/div>\n<div>topi\u0105 kolana w trawie pasterze pod lasem<\/div>\n<h6><\/h6>\n<div>ponad rzekami p\u0142yniesz<\/div>\n<div>b\u0142\u0119kitna madonno<\/div>\n<div>przyjmuje ci\u0119 ta woda &#8211;<\/div>\n<div>wielka kropielnica<\/div>\n<div>b\u0142\u0119kit stapia si\u0119 z b\u0142\u0119kitem<\/div>\n<div>fala nie przekre\u015bli<\/div>\n<div>g\u0142adkiej powierzchni \u017cy\u0142y<\/div>\n<div>na ciemnej sk\u00f3rze ziemi<\/div>\n<h6><\/h6>\n<div>ponad ko\u015bcio\u0142em p\u0142yniesz<\/div>\n<div>b\u0142\u0119kitna madonno<\/div>\n<div>wysoka wie\u017ca jak pika<\/div>\n<div>targa twoj\u0105 sukni\u0119<\/div>\n<div>trzask rozrywanego ostrzem<\/div>\n<div>materia\u0142u jest grzmotem pioruna<\/div>\n<div>a \u0142za ulew\u0105 kt\u00f3ra<\/div>\n<div>poch\u0142ania i oczyszcza<\/div>\n<div><\/div>\n<h6><\/h6>\n<div><strong>adamowi ziemianinowi<\/strong><\/div>\n<h6><\/h6>\n<div>usi\u0105d\u017amy przed drog\u0105<\/div>\n<h6><\/h6>\n<div>usi\u0105d\u017amy przed drog\u0105<\/div>\n<div>ciemny mi\u0119sie\u0144 zegara<\/div>\n<div>stuka nerwowo na piersi \u015bciany<\/div>\n<div>drewniany dom rozprostowuje ko\u015bci<\/div>\n<div>trzaskaj\u0105 stawy sufitu<\/div>\n<div>skrzypi\u0105 kolana pod\u0142ogi<\/div>\n<h6><\/h6>\n<div>usi\u0105d\u017amy przed drog\u0105<\/div>\n<div>niebo sczepi\u0142 z ziemi\u0105<\/div>\n<div>miodny plaster s\u0142o\u0144ca<\/div>\n<div>bia\u0142y banda\u017c bocian\u00f3w<\/div>\n<div>przepasa\u0142 widnokr\u0105g<\/div>\n<h6><\/h6>\n<div>trzeba usi\u0105\u015b\u0107 przed drog\u0105<\/div>\n<div>by ponie\u015b\u0107 ciep\u0142o drewna taboretu<\/div>\n<div>w pusty \u015bwiat mi\u0119kkich kanap miasta<\/div>\n<h6><\/h6>\n<div><strong>feuerbach<\/strong><\/div>\n<h6><\/h6>\n<div>jak wygl\u0105da\u0142 tw\u00f3j b\u00f3g feuerbachu<\/div>\n<div>gdy drzazga \u015bmierci przeora\u0142a serce<\/div>\n<div>czy by\u0142 gromow\u0142adnym zeusem<\/div>\n<div>czy mo\u017ce lokiem wiking\u00f3w<\/div>\n<div>przed kt\u00f3rymi dr\u017ca\u0142y zast\u0119py<\/div>\n<div>rogatych wojownik\u00f3w<\/div>\n<div>a mo\u017ce tw\u00f3j b\u00f3g stworzony<\/div>\n<div>l\u0119kiem pokole\u0144 mia\u0142<\/div>\n<div>mi\u0142o\u015b\u0107 w b\u0142\u0119kitnych oczach<\/div>\n<div>gdy ch\u0142odny oddech \u015bmierci<\/div>\n<div>zmierzwi\u0142 twoj\u0105 brod\u0119<\/div>\n<div>grube ksi\u0119gi traktat\u00f3w<\/div>\n<div>p\u0119k\u0142y jak greckie amfory<\/div>\n<div>stratowane sanda\u0142ami teban<\/div>\n<div>by w smudze gwiezdnego py\u0142u<\/div>\n<div>sze\u015b\u0107dziesi\u0105t osiem razy okr\u0105\u017cy\u0107 ziemi\u0119<\/div>\n<h6><\/h6>\n<div>ludwik feuerbach 1804-72<\/div>\n<div><\/div>\n<h6><\/h6>\n<div><strong>ballada o albatrosie<\/strong><\/div>\n<h6><\/h6>\n<div>twoje skrzyd\u0142a zszywaj\u0105<\/div>\n<div>nitk\u0119 widnokr\u0119gu<\/div>\n<div>ta wyspa smagana wiatrem<\/div>\n<div>jest tylko plam\u0105 na miodnym pasku oka<\/div>\n<div>nie potrzebujesz l\u0105du<\/div>\n<div>by p\u0142yn\u0105\u0107 pod elips\u0105 nieba<\/div>\n<div>wolny nawet wtedy gdy<\/div>\n<div>ostry pazur wiatru oddziela<\/div>\n<div>tlen od cz\u0105stek powietrza<\/div>\n<div>zabijaj\u0105c \u017cycie<\/div>\n<div>pi\u0119kny jeste\u015b albatrosie<\/div>\n<div>wynios\u0142y w\u0142adco lodowej pustyni<\/div>\n<div>bogu marynarzy fetyszu poet\u00f3w<\/div>\n<div>chmury nieustannie wybielaj\u0105<\/div>\n<div>twoje pi\u00f3ra a ocean jest dywanem<\/div>\n<div>ponad kt\u00f3rym p\u0142yniesz<\/div>\n<div>w nie\u015bmiertelno\u015b\u0107<\/div>\n<div><\/div>\n<h6><\/h6>\n<div><strong>dla niej<\/strong><\/div>\n<h6><\/h6>\n<div>nie pami\u0119tam kiedy<\/div>\n<div>posiad\u0142a\u015b t\u0119 niesamowit\u0105<\/div>\n<div>zdolno\u015b\u0107 do bezg\u0142o\u015bnego p\u0142aczu<\/div>\n<div>w ciemno\u015bci<\/div>\n<div>osi\u0105gasz w tym prawdziwe mistrzostwo<\/div>\n<h6><\/h6>\n<div>ale jestem czujny<\/div>\n<div>bezb\u0142\u0119dnie rozpoznaj\u0119 ciep\u0142e<\/div>\n<div>krople spadaj\u0105ce na moje d\u0142onie<\/div>\n<h6><\/h6>\n<div>zapachu soli zmieniaj\u0105cej si\u0119<\/div>\n<div>w ob\u0142ok pary nie spos\u00f3b<\/div>\n<div>z czymkolwiek pomyli\u0107<\/div>\n<div><\/div>\n<h6><\/h6>\n<div><strong>pr\u00f3ba dialogu<\/strong><\/div>\n<h6><\/h6>\n<div>nie potrafimy ju\u017c z sob\u0105 rozmawia\u0107<\/div>\n<div>kiedy\u015b m\u00f3wi\u0142em<\/div>\n<div>niebo<\/div>\n<div>a ty dodawa\u0142a\u015b<\/div>\n<div><em>b\u0142<\/em><em>\u0119kit jak tafla lodowiska<\/em><\/div>\n<div><em>odbija promienie s\u0142o\u0144ca<\/em><\/div>\n<div><em>w niedzielny poranek<\/em><\/div>\n<div>dzi\u015b nasze s\u0142owa<\/div>\n<div>mijaj\u0105 si\u0119 jak przechodnie na ulicy<\/div>\n<div>dlatego gdy m\u00f3wi\u0119<\/div>\n<div><em>odchodz\u0119 i wszystko ci zostawiam<\/em><\/div>\n<div><em>nie zabieram nawet fragmentu powietrza<\/em><\/div>\n<div><em>g\u0119stego od naszych niewypowiedzianych s\u0142\u00f3w<\/em><\/div>\n<div>ty dodajesz<\/div>\n<div><em>dobrze ale po drodze wyrzu\u0107 \u015bmieci<\/em><\/div>\n<div><em>a wracaj\u0105c kup cukier<\/em><\/div>\n<div><em>bo b\u0119d\u0119 piec szarlotk\u0119<\/em><\/div>\n<div>nie umiemy ju\u017c z sob\u0105 rozmawia\u0107<\/div>\n<div>po dziesi\u0119ciu latach<\/div>\n<div>s\u0142owa znacz\u0105 tylko tyle ile im<\/div>\n<div>sensu zapisano w s\u0142ownikach<\/div>\n","protected":false},"excerpt":{"rendered":"<p>Pawe\u0142 Szeliga\u00a0 Pawe\u0142 Szeliga (ur. 1970 r. w Nowym S\u0105czu), poeta, prozaik, satyryk. Absolwent socjologii KUL. W latach 1995-2015 dziennikarz \u201eDziennika Polskiego\u201d i \u201eGazety Krakowskiej\u201d. W czasie studi\u00f3w zwi\u0105zany z lubelskim \u015brodowiskiem literackim, publikuj\u0105c proz\u0119 w wydawanym w tym mie\u015bcie &#8230; <a class=\"more-link\" href=\"https:\/\/zlp-krakow.pl\/?page_id=6384\">Read More &raquo;<\/a><\/p>\n","protected":false},"author":3,"featured_media":0,"parent":51,"menu_order":0,"comment_status":"closed","ping_status":"closed","template":"","meta":{"footnotes":""},"categories":[2],"tags":[],"class_list":["post-6384","page","type-page","status-publish","hentry","category-czlonkowie"],"_links":{"self":[{"href":"https:\/\/zlp-krakow.pl\/index.php?rest_route=\/wp\/v2\/pages\/6384","targetHints":{"allow":["GET"]}}],"collection":[{"href":"https:\/\/zlp-krakow.pl\/index.php?rest_route=\/wp\/v2\/pages"}],"about":[{"href":"https:\/\/zlp-krakow.pl\/index.php?rest_route=\/wp\/v2\/types\/page"}],"author":[{"embeddable":true,"href":"https:\/\/zlp-krakow.pl\/index.php?rest_route=\/wp\/v2\/users\/3"}],"replies":[{"embeddable":true,"href":"https:\/\/zlp-krakow.pl\/index.php?rest_route=%2Fwp%2Fv2%2Fcomments&post=6384"}],"version-history":[{"count":11,"href":"https:\/\/zlp-krakow.pl\/index.php?rest_route=\/wp\/v2\/pages\/6384\/revisions"}],"predecessor-version":[{"id":6441,"href":"https:\/\/zlp-krakow.pl\/index.php?rest_route=\/wp\/v2\/pages\/6384\/revisions\/6441"}],"up":[{"embeddable":true,"href":"https:\/\/zlp-krakow.pl\/index.php?rest_route=\/wp\/v2\/pages\/51"}],"wp:attachment":[{"href":"https:\/\/zlp-krakow.pl\/index.php?rest_route=%2Fwp%2Fv2%2Fmedia&parent=6384"}],"wp:term":[{"taxonomy":"category","embeddable":true,"href":"https:\/\/zlp-krakow.pl\/index.php?rest_route=%2Fwp%2Fv2%2Fcategories&post=6384"},{"taxonomy":"post_tag","embeddable":true,"href":"https:\/\/zlp-krakow.pl\/index.php?rest_route=%2Fwp%2Fv2%2Ftags&post=6384"}],"curies":[{"name":"wp","href":"https:\/\/api.w.org\/{rel}","templated":true}]}}