{"id":6341,"date":"2024-02-22T22:55:45","date_gmt":"2024-02-22T21:55:45","guid":{"rendered":"https:\/\/zlp-krakow.pl\/?page_id=6341"},"modified":"2024-02-23T00:21:06","modified_gmt":"2024-02-22T23:21:06","slug":"wierzchowski-leszek","status":"publish","type":"page","link":"https:\/\/zlp-krakow.pl\/?page_id=6341","title":{"rendered":"Leszek Wierzchowski"},"content":{"rendered":"<p>&nbsp;<\/p>\n<p><a href=\"https:\/\/zlp-krakow.pl\/wp-content\/uploads\/2024\/02\/Leszek-Wierzchowski-scaled.jpg\"><img loading=\"lazy\" decoding=\"async\" class=\"alignnone wp-image-6342\" src=\"https:\/\/zlp-krakow.pl\/wp-content\/uploads\/2024\/02\/Leszek-Wierzchowski-266x300.jpg\" alt=\"\" width=\"150\" height=\"169\" srcset=\"https:\/\/zlp-krakow.pl\/wp-content\/uploads\/2024\/02\/Leszek-Wierzchowski-266x300.jpg 266w, https:\/\/zlp-krakow.pl\/wp-content\/uploads\/2024\/02\/Leszek-Wierzchowski-908x1024.jpg 908w, https:\/\/zlp-krakow.pl\/wp-content\/uploads\/2024\/02\/Leszek-Wierzchowski-768x866.jpg 768w, https:\/\/zlp-krakow.pl\/wp-content\/uploads\/2024\/02\/Leszek-Wierzchowski-1362x1536.jpg 1362w, https:\/\/zlp-krakow.pl\/wp-content\/uploads\/2024\/02\/Leszek-Wierzchowski-1816x2048.jpg 1816w, https:\/\/zlp-krakow.pl\/wp-content\/uploads\/2024\/02\/Leszek-Wierzchowski-940x1060.jpg 940w\" sizes=\"auto, (max-width: 150px) 100vw, 150px\" \/><\/a><\/p>\n<p>Leszek Wierzchowski<\/p>\n<p><strong>Leszek Antoni WIERZCHOWSKI<\/strong>, ur.10 wrze\u015bnia 1949 r. w Zawierciu.<\/p>\n<p>Mieszka w Katowicach.<\/p>\n<p>Jako poeta debiutowa\u0142 w czerwcu 1970 r. wierszem lirycznym <em>\u201eModlitwa\u201d<\/em> na \u0142amach polonijnego czasopisma \u201eNaprz\u00f3d\u201d w Wielkiej Brytanii, a fraszkami w lipcu 1970 r. w \u201eTrybunie Robotniczej\u201d w Katowicach. Wiersze i fraszki publikowa\u0142 na \u0142amach wielu og\u00f3lnopolskich, a tak\u017ce regionalnych \u015bl\u0105skich czasopism takich, jak \u201eSzpilki\u201d, \u201e\u017bo\u0142nierz Polski\u201d, \u201eG\u0142os Nauczycielski\u201d, \u201eZielony Sztandar\u201d, \u201eG\u0142os Pracy\u201d, \u201eTak i Nie\u201d, \u201eAkant\u201d i na antenie rozg\u0142o\u015bni Radia Katowice.<\/p>\n<p>Jest autorem poetyckiego dramatu paradokumentalnego pt.\u00a0\u201e<em>Millenium czyli Narodziny Solidarno\u015bci Narodu Polskiego w Gda\u0144sku podczas strajku 1980 roku. Epopeja<\/em>\u201d o historycznym w sierpniu 1980 r. w Stoczni Gda\u0144skiej, a tak\u017ce\u00a0o takich wydarzeniach, jak Powstanie warszawskie 1944 roku, 1968, 1970 r., wreszcie o wprowadzeniu stanu wojennego 13 grudnia 1981 r. w Polsce. <em>\u201eMillenium<\/em>\u201d mia\u0142o trzy wydanie \/1998, 1999 i 2023 r.\/, a jego fragmenty by\u0142y inscenizowane w Muzeum Kinematografii w \u0141odzi, m.in. z udzia\u0142em tak wybitnych aktor\u00f3w, jak Jan Machulski i Leon Niemczyk.<\/p>\n<p>Opublikowa\u0142 w Krakowie pi\u0119cioksi\u0105g fraszek pt. \u201e\u015awiat skr\u00f3cony\u201d:<\/p>\n<p><em>Manifest erotyczny<\/em>\u00a0(2002), (II wydanie \u2013 2003), (III wydanie &#8211; grudzie\u0144 2019)<\/p>\n<p><em>Dziwne stany \u015bwiadomo\u015bci<\/em>\u00a0(2003), (II wydanie \u2013 grudzie\u0144 2013), (III wydanie &#8211; wrzesie\u0144 2021)<\/p>\n<p><em>Imionnik zakochanych<\/em>\u00a0(2004), (II wydanie &#8211; czerwiec 2021)<\/p>\n<p><em>Erotyczne przymiarki<\/em>\u00a0(2009), (II wydanie \u2013 grudzie\u0144 2014), (III wydanie \u2013 listopad 2016)<\/p>\n<p><em>Sztuka pieszczot<\/em>\u00a0(2011), (II wydanie \u2013 pa\u017adziernik 2017)<\/p>\n<p>W latach 2005 \u2013 2023 na \u0142amach Miesi\u0119cznika Literackiego \u201eAkant\u201d odby\u0142o si\u0119 dziewi\u0119\u0107 edycji konkursu na fraszk\u0119, limeryk lub aforyzm.pt. <em>\u201eInspiracje Wierzchowskim<\/em>\u201d.<\/p>\n<p>W 2004 r. otrzyma\u0142 nagrod\u0119 Prezydenta Miasta D\u0105browa G\u00f3rnicza mgr. Jerzego Talkowskiego za osi\u0105gni\u0119cia w dziedzinie kultury.<\/p>\n<p>W 2009 w powsta\u0142 Klub Mi\u0142o\u015bnik\u00f3w Tw\u00f3rczo\u015bci Leszka Wierzchowskiego w \u0141odzi.<\/p>\n<p>W 2010 otrzyma\u0142 nagrod\u0119 Prezydenta Miasta Zawiercia Miros\u0142awa Mazura za osi\u0105gni\u0119cia w dziedzinie tw\u00f3rczo\u015bci.<\/p>\n<div><\/div>\n<div><strong>FRASZKI<\/strong><\/div>\n<p>&nbsp;<\/p>\n<div><strong><em>Pechowy romans<\/em><\/strong><\/div>\n<div><em>Zakochali si\u0119 w sobie, lecz romans pechowy:<\/em><\/div>\n<div><em>Ona by\u0142a zmys\u0142owa, a on umys\u0142owy!<\/em><\/div>\n<div><em>\u00a0<\/em><\/div>\n<div><strong><em>Narzeczonej mechanika<\/em><\/strong><\/div>\n<div><em>Gdy mechanikiem , panno, tw\u00f3j luby \u2013<\/em><\/div>\n<div><em>Po \u015blubie\u00a0 tobie\u2026 przykr\u0119ci \u015bruby!<\/em><\/div>\n<div><em>\u00a0<\/em><\/div>\n<div><strong><em>O dziewcz\u0119tach<\/em><\/strong><\/div>\n<div><em>\u00a0<\/em><\/div>\n<div><em>Tak pi\u0119kne \u0142anie z dziewcz\u0105t wyros\u0142y,<\/em><\/div>\n<div><em>\u017be z m\u0105drych starc\u00f3w robi\u0105 si\u0119 os\u0142y!<\/em><\/div>\n<div><em>\u00a0<\/em><\/div>\n<div><strong><em>Echo romansu<\/em><\/strong><\/div>\n<div><em>Nieraz romans trwa przez chwil\u0119, <\/em><\/div>\n<div><em>A roznosi si\u0119 na mile!&#8230;<\/em><\/div>\n<div><em>\u00a0<\/em><\/div>\n<div><strong><em>Po\u017cyteczny grzech<\/em><\/strong><\/div>\n<div><em>Gdyby si\u0119 zgrzeszy\u0107 nie chcia\u0142o Ewie,<\/em><\/div>\n<div><em>Zgni\u0142yby\u00a0 rajskie jab\u0142ka na drzewie!<\/em><\/div>\n<div><em>\u00a0<\/em><\/div>\n<div><strong><em>Zamczyste pieszczoty<\/em><\/strong><\/div>\n<div><em>Zapraszam pana. B\u0119d\u0119 sama<\/em><\/div>\n<div><em>W ruinach zamku! \u2013 Bia\u0142a Dama.<\/em><\/div>\n<div><em>\u00a0<\/em><\/div>\n<div><strong><em><u>Cierpliwo\u015b\u0107 kobiet<\/u><\/em><\/strong><\/div>\n<div><em>Cierpliwo\u015b\u0107 jest niezwyk\u0142\u0105 dam naszych zalet\u0105!<\/em><\/div>\n<div><em>Potrafi\u0105 godzinami tkwi\u0107 przed toalet\u0105\u2026<\/em><\/div>\n<div><em>\u00a0<\/em><\/div>\n<div><strong><em>Baga\u017c prze\u017cy\u0107<\/em><\/strong><\/div>\n<div><em>Czas cz\u0142owieka tak nie zmienia,<\/em><\/div>\n<div><em>Jak \u2013 \u017cyciowe do\u015bwiadczenia!<\/em><\/div>\n<div><em>\u00a0<\/em><\/div>\n<div><strong><em><u>Pragnienie s\u0142awy<\/u><\/em><\/strong><\/div>\n<div><em>\u00a0Pragniemy s\u0142awy i poklasku,<\/em><\/div>\n<div><em>\u00a0Cho\u0107 warte mniej ni\u017c\u2026 \u015blad na piasku!<\/em><\/div>\n<div><em>\u00a0<\/em><\/div>\n<div><strong><em>Zwiedzanie Krakowa<\/em><\/strong><\/div>\n<div><em>Zabytkowy<\/em><\/div>\n<div><em>Zawr\u00f3t g\u0142owy!..<\/em><\/div>\n<div><em>\u00a0<\/em><\/div>\n<div><strong><em>Najwi\u0119kszy skarb<\/em><\/strong><\/div>\n<div><em>Nad per\u0142y, z\u0142oto, drogie kamienie<\/em><em><br \/>\nNajwi\u0119cej ceni\u0119 \u2013 czyste sumienie!<\/em><\/div>\n","protected":false},"excerpt":{"rendered":"<p>&nbsp; Leszek Wierzchowski Leszek Antoni WIERZCHOWSKI, ur.10 wrze\u015bnia 1949 r. w Zawierciu. Mieszka w Katowicach. Jako poeta debiutowa\u0142 w czerwcu 1970 r. wierszem lirycznym \u201eModlitwa\u201d na \u0142amach polonijnego czasopisma \u201eNaprz\u00f3d\u201d w Wielkiej Brytanii, a fraszkami w lipcu 1970 r. w &#8230; <a class=\"more-link\" href=\"https:\/\/zlp-krakow.pl\/?page_id=6341\">Read More &raquo;<\/a><\/p>\n","protected":false},"author":3,"featured_media":0,"parent":51,"menu_order":0,"comment_status":"closed","ping_status":"closed","template":"","meta":{"footnotes":""},"categories":[2],"tags":[],"class_list":["post-6341","page","type-page","status-publish","hentry","category-czlonkowie"],"_links":{"self":[{"href":"https:\/\/zlp-krakow.pl\/index.php?rest_route=\/wp\/v2\/pages\/6341","targetHints":{"allow":["GET"]}}],"collection":[{"href":"https:\/\/zlp-krakow.pl\/index.php?rest_route=\/wp\/v2\/pages"}],"about":[{"href":"https:\/\/zlp-krakow.pl\/index.php?rest_route=\/wp\/v2\/types\/page"}],"author":[{"embeddable":true,"href":"https:\/\/zlp-krakow.pl\/index.php?rest_route=\/wp\/v2\/users\/3"}],"replies":[{"embeddable":true,"href":"https:\/\/zlp-krakow.pl\/index.php?rest_route=%2Fwp%2Fv2%2Fcomments&post=6341"}],"version-history":[{"count":3,"href":"https:\/\/zlp-krakow.pl\/index.php?rest_route=\/wp\/v2\/pages\/6341\/revisions"}],"predecessor-version":[{"id":6351,"href":"https:\/\/zlp-krakow.pl\/index.php?rest_route=\/wp\/v2\/pages\/6341\/revisions\/6351"}],"up":[{"embeddable":true,"href":"https:\/\/zlp-krakow.pl\/index.php?rest_route=\/wp\/v2\/pages\/51"}],"wp:attachment":[{"href":"https:\/\/zlp-krakow.pl\/index.php?rest_route=%2Fwp%2Fv2%2Fmedia&parent=6341"}],"wp:term":[{"taxonomy":"category","embeddable":true,"href":"https:\/\/zlp-krakow.pl\/index.php?rest_route=%2Fwp%2Fv2%2Fcategories&post=6341"},{"taxonomy":"post_tag","embeddable":true,"href":"https:\/\/zlp-krakow.pl\/index.php?rest_route=%2Fwp%2Fv2%2Ftags&post=6341"}],"curies":[{"name":"wp","href":"https:\/\/api.w.org\/{rel}","templated":true}]}}