{"id":60,"date":"2015-03-05T13:06:04","date_gmt":"2015-03-05T12:06:04","guid":{"rendered":"http:\/\/zlp-krakow.org\/?page_id=60"},"modified":"2023-03-15T09:45:43","modified_gmt":"2023-03-15T08:45:43","slug":"wladze","status":"publish","type":"page","link":"https:\/\/zlp-krakow.pl\/?page_id=60","title":{"rendered":"W\u0142adze"},"content":{"rendered":"<h3><strong><span class=\"tekstbold\"><span style=\"font-size: 14pt;\">Zarz\u0105d Krakowskiego Oddzia\u0142u Zwi\u0105zku Literat\u00f3w Polskich<\/span><\/span><\/strong><\/h3>\n<p><strong>Anna Pituch-Noworolska &#8211; Prezes\u00a0<\/strong><\/p>\n<h3><a href=\"https:\/\/zlp-krakow.pl\/wp-content\/uploads\/2015\/03\/pituch.jpg\"><img loading=\"lazy\" decoding=\"async\" class=\"alignnone size-full wp-image-1186\" src=\"https:\/\/zlp-krakow.pl\/wp-content\/uploads\/2015\/03\/pituch.jpg\" alt=\"pituch\" width=\"151\" height=\"200\" \/><\/a><\/h3>\n<p><strong>Danuta Su\u0142kowska &#8211; Wiceprezes\u00a0<\/strong><\/p>\n<p><a href=\"https:\/\/zlp-krakow.pl\/wp-content\/uploads\/2015\/03\/sulkowska.jpg\"><img loading=\"lazy\" decoding=\"async\" class=\"alignnone size-full wp-image-41\" src=\"https:\/\/zlp-krakow.pl\/wp-content\/uploads\/2015\/03\/sulkowska.jpg\" alt=\"sulkowska\" width=\"150\" height=\"200\" \/><\/a><\/p>\n<div><strong>Andrzej Walter &#8211; Wiceprezes<\/strong><\/div>\n<p><strong>Skarbnik\u00a0<\/strong><\/p>\n<p><a href=\"https:\/\/zlp-krakow.pl\/wp-content\/uploads\/2015\/03\/Andrzej_Walter-e1475308656568.jpg\"><img loading=\"lazy\" decoding=\"async\" class=\"alignnone size-full wp-image-2664\" src=\"https:\/\/zlp-krakow.pl\/wp-content\/uploads\/2015\/03\/Andrzej_Walter-e1475308656568.jpg\" alt=\"\" width=\"145\" height=\"201\" \/><\/a><\/p>\n<p><strong>Jan M J Mas\u0142yk &#8211; Sekretarz\u00a0<\/strong><\/p>\n<p><img decoding=\"async\" src=\"https:\/\/zlp-krakow.pl\/wp-content\/uploads\/2015\/03\/maslyk.jpg\" \/><\/p>\n<p><strong>Danuta Perier-Berska &#8211; Cz\u0142onkini Zarz\u0105du, Opiekunka Otwartego Ko\u0142a Autor\u00f3w<\/strong><\/p>\n<p><a href=\"https:\/\/zlp-krakow.pl\/wp-content\/uploads\/2015\/03\/P3180396.jpg\"><img loading=\"lazy\" decoding=\"async\" class=\"alignnone wp-image-1049\" src=\"https:\/\/zlp-krakow.pl\/wp-content\/uploads\/2015\/03\/P3180396-246x300.jpg\" alt=\"\" width=\"145\" height=\"177\" srcset=\"https:\/\/zlp-krakow.pl\/wp-content\/uploads\/2015\/03\/P3180396-246x300.jpg 246w, https:\/\/zlp-krakow.pl\/wp-content\/uploads\/2015\/03\/P3180396-600x733.jpg 600w, https:\/\/zlp-krakow.pl\/wp-content\/uploads\/2015\/03\/P3180396.jpg 640w\" sizes=\"auto, (max-width: 145px) 100vw, 145px\" \/><\/a><\/p>\n<p><strong><span class=\"tekstbold\"><span style=\"font-size: 14pt;\">Komisja Rewizyjna<\/span><\/span><\/strong><\/p>\n<p>I<strong>gnacy Stanis\u0142aw Fiut &#8211; Przewodnicz\u0105cy\u00a0<\/strong><\/p>\n<p><a href=\"https:\/\/zlp-krakow.pl\/wp-content\/uploads\/2015\/03\/Moja-fotka.jpg\"><img loading=\"lazy\" decoding=\"async\" class=\"alignnone wp-image-987\" src=\"https:\/\/zlp-krakow.pl\/wp-content\/uploads\/2015\/03\/Moja-fotka-225x300.jpg\" alt=\"\" width=\"145\" height=\"193\" srcset=\"https:\/\/zlp-krakow.pl\/wp-content\/uploads\/2015\/03\/Moja-fotka-225x300.jpg 225w, https:\/\/zlp-krakow.pl\/wp-content\/uploads\/2015\/03\/Moja-fotka.jpg 540w\" sizes=\"auto, (max-width: 145px) 100vw, 145px\" \/><\/a><\/p>\n<p><strong>Boles\u0142aw Faron &#8211; Cz\u0142onek\u00a0<\/strong><\/p>\n<p><a href=\"https:\/\/zlp-krakow.pl\/wp-content\/uploads\/2015\/03\/faronfoto.jpg\"><img loading=\"lazy\" decoding=\"async\" class=\"alignnone wp-image-1133\" src=\"https:\/\/zlp-krakow.pl\/wp-content\/uploads\/2015\/03\/faronfoto.jpg\" alt=\"\" width=\"145\" height=\"193\" \/><\/a><\/p>\n<p><strong>Bronis\u0142aw Kozie\u0144ski &#8211; Cz\u0142onek\u00a0<\/strong><\/p>\n<p><a href=\"https:\/\/zlp-krakow.pl\/wp-content\/uploads\/2019\/01\/B.-Kozie\u0144ski-Kopia.jpg\"><img loading=\"lazy\" decoding=\"async\" class=\"alignnone wp-image-4130\" src=\"https:\/\/zlp-krakow.pl\/wp-content\/uploads\/2019\/01\/B.-Kozie\u0144ski-Kopia-236x300.jpg\" alt=\"\" width=\"145\" height=\"184\" srcset=\"https:\/\/zlp-krakow.pl\/wp-content\/uploads\/2019\/01\/B.-Kozie\u0144ski-Kopia-236x300.jpg 236w, https:\/\/zlp-krakow.pl\/wp-content\/uploads\/2019\/01\/B.-Kozie\u0144ski-Kopia.jpg 276w\" sizes=\"auto, (max-width: 145px) 100vw, 145px\" \/><\/a><\/p>\n<p><span style=\"font-size: 14pt;\"><strong>S\u0105d Kole\u017ce\u0144ski<br \/>\n<\/strong><\/span><\/p>\n<p><strong>Leszek Konarski \u2013 Przewodnicz\u0105cy<\/strong><\/p>\n<p><a href=\"https:\/\/zlp-krakow.pl\/wp-content\/uploads\/2015\/03\/konarskifoto.jpg\"><img loading=\"lazy\" decoding=\"async\" class=\"alignnone size-full wp-image-1194\" src=\"https:\/\/zlp-krakow.pl\/wp-content\/uploads\/2015\/03\/konarskifoto.jpg\" alt=\"konarskifoto\" width=\"150\" height=\"200\" \/><\/a><\/p>\n<p><strong>Irena Kaczmarczyk &#8211; Cz\u0142onkini<\/strong><\/p>\n<p><a href=\"https:\/\/zlp-krakow.pl\/wp-content\/uploads\/2015\/03\/ART5490.jpg\"><img loading=\"lazy\" decoding=\"async\" class=\"alignnone wp-image-1015\" src=\"https:\/\/zlp-krakow.pl\/wp-content\/uploads\/2015\/03\/ART5490-199x300.jpg\" alt=\"\" width=\"143\" height=\"216\" srcset=\"https:\/\/zlp-krakow.pl\/wp-content\/uploads\/2015\/03\/ART5490-199x300.jpg 199w, https:\/\/zlp-krakow.pl\/wp-content\/uploads\/2015\/03\/ART5490-679x1024.jpg 679w, https:\/\/zlp-krakow.pl\/wp-content\/uploads\/2015\/03\/ART5490-600x905.jpg 600w, https:\/\/zlp-krakow.pl\/wp-content\/uploads\/2015\/03\/ART5490.jpg 1989w\" sizes=\"auto, (max-width: 143px) 100vw, 143px\" \/><\/a><\/p>\n<p><strong>Antonina Sebesta &#8211; Cz\u0142onkini<\/strong><\/p>\n<p><a href=\"https:\/\/zlp-krakow.pl\/wp-content\/uploads\/2016\/01\/Sebesta-fotografia.jpg\"><img loading=\"lazy\" decoding=\"async\" class=\"alignnone wp-image-2125\" src=\"https:\/\/zlp-krakow.pl\/wp-content\/uploads\/2016\/01\/Sebesta-fotografia-274x300.jpg\" alt=\"\" width=\"145\" height=\"159\" srcset=\"https:\/\/zlp-krakow.pl\/wp-content\/uploads\/2016\/01\/Sebesta-fotografia-274x300.jpg 274w, https:\/\/zlp-krakow.pl\/wp-content\/uploads\/2016\/01\/Sebesta-fotografia-936x1024.jpg 936w, https:\/\/zlp-krakow.pl\/wp-content\/uploads\/2016\/01\/Sebesta-fotografia-600x656.jpg 600w, https:\/\/zlp-krakow.pl\/wp-content\/uploads\/2016\/01\/Sebesta-fotografia.jpg 1266w\" sizes=\"auto, (max-width: 145px) 100vw, 145px\" \/><\/a><\/p>\n<hr \/>\n<p><strong><span style=\"color: #0000ff;\">xxxxxxxxxxxxxxxxxxxxxxxxxxxxxxxxxxxxxxxxxxxxxxxxxxxxxxxxxxxxxxxxxxxxxxxxxxx<\/span><\/strong><\/p>\n<hr \/>\n<div><span style=\"color: #ff0000;\"><strong>E-mail:<\/strong><\/span> zlp.krakow@interia.pl<\/div>\n<div><\/div>\n<div><span style=\"color: #ff0000;\"><b>ADRES do korespondencji\u00a0<\/b><\/span><\/div>\n<div>Klub Dziennikarzy \u201ePod Gruszk\u0105\u201d<\/div>\n<div>ul. Szczepa\u0144ska 1<br \/>\n31-011 Krak\u00f3w<\/div>\n<div><\/div>\n<div><span style=\"color: #ff0000;\"><b>KONTO KO ZLP:<\/b><\/span><\/div>\n<div><b>BANK PEKAO S.A.<\/b><br \/>\nOddzia\u0142 w Krakowie<br \/>\n<b>NR: 10 1240 2294 1111 0010 0664 7448<\/b><\/div>\n<hr \/>\n<p><strong><span style=\"color: #0000ff;\">xxxxxxxxxxxxxxxxxxxxxxxxxxxxxxxxxxxxxxxxxxxxxxxxxxxxxxxxxxxxxxxxxxxxxxxxxxx<\/span><\/strong><\/p>\n<hr \/>\n<p><strong><span class=\"tekstbold\"><span style=\"font-size: 14pt;\">Zarz\u0105d Krakowskiego Oddzia\u0142u Zwi\u0105zku Literat\u00f3w Polskich<\/span> <\/span><\/strong><\/p>\n<h3>KADENCJA\u00a0 12.01.2019 &#8211; 14.03.2023<\/h3>\n<p><strong>Anna Pituch-Noworolska &#8211; Prezes<\/strong><\/p>\n<h3><a href=\"https:\/\/zlp-krakow.pl\/wp-content\/uploads\/2015\/03\/pituch.jpg\"><img loading=\"lazy\" decoding=\"async\" class=\"alignnone size-full wp-image-1186\" src=\"https:\/\/zlp-krakow.pl\/wp-content\/uploads\/2015\/03\/pituch.jpg\" alt=\"pituch\" width=\"151\" height=\"200\" \/><\/a><\/h3>\n<div><\/div>\n<p><strong>Danuta Su\u0142kowska &#8211; Wiceprezes\u00a0<\/strong><\/p>\n<p><a href=\"https:\/\/zlp-krakow.pl\/wp-content\/uploads\/2015\/03\/sulkowska.jpg\"><img loading=\"lazy\" decoding=\"async\" class=\"alignnone size-full wp-image-41\" src=\"https:\/\/zlp-krakow.pl\/wp-content\/uploads\/2015\/03\/sulkowska.jpg\" alt=\"sulkowska\" width=\"150\" height=\"200\" \/><\/a><\/p>\n<div><\/div>\n<div><strong>Andrzej Walter &#8211; Wiceprezes<\/strong><\/div>\n<p><strong>Skarbnik\u00a0<\/strong><\/p>\n<p><a href=\"https:\/\/zlp-krakow.pl\/wp-content\/uploads\/2015\/03\/Andrzej_Walter-e1475308656568.jpg\"><img loading=\"lazy\" decoding=\"async\" class=\"alignnone size-full wp-image-2664\" src=\"https:\/\/zlp-krakow.pl\/wp-content\/uploads\/2015\/03\/Andrzej_Walter-e1475308656568.jpg\" alt=\"\" width=\"145\" height=\"201\" \/><\/a><\/p>\n<div><\/div>\n<p><strong>Jan M J Mas\u0142yk &#8211; Sekretarz\u00a0<\/strong><\/p>\n<p><img decoding=\"async\" src=\"https:\/\/zlp-krakow.pl\/wp-content\/uploads\/2015\/03\/maslyk.jpg\" \/><\/p>\n<div><\/div>\n<p><strong>Dorota Lorenowicz &#8211; Cz\u0142onek <\/strong><\/p>\n<p><img loading=\"lazy\" decoding=\"async\" class=\"alignnone wp-image-498 size-thumbnail\" src=\"https:\/\/zlp-krakow.pl\/wp-content\/uploads\/2015\/03\/Dorota-Lorenowicz-1-150x150.jpg\" alt=\"Dorota Lorenowicz 1\" width=\"150\" height=\"150\" \/><\/p>\n<div><\/div>\n<p><strong>Danuta Perier-Berska &#8211; Cz\u0142onek <\/strong><\/p>\n<p><a href=\"https:\/\/zlp-krakow.pl\/wp-content\/uploads\/2015\/03\/P3180396.jpg\"><img loading=\"lazy\" decoding=\"async\" class=\"alignnone wp-image-1049\" src=\"https:\/\/zlp-krakow.pl\/wp-content\/uploads\/2015\/03\/P3180396-246x300.jpg\" alt=\"\" width=\"145\" height=\"177\" srcset=\"https:\/\/zlp-krakow.pl\/wp-content\/uploads\/2015\/03\/P3180396-246x300.jpg 246w, https:\/\/zlp-krakow.pl\/wp-content\/uploads\/2015\/03\/P3180396-600x733.jpg 600w, https:\/\/zlp-krakow.pl\/wp-content\/uploads\/2015\/03\/P3180396.jpg 640w\" sizes=\"auto, (max-width: 145px) 100vw, 145px\" \/><\/a><\/p>\n<div><\/div>\n<p><strong>Alicja Tanew &#8211; Cz\u0142onek <\/strong><\/p>\n<p><a href=\"https:\/\/zlp-krakow.pl\/wp-content\/uploads\/2015\/03\/alicja-e1426012811599.jpg\"><img loading=\"lazy\" decoding=\"async\" class=\"alignnone wp-image-390 size-full\" src=\"https:\/\/zlp-krakow.pl\/wp-content\/uploads\/2015\/03\/alicja-e1426012811599.jpg\" alt=\"\" width=\"150\" height=\"214\" \/><\/a><\/p>\n<div><\/div>\n<p><strong><span class=\"tekstbold\"><span style=\"font-size: 14pt;\">\u00a0Komisja Rewizyjna<\/span><\/span><\/strong><\/p>\n<p>I<strong>gnacy Stanis\u0142aw Fiut &#8211; Przewodnicz\u0105cy\u00a0<\/strong><\/p>\n<p><a href=\"https:\/\/zlp-krakow.pl\/wp-content\/uploads\/2015\/03\/Moja-fotka.jpg\"><img loading=\"lazy\" decoding=\"async\" class=\"alignnone wp-image-987\" src=\"https:\/\/zlp-krakow.pl\/wp-content\/uploads\/2015\/03\/Moja-fotka-225x300.jpg\" alt=\"\" width=\"145\" height=\"193\" srcset=\"https:\/\/zlp-krakow.pl\/wp-content\/uploads\/2015\/03\/Moja-fotka-225x300.jpg 225w, https:\/\/zlp-krakow.pl\/wp-content\/uploads\/2015\/03\/Moja-fotka.jpg 540w\" sizes=\"auto, (max-width: 145px) 100vw, 145px\" \/><\/a><\/p>\n<div><\/div>\n<p><strong>Boles\u0142aw Faron &#8211; Cz\u0142onek\u00a0<\/strong><\/p>\n<p><a href=\"https:\/\/zlp-krakow.pl\/wp-content\/uploads\/2015\/03\/faronfoto.jpg\"><img loading=\"lazy\" decoding=\"async\" class=\"alignnone wp-image-1133\" src=\"https:\/\/zlp-krakow.pl\/wp-content\/uploads\/2015\/03\/faronfoto.jpg\" alt=\"\" width=\"145\" height=\"193\" \/><\/a><\/p>\n<div><\/div>\n<p><strong>Bronis\u0142aw Kozie\u0144ski &#8211; Cz\u0142onek\u00a0<\/strong><\/p>\n<p><a href=\"https:\/\/zlp-krakow.pl\/wp-content\/uploads\/2019\/01\/B.-Kozie\u0144ski-Kopia.jpg\"><img loading=\"lazy\" decoding=\"async\" class=\"alignnone wp-image-4130\" src=\"https:\/\/zlp-krakow.pl\/wp-content\/uploads\/2019\/01\/B.-Kozie\u0144ski-Kopia-236x300.jpg\" alt=\"\" width=\"145\" height=\"184\" srcset=\"https:\/\/zlp-krakow.pl\/wp-content\/uploads\/2019\/01\/B.-Kozie\u0144ski-Kopia-236x300.jpg 236w, https:\/\/zlp-krakow.pl\/wp-content\/uploads\/2019\/01\/B.-Kozie\u0144ski-Kopia.jpg 276w\" sizes=\"auto, (max-width: 145px) 100vw, 145px\" \/><\/a><\/p>\n<div><\/div>\n<p><span style=\"font-size: 14pt;\"><strong>S\u0105d Kole\u017ce\u0144ski<br \/>\n<\/strong><\/span><\/p>\n<p><strong>Leszek Konarski \u2013 Przewodnicz\u0105cy<\/strong><\/p>\n<p><a href=\"https:\/\/zlp-krakow.pl\/wp-content\/uploads\/2015\/03\/konarskifoto.jpg\"><img loading=\"lazy\" decoding=\"async\" class=\"alignnone size-full wp-image-1194\" src=\"https:\/\/zlp-krakow.pl\/wp-content\/uploads\/2015\/03\/konarskifoto.jpg\" alt=\"konarskifoto\" width=\"150\" height=\"200\" \/><\/a><\/p>\n<div><\/div>\n<p><strong>Irena Kaczmarczyk &#8211; Cz\u0142onek<\/strong><\/p>\n<p><a href=\"https:\/\/zlp-krakow.pl\/wp-content\/uploads\/2015\/03\/ART5490.jpg\"><img loading=\"lazy\" decoding=\"async\" class=\"alignnone wp-image-1015\" src=\"https:\/\/zlp-krakow.pl\/wp-content\/uploads\/2015\/03\/ART5490-199x300.jpg\" alt=\"\" width=\"143\" height=\"216\" srcset=\"https:\/\/zlp-krakow.pl\/wp-content\/uploads\/2015\/03\/ART5490-199x300.jpg 199w, https:\/\/zlp-krakow.pl\/wp-content\/uploads\/2015\/03\/ART5490-679x1024.jpg 679w, https:\/\/zlp-krakow.pl\/wp-content\/uploads\/2015\/03\/ART5490-600x905.jpg 600w, https:\/\/zlp-krakow.pl\/wp-content\/uploads\/2015\/03\/ART5490.jpg 1989w\" sizes=\"auto, (max-width: 143px) 100vw, 143px\" \/><\/a><\/p>\n<div><\/div>\n<p><strong>Antonina Sebesta &#8211; Cz\u0142onek <\/strong><\/p>\n<p><a href=\"https:\/\/zlp-krakow.pl\/wp-content\/uploads\/2016\/01\/Sebesta-fotografia.jpg\"><img loading=\"lazy\" decoding=\"async\" class=\"alignnone wp-image-2125\" src=\"https:\/\/zlp-krakow.pl\/wp-content\/uploads\/2016\/01\/Sebesta-fotografia-274x300.jpg\" alt=\"\" width=\"145\" height=\"159\" srcset=\"https:\/\/zlp-krakow.pl\/wp-content\/uploads\/2016\/01\/Sebesta-fotografia-274x300.jpg 274w, https:\/\/zlp-krakow.pl\/wp-content\/uploads\/2016\/01\/Sebesta-fotografia-936x1024.jpg 936w, https:\/\/zlp-krakow.pl\/wp-content\/uploads\/2016\/01\/Sebesta-fotografia-600x656.jpg 600w, https:\/\/zlp-krakow.pl\/wp-content\/uploads\/2016\/01\/Sebesta-fotografia.jpg 1266w\" sizes=\"auto, (max-width: 145px) 100vw, 145px\" \/><\/a><\/p>\n<pre><\/pre>\n<hr \/>\n<div><span style=\"color: #ff0000;\"><strong>E-mail:<\/strong><\/span> zlp.krakow@interia.pl<\/div>\n<div><\/div>\n<div><span style=\"color: #ff0000;\"><b>ADRES:<\/b><\/span><\/div>\n<div>Klub Dziennikarzy \u201ePod Gruszk\u0105\u201d<\/div>\n<div>ul. Szczepa\u0144ska 1<br \/>\n31-011 Krak\u00f3w<\/div>\n<div><\/div>\n<div><span style=\"color: #ff0000;\"><b>KONTO KO ZLP:<\/b><\/span><\/div>\n<div><b>BANK PEKAO S.A.<\/b><br \/>\nOddzia\u0142 w Krakowie<br \/>\n<b>NR: 10 1240 2294 1111 0010 0664 7448<br \/>\n<\/b><\/div>\n<pre><\/pre>\n<hr \/>\n<h3><span style=\"color: #000080;\">xoxoxoxoxoxoxoxoxoxoxoxoxoxoxoxoxoxoxoxoxoxoxoxoxoxoxoxoxoxo<\/span><\/h3>\n<hr \/>\n<h3>KADENCJA 17.01.2015 &#8211; 12.01.2019<\/h3>\n<p><strong><span class=\"tekstbold\">Zarz\u0105d Krakowskiego Oddzia\u0142u Zwi\u0105zku Literat\u00f3w Polskich <\/span><\/strong><br \/>\n<span class=\"tekstnormal\"><br \/>\n<strong>Joanna Krupi\u0144ska-Trzebiatowska &#8211;\u00a0<\/strong><\/span><strong>Prezes<\/strong><\/p>\n<p><a href=\"https:\/\/zlp-krakow.pl\/wp-content\/uploads\/2015\/03\/krupinskafoto.jpg\"><img loading=\"lazy\" decoding=\"async\" class=\"alignnone size-full wp-image-38\" src=\"https:\/\/zlp-krakow.pl\/wp-content\/uploads\/2015\/03\/krupinskafoto.jpg\" alt=\"krupinskafoto\" width=\"150\" height=\"200\" \/><\/a><\/p>\n<p><span class=\"tekstnormal\"><strong>Alicja Sikora-\u017bebracka \/ Alicja Tanew \/ \u2013 Wiceprezes<\/strong>\u00a0<\/span><\/p>\n<p><a href=\"https:\/\/zlp-krakow.pl\/wp-content\/uploads\/2015\/03\/alicja-e1426012811599.jpg\"><img loading=\"lazy\" decoding=\"async\" class=\"alignnone wp-image-390 size-full\" src=\"https:\/\/zlp-krakow.pl\/wp-content\/uploads\/2015\/03\/alicja-e1426012811599.jpg\" alt=\"\" width=\"150\" height=\"214\" \/><\/a><\/p>\n<p><strong style=\"line-height: 1.5;\">Anna Pituch-Noworolska \u2013 Sekretarz<\/strong><\/p>\n<p><a href=\"https:\/\/zlp-krakow.pl\/wp-content\/uploads\/2015\/03\/pituch.jpg\"><img loading=\"lazy\" decoding=\"async\" class=\"alignnone size-full wp-image-1186\" src=\"https:\/\/zlp-krakow.pl\/wp-content\/uploads\/2015\/03\/pituch.jpg\" alt=\"pituch\" width=\"151\" height=\"200\" \/><\/a><\/p>\n<p><span class=\"tekstnormal\"> <strong>Wanda \u0141omnicka-Dulak \u2013 Skarbnik\u00a0<\/strong><\/span><\/p>\n<p><a href=\"https:\/\/zlp-krakow.pl\/wp-content\/uploads\/2015\/03\/Wanda-\u0141omnicka-Dulak-1-e1426006838411.jpg\"><img loading=\"lazy\" decoding=\"async\" class=\"alignnone wp-image-493\" src=\"https:\/\/zlp-krakow.pl\/wp-content\/uploads\/2015\/03\/Wanda-\u0141omnicka-Dulak-1-e1426009954396.jpg\" alt=\"\" width=\"159\" height=\"200\" \/><\/a><\/p>\n<p><strong><span class=\"tekstbold\">\u00a0<span class=\"tekstbold\">K<\/span>omisja Rewizyjna:<\/span><\/strong><\/p>\n<p><strong>Danuta Su\u0142kowska\u00a0\u2013 przewodnicz\u0105ca<\/strong><\/p>\n<p><a href=\"https:\/\/zlp-krakow.pl\/wp-content\/uploads\/2015\/03\/sulkowska.jpg\"><img loading=\"lazy\" decoding=\"async\" class=\"alignnone size-full wp-image-41\" src=\"https:\/\/zlp-krakow.pl\/wp-content\/uploads\/2015\/03\/sulkowska.jpg\" alt=\"sulkowska\" width=\"150\" height=\"200\" \/><\/a>l<\/p>\n<p><strong>Roma Jegor<\/strong><\/p>\n<p><strong><a href=\"https:\/\/zlp-krakow.pl\/wp-content\/uploads\/2015\/03\/rjegor.jpg\"><img loading=\"lazy\" decoding=\"async\" class=\"alignnone size-full wp-image-1828\" src=\"https:\/\/zlp-krakow.pl\/wp-content\/uploads\/2015\/03\/rjegor.jpg\" alt=\"rjegor\" width=\"148\" height=\"200\" \/><\/a><\/strong><\/p>\n<p><strong>Krystyna Jezierska<\/strong><\/p>\n<p><a href=\"https:\/\/zlp-krakow.pl\/wp-content\/uploads\/2015\/03\/PICT0317.jpg\"><img loading=\"lazy\" decoding=\"async\" class=\"alignnone size-full wp-image-1192\" src=\"https:\/\/zlp-krakow.pl\/wp-content\/uploads\/2015\/03\/PICT0317.jpg\" alt=\"PICT0317\" width=\"150\" height=\"200\" \/><\/a><\/p>\n<p><strong>S\u0105d Kole\u017ce\u0144ski<\/strong><\/p>\n<p><strong>Leszek Konarski \u2013 Przewodnicz\u0105cy<\/strong><\/p>\n<p><a href=\"https:\/\/zlp-krakow.pl\/wp-content\/uploads\/2015\/03\/konarskifoto.jpg\"><img loading=\"lazy\" decoding=\"async\" class=\"alignnone size-full wp-image-1194\" src=\"https:\/\/zlp-krakow.pl\/wp-content\/uploads\/2015\/03\/konarskifoto.jpg\" alt=\"konarskifoto\" width=\"150\" height=\"200\" \/><\/a><\/p>\n<p><strong>Irena Kaczmarczyk<\/strong><\/p>\n<p><a href=\"https:\/\/zlp-krakow.pl\/wp-content\/uploads\/2015\/03\/1554510_10200280974903133_7682017868184057197_n-e1426013785852.jpg\"><img loading=\"lazy\" decoding=\"async\" class=\"alignnone wp-image-302 size-full\" src=\"https:\/\/zlp-krakow.pl\/wp-content\/uploads\/2015\/03\/1554510_10200280974903133_7682017868184057197_n-e1427637543612.jpg\" width=\"150\" height=\"194\" \/><\/a><\/p>\n<p><strong>Dorota Lorenowicz<\/strong><\/p>\n<p><img loading=\"lazy\" decoding=\"async\" class=\"alignnone wp-image-498 size-thumbnail\" src=\"https:\/\/zlp-krakow.pl\/wp-content\/uploads\/2015\/03\/Dorota-Lorenowicz-1-150x150.jpg\" alt=\"Dorota Lorenowicz 1\" width=\"150\" height=\"150\" \/><\/p>\n<p><span style=\"color: #333399;\">xxxxxxxxxxxxxxxxxxxxxxxxxxxxxxxxxxxxxxxxx<\/span><\/p>\n<p><strong><span style=\"color: #ff6600;\">E-mail:<\/span><\/strong> zlp.krakow@interia.pl<\/p>\n<p><b><span style=\"color: #ff0000;\">SIEDZIBA:<\/span><br \/>\n<\/b>Klub Dziennikarzy &#8222;Pod Gruszk\u0105&#8221;<\/p>\n<div><b><span style=\"color: #ff0000;\">ADRES:<\/span><\/b><\/div>\n<div><span style=\"color: #000000;\">Klub Dziennikarzy \u201ePod Gruszk\u0105\u201d<\/span><\/div>\n<div><span style=\"color: #000000;\">ul. Szczepa\u0144ska 1<br \/>\n31-011 Krak\u00f3w <\/span><\/div>\n<p><b><span style=\"color: #ff0000;\">KONTO KO ZLP:<\/span><\/b><\/p>\n<p><b>BANK PEKAO S.A.<\/b><br \/>\nOddzia\u0142 w Krakowie, ul. Rynek G\u0142\u00f3wny 47, 31-013 Krak\u00f3w<br \/>\n<b>NR: 10 1240 2294 1111 0010 0664 7448<b><br \/>\n_____________________________________<\/b><\/b><\/p>\n<p class=\"tekstnormal\">Linki:<\/p>\n<p class=\"tekstnormal\"><a href=\"http:\/\/www.literaci.eu\/\">Zarz\u0105d G\u0142\u00f3wny Zwi\u0105zku Literat\u00f3w Polskich &#8211; Warszawa<\/a><\/p>\n","protected":false},"excerpt":{"rendered":"<p>Zarz\u0105d Krakowskiego Oddzia\u0142u Zwi\u0105zku Literat\u00f3w Polskich Anna Pituch-Noworolska &#8211; Prezes\u00a0 Danuta Su\u0142kowska &#8211; Wiceprezes\u00a0 Andrzej Walter &#8211; Wiceprezes Skarbnik\u00a0 Jan M J Mas\u0142yk &#8211; Sekretarz\u00a0 Danuta Perier-Berska &#8211; Cz\u0142onkini Zarz\u0105du, Opiekunka Otwartego Ko\u0142a Autor\u00f3w Komisja Rewizyjna Ignacy Stanis\u0142aw Fiut &#8211; &#8230; <a class=\"more-link\" href=\"https:\/\/zlp-krakow.pl\/?page_id=60\">Read More &raquo;<\/a><\/p>\n","protected":false},"author":1,"featured_media":0,"parent":0,"menu_order":0,"comment_status":"closed","ping_status":"closed","template":"","meta":{"footnotes":""},"categories":[5],"tags":[],"class_list":["post-60","page","type-page","status-publish","hentry","category-statyczne"],"_links":{"self":[{"href":"https:\/\/zlp-krakow.pl\/index.php?rest_route=\/wp\/v2\/pages\/60","targetHints":{"allow":["GET"]}}],"collection":[{"href":"https:\/\/zlp-krakow.pl\/index.php?rest_route=\/wp\/v2\/pages"}],"about":[{"href":"https:\/\/zlp-krakow.pl\/index.php?rest_route=\/wp\/v2\/types\/page"}],"author":[{"embeddable":true,"href":"https:\/\/zlp-krakow.pl\/index.php?rest_route=\/wp\/v2\/users\/1"}],"replies":[{"embeddable":true,"href":"https:\/\/zlp-krakow.pl\/index.php?rest_route=%2Fwp%2Fv2%2Fcomments&post=60"}],"version-history":[{"count":103,"href":"https:\/\/zlp-krakow.pl\/index.php?rest_route=\/wp\/v2\/pages\/60\/revisions"}],"predecessor-version":[{"id":5844,"href":"https:\/\/zlp-krakow.pl\/index.php?rest_route=\/wp\/v2\/pages\/60\/revisions\/5844"}],"wp:attachment":[{"href":"https:\/\/zlp-krakow.pl\/index.php?rest_route=%2Fwp%2Fv2%2Fmedia&parent=60"}],"wp:term":[{"taxonomy":"category","embeddable":true,"href":"https:\/\/zlp-krakow.pl\/index.php?rest_route=%2Fwp%2Fv2%2Fcategories&post=60"},{"taxonomy":"post_tag","embeddable":true,"href":"https:\/\/zlp-krakow.pl\/index.php?rest_route=%2Fwp%2Fv2%2Ftags&post=60"}],"curies":[{"name":"wp","href":"https:\/\/api.w.org\/{rel}","templated":true}]}}