{"id":58,"date":"2015-03-05T13:05:09","date_gmt":"2015-03-05T12:05:09","guid":{"rendered":"http:\/\/zlp-krakow.org\/?page_id=58"},"modified":"2026-02-12T09:18:57","modified_gmt":"2026-02-12T08:18:57","slug":"kolo-mlodych-2","status":"publish","type":"page","link":"https:\/\/zlp-krakow.pl\/?page_id=58","title":{"rendered":"Otwarte Ko\u0142o Autor\u00f3w"},"content":{"rendered":"<p>Ewa Piekarska<\/p>\n<p>Weronika Pogoda<\/p>\n<p>Janina Wi\u015bniewska<\/p>\n<p>Ma\u0142gorzata Kuchnia<\/p>\n<p>Bo\u017cena Bisztyga<\/p>\n<p>Krystyna Kafel<\/p>\n<p>Katarzyna Pany\u0142o<\/p>\n<p>Stanis\u0142aw Babral<\/p>\n<p>Wojciech Hausner<\/p>\n<p>Grzegorz Gniady<\/p>\n<p>Emilia Borowska<\/p>\n<p>Marek Por\u0105bka<\/p>\n<p>Maria Le\u017ca\u0144ska<\/p>\n<p>Irena Dukalska<\/p>\n<p>Ala Gieniec<\/p>\n<p>Konrad Jellinek<\/p>\n<p>Jadwiga Goraj<\/p>\n<p>Urszula M\u0105drzyk<\/p>\n<p>Marian Kowalik<\/p>\n","protected":false},"excerpt":{"rendered":"<p>Ewa Piekarska Weronika Pogoda Janina Wi\u015bniewska Ma\u0142gorzata Kuchnia Bo\u017cena Bisztyga Krystyna Kafel Katarzyna Pany\u0142o Stanis\u0142aw Babral Wojciech Hausner Grzegorz Gniady Emilia Borowska Marek Por\u0105bka Maria Le\u017ca\u0144ska Irena Dukalska Ala Gieniec Konrad Jellinek Jadwiga Goraj Urszula M\u0105drzyk Marian Kowalik<\/p>\n","protected":false},"author":1,"featured_media":0,"parent":0,"menu_order":0,"comment_status":"closed","ping_status":"closed","template":"","meta":{"footnotes":""},"categories":[3,5],"tags":[6],"class_list":["post-58","page","type-page","status-publish","hentry","category-kolo-mlodych","category-statyczne","tag-6"],"_links":{"self":[{"href":"https:\/\/zlp-krakow.pl\/index.php?rest_route=\/wp\/v2\/pages\/58","targetHints":{"allow":["GET"]}}],"collection":[{"href":"https:\/\/zlp-krakow.pl\/index.php?rest_route=\/wp\/v2\/pages"}],"about":[{"href":"https:\/\/zlp-krakow.pl\/index.php?rest_route=\/wp\/v2\/types\/page"}],"author":[{"embeddable":true,"href":"https:\/\/zlp-krakow.pl\/index.php?rest_route=\/wp\/v2\/users\/1"}],"replies":[{"embeddable":true,"href":"https:\/\/zlp-krakow.pl\/index.php?rest_route=%2Fwp%2Fv2%2Fcomments&post=58"}],"version-history":[{"count":23,"href":"https:\/\/zlp-krakow.pl\/index.php?rest_route=\/wp\/v2\/pages\/58\/revisions"}],"predecessor-version":[{"id":7641,"href":"https:\/\/zlp-krakow.pl\/index.php?rest_route=\/wp\/v2\/pages\/58\/revisions\/7641"}],"wp:attachment":[{"href":"https:\/\/zlp-krakow.pl\/index.php?rest_route=%2Fwp%2Fv2%2Fmedia&parent=58"}],"wp:term":[{"taxonomy":"category","embeddable":true,"href":"https:\/\/zlp-krakow.pl\/index.php?rest_route=%2Fwp%2Fv2%2Fcategories&post=58"},{"taxonomy":"post_tag","embeddable":true,"href":"https:\/\/zlp-krakow.pl\/index.php?rest_route=%2Fwp%2Fv2%2Ftags&post=58"}],"curies":[{"name":"wp","href":"https:\/\/api.w.org\/{rel}","templated":true}]}}