{"id":422,"date":"2015-03-07T00:52:09","date_gmt":"2015-03-06T23:52:09","guid":{"rendered":"http:\/\/zlp-krakow.org\/?page_id=422"},"modified":"2015-03-22T02:03:22","modified_gmt":"2015-03-22T01:03:22","slug":"lomnicka-dulak-wanda","status":"publish","type":"page","link":"https:\/\/zlp-krakow.pl\/?page_id=422","title":{"rendered":"Wanda \u0141omnicka-Dulak"},"content":{"rendered":"<p>&nbsp;<\/p>\n<p><a href=\"https:\/\/zlp-krakow.pl\/wp-content\/uploads\/2015\/03\/wanda_d.jpg\"><img loading=\"lazy\" decoding=\"async\" class=\"alignnone size-medium wp-image-660\" src=\"https:\/\/zlp-krakow.pl\/wp-content\/uploads\/2015\/03\/wanda_d-174x300.jpg\" alt=\"DCF 1.0\" width=\"174\" height=\"300\" srcset=\"https:\/\/zlp-krakow.pl\/wp-content\/uploads\/2015\/03\/wanda_d-174x300.jpg 174w, https:\/\/zlp-krakow.pl\/wp-content\/uploads\/2015\/03\/wanda_d.jpg 500w\" sizes=\"auto, (max-width: 174px) 100vw, 174px\" \/><\/a><\/p>\n<p><strong>Wanda \u0141omnicka-Dulak<\/strong><\/p>\n<p>Poetka, regionalistka, animatorka kultury, autorka widowisk, cz\u0142onkini zespo\u0142u redakcyjnego miesi\u0119cznika \u201dZnad Popradu\u201d. Pisze w j\u0119zyku literackim i w gwarze g\u00f3rali nadpopradzkich. Cz\u0142onkini Stowarzyszenia Tw\u00f3rc\u00f3w Ludowych oraz Klubu a nast\u0119pnie Grupy Literackiej \u201eS\u0105decczyzna\u201d. Debiutowa\u0142a w 1987 roku, od 1988 r. cz\u0142onkini R.Z.\u201dDolina Popradu\u201d (jej wiersze wykorzystywane s\u0105 w programach zespo\u0142u, za\u015b opracowane widowiska zosta\u0142y nagrodzone m.in. Z\u0142ot\u0105 Ciupag\u0105 na Mi\u0119dzynarodowym Festiwalu Folkloru Ziem G\u00f3rskich\u00a0 w Zakopanem (2011)\u00a0 i Z\u0142otym Sercem na Festiwalu G\u00f3rali Polskich w \u017bywcu (2013).<\/p>\n<p>Autorka wst\u0119p\u00f3w do kilku tomik\u00f3w poet\u00f3w s\u0105deckich. Jest wsp\u00f3\u0142organizatork\u0105 cyklicznych imprez poetyckich <em>Wrzosowisko <\/em>w Piwnicznej (15 edycji) oraz wsp\u00f3\u0142redaktorem tr\u00f3jj\u0119zycznej antologii wybranych utwor\u00f3w poet\u00f3w g\u00f3r \u0141emk\u00f3w, S\u0142owak\u00f3w i Polak\u00f3w <em>W liliowej ciszy<\/em><em>.<\/em><\/p>\n<p>T\u0142umaczka z j\u0119zyka \u0142emkowskiego. Wyda\u0142a s\u0142ownik gwary g\u00f3rali nadpopradzkich i nadal\u00a0 gromadzi terminy gwarowe i opisy ich obyczajowo\u015bci.<\/p>\n<p>Laureatka Nagrody Ministra Kultury i Sztuki im. Oskara Kolberga za zas\u0142ugi dla kultury ludowej (1999), Br\u0105zowego Medalu \u201eZas\u0142u\u017cony Kulturze Gloria Artis (2014) przyznanego przez Ministra Kultury i Dziedzictwa Narodowego , Nagrody im. ks. prof. B. Kumora w kategorii <em>S\u0105decki Autor<\/em> (2013) oraz Nagrody im. W\u0142adys\u0142awa Orkana (2009) i in.<\/p>\n<p>Liczne nagrody w konkursach poetyckich.<\/p>\n<p><strong>Publikacje ksi\u0105\u017ckowe:<\/strong><\/p>\n<p>Modl\u0105 si\u0119 ze mn\u0105 \u0142\u0105ki (Wiersze) Piwniczna 1993<br \/>\n\u015aladem serdecznym (Wiersze ) Piwniczna 1993<br \/>\n\u015acie\u017ck\u0105 zachodz\u0105cego s\u0142o\u0144ca (Wiersze) Lublin 1994 STL<br \/>\nPo niewidzialnej stronie t\u0119czy (Wiersze) Nowy S\u0105cz 1996 SOW<br \/>\nW kr\u00f3lestwie buk\u00f3w (Wiersze). Krak\u00f3w 1999 ST KKAL<br \/>\nPieniny Barwy g\u00f3r. (Album) WiT Piwniczna 2003<br \/>\nZielonej \u0142aski pe\u0142ne (Wiersze) Nowy S\u0105cz 2003<br \/>\nPoezja g\u00f3r (Wiersze) Opole 2004<br \/>\nWszystkie pory \u015bwitu (Wiersze) Opole 2005<br \/>\nRytro w koronie g\u00f3r (Album) Rytro 2005<br \/>\nMatusine s\u0142\u00f3wecka (s\u0142ownik gwary g\u00f3rali nadpopradzkich) Stary S\u0105cz 2005<br \/>\nz dotacji Starostwa Powiatowego w N.S\u0105czu<br \/>\nP\u0142yta Audio i MP 3 ze s\u0142ownikiem Matusine s\u0142\u00f3weczka, Stary S\u0105cz 2008<br \/>\nz dotacji Starostwa Powiatowego w N.S\u0105czu<br \/>\nCHOIX DES POEMES (Wiersze) Konsulat General de Polotne a Lille 2007<br \/>\nBeskid S\u0105decki. Barwy g\u00f3r (Album) WiT Piwniczna 2008<br \/>\nNieszpory katy\u0144skie (Wiersze) Opole 2010 i II wydanie Opole 2014<br \/>\nZ BIBLII G\u00d3R (Wiersze) Piwniczna 2010<br \/>\nPiwniczna i S\u0105decczyzna 1939-1945 (Album) Piwniczna-Zdr\u00f3j 2010<br \/>\nT\u0119dy przechodzi\u0142 Piotr (Album) Piwniczna-Zdr\u00f3j 2011<br \/>\nKraina Popradem opasana (Album) Piwniczna-Zdr\u00f3j 2012<br \/>\nNa skraju minionego czasu (Album) Piwniczna Zdr\u00f3j 2012<\/p>\n<p>&nbsp;<\/p>\n<p>&nbsp;<\/p>\n","protected":false},"excerpt":{"rendered":"<p>&nbsp; Wanda \u0141omnicka-Dulak Poetka, regionalistka, animatorka kultury, autorka widowisk, cz\u0142onkini zespo\u0142u redakcyjnego miesi\u0119cznika \u201dZnad Popradu\u201d. Pisze w j\u0119zyku literackim i w gwarze g\u00f3rali nadpopradzkich. Cz\u0142onkini Stowarzyszenia Tw\u00f3rc\u00f3w Ludowych oraz Klubu a nast\u0119pnie Grupy Literackiej \u201eS\u0105decczyzna\u201d. Debiutowa\u0142a w 1987 roku, od &#8230; <a class=\"more-link\" href=\"https:\/\/zlp-krakow.pl\/?page_id=422\">Read More &raquo;<\/a><\/p>\n","protected":false},"author":1,"featured_media":0,"parent":51,"menu_order":0,"comment_status":"closed","ping_status":"closed","template":"","meta":{"footnotes":""},"categories":[2],"tags":[],"class_list":["post-422","page","type-page","status-publish","hentry","category-czlonkowie"],"_links":{"self":[{"href":"https:\/\/zlp-krakow.pl\/index.php?rest_route=\/wp\/v2\/pages\/422","targetHints":{"allow":["GET"]}}],"collection":[{"href":"https:\/\/zlp-krakow.pl\/index.php?rest_route=\/wp\/v2\/pages"}],"about":[{"href":"https:\/\/zlp-krakow.pl\/index.php?rest_route=\/wp\/v2\/types\/page"}],"author":[{"embeddable":true,"href":"https:\/\/zlp-krakow.pl\/index.php?rest_route=\/wp\/v2\/users\/1"}],"replies":[{"embeddable":true,"href":"https:\/\/zlp-krakow.pl\/index.php?rest_route=%2Fwp%2Fv2%2Fcomments&post=422"}],"version-history":[{"count":8,"href":"https:\/\/zlp-krakow.pl\/index.php?rest_route=\/wp\/v2\/pages\/422\/revisions"}],"predecessor-version":[{"id":1088,"href":"https:\/\/zlp-krakow.pl\/index.php?rest_route=\/wp\/v2\/pages\/422\/revisions\/1088"}],"up":[{"embeddable":true,"href":"https:\/\/zlp-krakow.pl\/index.php?rest_route=\/wp\/v2\/pages\/51"}],"wp:attachment":[{"href":"https:\/\/zlp-krakow.pl\/index.php?rest_route=%2Fwp%2Fv2%2Fmedia&parent=422"}],"wp:term":[{"taxonomy":"category","embeddable":true,"href":"https:\/\/zlp-krakow.pl\/index.php?rest_route=%2Fwp%2Fv2%2Fcategories&post=422"},{"taxonomy":"post_tag","embeddable":true,"href":"https:\/\/zlp-krakow.pl\/index.php?rest_route=%2Fwp%2Fv2%2Ftags&post=422"}],"curies":[{"name":"wp","href":"https:\/\/api.w.org\/{rel}","templated":true}]}}