{"id":388,"date":"2015-03-06T14:49:11","date_gmt":"2015-03-06T13:49:11","guid":{"rendered":"http:\/\/zlp-krakow.org\/?page_id=388"},"modified":"2020-10-19T22:32:57","modified_gmt":"2020-10-19T20:32:57","slug":"bulka-wladyslaw","status":"publish","type":"page","link":"https:\/\/zlp-krakow.pl\/?page_id=388","title":{"rendered":"W\u0142adys\u0142aw Bu\u0142ka"},"content":{"rendered":"<p><img decoding=\"async\" src=\"http:\/\/upload.wikimedia.org\/wikipedia\/commons\/d\/d8\/W%C5%82adys%C5%82aw_Bu%C5%82ka-senat.jpg\" alt=\"\" \/><\/p>\n<p><b>W\u0142adys\u0142aw Bu\u0142ka<\/b><\/p>\n<p>(ur. <a title=\"29 marca\" href=\"http:\/\/pl.wikipedia.org\/wiki\/29_marca\">29 marca<\/a> <a title=\"1936\" href=\"http:\/\/pl.wikipedia.org\/wiki\/1936\">1936<\/a> w <a title=\"Rycerka G\u00f3rna\" href=\"http:\/\/pl.wikipedia.org\/wiki\/Rycerka_G%C3%B3rna\">Rycerce G\u00f3rnej<\/a>) \u2013 polski <a title=\"Polityk\" href=\"http:\/\/pl.wikipedia.org\/wiki\/Polityk\">polityk<\/a>, dziennikarz i zwi\u0105zkowiec, pose\u0142 na <a title=\"Sejm Rzeczypospolitej Polskiej\" href=\"http:\/\/pl.wikipedia.org\/wiki\/Sejm_Rzeczypospolitej_Polskiej\">Sejm<\/a> <a class=\"mw-redirect\" title=\"Pos\u0142owie na Sejm RP II kadencji\" href=\"http:\/\/pl.wikipedia.org\/wiki\/Pos%C5%82owie_na_Sejm_RP_II_kadencji\">II<\/a> i <a class=\"mw-redirect\" title=\"Pos\u0142owie na Sejm RP III kadencji\" href=\"http:\/\/pl.wikipedia.org\/wiki\/Pos%C5%82owie_na_Sejm_RP_III_kadencji\">III kadencji<\/a>, senator <a title=\"Senatorowie V kadencji Senatu Rzeczypospolitej Polskiej\" href=\"http:\/\/pl.wikipedia.org\/wiki\/Senatorowie_V_kadencji_Senatu_Rzeczypospolitej_Polskiej\">V kadencji<\/a>.<\/p>\n<p>Ucz\u0119szcza\u0142 do szko\u0142y zawodowej przy <a title=\"\u017bywiec\" href=\"http:\/\/pl.wikipedia.org\/wiki\/%C5%BBywiec\">\u017bywieckiej<\/a> Fabryce Papieru &#8222;Solali&#8221; i pracowa\u0142 w tej fabryce do 1956, kiedy zosta\u0142 powo\u0142any do wojska. Po odbyciu s\u0142u\u017cby wojskowej pracowa\u0142 w aparacie organizacyjnym <a title=\"Zwi\u0105zek M\u0142odzie\u017cy Socjalistycznej\" href=\"http:\/\/pl.wikipedia.org\/wiki\/Zwi%C4%85zek_M%C5%82odzie%C5%BCy_Socjalistycznej\">Zwi\u0105zku M\u0142odzie\u017cy Socjalistycznej<\/a>. W 1957 wst\u0105pi\u0142 do <a class=\"mw-redirect\" title=\"PZPR\" href=\"http:\/\/pl.wikipedia.org\/wiki\/PZPR\">Polskiej Zjednoczonej Partii Robotniczej<\/a>. Uko\u0144czy\u0142 w tym czasie wieczorowe liceum og\u00f3lnokszta\u0142c\u0105ce i studium nauczycielskie w <a title=\"Tarn\u00f3w\" href=\"http:\/\/pl.wikipedia.org\/wiki\/Tarn%C3%B3w\">Tarnowie<\/a>. W latach 1970\u20131974 by\u0142 wiceprzewodnicz\u0105cym Miejskiej Rady Narodowej w <a title=\"\u017bywiec\" href=\"http:\/\/pl.wikipedia.org\/wiki\/%C5%BBywiec\">\u017bywcu<\/a>, a od 1974 do 1989 dyrektorem Przedsi\u0119biorstwa Gospodarki Komunalnej i Mieszkaniowej w tym mie\u015bcie. Uzupe\u0142nia\u0142 wykszta\u0142cenie na uczelniach <a title=\"Krak\u00f3w\" href=\"http:\/\/pl.wikipedia.org\/wiki\/Krak%C3%B3w\">krakowskich<\/a> \u2013 w <a title=\"Uniwersytet Pedagogiczny im. Komisji Edukacji Narodowej w Krakowie\" href=\"http:\/\/pl.wikipedia.org\/wiki\/Uniwersytet_Pedagogiczny_im._Komisji_Edukacji_Narodowej_w_Krakowie\">Wy\u017cszej Szkole Pedagogicznej<\/a> (w 1978 uko\u0144czy\u0142 Wydzia\u0142 Humanistyczny) i<a class=\"mw-redirect\" title=\"Akademia Ekonomiczna w Krakowie\" href=\"http:\/\/pl.wikipedia.org\/wiki\/Akademia_Ekonomiczna_w_Krakowie\">Akademii Ekonomicznej<\/a> (w 1986 uko\u0144czy\u0142 studia podyplomowe na kierunku zarz\u0105dzanie i organizacja).<\/p>\n<p>W 1988 zosta\u0142 redaktorem naczelnym &#8222;Gazety \u017bywieckiej&#8221;. Nale\u017cy do oddzia\u0142u krakowskiego <a title=\"Zwi\u0105zek Literat\u00f3w Polskich\" href=\"http:\/\/pl.wikipedia.org\/wiki\/Zwi%C4%85zek_Literat%C3%B3w_Polskich\">Zwi\u0105zku Literat\u00f3w Polskich<\/a>. Zasiad\u0142 te\u017c we w\u0142adzach <a class=\"mw-redirect\" title=\"OPZZ\" href=\"http:\/\/pl.wikipedia.org\/wiki\/OPZZ\">OPZZ<\/a>.<\/p>\n<p>Od 1999 dzia\u0142a w <a title=\"Sojusz Lewicy Demokratycznej\" href=\"http:\/\/pl.wikipedia.org\/wiki\/Sojusz_Lewicy_Demokratycznej\">Sojuszu Lewicy Demokratycznej<\/a>. W latach 1993\u20132001 z listy SLD sprawowa\u0142 mandat pos\u0142a II i III kadencji, nast\u0119pnie do 2005 zasiada\u0142 w <a title=\"Senat Rzeczypospolitej Polskiej\" href=\"http:\/\/pl.wikipedia.org\/wiki\/Senat_Rzeczypospolitej_Polskiej\">Senacie<\/a>, reprezentuj\u0105c <a title=\"Okr\u0119g wyborczy nr 26 do Senatu RP (2001\u20132011)\" href=\"http:\/\/pl.wikipedia.org\/wiki\/Okr%C4%99g_wyborczy_nr_26_do_Senatu_RP_(2001%E2%80%932011)\">okr\u0119g bielski<\/a>. W 2005 nie zosta\u0142 ponownie wybrany.<\/p>\n<p>\u017bonaty, ma dwoje dzieci (syna Grzegorza i c\u00f3rk\u0119 Gra\u017cyn\u0119).<\/p>\n<p><a id=\"js_5\" class=\"profileLink\" href=\"https:\/\/www.facebook.com\/pages\/W%C5%82adys%C5%82aw-Bu%C5%82ka\/375092839312052\" data-gt=\"{&quot;entity_id&quot;:&quot;375092839312052&quot;,&quot;entity_path&quot;:&quot;\\\/profile_book.php&quot;}\" data-hovercard=\"\/ajax\/hovercard\/page.php?id=375092839312052\">https:\/\/www.facebook.com\/pages\/W%C5%82adys%C5%82aw-Bu%C5%82ka\/375092839312052?fref=ts<\/a><\/p>\n<p>&nbsp;<\/p>\n","protected":false},"excerpt":{"rendered":"<p>W\u0142adys\u0142aw Bu\u0142ka (ur. 29 marca 1936 w Rycerce G\u00f3rnej) \u2013 polski polityk, dziennikarz i zwi\u0105zkowiec, pose\u0142 na Sejm II i III kadencji, senator V kadencji. Ucz\u0119szcza\u0142 do szko\u0142y zawodowej przy \u017bywieckiej Fabryce Papieru &#8222;Solali&#8221; i pracowa\u0142 w tej fabryce do &#8230; <a class=\"more-link\" href=\"https:\/\/zlp-krakow.pl\/?page_id=388\">Read More &raquo;<\/a><\/p>\n","protected":false},"author":1,"featured_media":0,"parent":56,"menu_order":0,"comment_status":"closed","ping_status":"closed","template":"","meta":{"footnotes":""},"categories":[4],"tags":[],"class_list":["post-388","page","type-page","status-publish","hentry","category-byli-wsrod-nas"],"_links":{"self":[{"href":"https:\/\/zlp-krakow.pl\/index.php?rest_route=\/wp\/v2\/pages\/388","targetHints":{"allow":["GET"]}}],"collection":[{"href":"https:\/\/zlp-krakow.pl\/index.php?rest_route=\/wp\/v2\/pages"}],"about":[{"href":"https:\/\/zlp-krakow.pl\/index.php?rest_route=\/wp\/v2\/types\/page"}],"author":[{"embeddable":true,"href":"https:\/\/zlp-krakow.pl\/index.php?rest_route=\/wp\/v2\/users\/1"}],"replies":[{"embeddable":true,"href":"https:\/\/zlp-krakow.pl\/index.php?rest_route=%2Fwp%2Fv2%2Fcomments&post=388"}],"version-history":[{"count":4,"href":"https:\/\/zlp-krakow.pl\/index.php?rest_route=\/wp\/v2\/pages\/388\/revisions"}],"predecessor-version":[{"id":1087,"href":"https:\/\/zlp-krakow.pl\/index.php?rest_route=\/wp\/v2\/pages\/388\/revisions\/1087"}],"up":[{"embeddable":true,"href":"https:\/\/zlp-krakow.pl\/index.php?rest_route=\/wp\/v2\/pages\/56"}],"wp:attachment":[{"href":"https:\/\/zlp-krakow.pl\/index.php?rest_route=%2Fwp%2Fv2%2Fmedia&parent=388"}],"wp:term":[{"taxonomy":"category","embeddable":true,"href":"https:\/\/zlp-krakow.pl\/index.php?rest_route=%2Fwp%2Fv2%2Fcategories&post=388"},{"taxonomy":"post_tag","embeddable":true,"href":"https:\/\/zlp-krakow.pl\/index.php?rest_route=%2Fwp%2Fv2%2Ftags&post=388"}],"curies":[{"name":"wp","href":"https:\/\/api.w.org\/{rel}","templated":true}]}}