{"id":383,"date":"2015-03-06T14:44:50","date_gmt":"2015-03-06T13:44:50","guid":{"rendered":"http:\/\/zlp-krakow.org\/?page_id=383"},"modified":"2016-01-28T13:39:09","modified_gmt":"2016-01-28T12:39:09","slug":"bednarczyk-andrzej","status":"publish","type":"page","link":"https:\/\/zlp-krakow.pl\/?page_id=383","title":{"rendered":"Andrzej Bednarczyk"},"content":{"rendered":"<p><a href=\"https:\/\/zlp-krakow.pl\/wp-content\/uploads\/2015\/03\/Andrzej-Bednarczyk.jpg\"><img loading=\"lazy\" decoding=\"async\" class=\"alignnone size-full wp-image-2146\" src=\"https:\/\/zlp-krakow.pl\/wp-content\/uploads\/2015\/03\/Andrzej-Bednarczyk.jpg\" alt=\"Andrzej Bednarczyk\" width=\"243\" height=\"252\" \/><\/a><\/p>\n<div class=\"content_header blue\"><strong>Andrzej Bednarczyk<\/strong><\/div>\n<div class=\"content_header blue\"><\/div>\n<div class=\"news_content\">\n<p><strong>Andrzej Bednarczy<\/strong>k to polski artysta \u0142\u0105cz\u0105cy wiele dziedzin sztuki ze sob\u0105. W latach 80. studiowa\u0142 najpierw na Wydziale Grafiki, a nast\u0119pnie na Wydziale Malarstwa Akademii Sztuk Pi\u0119knych w Krakowie. Dyplom uzyska\u0142 w pracowni malarstwa profesora Zbigniewa Grzybowskiego. Obecnie prowadzi Pracowni\u0119 Malarstwa na Wydziale Malarstwa macierzystej uczelni. Jest kojarzony g\u0142\u00f3wnie z malarstwem, cho\u0107 uprawia r\u00f3wnie\u017c instalacje przestrzenne, grafik\u0119, fotografi\u0119, rysunek oraz sztuk\u0119 ksi\u0105\u017cki.<\/p>\n<\/div>\n","protected":false},"excerpt":{"rendered":"<p>Andrzej Bednarczyk Andrzej Bednarczyk to polski artysta \u0142\u0105cz\u0105cy wiele dziedzin sztuki ze sob\u0105. W latach 80. studiowa\u0142 najpierw na Wydziale Grafiki, a nast\u0119pnie na Wydziale Malarstwa Akademii Sztuk Pi\u0119knych w Krakowie. Dyplom uzyska\u0142 w pracowni malarstwa profesora Zbigniewa Grzybowskiego. Obecnie &#8230; <a class=\"more-link\" href=\"https:\/\/zlp-krakow.pl\/?page_id=383\">Read More &raquo;<\/a><\/p>\n","protected":false},"author":1,"featured_media":0,"parent":51,"menu_order":20,"comment_status":"closed","ping_status":"closed","template":"","meta":{"footnotes":""},"categories":[2],"tags":[],"class_list":["post-383","page","type-page","status-publish","hentry","category-czlonkowie"],"_links":{"self":[{"href":"https:\/\/zlp-krakow.pl\/index.php?rest_route=\/wp\/v2\/pages\/383","targetHints":{"allow":["GET"]}}],"collection":[{"href":"https:\/\/zlp-krakow.pl\/index.php?rest_route=\/wp\/v2\/pages"}],"about":[{"href":"https:\/\/zlp-krakow.pl\/index.php?rest_route=\/wp\/v2\/types\/page"}],"author":[{"embeddable":true,"href":"https:\/\/zlp-krakow.pl\/index.php?rest_route=\/wp\/v2\/users\/1"}],"replies":[{"embeddable":true,"href":"https:\/\/zlp-krakow.pl\/index.php?rest_route=%2Fwp%2Fv2%2Fcomments&post=383"}],"version-history":[{"count":6,"href":"https:\/\/zlp-krakow.pl\/index.php?rest_route=\/wp\/v2\/pages\/383\/revisions"}],"predecessor-version":[{"id":2147,"href":"https:\/\/zlp-krakow.pl\/index.php?rest_route=\/wp\/v2\/pages\/383\/revisions\/2147"}],"up":[{"embeddable":true,"href":"https:\/\/zlp-krakow.pl\/index.php?rest_route=\/wp\/v2\/pages\/51"}],"wp:attachment":[{"href":"https:\/\/zlp-krakow.pl\/index.php?rest_route=%2Fwp%2Fv2%2Fmedia&parent=383"}],"wp:term":[{"taxonomy":"category","embeddable":true,"href":"https:\/\/zlp-krakow.pl\/index.php?rest_route=%2Fwp%2Fv2%2Fcategories&post=383"},{"taxonomy":"post_tag","embeddable":true,"href":"https:\/\/zlp-krakow.pl\/index.php?rest_route=%2Fwp%2Fv2%2Ftags&post=383"}],"curies":[{"name":"wp","href":"https:\/\/api.w.org\/{rel}","templated":true}]}}