{"id":3540,"date":"2018-01-10T11:38:41","date_gmt":"2018-01-10T10:38:41","guid":{"rendered":"http:\/\/zlp-krakow.pl\/?page_id=3540"},"modified":"2018-01-10T12:06:54","modified_gmt":"2018-01-10T11:06:54","slug":"kozienski-bronislaw","status":"publish","type":"page","link":"https:\/\/zlp-krakow.pl\/?page_id=3540","title":{"rendered":"Bronis\u0142aw Kozie\u0144ski"},"content":{"rendered":"<p><a href=\"https:\/\/zlp-krakow.pl\/wp-content\/uploads\/2018\/01\/B.-Kozie\u0144ski.jpg\"><img loading=\"lazy\" decoding=\"async\" class=\"alignnone wp-image-3532\" src=\"https:\/\/zlp-krakow.pl\/wp-content\/uploads\/2018\/01\/B.-Kozie\u0144ski-300x225.jpg\" alt=\"\" width=\"250\" height=\"188\" srcset=\"https:\/\/zlp-krakow.pl\/wp-content\/uploads\/2018\/01\/B.-Kozie\u0144ski-300x225.jpg 300w, https:\/\/zlp-krakow.pl\/wp-content\/uploads\/2018\/01\/B.-Kozie\u0144ski.jpg 467w\" sizes=\"auto, (max-width: 250px) 100vw, 250px\" \/><\/a><\/p>\n<p><strong>Bronis\u0142aw Kozie\u0144ski<\/strong> (Bronek z Obidzy) Rocznik 1963.<br \/>\nPisa\u0107 zacz\u0105\u0142 w 2007 roku. Zdobywca min. pierwszej nagrody<\/p>\n<p>XXI edycji Konkursu Poezji Religijnej w Lud\u017amierzu.<br \/>\nAutor pi\u0119ciu tomik\u00f3w poezji: \u201eOr\u0142y nad Sokolic\u0105\u201d, \u201eNie szkoda gada\u0107\u201d, \u201eStrefa ciszy\u201d, \u201eWiklinowe ptaki\u201d,\u00a0 \u201eTo ja, z\u0142odziej\u201d<br \/>\nG\u0142\u00f3wna posta\u0107 filmu dokumentalnego \u201eBronek z Obidzy&#8221;<\/p>\n<p><strong>Ziemia<\/strong><\/p>\n<p>A\u017c przyszed\u0142 czas, kiedy kwiaty wyhodowane<br \/>\nna naszych piersiach zacz\u0119\u0142y szuka\u0107 sobie<br \/>\nw\u0142asnych miejsc, odkarmione, silne<br \/>\nrozchodzi\u0142y si\u0119 i zak\u0142ada\u0142y w\u0142asne ogrody<br \/>\npe\u0142ne przepychu ob\u0142udy i k\u0142amstwa.<\/p>\n<p>Odhodowali\u015bmy \u017cmije, a co najgorsze,<br \/>\ndali\u015bmy im w\u0142asne geny i b\u0142ogos\u0142awie\u0144stwo,<br \/>\naby mog\u0142y na obraz nasz i podobie\u0144stwo\u2026<\/p>\n<p>A nam pozosta\u0142 kawa\u0142ek g\u00f3r, gdzie piasek i ska\u0142a.<br \/>\nWidzieli\u015bmy w dolinach karawany w\u0119\u017cem sun\u0105ce<br \/>\nschowane pod baldachimami, aby s\u0142o\u0144ce,<br \/>\nistota prawdy, nie przenikn\u0119\u0142o ich na wskro\u015b,<br \/>\na cykliczne linienie nie obdar\u0142o z szat szczeroz\u0142otych.<\/p>\n<p>Kiedy s\u0142o\u0144ce nie by\u0142o im bogiem, bo by\u0142o z nami,<br \/>\nkiedy nie starczy\u0142o im w\u0142asnego kr\u00f3lestwa,<br \/>\nwyprawili krucjat\u0119 przeciwko niewiernym.<br \/>\nId\u0105 po nas.<\/p>\n<p>A my w cichej modlitwie do Boga, s\u0142o\u0144ca<br \/>\ni przodk\u00f3w naszych<br \/>\npowtarzamy:<\/p>\n<p>Nie oddamy nawet kawa\u0142ka tej ziemi<br \/>\nkl\u0119cz\u0105cej nier\u00f3wno, cho\u0107by przysz\u0142o nam<br \/>\nprzysi\u0119ga\u0107 na krzy\u017ce<br \/>\nw celownikach karabin\u00f3w.<br \/>\nIch karabin\u00f3w.<\/p>\n<p><strong>Wo\u0142y\u0144<\/strong><\/p>\n<p>Nie przepijesz tego mlekiem, chlebem nie przegryziesz,<br \/>\ngdy widzia\u0142e\u015b jak rozrywa para gniadych koni<br \/>\nco\u015b, co potem si\u0119 porusza, jeszcze chwil\u0119 \u017cyje<br \/>\nz otwartymi wci\u0105\u017c oczami, zamkni\u0119tymi d\u0142o\u0144mi.<\/p>\n<p>Nie zakryj\u0105 twoich oczu \u017cadne sny spokojne,<br \/>\npod najczystszym nawet niebem, pod przyjaznym dachem,<br \/>\ngdy widzia\u0142e\u015b ma\u0142e g\u0142\u00f3wki niczym maki polne<br \/>\npowsadzane przy ogr\u00f3dkach z szyjkami ze sztachet.<\/p>\n<p>Nie wype\u0142nisz uszu wat\u0105 ani szczelnym woskiem,<br \/>\nnie odlecisz w og\u0142uszenie, nie masz takich skrzyde\u0142,<br \/>\ngdy s\u0142ysza\u0142e\u015b krzy\u017cowane ziemskie Matki Boskie<br \/>\nprzybijane do pos\u0142ania tr\u00f3jz\u0119bami z wide\u0142.<\/p>\n<p>Poro\u015bni\u0119te traw\u0105 stepy, pogrzebane wioski.<br \/>\nGdzie Ty by\u0142e\u015b \u2013 kto\u015b zapyta, widz\u0105c krzy\u017c przy drodze,<br \/>\nkiedy Twoim makom polnym, ziemskim Matkom Boskim<br \/>\nkto\u015b da\u0142 piek\u0142o zamiast nieba.<\/p>\n<p>Gdzie Ty by\u0142e\u015b, Bo\u017ce!<\/p>\n<p><strong>Sen bezdomnego<\/strong><\/p>\n<div>Jutro, kiedy znowu<\/div>\n<div>wyjdziemy do ludzi,<\/div>\n<div>nie nazywaj mnie<\/div>\n<div>przy nich sierot\u0105,<\/div>\n<div><\/div>\n<div>bo nie sztuk\u0105 jest<\/div>\n<div>wzbudzi\u0107 lito\u015b\u0107,<\/div>\n<div>lecz podziw,<\/div>\n<div><\/div>\n<div>wi\u0119c nazywaj mnie<\/div>\n<div>&#8211; najbogatszy w samotno\u015b\u0107.<\/div>\n<p>&nbsp;<\/p>\n<p><strong>Sen niewidomego<\/strong><\/p>\n<div>Jutro, kiedy znowu<\/div>\n<div>wyjdziemy na ulic\u0119,<\/div>\n<div>powiedz\u00a0 wszystkim ludziom,<\/div>\n<div>\u017ce cud si\u0119 sta\u0142<\/div>\n<div>na ich oczach.<\/div>\n<div><\/div>\n<div>A ja,<\/div>\n<div>jak potrafi\u0119 najpi\u0119kniej,<\/div>\n<div>b\u0119d\u0119 udawa\u0142, \u017ce widz\u0119,<\/div>\n<div>tak, by ich wielka rado\u015b\u0107<\/div>\n<div>obsypa\u0142a nas<\/div>\n<div>z\u0142otem.<\/div>\n<p>&nbsp;<\/p>\n<p><strong>Sen w\u0119drowca<\/strong><\/p>\n<div>Czy tam w oddali \u015bwiate\u0142ko miasta,<\/div>\n<div>czy \u015bwi\u0119toja\u0144ski nocny robak<\/div>\n<div>dogasa wolno na r\u0119ce boga?<\/div>\n<div><\/div>\n<div>Pewnie to tylko \u0142za<\/div>\n<div>w moim oku.<\/div>\n<p>&nbsp;<\/p>\n<p><strong>Sen ka\u017cdego<\/strong><\/p>\n<div>To nie brawa s\u0105<\/div>\n<div>najwa\u017cniejsze,<\/div>\n<div>kiedy cz\u0142owiek zako\u0144czy<\/div>\n<div>sw\u00f3j wyst\u0119p,<\/div>\n<div><\/div>\n<div>tylko cisza,<\/div>\n<div>co wo\u0142a o jeszcze<\/div>\n<div>i co\u015b jeszcze,<\/div>\n<div>co prosi i cisz\u0119.<\/div>\n<div><\/div>\n","protected":false},"excerpt":{"rendered":"<p>Bronis\u0142aw Kozie\u0144ski (Bronek z Obidzy) Rocznik 1963. Pisa\u0107 zacz\u0105\u0142 w 2007 roku. Zdobywca min. pierwszej nagrody XXI edycji Konkursu Poezji Religijnej w Lud\u017amierzu. Autor pi\u0119ciu tomik\u00f3w poezji: \u201eOr\u0142y nad Sokolic\u0105\u201d, \u201eNie szkoda gada\u0107\u201d, \u201eStrefa ciszy\u201d, \u201eWiklinowe ptaki\u201d,\u00a0 \u201eTo ja, z\u0142odziej\u201d &#8230; <a class=\"more-link\" href=\"https:\/\/zlp-krakow.pl\/?page_id=3540\">Read More &raquo;<\/a><\/p>\n","protected":false},"author":3,"featured_media":0,"parent":51,"menu_order":0,"comment_status":"closed","ping_status":"closed","template":"","meta":{"footnotes":""},"categories":[2],"tags":[],"class_list":["post-3540","page","type-page","status-publish","hentry","category-czlonkowie"],"_links":{"self":[{"href":"https:\/\/zlp-krakow.pl\/index.php?rest_route=\/wp\/v2\/pages\/3540","targetHints":{"allow":["GET"]}}],"collection":[{"href":"https:\/\/zlp-krakow.pl\/index.php?rest_route=\/wp\/v2\/pages"}],"about":[{"href":"https:\/\/zlp-krakow.pl\/index.php?rest_route=\/wp\/v2\/types\/page"}],"author":[{"embeddable":true,"href":"https:\/\/zlp-krakow.pl\/index.php?rest_route=\/wp\/v2\/users\/3"}],"replies":[{"embeddable":true,"href":"https:\/\/zlp-krakow.pl\/index.php?rest_route=%2Fwp%2Fv2%2Fcomments&post=3540"}],"version-history":[{"count":9,"href":"https:\/\/zlp-krakow.pl\/index.php?rest_route=\/wp\/v2\/pages\/3540\/revisions"}],"predecessor-version":[{"id":3550,"href":"https:\/\/zlp-krakow.pl\/index.php?rest_route=\/wp\/v2\/pages\/3540\/revisions\/3550"}],"up":[{"embeddable":true,"href":"https:\/\/zlp-krakow.pl\/index.php?rest_route=\/wp\/v2\/pages\/51"}],"wp:attachment":[{"href":"https:\/\/zlp-krakow.pl\/index.php?rest_route=%2Fwp%2Fv2%2Fmedia&parent=3540"}],"wp:term":[{"taxonomy":"category","embeddable":true,"href":"https:\/\/zlp-krakow.pl\/index.php?rest_route=%2Fwp%2Fv2%2Fcategories&post=3540"},{"taxonomy":"post_tag","embeddable":true,"href":"https:\/\/zlp-krakow.pl\/index.php?rest_route=%2Fwp%2Fv2%2Ftags&post=3540"}],"curies":[{"name":"wp","href":"https:\/\/api.w.org\/{rel}","templated":true}]}}