{"id":327,"date":"2015-03-06T02:23:45","date_gmt":"2015-03-06T01:23:45","guid":{"rendered":"http:\/\/zlp-krakow.org\/?page_id=327"},"modified":"2015-03-08T13:00:48","modified_gmt":"2015-03-08T12:00:48","slug":"kajtochowa-anna","status":"publish","type":"page","link":"https:\/\/zlp-krakow.pl\/?page_id=327","title":{"rendered":"Anna Kajtochowa"},"content":{"rendered":"<p>&nbsp;<\/p>\n<p><img decoding=\"async\" src=\"https:\/\/zlp-krakow.pl\/tworcy\/kajtocha\/kajtochafoto.jpg\" alt=\"[Rozmiar: 8975 bajt\u00f3w]\" \/><\/p>\n<table border=\"1\" cellspacing=\"0\" cellpadding=\"0\">\n<tbody>\n<tr>\n<td><span class=\"tekstbold\">Anna Kajtochowa<\/span><\/td>\n<\/tr>\n<\/tbody>\n<\/table>\n<p>Pochodzi z podkarpackiego Brzozowa, gdzie sp\u0119dzi\u0142a kilkana\u015bcie lat \u017cycia i zda\u0142a matur\u0119. Studiami wy\u017cszymi (dziennikarstwo na UJ) i prac\u0105 (m.in. \u201eGazeta Krakowska\u201d, \u201eG\u0142os M\u0142odzie\u017cy\u201d i \u201eStudent\u201d) zwi\u0105za\u0142a si\u0119 z Krakowem. Debiutowa\u0142a\u00a0 w 1982 roku powie\u015bci\u0105 &#8222;Babcia&#8221;. Kontynuowa\u0142a jej w\u0105tki w utworze pt. \u201eTamten brzeg\u201d (1993).Opublikowa\u0142a nast\u0119puj\u0105ce ksi\u0105\u017cki poetyckie:<\/p>\n<div class=\"tekstnormal\">\u201eSytuacje\u201d (1983),<br \/>\n\u201eKraw\u0119d\u017a\u201d (1986),<br \/>\n\u201eUroda tarniny\u201d (1990),<br \/>\n\u201eSytuacje II\u201d (1992),<br \/>\n\u201eUsi\u0142owa\u0142am by\u0107 cz\u0142owiekiem\u201d (1994),<br \/>\n\u201eKrzyk lelka\u201d (1995),<br \/>\n\u201eStygn\u0105ca kipiel\u201d (1995),<br \/>\n\u201eCie\u0144 Ozyrysa\u201d (1996),<br \/>\n\u201eOgr\u00f3d ost\u00f3w\u201d (1997),<br \/>\n\u201eNie jestem bieg\u0142a w tajemnicach duch\u00f3w\u201d (2000),<br \/>\n\u201e\u017byj\u0119 snem?\u201d (2002),<br \/>\n\u201eSi\u00f3dmy kr\u0105g\u201d (2004),<br \/>\n\u201eRos\u0142a kalina&#8230;\u201d (2005),<br \/>\n\u201eZza porannych mgie\u0142\u201d (2007).<br \/>\n&#8222;Poezje wybrane&#8221; , LSW, Warszawa 2009, seria &#8222;Biblioteka Poet\u00f3w&#8221;<br \/>\ns. 177W ostatnich latach du\u017cym zainteresowaniem czytelnik\u00f3w cieszy\u0142y si\u0119 wybory Jej poezji:<br \/>\n\u201eTabliczka dawno roztrzaskanej prawdy\u201d (1998),<br \/>\n\u201eBezdro\u017cem \u015bcierniska\u201d (2003),<br \/>\n\u201eWy\u0142ania si\u0119 wiosna znad kontur\u00f3w cienia\u201d (2006),<br \/>\n\u201eRosa przed\u015bwitu\u201d (2007),<br \/>\n\u201e\u015awietliki\u201d (2008).krytyka poetycka <a href=\"https:\/\/zlp-krakow.pl\/tworcy\/kajtocha\/recenzja.doc\">\u015bci\u0105gnij plik (28 kb)<\/a><br \/>\nzobacz strona poetki:<a href=\"http:\/\/www.kajtochowa.olesno.pl\/\">www.kajtochowa.olesno.pl<\/a><\/div>\n<p>&nbsp;<\/p>\n<p><span class=\"tekstbold\">WIOSENNY LUTY<\/span><\/p>\n<p><span class=\"tekstwiersz\">I<br \/>\nCzerwonym li\u015bciokwiatem<br \/>\nzakwit\u0142o drzewko Bo\u017conarodzeniowe<br \/>\nskandynawski symbol szcz\u0119\u015bcia.<br \/>\nWiosny w ludzkim \u017cyciu. Cichn\u0105 emocje,<br \/>\nnic si\u0119 ju\u017c nie p\u0119tli. Nawet przed<br \/>\nrobaczkiem prostuje si\u0119 droga.<br \/>\nNoc przed \u015bwitem si\u0119 nie d\u0142u\u017cy<br \/>\nksi\u0119\u017cyc si\u0119 w s\u0142o\u0144ce przemienia<br \/>\ni odwrotnie,<br \/>\ntylko ja\u015bniej w chwili zamieci<br \/>\njaka\u015b odleg\u0142a gwiazda \u015bwieci<br \/>\ntylko w\u0142asnym blaskiem jak my\u015bl<br \/>\nnagle zrodzona w potrzebie.<br \/>\nOtoczony jej jasno\u015bci\u0105<br \/>\nsam si\u0119 dziwisz \u017ce niczego<br \/>\nwcze\u015bniej nie dostrzeg\u0142e\u015b<br \/>\n\u017ce nie dojrza\u0142e\u015b w sobie<br \/>\ntylu istnie\u0144 tylu znak\u00f3w<br \/>\ntakiego mn\u00f3stwa zaprzecze\u0144<br \/>\nsamotno\u015bci<\/span><\/p>\n<p>II<br \/>\nKwiat zago\u015bci\u0142 na oknie<br \/>\ndzi\u0119ki Annie symbolistce<br \/>\nniestrudzonej uczonej<br \/>\nw czasach nonszalancji<br \/>\nkwitn\u0105cej szeroko i wysoko.<br \/>\nA na szybach krople<br \/>\nsmugi ciep\u0142ego deszczu<br \/>\nTen deszcz o\u017cywia krzew<br \/>\npocz\u0119ty latem<br \/>\nw balkonowej szczelinie<br \/>\nTeraz czeka w doniczce<br \/>\nna wiosenny zew.<br \/>\nO \u017bycie! Gdybym by\u0142a Ew\u0105<br \/>\nza\u015bpiewa\u0142abym o tobie w zachwycie<br \/>\nAle nie jestem i kl\u0119kam<br \/>\nw najg\u0142\u0119bszym milczeniu<br \/>\nprzed cudem \u017cycia. Oby trwa\u0142o<br \/>\nponad wszystko co nieosi\u0105galne<br \/>\nwiar\u0105 i rozumem\u00a0 &#8211; jak cud<br \/>\nO kt\u00f3ry przecie\u017c nikt<br \/>\nnie prosi\u0142<\/p>\n<p>6 II 2008<\/p>\n","protected":false},"excerpt":{"rendered":"<p>&nbsp; Anna Kajtochowa Pochodzi z podkarpackiego Brzozowa, gdzie sp\u0119dzi\u0142a kilkana\u015bcie lat \u017cycia i zda\u0142a matur\u0119. Studiami wy\u017cszymi (dziennikarstwo na UJ) i prac\u0105 (m.in. \u201eGazeta Krakowska\u201d, \u201eG\u0142os M\u0142odzie\u017cy\u201d i \u201eStudent\u201d) zwi\u0105za\u0142a si\u0119 z Krakowem. Debiutowa\u0142a\u00a0 w 1982 roku powie\u015bci\u0105 &#8222;Babcia&#8221;. Kontynuowa\u0142a &#8230; <a class=\"more-link\" href=\"https:\/\/zlp-krakow.pl\/?page_id=327\">Read More &raquo;<\/a><\/p>\n","protected":false},"author":1,"featured_media":0,"parent":56,"menu_order":0,"comment_status":"closed","ping_status":"closed","template":"","meta":{"footnotes":""},"categories":[4],"tags":[],"class_list":["post-327","page","type-page","status-publish","hentry","category-byli-wsrod-nas"],"_links":{"self":[{"href":"https:\/\/zlp-krakow.pl\/index.php?rest_route=\/wp\/v2\/pages\/327","targetHints":{"allow":["GET"]}}],"collection":[{"href":"https:\/\/zlp-krakow.pl\/index.php?rest_route=\/wp\/v2\/pages"}],"about":[{"href":"https:\/\/zlp-krakow.pl\/index.php?rest_route=\/wp\/v2\/types\/page"}],"author":[{"embeddable":true,"href":"https:\/\/zlp-krakow.pl\/index.php?rest_route=\/wp\/v2\/users\/1"}],"replies":[{"embeddable":true,"href":"https:\/\/zlp-krakow.pl\/index.php?rest_route=%2Fwp%2Fv2%2Fcomments&post=327"}],"version-history":[{"count":7,"href":"https:\/\/zlp-krakow.pl\/index.php?rest_route=\/wp\/v2\/pages\/327\/revisions"}],"predecessor-version":[{"id":509,"href":"https:\/\/zlp-krakow.pl\/index.php?rest_route=\/wp\/v2\/pages\/327\/revisions\/509"}],"up":[{"embeddable":true,"href":"https:\/\/zlp-krakow.pl\/index.php?rest_route=\/wp\/v2\/pages\/56"}],"wp:attachment":[{"href":"https:\/\/zlp-krakow.pl\/index.php?rest_route=%2Fwp%2Fv2%2Fmedia&parent=327"}],"wp:term":[{"taxonomy":"category","embeddable":true,"href":"https:\/\/zlp-krakow.pl\/index.php?rest_route=%2Fwp%2Fv2%2Fcategories&post=327"},{"taxonomy":"post_tag","embeddable":true,"href":"https:\/\/zlp-krakow.pl\/index.php?rest_route=%2Fwp%2Fv2%2Ftags&post=327"}],"curies":[{"name":"wp","href":"https:\/\/api.w.org\/{rel}","templated":true}]}}