{"id":325,"date":"2015-03-06T02:22:48","date_gmt":"2015-03-06T01:22:48","guid":{"rendered":"http:\/\/zlp-krakow.org\/?page_id=325"},"modified":"2015-03-08T12:10:17","modified_gmt":"2015-03-08T11:10:17","slug":"sztapka-katarzyna","status":"publish","type":"page","link":"https:\/\/zlp-krakow.pl\/?page_id=325","title":{"rendered":"Katarzyna Szt\u0105pka"},"content":{"rendered":"<table border=\"1\" cellspacing=\"0\" cellpadding=\"0\">\n<tbody>\n<tr>\n<td>&nbsp;<\/p>\n<p><img decoding=\"async\" src=\"https:\/\/zlp-krakow.pl\/tworcy\/sztapka\/sztapka.jpg\" alt=\"[Rozmiar: 8975 bajt\u00f3w]\" \/><\/p>\n<p>Katarzyna Szt\u0105pka<\/td>\n<\/tr>\n<\/tbody>\n<\/table>\n<div class=\"tekstnormal\">Katarzyna Szt\u0105pka urodzi\u0142a si\u0119 w Chorzowie. Tam te\u017c uko\u0144czy\u0142a I Liceum Og\u00f3lnokszta\u0142c\u0105ce<br \/>\nim. J. S\u0142owackiego, a w Katowicach Zawodowe Studio Medyczne. Wyda\u0142a 5 tomik\u00f3w wierszy:<br \/>\n&#8222;Budka Suflera&#8221; &#8211; (1990 r.), &#8222;Podszepty&#8221; i &#8222;Czekanie na czas&#8221; &#8211; (1993 r.), &#8222;Rozmowy z Matk\u0105&#8221; &#8211;<br \/>\n(1996 r.) i &#8222;Drewniane niebo&#8221; &#8211; (1999 r,). W b.r. ukaza\u0142a si\u0119 w jej opracowaniu ksi\u0105\u017cka Tadeusza Szt\u0105pki pt. &#8222;Pod powiekami minionego czasu&#8221;.<br \/>\nPublikowa\u0142a w tygodnikach &#8211; &#8222;Ko\u015bciuszkowiec&#8221;, &#8222;Goniec G\u00f3rno\u015bl\u0105ski&#8221;, miesi\u0119cznikach &#8211; &#8222;Animator&#8221; i &#8222;Poezji&#8221; (1988 r.), &#8222;Hajduczaninie&#8221;, w antologiach\u00a0 XXVII do XXXIV &#8222;Krakowskiej Nocy Poet\u00f3w&#8221;.\u00a0 Jest autork\u0105 piosenek do bajki &#8222;O kr\u00f3lu Iwanie i osio\u0142ku. W 1995 r. dokona\u0142a adaptacji &#8222;Kubusia Puchatka\u00a0 A.A.Milnego w t\u0142umaczeniu Ireny Tuwim. Bajka ta zosta\u0142a wystawiona przez Amatorski Teatr &#8222;Reduta \u015al\u0105ska&#8221; w Chorzowie. W teatrze tym Katarzyna Szt\u0105pka bra\u0142a czynny udzia\u0142. W przedstawieniu tym zagra\u0142a rol\u0119 K\u0142apoucha..<br \/>\nJej wiersze go\u015bci\u0142y na antenie Radia Katowice i Telewizji Katowice. W 1993 r. pani redaktor Dorota Podlodowska\u00a0 nakr\u0119ci\u0142a film pt. &#8222;M\u00f3j \u015bwiat&#8221; po\u015bwi\u0119cony tw\u00f3rczo\u015bci Katarzyny.<br \/>\nJest cz\u0142onkiem G\u00f3rno\u015bl\u0105skiego Towarzystwa Literackiego w Katowicach i Zwi\u0105zku Literat\u00f3w Polskich Odzia\u0142 Krak\u00f3w.<br \/>\nMarzy o wydaniu ksi\u0105\u017cki dla dzieci.<\/div>\n<p>&nbsp;<\/p>\n<p><span class=\"tekstwiersz\">*\u00a0 *\u00a0 *<\/span><\/p>\n<p><span class=\"tekstwiersz\">\u00a0\u00a0\u00a0\u00a0 Motto:<br \/>\nCi kt\u00f3rzy nigdy<br \/>\nNie buntowali si\u0119<br \/>\nNigdy nie poznali si\u0142y wiary<\/span><\/p>\n<p><span class=\"tekstwiersz\"><br \/>\ngar\u015b\u0107 w\u0142os\u00f3w<br \/>\nna poduszce<\/span><\/p>\n<p><span class=\"tekstwiersz\">przera\u017cenie<\/span><\/p>\n<p><span class=\"tekstwiersz\">pami\u0119tam<br \/>\nkiedy s\u0142owa znik\u0142y<\/span><\/p>\n<p><span class=\"tekstwiersz\">pustka<br \/>\nzm\u0119czona twarz<\/span><\/p>\n<p><span class=\"tekstwiersz\">opanowa\u0107<br \/>\nb\u00f3l<br \/>\nci\u0119\u017car<br \/>\nnieruchomego czasu<\/span><\/p>\n<p><span class=\"tekstwiersz\">\u017cycie<br \/>\ngra kartami<br \/>\njakie daje nadzieja<\/span><\/p>\n<p><span class=\"tekstwiersz\">Salome<br \/>\nnie zata\u0144czy<br \/>\nna ulicy Targowej<\/span><\/p>\n<p>&nbsp;<\/p>\n<p><span class=\"tekstbold\">KA\u017bDY DZIE\u0143 TO \u015aWI\u0118TO<\/span><\/p>\n<p><span class=\"tekstwiersz\">starzej\u0119 si\u0119 powoli<br \/>\n\u0142agodnie<br \/>\nbo plecak na ramionach<br \/>\ni rower<br \/>\npozwalaj\u0105<br \/>\nspowolni\u0107 czas<\/span><\/p>\n<p><span class=\"tekstwiersz\">to nic<br \/>\n\u017ce wiele nie mog\u0119<br \/>\nbo zdrowie nie to<\/span><\/p>\n<p><span class=\"tekstwiersz\">ale<br \/>\nskoro \u00a0\u017bYCIE<br \/>\nda\u0142o szans\u0119<br \/>\nto powalcz\u0119<br \/>\nspokojnie<br \/>\n\u0142agodnie<br \/>\nbo plecak na ramionach<br \/>\ni rower<\/span><\/p>\n","protected":false},"excerpt":{"rendered":"<p>&nbsp; Katarzyna Szt\u0105pka Katarzyna Szt\u0105pka urodzi\u0142a si\u0119 w Chorzowie. Tam te\u017c uko\u0144czy\u0142a I Liceum Og\u00f3lnokszta\u0142c\u0105ce im. J. S\u0142owackiego, a w Katowicach Zawodowe Studio Medyczne. Wyda\u0142a 5 tomik\u00f3w wierszy: &#8222;Budka Suflera&#8221; &#8211; (1990 r.), &#8222;Podszepty&#8221; i &#8222;Czekanie na czas&#8221; &#8211; (1993 &#8230; <a class=\"more-link\" href=\"https:\/\/zlp-krakow.pl\/?page_id=325\">Read More &raquo;<\/a><\/p>\n","protected":false},"author":1,"featured_media":0,"parent":56,"menu_order":0,"comment_status":"closed","ping_status":"closed","template":"","meta":{"footnotes":""},"categories":[4],"tags":[],"class_list":["post-325","page","type-page","status-publish","hentry","category-byli-wsrod-nas"],"_links":{"self":[{"href":"https:\/\/zlp-krakow.pl\/index.php?rest_route=\/wp\/v2\/pages\/325","targetHints":{"allow":["GET"]}}],"collection":[{"href":"https:\/\/zlp-krakow.pl\/index.php?rest_route=\/wp\/v2\/pages"}],"about":[{"href":"https:\/\/zlp-krakow.pl\/index.php?rest_route=\/wp\/v2\/types\/page"}],"author":[{"embeddable":true,"href":"https:\/\/zlp-krakow.pl\/index.php?rest_route=\/wp\/v2\/users\/1"}],"replies":[{"embeddable":true,"href":"https:\/\/zlp-krakow.pl\/index.php?rest_route=%2Fwp%2Fv2%2Fcomments&post=325"}],"version-history":[{"count":5,"href":"https:\/\/zlp-krakow.pl\/index.php?rest_route=\/wp\/v2\/pages\/325\/revisions"}],"predecessor-version":[{"id":511,"href":"https:\/\/zlp-krakow.pl\/index.php?rest_route=\/wp\/v2\/pages\/325\/revisions\/511"}],"up":[{"embeddable":true,"href":"https:\/\/zlp-krakow.pl\/index.php?rest_route=\/wp\/v2\/pages\/56"}],"wp:attachment":[{"href":"https:\/\/zlp-krakow.pl\/index.php?rest_route=%2Fwp%2Fv2%2Fmedia&parent=325"}],"wp:term":[{"taxonomy":"category","embeddable":true,"href":"https:\/\/zlp-krakow.pl\/index.php?rest_route=%2Fwp%2Fv2%2Fcategories&post=325"},{"taxonomy":"post_tag","embeddable":true,"href":"https:\/\/zlp-krakow.pl\/index.php?rest_route=%2Fwp%2Fv2%2Ftags&post=325"}],"curies":[{"name":"wp","href":"https:\/\/api.w.org\/{rel}","templated":true}]}}