{"id":320,"date":"2015-03-06T02:19:21","date_gmt":"2015-03-06T01:19:21","guid":{"rendered":"http:\/\/zlp-krakow.org\/?page_id=320"},"modified":"2017-09-20T10:23:29","modified_gmt":"2017-09-20T08:23:29","slug":"tawlowicz-jerzy","status":"publish","type":"page","link":"https:\/\/zlp-krakow.pl\/?page_id=320","title":{"rendered":"Jerzy Taw\u0142owicz"},"content":{"rendered":"<p><a href=\"https:\/\/zlp-krakow.pl\/wp-content\/uploads\/2015\/03\/tawlowiczfoto.jpg\"><img loading=\"lazy\" decoding=\"async\" class=\"alignnone size-full wp-image-1752\" src=\"https:\/\/zlp-krakow.pl\/wp-content\/uploads\/2015\/03\/tawlowiczfoto.jpg\" alt=\"tawlowiczfoto\" width=\"150\" height=\"200\" \/><\/a><\/p>\n<p>Urodzi\u0142 si\u0119 w 1952r w Gda\u0144sku, ale od dziecka mieszka w Zakopanem. Od 1977r zawodowy przewodnik tatrza\u0144ski (posiada mi\u0119dzynarodowe uprawnienia przewodnika g\u00f3rskiego UIMLA). Zadebiutowa\u0142 w 1989r w kwartalniku Podtatrze. Swoje wiersze i fraszki publikowa\u0142 te\u017c w Tygodniku Podhala\u0144skim, Halach i Dziedzinach, Dzienniku Polskim, Naszych Stronach, Echu Janowa, Mateczniku oraz w paru ksi\u0105\u017ckowych wydawnictwach zbiorowych. Jest laureatem kilku og\u00f3lnopolskich konkurs\u00f3w poetyckich. W 1993r by\u0142 cz\u0142onkiem grupy za\u0142o\u017cycielskiej reaktywuj\u0105cej, zawieszony w okresie \u201estanu wojennego\u201d, zakopia\u0144ski Klub Literacki. W latach 1995 \u2013 2005 cz\u0142onek Zarz\u0105du (sekretarz) tego Klubu. Od 2002r jest sta\u0142ym wsp\u00f3\u0142pracownikiem Podhala\u0144skiej Redakcji Dziennika Polskiego, dla kt\u00f3rego pisze cotygodniowe felietony oraz cykle artyku\u0142\u00f3w. By\u0142 cz\u0142onkiem kilku zakopia\u0144skich, amatorskich zespo\u0142\u00f3w teatralnych (m.in. Teatru Przy Stoliku i Sceny ANTRAKT). Jest autorem scenariuszy licznych teatrzyk\u00f3w poetyckich. Zajmuje si\u0119 fotografi\u0105, tworzy te\u017c rysunki, grafiki i akwarele uczestnicz\u0105c w zbiorowych i indywidualnych wystawach artystycznych. Gra na gitarze do cz\u0119\u015bci swoich wierszy komponuj\u0105c muzyk\u0119.<\/p>\n<p>Dotychczas ukaza\u0142y si\u0119 tomiki poetyckie (ilustrowane rysunkami i grafikami autora):<\/p>\n<p>&#8211; \u201eAnielskie pie\u015bni w trawie\u201d \u2013 1995r<b><br \/>\n<\/b>&#8211; \u201eOswajanie \u017cywio\u0142\u00f3w\u201d \u2013 1998r<b><br \/>\n<\/b>&#8211; \u201eSzlifowanie garbu\u201d \u2013 2003r<\/p>\n<p>wiersze, fotografie i grafiki autor na stronie <a href=\"http:\/\/www.jerzytawlowicz.republika.pl\/\">www.jerzy tawlowicz.republika.pl<\/a><\/p>\n<p><b>NIEZNANY POETA W CZAS APOKALIPSY<\/b><\/p>\n<p><i>m\u00f3g\u0142 to zrozumie\u0107 tylko wierszem<\/i><i><br \/>\n<\/i><i>kiedy si\u0119 od t\u0142umacze\u0144 pospolitych<\/i><i><br \/>\n<\/i><i>broni\u0142 metafor\u0105<\/i><\/p>\n<p>\u017ce \u015bwiat zwariowa\u0142 wok\u00f3\u0142<br \/>\n\u017ce si\u0119 niebo wali na g\u0142ow\u0119<br \/>\nwypran\u0105 z nadziei do czysta<\/p>\n<p>nawet \u015bmier\u0107 tragiczn\u0105<br \/>\noswaja\u0142 s\u0142owem roj\u0105c zasypianie<br \/>\nsnem jak kamie\u0144 twardym<br \/>\ni wiecznym jak kamie\u0144<\/p>\n<p>pod\u0142o\u015b\u0107 k\u0105sa\u0142a serca<br \/>\ngniew dar\u0142 pazurami<\/p>\n<p>a on krok za krokiem<br \/>\nucieka\u0142 w g\u0142\u0105b siebie<br \/>\njakby ju\u017c azyl tylko w sercu na dnie<br \/>\ngdy jeszcze \u017cywiej bije na widok go\u0142\u0119bia<br \/>\ni j\u0119tki jednodni\u00f3wki nad kawa\u0142kiem b\u0142ota<\/p>\n<p>prze\u017cy\u0107 m\u00f3g\u0142 tylko za tarcz\u0105 s\u0142\u00f3w<br \/>\nza wiar\u0105<br \/>\nwi\u0119c zapisywa\u0142 maczkiem drobnym<br \/>\nwszystkie kolejne kartki dni<\/p>\n<p><b>A\u017b CZAS STANIE ZDUMIONY<\/b><br \/>\n<i>m\u00f3wisz<br \/>\na ja &#8211; przylgn\u0105\u0107 do Ciebie motylem<br \/>\nmarz\u0119 nie \u0142owi\u0105c tre\u015bci zda\u0144<br \/>\nmgie\u0142k\u0105 si\u0119 owin\u0105\u0107 na biodrach<br \/>\nrozsznurowa\u0107 sen wieczornych zwierze\u0144<br \/>\nciep\u0142em warg zapiecz\u0119towa\u0107 ostatecznie<br \/>\ni do dna wypi\u0107 \u0142apczywie<br \/>\na\u017c czas stanie zdumiony<br \/>\na\u017c lustra p\u0119kn\u0105<br \/>\nmaska spadnie na poduszk\u0119<br \/>\nnoc srebrna<br \/>\noddech zerwie do biegu na o\u015blep<br \/>\nserce rozdzwoni alarmem sp\u00f3\u017anionym<br \/>\na\u017c niebo na g\u0142ow\u0119 runie&#8230;<\/i><\/p>\n<p>nie \u0142owi\u0105c sensu s\u0142\u00f3w<br \/>\nmarz\u0119<br \/>\na ty daleko<br \/>\nmo\u017ce nie\u015bwiadoma<br \/>\nwci\u0105\u017c tylko m\u00f3wisz&#8230;<\/p>\n<h5>\u201e<strong><span style=\"font-size: 12pt;\">Opowiem Ci wierszem\u201d &#8211; Biesiada Poetycka w SKORUSIE w Zakopanem<\/span><\/strong><\/h5>\n<p>W dniu 19 wrze\u015bnia 2015 r. w Zakopanem odby\u0142a si\u0119 kolejna, cykliczna Biesiada Poetycka po\u015bwi\u0119cona zmar\u0142emu w 2012 roku cz\u0142onkowi Krakowskiego Oddzia\u0142u Zwi\u0105zku Literat\u00f3w Polskich Jurkowi Taw\u0142owiczowi. Jak co roku, wdowa Anna Taw\u0142owicz, Towarzystwo Mi\u0142o\u015bnik\u00f3w Teatru im. Heleny Modrzejewskiej w Zakopanem, SCENA A2 im. Jerzego Taw\u0142owicza i Zarz\u0105d Krakowskiego Oddzia\u0142u Zwi\u0105zku Literat\u00f3w Polskich zapraszaj\u0105 poet\u00f3w i przyjaci\u00f3\u0142 Jurka do Zakopanego, aby wsp\u00f3lnie uczci\u0107 pami\u0119\u0107 znakomitego poety, grafika, fotografika i zawodowego przewodnika tatrza\u0144skiego. Biesiad\u0119 Poetyck\u0105 w Sza\u0142asie SKORUSA poprzedza zawsze piesza wyprawa na Wiktor\u00f3wki, gdzie o godz.12-ej w zabytkowej, drewnianej kaplicy jest odprawiana msza \u015bw. w intencji zmar\u0142ego Poety. Potem, na tle Jego pami\u0105tkowej tablicy, umieszczonej na skale obok sanktuarium Maryjnego, wszyscy uczestnicy ustawiaj\u0105 si\u0119 do zdj\u0119cia i ca\u0142a grupa wyrusza na Rusinow\u0105 Polan\u0119 (ok.1300m.n.p.m)., sk\u0105d rozci\u0105gaj\u0105 si\u0119 cudowne widoki na pasmo Wysokich Tatr. Tam, bezpo\u015brednio z sza\u0142asu, mo\u017cna kupi\u0107 \u015bwie\u017cutkie oscypki, upami\u0119tni\u0107 si\u0119 na tle malowniczych szczyt\u00f3w i wr\u00f3ci\u0107 \u0142agodnym szlakiem do parkingu przy Dolinie Filipka (na Zazadniej), aby zjecha\u0107 zorganizowanym transportem na Krup\u00f3wki. W tym roku wyprawa na Rusinow\u0105 Polan\u0119 z uwagi na padaj\u0105cy deszcz nie powiod\u0142a si\u0119; po nabo\u017ce\u0144stwie i pami\u0105tkowej fotografii uczestnicy wr\u00f3cili do Zakopanego.<br \/>\nO godzinie 17.00 wszyscy go\u015bcie spotkali si\u0119 w sza\u0142asie SKORUSA na Lipkach, by wzi\u0105\u0107 udzia\u0142 w Biesiadzie Poetyckiej \u201e Opowiem Ci wierszem\u201d. W ka\u017cdym roku Scena A2 przygotowuje specjalny program po\u015bwi\u0119cony nie\u017cyj\u0105cemu Poecie. W 2014 roku by\u0142a to audycja radiowa, w kt\u00f3rej bra\u0142 udzia\u0142 Jerzy Taw\u0142owicz. Tej jesieni aktorzy Gra\u017cyna Syrzistie, Jerzy Filar i Krzysztof Michno przeczytali kilkana\u015bcie Jego wierszy z pierwszego tomu \u201eAnielskie pie\u015bni w trawie\u2019(1996). Potem, ka\u017cdy uczestnik zaprezentowa\u0142 swoje dwa utwory o dowolnej tematyce, cz\u0119sto dedykowane Jurkowi. Ju\u017c kolejny raz poetyck\u0105 imprez\u0119 u\u015bwietni\u0142a g\u00f3ralska kapela \u201eDziurawiec\u201dw sk\u0142adzie: Anna Fr\u0105czysty i Stanis\u0142awa Staszak. Autorskim i porywaj\u0105cym akcentem muzycznym zaznaczy\u0142 si\u0119 r\u00f3wnie\u017c m\u0119ski duet ze Z\u0142otego Potoku. A wszystko to przy suto zastawionych sto\u0142ach z g\u00f3ralskimi potrawami, w niezwykle klimatycznym wystroju sza\u0142asu SKORUSA. T\u0119tni\u0105ca muzyk\u0105 i poezj\u0105 izba do z\u0142udzenia przypomina\u0142a wesele w domu Tetmajera w podkrakowskich Bronowicach. Podczas spotkania Anna Taw\u0142owicz otrzyma\u0142a specjaln\u0105 ksi\u0119g\u0119, kt\u00f3rej zawarto\u015b\u0107 stanowi\u0107 b\u0119d\u0105 czytane tego wieczoru wiersze. Rodzi si\u0119 pomys\u0142, aby z\u0142o\u017cy\u0107 z nich antologi\u0119, zebra\u0142a si\u0119 bowiem ich do\u015b\u0107 poka\u017ana ilo\u015b\u0107. Bo i go\u015bci by\u0142a pe\u0142na izba. Przybyli licznie z r\u00f3\u017cnych stron Polski, od Szczecina po Tatry. W biesiadzie uczestniczy\u0142a redaktor naczelna \u201eTygodnika Podhala\u0144skiego\u201d Beata Zalot. Poeci, kt\u00f3rzy z wa\u017cnych przyczyn nie dojechali na uroczysto\u015b\u0107, przes\u0142ali swoje wiersze i zosta\u0142y one publicznie odczytane. Impreza zosta\u0142a sfilmowana przez niezast\u0105pionego krakowskiego operatora, zaprzyja\u017anionego z KO ZLP, Tadeusza Oratowskiego.<br \/>\nBiesiad\u0119 prowadzi\u0142a Gra\u017cyna Syrzistie i Magdalena W\u0119grzynowicz Plichta<br \/>\nPatronatem medialnym obj\u0105\u0142 imprez\u0119 Krakowski Oddzia\u0142 ZLP i \u201eTygodnik Podhala\u0144ski\u201d.<\/p>\n<p>Irena Kaczmarczyk<\/p>\n<p>Krak\u00f3w, 21.09. 2015<\/p>\n<p><a href=\"https:\/\/zlp-krakow.pl\/wp-content\/uploads\/2015\/03\/Biesiada-Poetycka-Zakopane-2015.jpg\"><img loading=\"lazy\" decoding=\"async\" class=\"alignnone size-medium wp-image-1788\" src=\"https:\/\/zlp-krakow.pl\/wp-content\/uploads\/2015\/03\/Biesiada-Poetycka-Zakopane-2015-200x300.jpg\" alt=\"Biesiada Poetycka, Zakopane 2015\" width=\"200\" height=\"300\" srcset=\"https:\/\/zlp-krakow.pl\/wp-content\/uploads\/2015\/03\/Biesiada-Poetycka-Zakopane-2015-200x300.jpg 200w, https:\/\/zlp-krakow.pl\/wp-content\/uploads\/2015\/03\/Biesiada-Poetycka-Zakopane-2015-600x900.jpg 600w, https:\/\/zlp-krakow.pl\/wp-content\/uploads\/2015\/03\/Biesiada-Poetycka-Zakopane-2015.jpg 640w\" sizes=\"auto, (max-width: 200px) 100vw, 200px\" \/><\/a><\/p>\n<p><strong>\u201eDla Jurka. Opowiem Ci wierszem\u201d<\/strong><\/p>\n<p><strong>\u00a04. Biesiada Poetycka w Zakopanem<\/strong><\/p>\n<p>Ju\u017c po raz czwarty, 17 wrze\u015bnia 2016 roku, w Zakopanem odby\u0142a si\u0119 Biesiada Poetycka po\u015bwi\u0119cona zmar\u0142emu w roku 2012 Jerzemu Taw\u0142owiczowi &#8211; poecie, (zrzeszonemu w KO ZLP), przewodnikowi tatrza\u0144skiemu, zajmuj\u0105cemu si\u0119 r\u00f3wnie\u017c grafik\u0105 i fotografi\u0105 artystyczn\u0105. Inicjatork\u0105 i organizatork\u0105 poetyckiej imprezy \u201eDla Jurka. Opowiem Ci wierszem\u201d jest \u017cona Anna Taw\u0142owicz. Jak co roku,we wrze\u015bniu, z ca\u0142ej Polski przyje\u017cd\u017caj\u0105 do Zakopanego poeci, przyjaciele Autora \u201e Kluczy w niepami\u0119ci\u201d, by w klimatycznym sza\u0142asie Skorusa na Lipkach uczci\u0107 pami\u0119\u0107 wszechstronnie uzdolnionego Artysty. Przy smakowitych potrawach zaproszeni go\u015bcie czytaj\u0105 swoje wiersze, kt\u00f3re Anna skrz\u0119tnie przechowuje w specjalnej poetyckiej skrzyni, by powraca\u0107 do nich w chwilach refleksji i zadumy.<\/p>\n<p>W tym roku deszcz \u201ezdziesi\u0105tkowa\u0142\u201d ch\u0119tnych do uczestnictwa w mszy \u015bw. na Wiktor\u00f3wkach, odprawianej o godz 12:00 w intencji Jurka i innych poet\u00f3w oraz przewodnik\u00f3w g\u00f3rskich. Niemniej jednak wielu uczestnik\u00f3w dotar\u0142o na miejsce i po odprawieniu liturgii odby\u0142o si\u0119 kr\u00f3tkie, wzruszaj\u0105ce spotkanie, na kt\u00f3rym odczytano kilka wierszy, wspominano zmar\u0142ego przyjaciela oraz tradycyjnie zapalono znicz przy wmurowanej tablicy upami\u0119tniaj\u0105c pobyt na zdj\u0119ciu. Interesuj\u0105co o Jurku Taw\u0142owiczu m\u00f3wi\u0142 wieloletni przewodnik g\u00f3rski Apoloniusz Rajwa.<\/p>\n<p>O godz. 17:00 w Skorusie na Lipkach odby\u0142a si\u0119 druga cz\u0119\u015b\u0107 poetyckiego wydarzenia. Sza\u0142as do p\u00f3\u017anych godzin nocnych rozbrzmiewa\u0142 poezj\u0105, muzyk\u0105, \u015bpiewem i pachnia\u0142 znakomitymi g\u00f3ralskimi potrawami. Bohatera wieczoru Jurka Taw\u0142owicza wspominali\u015bmy i w wierszach, i w pi\u0119knym, wzruszaj\u0105cym filmie zrealizowanym przez Tadeusza Oratowskiego, kt\u00f3ry ka\u017cdego roku dokumentuje imprez\u0119 po\u015bwi\u0119con\u0105 Autorowi \u201eSerca z widokiem na Giewont\u201d. W tegorocznym spotkaniu uczestniczy\u0142 te\u017c znany krakowski fotografik Andrzej Makuch. Do oprawy muzycznej, kt\u00f3r\u0105 zapewni\u0142 g\u00f3ralski zesp\u00f3\u0142 \u201eDziurawiec\u201d\u00a0 i \u201eGiewont\u201d z Olczy do\u0142\u0105czy\u0142 ze skrzypcami pan Kazimierz Trebunia -Tutka oraz graj\u0105cy na basetli g\u00f3ral Bohdan Bachleda-Kominek.<\/p>\n<p>Spotkanie, tradycyjnie, po raz czwarty poprowadzi\u0142a Magdalena W\u0119grzynowicz &#8211; Plichta a towarzyszy\u0142 jej aktor Sceny A2 im. J. Taw\u0142owicza &#8211; Krzysztof Michno. Biesiad\u0119 Poetyck\u0105 patronatem obj\u0105\u0142 Krakowski Oddzia\u0142 Zwi\u0105zku Literat\u00f3w Polskich, Scena A2 i Tygodnik Podhala\u0144ski.<\/p>\n<p>W przysz\u0142ym roku impreza b\u0119dzie mie\u0107 jubileuszowy charakter. B\u0119dzie to bowiem pi\u0105ty Zlot \u201euskrzydlonych\u201d przyjaci\u00f3\u0142 niezapomnianego poety Jurka Taw\u0142owicza.<\/p>\n<p>Irena Kaczmarczyk<\/p>\n<hr \/>\n<p><a href=\"https:\/\/zlp-krakow.pl\/wp-content\/uploads\/2017\/09\/21272461_1319350724853496_4553943002177639844_n.jpg\"><img loading=\"lazy\" decoding=\"async\" class=\"alignnone size-medium wp-image-3327\" src=\"https:\/\/zlp-krakow.pl\/wp-content\/uploads\/2017\/09\/21272461_1319350724853496_4553943002177639844_n-212x300.jpg\" alt=\"21272461_1319350724853496_4553943002177639844_n\" width=\"212\" height=\"300\" srcset=\"https:\/\/zlp-krakow.pl\/wp-content\/uploads\/2017\/09\/21272461_1319350724853496_4553943002177639844_n-212x300.jpg 212w, https:\/\/zlp-krakow.pl\/wp-content\/uploads\/2017\/09\/21272461_1319350724853496_4553943002177639844_n-600x848.jpg 600w, https:\/\/zlp-krakow.pl\/wp-content\/uploads\/2017\/09\/21272461_1319350724853496_4553943002177639844_n.jpg 679w\" sizes=\"auto, (max-width: 212px) 100vw, 212px\" \/><\/a><\/p>\n<hr \/>\n<p style=\"text-align: justify;\">Dopisa\u0142a publiczno\u015b\u0107, pogoda, humory, a wiersze sypa\u0142y si\u0119 z ust poet\u00f3w jak nuty ze strun gitar, jak g\u00f3ralskie \u015bpiewy, jak iskry z ogniska. By\u0142a to przednia uczta w sza\u0142asie Skorusa na Lipkach poprzedzona Msz\u0105 \u015bw. na Wiktor\u00f3wkach i spacerem na Rusinow\u0105 Polan\u0119, taka prawdziwa zakopia\u0144ska, a wszystko za spraw\u0105 Ani Taw\u0142owicz i zaprzyja\u017anionych z ni\u0105 os\u00f3b. Wspomnienia o zakopia\u0144skim bardzie, poecie i wspania\u0142ym cz\u0142owieku pi\u0119knie wybrzmia\u0142y w wie<span class=\"text_exposed_show\">rszach naszych kole\u017canek i koleg\u00f3w po pi\u00f3rze. Ka\u017cdy czytany przez poet\u0119 utw\u00f3r by\u0142 dedykacj\u0105 dla Jurka. Piosenka poetycka, kt\u00f3ra zawsze by\u0142a bliska Jurkowi i kt\u00f3r\u0105 On sam wykonywa\u0142 dla nas, tym razem \u015bpiewana dla niego by\u0142a na pewno dobrze s\u0142yszana tam, wysoko ponad szczytami Tatr. Pi\u0119kne kolejne spotkanie (w tym roku ju\u017c 5.) z roku na rok gromadzi coraz wi\u0119cej os\u00f3b, zataczaj\u0105c coraz szersze kr\u0119gi si\u0119gaj\u0105c od Tatr do morza. Po\u017cyteczna i bardzo potrzebna inicjatywa propagowana i wspierana przez Ann\u0119 Taw\u0142owicz, Towarzystwo Mi\u0142o\u015bnik\u00f3w Teatru im. Heleny Modrzejewskiej Scena A2 w Zakopanem i Krakowski Oddzia\u0142 Zwi\u0105zku Literat\u00f3w Polskich. Nie brak prywatnych sponsor\u00f3w za co i im nale\u017cy si\u0119 wielkie podzi\u0119kowanie.<br \/>\nDowodem na to, \u017ce by\u0142o wspaniale spotka\u0107 si\u0119 w tym miejscu \u015bwiadczy fakt, \u017ce ju\u017c odliczamy miesi\u0105ce do kolejnego spotkania.<br \/>\nAniu, z ca\u0142ego serca dzi\u0119kujemy Ci za wyrozumia\u0142o\u015b\u0107, zrozumienie i trud goszczenia nas wszystkich w tym pi\u0119knym zak\u0105tku ziemi, gdzie szara codzienno\u015b\u0107 nabiera t\u0119czowych barw.<\/span><\/p>\n<p>Danuta Perier-Berska<\/p>\n","protected":false},"excerpt":{"rendered":"<p>Urodzi\u0142 si\u0119 w 1952r w Gda\u0144sku, ale od dziecka mieszka w Zakopanem. Od 1977r zawodowy przewodnik tatrza\u0144ski (posiada mi\u0119dzynarodowe uprawnienia przewodnika g\u00f3rskiego UIMLA). Zadebiutowa\u0142 w 1989r w kwartalniku Podtatrze. Swoje wiersze i fraszki publikowa\u0142 te\u017c w Tygodniku Podhala\u0144skim, Halach i &#8230; <a class=\"more-link\" href=\"https:\/\/zlp-krakow.pl\/?page_id=320\">Read More &raquo;<\/a><\/p>\n","protected":false},"author":1,"featured_media":0,"parent":56,"menu_order":0,"comment_status":"closed","ping_status":"closed","template":"","meta":{"footnotes":""},"categories":[4],"tags":[],"class_list":["post-320","page","type-page","status-publish","hentry","category-byli-wsrod-nas"],"_links":{"self":[{"href":"https:\/\/zlp-krakow.pl\/index.php?rest_route=\/wp\/v2\/pages\/320","targetHints":{"allow":["GET"]}}],"collection":[{"href":"https:\/\/zlp-krakow.pl\/index.php?rest_route=\/wp\/v2\/pages"}],"about":[{"href":"https:\/\/zlp-krakow.pl\/index.php?rest_route=\/wp\/v2\/types\/page"}],"author":[{"embeddable":true,"href":"https:\/\/zlp-krakow.pl\/index.php?rest_route=\/wp\/v2\/users\/1"}],"replies":[{"embeddable":true,"href":"https:\/\/zlp-krakow.pl\/index.php?rest_route=%2Fwp%2Fv2%2Fcomments&post=320"}],"version-history":[{"count":11,"href":"https:\/\/zlp-krakow.pl\/index.php?rest_route=\/wp\/v2\/pages\/320\/revisions"}],"predecessor-version":[{"id":1751,"href":"https:\/\/zlp-krakow.pl\/index.php?rest_route=\/wp\/v2\/pages\/320\/revisions\/1751"}],"up":[{"embeddable":true,"href":"https:\/\/zlp-krakow.pl\/index.php?rest_route=\/wp\/v2\/pages\/56"}],"wp:attachment":[{"href":"https:\/\/zlp-krakow.pl\/index.php?rest_route=%2Fwp%2Fv2%2Fmedia&parent=320"}],"wp:term":[{"taxonomy":"category","embeddable":true,"href":"https:\/\/zlp-krakow.pl\/index.php?rest_route=%2Fwp%2Fv2%2Fcategories&post=320"},{"taxonomy":"post_tag","embeddable":true,"href":"https:\/\/zlp-krakow.pl\/index.php?rest_route=%2Fwp%2Fv2%2Ftags&post=320"}],"curies":[{"name":"wp","href":"https:\/\/api.w.org\/{rel}","templated":true}]}}