{"id":318,"date":"2015-03-06T02:19:07","date_gmt":"2015-03-06T01:19:07","guid":{"rendered":"http:\/\/zlp-krakow.org\/?page_id=318"},"modified":"2015-03-08T13:03:08","modified_gmt":"2015-03-08T12:03:08","slug":"tatara-czopek-wanda","status":"publish","type":"page","link":"https:\/\/zlp-krakow.pl\/?page_id=318","title":{"rendered":"Wanda Tatara-Czopek"},"content":{"rendered":"<table border=\"1\" cellspacing=\"0\" cellpadding=\"0\">\n<tbody>\n<tr>\n<td>\u00a0<img decoding=\"async\" src=\"https:\/\/zlp-krakow.pl\/tworcy\/czopek\/czopekfoto.jpg\" alt=\"[Rozmiar: 8975 bajt\u00f3w]\" \/><span class=\"tekstbold\">Wanda Tatara &#8211; Czopek<\/span><\/td>\n<\/tr>\n<\/tbody>\n<\/table>\n<p>&nbsp;<\/p>\n<div class=\"tekstnormal\">Poetka, eseistka, doktor filologi polskiej (UJ), nauczycielka. Nale\u017ca\u0142a do krakowskiego Klubu M\u0142odych Pisarzy. Jej wiersze pojawia\u0142y si\u0119 na \u0142amach \u201eG\u0142osu M\u0142odzie\u017cy\u201d, \u201eG\u0142osu Nauczycielskiego\u201d, \u201e\u017bycia Literackiego\u201d, \u201eGazety Krakowskiej\u201d, \u201eWie\u015bci\u201d. By\u0142a aktywnym cz\u0142onkiem Nauczycielskiej Estrady Poetyckiej i Nauczycielskiego Klubu Pisarzy.Dotychczas opublikowa\u0142a zbiory poetyckie:<br \/>\n\u201eRozmowa z zieleni\u0105\u201d (1994),<br \/>\n\u201eOgrody przed burz\u0105\u201d (2001)<br \/>\n\u201eW imieniu ro\u015blin\u201d (2004).<br \/>\n\u201eLimeryki i inne s\u0142owne wybryki\u201d (2005)<br \/>\n\u201eZ niebem na czacie\u201d (2007)<br \/>\nPoetka uprawia te\u017c rzadk\u0105 form\u0119 literack\u0105 jak\u0105 jest limeryk.<\/div>\n<p>&nbsp;<\/p>\n<p><span class=\"tekstbold\">MY\u015aLI NA BALKONIE<\/span><\/p>\n<p><span class=\"tekstitalic\">M\u0119\u017cowi Mirkowi<\/span><\/p>\n<p><span class=\"tekstwiersz\">Ka\u017cdy nosi maski<br \/>\nWierz\u0119 w to \u015bwi\u0119cie,<br \/>\n\u017ce na tym zawrocie,<br \/>\nna tym zakr\u0119cie,<br \/>\nkt\u00f3re ptaki czyni\u0105 w niebie,<br \/>\njak my \u017cegluj\u0105<br \/>\nz mi\u0142o\u015bci\u0105 do siebie!<br \/>\nTylko \u017ce my nieba<br \/>\nw sobie szukamy<br \/>\nlub w Bogu &#8211; Cz\u0142owieka,<br \/>\na ptak &#8211; istota niepodleg\u0142a,<br \/>\nrzuca wyzwanie niebu skrzyd\u0142ami<br \/>\nnie boi si\u0119 piek\u0142a<br \/>\nnie w\u0105tpi, \u017ce skoro<br \/>\nB\u00f3g je stworzy\u0142,<br \/>\nto i mi\u0142o\u015bci\u0105 pochowa.<br \/>\nNie da\u0142 \u015bwiadomo\u015bci &#8211;<br \/>\nu ptaka za ma\u0142a g\u0142owa.<br \/>\nAle serce da\u0142 ptakom<br \/>\nniepodleg\u0142e<br \/>\nrozkoszom przestrzeni oddane.<br \/>\n<\/span><\/p>\n<p>&nbsp;<\/p>\n<p><span class=\"tekstbold\">PO\u017bEGNANIE<\/span><\/p>\n<p><span class=\"tekstwiersz\">Co raz bli\u017cej to podglebie, kt\u00f3re duszy,<br \/>\nprzyrzeczono w Niebie,<br \/>\nale wi\u0119kszo\u015b\u0107 wie,<br \/>\n\u017ce nie czekaj\u0105<br \/>\nprzy wej\u015bciu<br \/>\nhonorowe salwy,<br \/>\nnajwy\u017cej<br \/>\nw mi\u0142osiernych r\u0119kach<br \/>\nkolorowe malwy.<br \/>\nMalwy s\u0105 wysokie,<br \/>\nWi\u0119c mo\u017ce<br \/>\nich korzeni si\u0119 uchwyc\u0119<br \/>\ni jeszcze raz ostatni<br \/>\noczy \u015bwiatem zachwyc\u0119.<br \/>\n<\/span><\/p>\n<p>&nbsp;<\/p>\n<p><span class=\"tekstbold\">CODZIENNY KARNAWA\u0141<\/span><\/p>\n<p><span class=\"tekstwiersz\">Ka\u017cdy nosi maski<br \/>\nna co dzie\u0144<br \/>\nczarn\u0105 na z\u0142e dni<br \/>\nczerwon\u0105 z mi\u0142o\u015bci<br \/>\nniebiesk\u0105 do<br \/>\nczytania bajek<br \/>\ni modlitw<br \/>\nzielon\u0105 do<br \/>\nbrodzenia po<br \/>\nwiosennych \u0142\u0105kach<br \/>\nz\u0142ot\u0105 do jesiennych las\u00f3w<br \/>\nw szarej ta\u0144czymy<br \/>\nkuchenn\u0105 lambad\u0119<br \/>\nw srebrnej<br \/>\n\u0142\u00f3\u017ckow\u0105 samb\u0119<br \/>\nna staro\u015b\u0107<br \/>\nmaski wi\u0119dn\u0105<br \/>\nrazem z twarz\u0105<br \/>\ni opadaj\u0105<br \/>\nz suchym szelestem<br \/>\nrozpaczliwie<br \/>\nsamotnych godzin<br \/>\na m\u0142odo\u015b\u0107 tymczasem<br \/>\nkupuje teraz<br \/>\nwi\u0119cej masek<br \/>\ni nie rozpoznaje ju\u017c<br \/>\nsiebie w lustrze<\/span><\/p>\n<p>14.11.2007 r.<br \/>\n<span class=\"tekstbold\">PRO\u015aBA<\/span><\/p>\n<p><span class=\"tekstwiersz\">Ze wszystkich zmys\u0142\u00f3w<br \/>\nzostawcie mi wzrok,<br \/>\n\u017cebym mog\u0142a widzie\u0107<br \/>\nkatastrof\u0119 lub szcz\u0119\u015bcie<br \/>\nzostawionego \u015bwiata<br \/>\ni nasyci\u0107 si\u0119 barwami,<br \/>\n\u017cebym rozr\u00f3\u017cnia\u0142a odcienie<br \/>\n\u015bwiate\u0142 Kosmosu<br \/>\nale przede wszystkim po to,<br \/>\n\u017cebym mog\u0142a spojrze\u0107 na<br \/>\nStw\u00f3rc\u0119<\/span><\/p>\n","protected":false},"excerpt":{"rendered":"<p>\u00a0Wanda Tatara &#8211; Czopek &nbsp; Poetka, eseistka, doktor filologi polskiej (UJ), nauczycielka. Nale\u017ca\u0142a do krakowskiego Klubu M\u0142odych Pisarzy. Jej wiersze pojawia\u0142y si\u0119 na \u0142amach \u201eG\u0142osu M\u0142odzie\u017cy\u201d, \u201eG\u0142osu Nauczycielskiego\u201d, \u201e\u017bycia Literackiego\u201d, \u201eGazety Krakowskiej\u201d, \u201eWie\u015bci\u201d. By\u0142a aktywnym cz\u0142onkiem Nauczycielskiej Estrady Poetyckiej i &#8230; <a class=\"more-link\" href=\"https:\/\/zlp-krakow.pl\/?page_id=318\">Read More &raquo;<\/a><\/p>\n","protected":false},"author":1,"featured_media":0,"parent":56,"menu_order":0,"comment_status":"closed","ping_status":"closed","template":"","meta":{"footnotes":""},"categories":[4],"tags":[],"class_list":["post-318","page","type-page","status-publish","hentry","category-byli-wsrod-nas"],"_links":{"self":[{"href":"https:\/\/zlp-krakow.pl\/index.php?rest_route=\/wp\/v2\/pages\/318","targetHints":{"allow":["GET"]}}],"collection":[{"href":"https:\/\/zlp-krakow.pl\/index.php?rest_route=\/wp\/v2\/pages"}],"about":[{"href":"https:\/\/zlp-krakow.pl\/index.php?rest_route=\/wp\/v2\/types\/page"}],"author":[{"embeddable":true,"href":"https:\/\/zlp-krakow.pl\/index.php?rest_route=\/wp\/v2\/users\/1"}],"replies":[{"embeddable":true,"href":"https:\/\/zlp-krakow.pl\/index.php?rest_route=%2Fwp%2Fv2%2Fcomments&post=318"}],"version-history":[{"count":6,"href":"https:\/\/zlp-krakow.pl\/index.php?rest_route=\/wp\/v2\/pages\/318\/revisions"}],"predecessor-version":[{"id":514,"href":"https:\/\/zlp-krakow.pl\/index.php?rest_route=\/wp\/v2\/pages\/318\/revisions\/514"}],"up":[{"embeddable":true,"href":"https:\/\/zlp-krakow.pl\/index.php?rest_route=\/wp\/v2\/pages\/56"}],"wp:attachment":[{"href":"https:\/\/zlp-krakow.pl\/index.php?rest_route=%2Fwp%2Fv2%2Fmedia&parent=318"}],"wp:term":[{"taxonomy":"category","embeddable":true,"href":"https:\/\/zlp-krakow.pl\/index.php?rest_route=%2Fwp%2Fv2%2Fcategories&post=318"},{"taxonomy":"post_tag","embeddable":true,"href":"https:\/\/zlp-krakow.pl\/index.php?rest_route=%2Fwp%2Fv2%2Ftags&post=318"}],"curies":[{"name":"wp","href":"https:\/\/api.w.org\/{rel}","templated":true}]}}