{"id":314,"date":"2015-03-06T02:15:40","date_gmt":"2015-03-06T01:15:40","guid":{"rendered":"http:\/\/zlp-krakow.org\/?page_id=314"},"modified":"2019-03-26T09:59:34","modified_gmt":"2019-03-26T08:59:34","slug":"dziekanska-barbara","status":"publish","type":"page","link":"https:\/\/zlp-krakow.pl\/?page_id=314","title":{"rendered":"Barbara Dzieka\u0144ska"},"content":{"rendered":"<div class=\"tekstnormal\"><a href=\"https:\/\/zlp-krakow.pl\/wp-content\/uploads\/2015\/03\/dziekanskafoto.jpg\"><img loading=\"lazy\" decoding=\"async\" class=\"alignnone size-full wp-image-3119\" src=\"https:\/\/zlp-krakow.pl\/wp-content\/uploads\/2015\/03\/dziekanskafoto.jpg\" alt=\"dziekanskafoto\" width=\"150\" height=\"200\" \/><\/a><\/div>\n<div class=\"tekstnormal\">Barbara Dzieka\u0144ska<\/div>\n<div class=\"tekstnormal\"><\/div>\n<div class=\"tekstnormal\">Muzyk, poetka, publicystka, krytyk literacki, animator kultury. Urodzi\u0142a si\u0119 27 sierpnia 1947 r w Katowicach, zmar\u0142a 14 grudnia 2012 r.<br \/>\nPo uko\u0144czeniu Pa\u0144stwowej Wy\u017cszej Szko\u0142y Muzycznej jako chorzowska stypendystka podj\u0119\u0142a prac\u0119 w I Liceum Og\u00f3lnokszta\u0142c\u0105cym im. Juliusza S\u0142owackiego.<br \/>\nW latach 1976 &#8211; 2002 uczy\u0142a gry na fortepianie w Pa\u0144stwowej Szkole Muzycznej I i II st. im. Grzegorza Fitelberga.<br \/>\nW miejscu zamieszkania (Ruda \u015al\u0105ska) prowadzi\u0142a lekcje muzyki w Szkole Podstawowej nr 22. W ca\u0142ej swojej dzia\u0142alno\u015bci pedagogiczno-artystycznej \u0142\u0105czy\u0142a muzyk\u0119 z poezj\u0105. W 1983 r. debiutowa\u0142a tekstami do utwor\u00f3w ch\u00f3ralnych J\u00f3zefa Klyty. Pisa\u0142a te\u017c s\u0142owa do muzyki w\u0142asnej.<br \/>\nW listopadzie 1992 r. zainicjowa\u0142a cykl spotka\u0144 w Muzeum chorzowskim pt.: \u201eWiersze na ka\u017cd\u0105 pogod\u0119\u201d, kt\u00f3re sta\u0142y si\u0119 okazj\u0105 do prezentacji tw\u00f3rczo\u015bci \u015bl\u0105skich poet\u00f3w i towarzysz\u0105cych im muzyk\u00f3w. Podobn\u0105 dzia\u0142alno\u015b\u0107 prowadzi\u0142a w latach 2000 &#8211; 2006 w Rudzie \u015al\u0105skiej.<br \/>\nCa\u0142okszta\u0142t tw\u00f3rczo\u015bci Barbary Dzieka\u0144skiej obejmuje 9 tomik\u00f3w poetyckich wydanych w latach 1990 \u2013 2006. Obecnie wsp\u00f3\u0142pracuje z miesi\u0119cznikiem spo\u0142eczno\u2013kulturalnym, \u201e\u015al\u0105sk\u201d, pisze rekomendacje i recenzje do wydawanych zbior\u00f3w wierszy, zasiada w komisjach konkurs\u00f3w literackich, promuje m\u0142odocianych poet\u00f3w. Jej wiersze pojawiaj\u0105 si\u0119 na antenie PR i TV Katowice, rozg\u0142o\u015bni radia \u201ealfa\u201d w Krakowie, a tak\u017ce s\u0105 publikowane i recenzowane w miesi\u0119cznikach i kwartalnikach o zasi\u0119gu lokalnym, regionalnym i og\u00f3lnopolskim.<br \/>\nBarbara Dzieka\u0144ska wchodzi w sk\u0142ad Zarz\u0105du G\u00f3rno\u015bl\u0105skiego Towarzystwa Literackiego w Katowicach, nale\u017cy do Zwi\u0105zku Literat\u00f3w Polskich w Krakowie i do Stowarzyszenia Kulturalnego Filmowy Chorz\u00f3w.<br \/>\nW grudniu 2007 r. zosta\u0142a odznaczona srebrnym medalem \u201eZa zas\u0142ugi dla wojew\u00f3dztwa \u015bl\u0105skiego\u201d.<\/div>\n<p><span class=\"tekstnormal\">Publikacje ksi\u0105\u017ckowe<\/span><\/p>\n<p><span class=\"tekstnormal\">Dialogi z codzienno\u015bci\u0105\u00a0 Chorz\u00f3w 1990)<\/span><br class=\"tekstnormal\" \/><span class=\"tekstnormal\">Z tamtej strony\u00a0 Chorz\u00f3w 1991<\/span><br class=\"tekstnormal\" \/><span class=\"tekstnormal\">Zatopiona katedra Chorz\u00f3w 1993<\/span><br class=\"tekstnormal\" \/><span class=\"tekstnormal\">Podaj\u0119 ci siebie Katowice 1994<\/span><br class=\"tekstnormal\" \/><span class=\"tekstnormal\">Dosi\u0119gn\u0105\u0107 siebie Katowice 1996<\/span><br class=\"tekstnormal\" \/><span class=\"tekstnormal\">Drzewo bez grzechu Katowice 1998<\/span><br class=\"tekstnormal\" \/><span class=\"tekstnormal\">A niebo zostanie r\u00f3\u017cowe Katowice 2000<\/span><br class=\"tekstnormal\" \/><span class=\"tekstnormal\">Zapal\u0119 noc (od liryk\u00f3w do erotyk\u00f3w) wyb\u00f3r wierszy od 1991 \u2013 2002, Katowice 2002<\/span><br class=\"tekstnormal\" \/><span class=\"tekstnormal\">Moja Mama nie pyta o pogod\u0119\u00a0 Katowice 2006<\/span><\/p>\n<p><br class=\"tekstnormal\" \/><span class=\"tekstbold\">SZTUKMISTRZ<\/span><\/p>\n<p><span class=\"tekstwiersz\">powiedzia\u0142<\/span><br class=\"tekstwiersz\" \/><span class=\"tekstwiersz\">\u017ce kocha dziewczyn\u0119<\/span><br class=\"tekstwiersz\" \/><span class=\"tekstwiersz\">kt\u00f3rej nie ma<\/span><br class=\"tekstwiersz\" \/><span class=\"tekstwiersz\">cho\u0107 &#8211; czasem jest<\/span><br class=\"tekstwiersz\" \/><br class=\"tekstwiersz\" \/><br class=\"tekstwiersz\" \/><span class=\"tekstwiersz\">jej namacalne t\u0119tno<\/span><br class=\"tekstwiersz\" \/><span class=\"tekstwiersz\">porusza istot\u0119 wierszy<\/span><br class=\"tekstwiersz\" \/><span class=\"tekstwiersz\">i gotyk my\u015bli <\/span><br class=\"tekstwiersz\" \/><br class=\"tekstwiersz\" \/><span class=\"tekstwiersz\">powiedzia\u0142<\/span><br class=\"tekstwiersz\" \/><br class=\"tekstwiersz\" \/><span class=\"tekstwiersz\">\u017ce teraz kocha <\/span><br class=\"tekstwiersz\" \/><span class=\"tekstwiersz\">dziewczyn\u0119 w kobiecie<\/span><br class=\"tekstwiersz\" \/><br class=\"tekstwiersz\" \/><span class=\"tekstwiersz\">klasyczne pi\u0119kno<\/span><br class=\"tekstwiersz\" \/><span class=\"tekstwiersz\">z akcentem bursztynu<\/span><br class=\"tekstwiersz\" \/><span class=\"tekstwiersz\">i jej praw\u0105 r\u0119k\u0119 <\/span><br class=\"tekstwiersz\" \/><span class=\"tekstwiersz\">uniesion\u0105 nad <\/span><br class=\"tekstwiersz\" \/><span class=\"tekstwiersz\">klawiatur\u0105 fortepianu<\/span><br class=\"tekstwiersz\" \/><br class=\"tekstwiersz\" \/><span class=\"tekstwiersz\">kiedy znika<\/span><br class=\"tekstwiersz\" \/><span class=\"tekstwiersz\">pije strzemiennego<\/span><br class=\"tekstwiersz\" \/><span class=\"tekstwiersz\">z \u201epap\u0105\u201d Haydnem<\/span><\/p>\n<p>*\u00a0 *\u00a0 *<\/p>\n<p>Tadeuszowi Wo\u017aniakowi<\/p>\n<p><span class=\"tekstwiersz\">czy Pan wie Panie W.<\/span><br class=\"tytul tekstwiersz\" \/><span class=\"tekstwiersz\">\u017ce czekam na Pana<\/span><br class=\"tytul tekstwiersz\" \/><span class=\"tekstwiersz\">w zak\u0105tku purpurowych zegar\u00f3w<\/span><br class=\"tytul tekstwiersz\" \/><span class=\"tekstwiersz\">tu\u017c obok \u015bwiat\u0142a za kt\u00f3rym<\/span><br class=\"tytul tekstwiersz\" \/><span class=\"tekstwiersz\">pe\u0142no mrocznej wilgotno\u015bci<\/span><br class=\"tytul tekstwiersz\" \/><span class=\"tekstwiersz\">i niczego si\u0119 nie boj\u0119<\/span><br class=\"tytul tekstwiersz\" \/><span class=\"tekstwiersz\">nie obgryzam paznokci<\/span><br class=\"tytul tekstwiersz\" \/><span class=\"tekstwiersz\">nie zapadam w senno\u015b\u0107<\/span><br class=\"tytul tekstwiersz\" \/><span class=\"tekstwiersz\">a tylko s\u0142ucham Pana<\/span><br class=\"tytul tekstwiersz\" \/><span class=\"tekstwiersz\">milcz\u0105ca<\/span><br class=\"tytul tekstwiersz\" \/><span class=\"tekstwiersz\">brn\u0119 w otch\u0142anie<\/span><br class=\"tytul tekstwiersz\" \/><span class=\"tekstwiersz\">po czubki w\u0142os\u00f3w p\u0142on\u0119<\/span><br class=\"tytul tekstwiersz\" \/><span class=\"tekstwiersz\">os\u0142aniam ramiona<\/span><br class=\"tytul tekstwiersz\" \/><span class=\"tekstwiersz\">g\u0142ow\u0119 mi\u0119dzy kolanami chowam<\/span><br class=\"tytul tekstwiersz\" \/><span class=\"tekstwiersz\">jakbym chcia\u0142a skry\u0107 si\u0119<\/span><br class=\"tytul tekstwiersz\" \/><span class=\"tekstwiersz\">przed s\u0142owem<\/span><br class=\"tytul tekstwiersz\" \/><span class=\"tekstwiersz\">co \u201epami\u0119\u0107 zam\u0105ci<\/span><br class=\"tytul tekstwiersz\" \/><span class=\"tekstwiersz\">b\u0142\u0119kitem zabe\u0142ta\u201d<\/span><br class=\"tytul tekstwiersz\" \/><span class=\"tekstwiersz\">na zawsze<\/span><\/p>\n<p>Wiersz jest wariacj\u0105 na temat piosenki Tadeusza Wo\u017cniaka<br \/>\npt : \u201eZegarmistrz \u015bwiat\u0142a purpurowy\u201d.<\/p>\n","protected":false},"excerpt":{"rendered":"<p>Barbara Dzieka\u0144ska Muzyk, poetka, publicystka, krytyk literacki, animator kultury. Urodzi\u0142a si\u0119 27 sierpnia 1947 r w Katowicach, zmar\u0142a 14 grudnia 2012 r. Po uko\u0144czeniu Pa\u0144stwowej Wy\u017cszej Szko\u0142y Muzycznej jako chorzowska stypendystka podj\u0119\u0142a prac\u0119 w I Liceum Og\u00f3lnokszta\u0142c\u0105cym im. Juliusza S\u0142owackiego. &#8230; <a class=\"more-link\" href=\"https:\/\/zlp-krakow.pl\/?page_id=314\">Read More &raquo;<\/a><\/p>\n","protected":false},"author":1,"featured_media":0,"parent":56,"menu_order":0,"comment_status":"closed","ping_status":"closed","template":"","meta":{"footnotes":""},"categories":[4],"tags":[],"class_list":["post-314","page","type-page","status-publish","hentry","category-byli-wsrod-nas"],"_links":{"self":[{"href":"https:\/\/zlp-krakow.pl\/index.php?rest_route=\/wp\/v2\/pages\/314","targetHints":{"allow":["GET"]}}],"collection":[{"href":"https:\/\/zlp-krakow.pl\/index.php?rest_route=\/wp\/v2\/pages"}],"about":[{"href":"https:\/\/zlp-krakow.pl\/index.php?rest_route=\/wp\/v2\/types\/page"}],"author":[{"embeddable":true,"href":"https:\/\/zlp-krakow.pl\/index.php?rest_route=\/wp\/v2\/users\/1"}],"replies":[{"embeddable":true,"href":"https:\/\/zlp-krakow.pl\/index.php?rest_route=%2Fwp%2Fv2%2Fcomments&post=314"}],"version-history":[{"count":6,"href":"https:\/\/zlp-krakow.pl\/index.php?rest_route=\/wp\/v2\/pages\/314\/revisions"}],"predecessor-version":[{"id":4296,"href":"https:\/\/zlp-krakow.pl\/index.php?rest_route=\/wp\/v2\/pages\/314\/revisions\/4296"}],"up":[{"embeddable":true,"href":"https:\/\/zlp-krakow.pl\/index.php?rest_route=\/wp\/v2\/pages\/56"}],"wp:attachment":[{"href":"https:\/\/zlp-krakow.pl\/index.php?rest_route=%2Fwp%2Fv2%2Fmedia&parent=314"}],"wp:term":[{"taxonomy":"category","embeddable":true,"href":"https:\/\/zlp-krakow.pl\/index.php?rest_route=%2Fwp%2Fv2%2Fcategories&post=314"},{"taxonomy":"post_tag","embeddable":true,"href":"https:\/\/zlp-krakow.pl\/index.php?rest_route=%2Fwp%2Fv2%2Ftags&post=314"}],"curies":[{"name":"wp","href":"https:\/\/api.w.org\/{rel}","templated":true}]}}