{"id":289,"date":"2015-03-06T01:44:46","date_gmt":"2015-03-06T00:44:46","guid":{"rendered":"http:\/\/zlp-krakow.org\/?page_id=289"},"modified":"2018-02-08T21:10:23","modified_gmt":"2018-02-08T20:10:23","slug":"zukowska-lidia","status":"publish","type":"page","link":"https:\/\/zlp-krakow.pl\/?page_id=289","title":{"rendered":"Lidia \u017bukowska"},"content":{"rendered":"<p><a href=\"https:\/\/zlp-krakow.pl\/wp-content\/uploads\/2015\/03\/foto1.jpg\"><img loading=\"lazy\" decoding=\"async\" class=\"alignnone size-full wp-image-1183\" src=\"https:\/\/zlp-krakow.pl\/wp-content\/uploads\/2015\/03\/foto1.jpg\" alt=\"foto\" width=\"150\" height=\"201\" \/><\/a><\/p>\n<p><strong><span class=\"tytul\">Lidia \u017bukowska<\/span><\/strong><\/p>\n<div>\n<p><span class=\"tekstnormal\">Lidia \u017bukowska jest osob\u0105 znan\u0105 w Krakowie. Zrobi\u0142a bardzo wiele dla kultury naszego miasta. Ma za sob\u0105 bogat\u0105 dzia\u0142alno\u015b\u0107 jako re\u017cyser, scenograf. W 1961 roku powo\u0142a\u0142a do \u017cycia form\u0119 teatralna &#8211; Teatr Jednego Aktora (30 premier). Zrealizowa\u0142a 4 filmy telewizyjne, wprowadzi\u0142a do kalendarium imprez Krakowa Tynieckie Recitale Organowe, zainicjowa\u0142a nowa form\u0119 plastyczn\u0105 &#8222;Suche bukiety&#8221;. W 1991 roku za\u0142o\u017cy\u0142a Wydawnictwo &#8222;Oficyna Krakowska&#8221;, wyda\u0142a 14 swoich tomik\u00f3w poetyckich i 2 ksi\u0105\u017cki prozatorskie. To tylko niekt\u00f3re z jej licznych dokona\u0144 na niwie kultury. Obecnie prowadzi Galeri\u0119 &#8222;Kocio\u0142 Artystyczny&#8221; przy ulicy S\u0142awkowskiej 14 (I pi\u0119tro).<\/span><\/p>\n<\/div>\n<p><span class=\"tekstbold\">Wyda\u0142a tomiki wierszy:<\/span><\/p>\n<p><span class=\"tekstnormal\">1991 &#8222;S\u0142owa o zmierzchu&#8221;,<br \/>\n1994 &#8222;Uwik\u0142ana w snach&#8221;,<br \/>\n1996 &#8222;Socjuszowe lata&#8221;,<br \/>\n1998 &#8222;La son\u011do nefinita&#8221; (w j\u0119z. esperanto),<br \/>\n1998 &#8222;Przenikaj\u0105c fale&#8221;,<br \/>\n2000 &#8222;Niczyja jest dal&#8221;,<br \/>\n2000 &#8222;Le r\u0119ve sans fin&#8221; (w j\u0119z. polskim i francuskim),<br \/>\n2001 &#8222;Nieujarzmiona jesie\u0144 &#8211; Idalia i Bonfiliusz&#8221;,<br \/>\nLibretto do opery pod tym samym tytu\u0142em, adaptacja Andrzej Jakubowski<br \/>\n2002 &#8222;Ruda Turzyca&#8221;,<br \/>\n2003 &#8222;Pragnienie Kropli&#8221;, &#8222;Na kraw\u0119dzi \u015bwitu&#8221;,<br \/>\n&#8222;Dotyk nieba&#8221; (trylogia z prze\u0142omu wiek\u00f3w).<br \/>\n2004 &#8222;A chcia\u0142am o \u0142y\u017cce&#8230; &#8222;(w j\u0119z. polskim i niemieckim)<br \/>\n2005 &#8222;Koncert na szepty&#8230;&#8221;(w jez. polskim i niemieckim)<br \/>\n2007 &#8222;Nieujarzmiona jesie\u0144 &#8211; Idalia i Bonfiliusz&#8221;, wydanie II poszerzone<br \/>\n(w j\u0119z polskim, niemieckim, angielskim, esperanto)<br \/>\n2007 &#8222;Krzyk T\u0119sknoty&#8221; &#8211; listy Eugeniusza Gepperta do Marii Malickiej.<\/span><\/p>\n<p><strong><span class=\"tekstbold\">Ludzkie gadanie<\/span><\/strong><\/p>\n<p><span class=\"tekstwiersz\">m\u00f3wili<br \/>\n\u017ce zawar\u0142a pakt z diab\u0142em<br \/>\nprzysi\u0119gano \u017ce w noc ciemn\u0105<br \/>\nw zielonych pelerynach<br \/>\nczerwone koguty<br \/>\nkrzykiem rozdartego gard\u0142a<br \/>\ngrodzi\u0142y drog\u0119<br \/>\nm\u00f3wili<br \/>\np\u0142on\u0119\u0142y swiece niczym ogniska<br \/>\ncieni rogatych widziano mn\u00f3stwo<br \/>\nrano sz\u0142a w zielonym kapturze<br \/>\n\u015bmia\u0142a si\u0119 i m\u00f3wi\u0142a do siebie<br \/>\nnios\u0105c na twarzy wielkiego paj\u0105ka<br \/>\nm\u00f3wili m\u00f3wili<br \/>\n<\/span>czego\u017c to ludzie nie m\u00f3wi\u0105<\/p>\n<p><strong><span class=\"tekstbold\">Pami\u0119\u0107<\/span><\/strong><\/p>\n<p><span class=\"tekstwiersz\">kiedy\u015b by\u0142 kto\u015b<br \/>\nnajwa\u017cniejszy<br \/>\njakie mia\u0142 r\u0119ce<br \/>\noczy<br \/>\nnie pami\u0119tam<br \/>\nusta kiedy\u015b wo\u0142a\u0142y moje imi\u0119<br \/>\nale g\u0142os w zbo\u017ce porwa\u0142 wiatr<br \/>\ndzi\u015b s\u0142ysz\u0119 tylko szelest s\u0142omy<br \/>\nwiem ze by\u0142 kiedy\u015b taki kto\u015b<br \/>\nmia\u0142 psa<\/span><\/p>\n<p><strong><span class=\"tekstbold\"><br \/>\nErotyk senny<\/span><\/strong><\/p>\n<p><span class=\"tekstwiersz\">obejmujemy nasze cia\u0142a<br \/>\nz delikatno\u015bci\u0105 motyla<br \/>\ns\u0142owa p\u0142yn\u0105 \u0142agodnie<br \/>\njeste\u015b<br \/>\njeste\u015b \u015bwietlist\u0105 strun\u0105<br \/>\nbarw\u0105 soczyst\u0105<br \/>\ndr\u017ceniem babiego lata<br \/>\nw rozgrzanym s\u0142o\u0144cu<br \/>\npo\u015br\u00f3d nagich ska\u0142<br \/>\np\u0142oniesz<br \/>\nzamykam oczy<br \/>\nby nie dojrze\u0107 \u015bwitu<br \/>\n<\/span><\/p>\n<p><span class=\"tekstnormal\">Wiecej o Lidii \u017bukowskiej na jej\u00a0stronie internetowej<a href=\"http:\/\/www.lidiazukowska.pl\/\">www.lidiazukowska.pl<\/a><\/span><\/p>\n","protected":false},"excerpt":{"rendered":"<p>Lidia \u017bukowska Lidia \u017bukowska jest osob\u0105 znan\u0105 w Krakowie. Zrobi\u0142a bardzo wiele dla kultury naszego miasta. Ma za sob\u0105 bogat\u0105 dzia\u0142alno\u015b\u0107 jako re\u017cyser, scenograf. W 1961 roku powo\u0142a\u0142a do \u017cycia form\u0119 teatralna &#8211; Teatr Jednego Aktora (30 premier). Zrealizowa\u0142a 4 &#8230; <a class=\"more-link\" href=\"https:\/\/zlp-krakow.pl\/?page_id=289\">Read More &raquo;<\/a><\/p>\n","protected":false},"author":1,"featured_media":0,"parent":56,"menu_order":0,"comment_status":"closed","ping_status":"closed","template":"","meta":{"footnotes":""},"categories":[2],"tags":[],"class_list":["post-289","page","type-page","status-publish","hentry","category-czlonkowie"],"_links":{"self":[{"href":"https:\/\/zlp-krakow.pl\/index.php?rest_route=\/wp\/v2\/pages\/289","targetHints":{"allow":["GET"]}}],"collection":[{"href":"https:\/\/zlp-krakow.pl\/index.php?rest_route=\/wp\/v2\/pages"}],"about":[{"href":"https:\/\/zlp-krakow.pl\/index.php?rest_route=\/wp\/v2\/types\/page"}],"author":[{"embeddable":true,"href":"https:\/\/zlp-krakow.pl\/index.php?rest_route=\/wp\/v2\/users\/1"}],"replies":[{"embeddable":true,"href":"https:\/\/zlp-krakow.pl\/index.php?rest_route=%2Fwp%2Fv2%2Fcomments&post=289"}],"version-history":[{"count":4,"href":"https:\/\/zlp-krakow.pl\/index.php?rest_route=\/wp\/v2\/pages\/289\/revisions"}],"predecessor-version":[{"id":1185,"href":"https:\/\/zlp-krakow.pl\/index.php?rest_route=\/wp\/v2\/pages\/289\/revisions\/1185"}],"up":[{"embeddable":true,"href":"https:\/\/zlp-krakow.pl\/index.php?rest_route=\/wp\/v2\/pages\/56"}],"wp:attachment":[{"href":"https:\/\/zlp-krakow.pl\/index.php?rest_route=%2Fwp%2Fv2%2Fmedia&parent=289"}],"wp:term":[{"taxonomy":"category","embeddable":true,"href":"https:\/\/zlp-krakow.pl\/index.php?rest_route=%2Fwp%2Fv2%2Fcategories&post=289"},{"taxonomy":"post_tag","embeddable":true,"href":"https:\/\/zlp-krakow.pl\/index.php?rest_route=%2Fwp%2Fv2%2Ftags&post=289"}],"curies":[{"name":"wp","href":"https:\/\/api.w.org\/{rel}","templated":true}]}}