{"id":286,"date":"2015-03-06T13:40:24","date_gmt":"2015-03-06T12:40:24","guid":{"rendered":"http:\/\/zlp-krakow.org\/?page_id=286"},"modified":"2024-02-22T10:37:33","modified_gmt":"2024-02-22T09:37:33","slug":"zemanek-alicja","status":"publish","type":"page","link":"https:\/\/zlp-krakow.pl\/?page_id=286","title":{"rendered":"Alicja Zemanek"},"content":{"rendered":"<p><strong>\u00a0<a href=\"https:\/\/zlp-krakow.pl\/wp-content\/uploads\/2019\/02\/Fot.-Zemanek-Alicja.jpg\"><img loading=\"lazy\" decoding=\"async\" class=\"alignnone wp-image-4242\" src=\"https:\/\/zlp-krakow.pl\/wp-content\/uploads\/2019\/02\/Fot.-Zemanek-Alicja-225x300.jpg\" alt=\"\" width=\"150\" height=\"200\" srcset=\"https:\/\/zlp-krakow.pl\/wp-content\/uploads\/2019\/02\/Fot.-Zemanek-Alicja-225x300.jpg 225w, https:\/\/zlp-krakow.pl\/wp-content\/uploads\/2019\/02\/Fot.-Zemanek-Alicja-768x1024.jpg 768w, https:\/\/zlp-krakow.pl\/wp-content\/uploads\/2019\/02\/Fot.-Zemanek-Alicja-940x1253.jpg 940w, https:\/\/zlp-krakow.pl\/wp-content\/uploads\/2019\/02\/Fot.-Zemanek-Alicja.jpg 1200w\" sizes=\"auto, (max-width: 150px) 100vw, 150px\" \/><\/a><\/strong><\/p>\n<p><span style=\"font-size: 14pt;\"><strong>Alicja Zemanek<\/strong><\/span><\/p>\n<p>Poetka, biolog, historyk nauk przyrodniczych, profesor Uniwersytetu Jagiello\u0144skiego, pracownik Muzeum Ogrodu Botanicznego UJ.<\/p>\n<p>Cz\u0142onkini ZLP od 1992 r. i Klubu Artystyczno-Literackiego Teatru Stygmator.<\/p>\n<p>Opublikowa\u0142a artyku\u0142y i ksi\u0105\u017cki dotycz\u0105ce historii nauki, zw\u0142aszcza botaniki, a tak\u017ce relacji przyroda \u2013 nauka \u2013 kultura. Debiutowa\u0142a w 1987 r. w \u201ePoezji\u201d, zamieszcza\u0142a wiersze m. in. w \u201eDekadzie Literackiej\u201d, \u201eEchu Krakowa\u201d, \u201eKrakowie\u201d, \u201eLekturze\u201d, \u201eNieznanym \u015awiecie\u201d, \u201eOgrodzie\u201d, \u201ePoezji\u201d, \u201ePi\u015bmie Literacko-Artystycznym\u201d, \u201eStudencie\u201d, \u201e\u017byciu Literackim\u201d. Utwory Alicji Zemanek prezentowane by\u0142y m.in. w czasie inscenizacji Teatru Stygmator w programach z cyklu \u201ePoezja i muzyka w Ogrodzie\u201d, \u201eCzas w poezji\u201d, podczas \u201eKrakowskiej Nocy Poet\u00f3w\u201d, a tak\u017ce w TV Krak\u00f3w i radiu Alfa.<\/p>\n<div>Autorka ksi\u0105\u017cek poetyckich:<br \/>\nDzie\u0144 w kt\u00f3rym znikn\u0119\u0142am (1990),<br \/>\nWakacje w Krakowie (1991),<br \/>\nPodobni do zagajnika olch (1993),<br \/>\nModlitwa do t\u0119czy (1996),<br \/>\n\u015acie\u017cki Ogrodu Botanicznego (2000),<br \/>\nMedytacje o zmierzchu (2001)<br \/>\nOgr\u00f3d szcz\u0119\u015bliwy (wyb\u00f3r wierszy) (2009)<br \/>\nKrajobraz z my\u015bl\u0105c\u0105 traw\u0105 (wyb\u00f3r wierszy) (2009)<\/div>\n<div>Nikt nie zbiera rajskich jab\u0142uszek (2015)<\/div>\n<p>Wiadomo\u015bci w chmurze (2023)<\/p>\n<p><strong>\u00a0<\/strong><\/p>\n<div><strong>Serce to samotny dom<br \/>\n<\/strong><br \/>\nSerce to samotny dom na rozstajach<br \/>\npodejd\u017a bli\u017cej w oknie pali si\u0119 lampka<br \/>\nstarzy rodzice wypatruj\u0105 gwiazdy<br \/>\ngarstka siana pod \u015bnie\u017cnymi polami obrusaprzy stole tyle ludzi roze\u015bmiane dzieci<br \/>\nm\u0142odzi ch\u0142opcy m\u0119\u017cczy\u017ani ka\u017cdy z nich jest tob\u0105<br \/>\ntej nocy zasiadacie wszyscy do wsp\u00f3lnej wieczerzy<br \/>\nna przeciw siebie siedzisz starszy o pi\u0119tna\u015bcie latprzebacz sobie chocia\u017c dawno marzenia wy\u015bmia\u0142e\u015b<br \/>\nu\u015bmiechnij si\u0119 do siebie cho\u0107 pragn\u0105\u0142e\u015b \u015bmierci<br \/>\nserce to samotny dom na rozstajach<br \/>\nzapal \u015bwiat\u0142o nad drzwiami<br \/>\nniech roz\u015bwietla noc<\/p>\n<p><strong>Jaka jest moja droga<br \/>\n<\/strong><br \/>\nGodziny listopada mrok<br \/>\nosiada jak szron na krzewach my\u015bli<\/p>\n<p>my\u015bl\u0119 o tobie<br \/>\njak szed\u0142e\u015b piaszczyst\u0105 drog\u0105<br \/>\nw poszukiwaniu prawdy<\/p>\n<p>jaka jest moja droga w czasach wielu prawd<br \/>\ngdy osi\u0105gni\u0119to tak wiele<br \/>\nlecz zamiast wiary<br \/>\nzapanowa\u0142o zagubienie kult cia\u0142a<br \/>\nnadmiar rzeczy<\/p>\n<p>my\u015bl\u0119 o twojej drodze przecinaj\u0105cej tamten czas<br \/>\ntak samo trudny jak dzisiejszy<br \/>\nniesprzyjaj\u0105cy my\u015bleniu<br \/>\npe\u0142en ignorancji i triumfu si\u0142y<\/p>\n<p>godziny listopada czas przezwyci\u0119\u017cania mroku<br \/>\nbudowania niewidzialnych lampion\u00f3w<br \/>\nz zapalonymi \u015bwiate\u0142kami ducha<\/p>\n<p><strong>Zawody<br \/>\n<\/strong><strong><br \/>\n<\/strong>Sz\u00f3sta rano<br \/>\nwzd\u0142u\u017c drogi biegnie cz\u0142owiek<br \/>\nw sportowym stroju<br \/>\nwydaje si\u0119 \u017ce \u0107wiczy cia\u0142o<br \/>\n\u017celazne mi\u0119\u015bnie<\/p>\n<p>ale powiem ci prawd\u0119<br \/>\non \u015bciga si\u0119 z czasem do utraty tchu<\/p>\n<p>czuje wci\u0105\u017c za plecami<br \/>\nnieuchwytny oddech<br \/>\nczas depcze mu po pi\u0119tach<br \/>\nnie daje wytchnienia<br \/>\nszepcze do ucha psalmy starej ksi\u0119gi<\/p>\n<p>sz\u00f3sta rano<br \/>\nczas goni m\u0119\u017cczyzn\u0119<br \/>\nwzd\u0142u\u017c porannej drogi<br \/>\nnie zna lito\u015bci nie zna odpoczynku<br \/>\njak sportowiec oczekuj\u0105cy<br \/>\npewnego zwyci\u0119stwa<\/p>\n<p>ile trzeba nadziei<br \/>\n\u017ceby si\u0119 z nim \u015bciga\u0107<\/p>\n<p><strong>Miliony w z\u0142ocie<br \/>\n<\/strong><br \/>\nMo\u017ce Ziemia<br \/>\nma swoje lustrzane odbicie<br \/>\ngdzie wszyscy<br \/>\nlokuj\u0105 swoje bogactwa<br \/>\nw z\u0142ocie<br \/>\njesiennych li\u015bci<br \/>\na ka\u017cde drzewo<br \/>\njest jak bank chronione<br \/>\na w ka\u017cdym d\u0119bie<br \/>\nukryte miliony<\/p>\n<p><strong>Z pustk\u0105 w sercu<br \/>\n<\/strong><br \/>\nSzed\u0142<br \/>\nunosz\u0105c w krajobrazie<br \/>\nwewn\u0119trzn\u0105 pustyni\u0119<br \/>\na wok\u00f3\u0142 wiosna<br \/>\nrozwiesza\u0142a na krzewach<br \/>\nog\u0142oszenia o jego prawdziwej naturze<br \/>\ngotowej do mi\u0142o\u015bci<\/p>\n<p><strong>Dionizosie wykl\u0119ty<br \/>\n<\/strong><strong>Dionizosie zapomniany<br \/>\n<\/strong><br \/>\nNa p\u0142askowy\u017cu<br \/>\nwszyscy<br \/>\nzapomnieli o tobie<br \/>\nzgaszone na zawsze ch\u00f3ry<br \/>\n\u015bwi\u0119tych pie\u015bni<br \/>\ntylko ona wci\u0105\u017c rodzi<br \/>\ntwoje owoce pijane<br \/>\nszale\u0144stwem mi\u0142o\u015bci\u0105<br \/>\nnajwierniejsza z kap\u0142anek<br \/>\nwinoro\u015bl<\/p>\n<p><strong>Cyklameny<br \/>\n<\/strong><br \/>\nZa k\u0119p\u0119 cyklamen\u00f3w<br \/>\nrozkwitaj\u0105c\u0105 na szczycie kolumny<br \/>\nza to pozdrowienia z g\u0142\u0119bi<br \/>\nlodowatego serca<br \/>\ntysi\u0105clecia<br \/>\nsk\u0142adam dzi\u0119kczynienie<\/p>\n<p><strong>Stukanie w lasach<br \/>\n<\/strong><br \/>\nW lasach stukanie<br \/>\nmaszyny do pisania<br \/>\nbezrozumny kronikarz<br \/>\nspisuje dzieje tej ziemi<br \/>\n\u017cywymi czcionkami<br \/>\ncykad<\/p>\n<p><strong>Organki<br \/>\n<\/strong><br \/>\nWielkie organy nieba<br \/>\nwysy\u0142aj\u0105 na ziemi\u0119<br \/>\nswoich wys\u0142annik\u00f3w<br \/>\nma\u0142e \u015bwiergocz\u0105ce organki<br \/>\ng\u00f3rskich ptak\u00f3w<\/p>\n<p><strong>P\u0142yn\u0119<br \/>\n<\/strong><br \/>\nP\u0142yn\u0119<br \/>\nmi\u0119dzy morzem i niebem<br \/>\nmy\u015bl\u0119 o wszystkich<br \/>\nkrewnych duchem<br \/>\nkt\u00f3rzy wspomagaj\u0105 mnie z oddali<br \/>\ni kt\u00f3rych ja wzmacniam<br \/>\njasno\u015bci\u0105 energii p\u0142on\u0105cej jak ta<br \/>\ndrogocenna niepowtarzalna<br \/>\nzwr\u00f3cona we wszystkie strony \u015bwiata<br \/>\nchwila<\/p>\n<\/div>\n<p>&nbsp;<\/p>\n<p>16 I 2009 \u2013 \u015ar\u00f3dmiejski O\u015brodek Kultury, Krak\u00f3w, ul. Miko\u0142ajska 2,<br \/>\n\u201eListy do\u2026\u201d \u2013 program \u201eTeatru Stygmator\u201d m.in. na podstawie wierszy Alicji Zemanek (re\u017c. Violetta Zygmunt).<\/p>\n<p>13 VI 2009 \u2013 Ogr\u00f3d Botaniczny UJ, spotkanie autorskie,<br \/>\npromocja ksi\u0105\u017cki \u201eKrajobraz z my\u015bl\u0105c\u0105 traw\u0105\u201d<\/p>\n<p>20 XI 2009 \u2013 \u015ar\u00f3dmiejski O\u015brodek Kultury, Krak\u00f3w, ul. Miko\u0142ajska 2,<br \/>\npromocja ksi\u0105\u017cki \u201eKrajobraz z my\u015bl\u0105c\u0105 traw\u0105\u201d (program poetycko-muzyczny teatru \u201eStygmator\u201d)<\/p>\n<p>24 IX 2010 \u2013 Dom Kultury \u201ePodg\u00f3rze\u201d \u2013 go\u015b\u0107 Eryka Ostrowskiego w programie \u201eDlaczego klasycy\u201d<\/p>\n<p>25 V 2012 \u2013 Dom Kultury \u201ePodg\u00f3rze\u201d<br \/>\nWiecz\u00f3r autorski pt. \u201eSerce to samotny dom\u201d \u2013<br \/>\nprowadzenie Eryk Ostrowski<\/p>\n<p>25 XI 2015 \u2013 Dom Kultury \u201ePodg\u00f3rze\u201d<br \/>\npromocja ksi\u0105\u017cki \u201eNikt nie zbiera rajskich jab\u0142uszek\u201d<br \/>\nprowadzenie Dariusz Piotr Klimczak<\/p>\n<div>28 XI 2023 Promocja tomiku &#8222;Wiadomo\u015bci w chmurze&#8221;<\/div>\n<div>Krakowski Oddzia\u0142 ZLP i Klub Dziennikarzy &#8222;Pod Gruszk\u0105&#8221;<\/div>\n<div>Prowadzenie: Dariusz Klimczak<\/div>\n","protected":false},"excerpt":{"rendered":"<p>\u00a0 Alicja Zemanek Poetka, biolog, historyk nauk przyrodniczych, profesor Uniwersytetu Jagiello\u0144skiego, pracownik Muzeum Ogrodu Botanicznego UJ. Cz\u0142onkini ZLP od 1992 r. i Klubu Artystyczno-Literackiego Teatru Stygmator. Opublikowa\u0142a artyku\u0142y i ksi\u0105\u017cki dotycz\u0105ce historii nauki, zw\u0142aszcza botaniki, a tak\u017ce relacji przyroda \u2013 &#8230; <a class=\"more-link\" href=\"https:\/\/zlp-krakow.pl\/?page_id=286\">Read More &raquo;<\/a><\/p>\n","protected":false},"author":1,"featured_media":0,"parent":51,"menu_order":0,"comment_status":"closed","ping_status":"closed","template":"","meta":{"footnotes":""},"categories":[2],"tags":[],"class_list":["post-286","page","type-page","status-publish","hentry","category-czlonkowie"],"_links":{"self":[{"href":"https:\/\/zlp-krakow.pl\/index.php?rest_route=\/wp\/v2\/pages\/286","targetHints":{"allow":["GET"]}}],"collection":[{"href":"https:\/\/zlp-krakow.pl\/index.php?rest_route=\/wp\/v2\/pages"}],"about":[{"href":"https:\/\/zlp-krakow.pl\/index.php?rest_route=\/wp\/v2\/types\/page"}],"author":[{"embeddable":true,"href":"https:\/\/zlp-krakow.pl\/index.php?rest_route=\/wp\/v2\/users\/1"}],"replies":[{"embeddable":true,"href":"https:\/\/zlp-krakow.pl\/index.php?rest_route=%2Fwp%2Fv2%2Fcomments&post=286"}],"version-history":[{"count":20,"href":"https:\/\/zlp-krakow.pl\/index.php?rest_route=\/wp\/v2\/pages\/286\/revisions"}],"predecessor-version":[{"id":6303,"href":"https:\/\/zlp-krakow.pl\/index.php?rest_route=\/wp\/v2\/pages\/286\/revisions\/6303"}],"up":[{"embeddable":true,"href":"https:\/\/zlp-krakow.pl\/index.php?rest_route=\/wp\/v2\/pages\/51"}],"wp:attachment":[{"href":"https:\/\/zlp-krakow.pl\/index.php?rest_route=%2Fwp%2Fv2%2Fmedia&parent=286"}],"wp:term":[{"taxonomy":"category","embeddable":true,"href":"https:\/\/zlp-krakow.pl\/index.php?rest_route=%2Fwp%2Fv2%2Fcategories&post=286"},{"taxonomy":"post_tag","embeddable":true,"href":"https:\/\/zlp-krakow.pl\/index.php?rest_route=%2Fwp%2Fv2%2Ftags&post=286"}],"curies":[{"name":"wp","href":"https:\/\/api.w.org\/{rel}","templated":true}]}}