{"id":278,"date":"2015-03-06T01:42:14","date_gmt":"2015-03-06T00:42:14","guid":{"rendered":"http:\/\/zlp-krakow.org\/?page_id=278"},"modified":"2016-10-17T07:40:23","modified_gmt":"2016-10-17T05:40:23","slug":"jutrzenka-trzebiatowski-janusz","status":"publish","type":"page","link":"https:\/\/zlp-krakow.pl\/?page_id=278","title":{"rendered":"Janusz Jutrzenka-Trzebiatowski"},"content":{"rendered":"<p><a href=\"https:\/\/zlp-krakow.pl\/wp-content\/uploads\/2015\/03\/foto.jpg\"><img loading=\"lazy\" decoding=\"async\" class=\"alignnone size-full wp-image-1159\" src=\"https:\/\/zlp-krakow.pl\/wp-content\/uploads\/2015\/03\/foto.jpg\" alt=\"foto\" width=\"150\" height=\"200\" \/><\/a><\/p>\n<p><strong><span class=\"tytul\">Janusz Jutrzenka Trzebiatowski<\/span><\/strong><\/p>\n<div><span class=\"tekstnormal\">Janusz Gerard Stanis\u0142aw Jutrzenka Trzebiatowski urodzi\u0142 si\u0119 w Chojnicach 9 lipca 1939 roku. Od 1954 roku nieprzerwanie \u017cyje i pracuje w Krakowie. Poeta. Jego tw\u00f3rczo\u015b\u0107 to tak\u017ce malarstwo, rze\u017aba plakat, ma\u0142a forma rze\u017abiarska, medalierstwo, oraz realizacje w zakresie architektury i scenografii. Za ca\u0142okszta\u0142t tw\u00f3rczo\u015bci odznaczony Krzy\u017cem Kawalerskim i Krzy\u017cem Oficerskim Orderu Odrodzenia Polski, Z\u0142otym Laurem za Mistrzostwo w Sztuce i wieloma innymi odznaczeniami i wyr\u00f3\u017cnieniami. Cz\u0142onek, Assocation Internationale des Arts Plastiques AIAP, Federation Internationale De La Medaille FIDEM, Polish Pastel Society of America, Stowarzyszenia Tw\u00f3rczego POLART, Stowarzyszenia Pastelist\u00f3w Polskich, Zwi\u0105zku Polskich Artyst\u00f3w Plastyk\u00f3w, Zwi\u0105zku Literat\u00f3w Polskich, Stowarzyszenia Artystyczno-Literackiego i innych. Wystawia\u0142 za granic\u0105 w: Anglii, Armenii, Austrii, Belgii, Bu\u0142garii, Czechach, Danii, Finlandii, Francji, Hiszpanii, Holandii, Indiach, Irlandii, Izraelu, Japonii, Kanadzie, na Kubie, w Luksemburgu, Meksyku, Niemczech, Norwegii, Polsce, Rosji, Serbii, S\u0142owacji, USA, Syrii, Szwajcarii, Szwecji, Ukrainie, na W\u0119grzech, we W\u0142oszech. 174 wystawy indywidualne w kraju i za granic\u0105, udzia\u0142 w 436 wystawach mi\u0119dzynarodowych, og\u00f3lnopolskich i \u015brodowiskowych. Prace Janusza Trzebiatowskiego znajduj\u0105 si\u0119 w 90. muzeach w Polsce i na \u015bwiecie.<\/span><br class=\"tekstnormal\" \/><br class=\"tekstnormal\" \/><span class=\"tekstnormal\">Wyda\u0142 nast\u0119puj\u0105ce tomiki poezji:<\/span><br class=\"tekstnormal\" \/><span class=\"tekstnormal\">1. Poezje, pos\u0142owie Stanis\u0142aw Franczak, Krak\u00f3w 1993,<\/span><br class=\"tekstnormal\" \/><span class=\"tekstnormal\">2. Przyjaci\u00f3\u0142ko moja, pos\u0142owie Maciej Naglicki, Krak\u00f3w 1994,<\/span><br class=\"tekstnormal\" \/><span class=\"tekstnormal\">3. Ogrody sztuki, pos\u0142owie Micha\u0142 Ciecha\u0144ski, Krak\u00f3w 1996,<\/span><br class=\"tekstnormal\" \/><span class=\"tekstnormal\">4. Przestrzenie mi\u0142o\u015bci, pos\u0142owie Micha\u0142 Siemaszko, Krak\u00f3w 1997,\u00a0\u00a0\u00a0 <\/span><br class=\"tekstnormal\" \/><span class=\"tekstnormal\">5. Fotografie pami\u0119ci, wst\u0119p Piotr Augustynek, Krak\u00f3w 1999,<\/span><br class=\"tekstnormal\" \/><span class=\"tekstnormal\">6. Ona, wst\u0119p Boles\u0142aw Faron, Krak\u00f3w 2001, <\/span><br class=\"tekstnormal\" \/><span class=\"tekstnormal\">7. Pomi\u0119dzy, wst\u0119p Jan Pieszczachowicz, Krak\u00f3w 2004,<\/span><br class=\"tekstnormal\" \/><span class=\"tekstnormal\">8. Zapiski, wst\u0119p Jan Pieszczachowicz, Krak\u00f3w 2005.<\/span><br class=\"tekstnormal\" \/><span class=\"tekstnormal\">9. Dotyk, Wydawnictwo Stowarzyszenia POLART Krak\u00f3w 2007.<\/span><br class=\"tekstnormal\" \/><span class=\"tekstnormal\"><span class=\"tekstnormal\">Liczne publikacje w prasie i almanachach.<\/span><\/span><span class=\"tekstbold\">LAS<\/span><span class=\"tekstnormal\"><br \/>\n<\/span><span class=\"tekstwiersz\">w lesie rozkoszy<\/span><br class=\"tekstwiersz\" \/><span class=\"tekstwiersz\">pragn\u0105\u0142em jej<\/span><br class=\"tekstwiersz\" \/><br class=\"tekstwiersz\" \/><span class=\"tekstwiersz\">uwi\u0119zi\u0142a mnie<\/span><br class=\"tekstwiersz\" \/><span class=\"tekstwiersz\">dreszcz przenikn\u0105\u0142<\/span><br class=\"tekstwiersz\" \/><span class=\"tekstwiersz\">j\u0119kn\u0119\u0142a<\/span><br class=\"tekstwiersz\" \/><br class=\"tekstwiersz\" \/><span class=\"tekstwiersz\">w niebie<\/span><br class=\"tekstwiersz\" \/><span class=\"tekstwiersz\">pozostali \u015bwiadkowie<\/span><br class=\"tekstwiersz\" \/><span class=\"tekstwiersz\">za\u015blubin<\/span><\/p>\n<div><\/div>\n<p><span class=\"tekstbold\">SAMOTNO\u015a\u0106<\/span><span class=\"tekstnormal\"><br \/>\n<\/span><span class=\"tekstwiersz\">porzuci\u0142a\u015b<\/span><br class=\"tekstwiersz\" \/><span class=\"tekstwiersz\">ptaka na \u015bniegu<\/span><br class=\"tekstwiersz\" \/><span class=\"tekstwiersz\">ze z\u0142aman\u0105 dusz\u0105<\/span><br class=\"tekstwiersz\" \/><span class=\"tekstwiersz\">\u00a0\u00a0\u00a0 w noc<\/span><br class=\"tekstwiersz\" \/><span class=\"tekstwiersz\">\u00a0\u00a0\u00a0 poci\u0119t\u0105 <\/span><br class=\"tekstwiersz\" \/><span class=\"tekstwiersz\">\u00a0\u00a0\u00a0 czarnymi konarami<\/span><br class=\"tekstwiersz\" \/><span class=\"tekstwiersz\">\u00a0\u00a0\u00a0 samotno\u015bci<\/span><br class=\"tekstwiersz\" \/><span class=\"tekstwiersz\">\u00a0\u00a0\u00a0 na \u015bniegu<\/span><br class=\"tekstwiersz\" \/><span class=\"tekstwiersz\">\u00a0\u00a0\u00a0 smutku z\u0142amanej<\/span><br class=\"tekstwiersz\" \/><span class=\"tekstwiersz\">\u00a0\u00a0\u00a0 duszy<\/span><br class=\"tekstwiersz\" \/><span class=\"tekstwiersz\">\u00a0\u00a0\u00a0 pr\u0119tami czarnymi<\/span><br class=\"tekstwiersz\" \/><span class=\"tekstwiersz\">\u00a0\u00a0\u00a0 na bia\u0142ym <\/span><br class=\"tekstwiersz\" \/><span class=\"tekstwiersz\">\u00a0\u00a0\u00a0 jak ptak<\/span><br class=\"tekstwiersz\" \/><span class=\"tekstwiersz\">\u00a0\u00a0\u00a0 porzucona<\/span><br class=\"tekstwiersz\" \/><span class=\"tekstwiersz\">\u00a0\u00a0\u00a0 czer\u0144<\/span><br class=\"tekstwiersz\" \/><span class=\"tekstwiersz\">\u00a0\u00a0\u00a0 na bieli<\/span><br class=\"tekstwiersz\" \/><span class=\"tekstwiersz\">\u00a0\u00a0\u00a0 poci\u0119ta<\/span><br class=\"tekstwiersz\" \/><span class=\"tekstwiersz\">\u00a0\u00a0\u00a0 noc<\/span><\/p>\n<div><\/div>\n<\/div>\n<p>&nbsp;<\/p>\n","protected":false},"excerpt":{"rendered":"<p>Janusz Jutrzenka Trzebiatowski Janusz Gerard Stanis\u0142aw Jutrzenka Trzebiatowski urodzi\u0142 si\u0119 w Chojnicach 9 lipca 1939 roku. Od 1954 roku nieprzerwanie \u017cyje i pracuje w Krakowie. Poeta. Jego tw\u00f3rczo\u015b\u0107 to tak\u017ce malarstwo, rze\u017aba plakat, ma\u0142a forma rze\u017abiarska, medalierstwo, oraz realizacje w &#8230; <a class=\"more-link\" href=\"https:\/\/zlp-krakow.pl\/?page_id=278\">Read More &raquo;<\/a><\/p>\n","protected":false},"author":1,"featured_media":0,"parent":51,"menu_order":0,"comment_status":"closed","ping_status":"closed","template":"","meta":{"footnotes":""},"categories":[2],"tags":[],"class_list":["post-278","page","type-page","status-publish","hentry","category-czlonkowie"],"_links":{"self":[{"href":"https:\/\/zlp-krakow.pl\/index.php?rest_route=\/wp\/v2\/pages\/278","targetHints":{"allow":["GET"]}}],"collection":[{"href":"https:\/\/zlp-krakow.pl\/index.php?rest_route=\/wp\/v2\/pages"}],"about":[{"href":"https:\/\/zlp-krakow.pl\/index.php?rest_route=\/wp\/v2\/types\/page"}],"author":[{"embeddable":true,"href":"https:\/\/zlp-krakow.pl\/index.php?rest_route=\/wp\/v2\/users\/1"}],"replies":[{"embeddable":true,"href":"https:\/\/zlp-krakow.pl\/index.php?rest_route=%2Fwp%2Fv2%2Fcomments&post=278"}],"version-history":[{"count":6,"href":"https:\/\/zlp-krakow.pl\/index.php?rest_route=\/wp\/v2\/pages\/278\/revisions"}],"predecessor-version":[{"id":2685,"href":"https:\/\/zlp-krakow.pl\/index.php?rest_route=\/wp\/v2\/pages\/278\/revisions\/2685"}],"up":[{"embeddable":true,"href":"https:\/\/zlp-krakow.pl\/index.php?rest_route=\/wp\/v2\/pages\/51"}],"wp:attachment":[{"href":"https:\/\/zlp-krakow.pl\/index.php?rest_route=%2Fwp%2Fv2%2Fmedia&parent=278"}],"wp:term":[{"taxonomy":"category","embeddable":true,"href":"https:\/\/zlp-krakow.pl\/index.php?rest_route=%2Fwp%2Fv2%2Fcategories&post=278"},{"taxonomy":"post_tag","embeddable":true,"href":"https:\/\/zlp-krakow.pl\/index.php?rest_route=%2Fwp%2Fv2%2Ftags&post=278"}],"curies":[{"name":"wp","href":"https:\/\/api.w.org\/{rel}","templated":true}]}}