{"id":275,"date":"2015-03-06T01:41:35","date_gmt":"2015-03-06T00:41:35","guid":{"rendered":"http:\/\/zlp-krakow.org\/?page_id=275"},"modified":"2015-11-20T16:28:04","modified_gmt":"2015-11-20T15:28:04","slug":"tanew-alicja","status":"publish","type":"page","link":"https:\/\/zlp-krakow.pl\/?page_id=275","title":{"rendered":"Alicja Tanew"},"content":{"rendered":"<p><img loading=\"lazy\" decoding=\"async\" class=\"alignnone size-medium wp-image-390\" src=\"https:\/\/zlp-krakow.pl\/wp-content\/uploads\/2015\/03\/alicja-178x300.jpg\" alt=\"alicja\" width=\"178\" height=\"300\" \/><\/p>\n<p><strong>Alicja Tanew<\/strong><\/p>\n<p><strong>30-049 Krak\u00f3w,\u00a0<\/strong><strong>ul. Czarnowiejska 93\/3<\/strong><\/p>\n<p><strong>tel. 12 633 54 05, 503 855 770<\/strong><\/p>\n<p><strong><a href=\"www.tanew.info.pl\">www.tanew.info.pl<\/a><\/strong><\/p>\n<p><strong>alicja@tanew.info.pl<\/strong><\/p>\n<p><span style=\"font-size: 12pt;\"><strong>Alicja Tanew<\/strong><\/span> \u2013 poetka i kompozytorka, z zawodu radca prawny. Debiutowa\u0142a w Studenckim Kabarecie Piosenki \u201eSowizdrza\u0142\u201d w Krakowie. Jej \u201eRomans na p\u00f3\u0142 rosyjski\u201d zdoby\u0142 pierwsz\u0105 nagrod\u0119 w Telewizyjnej Gie\u0142dzie Piosenki w 1972 roku. W latach osiemdziesi\u0105tych nawi\u0105za\u0142a sta\u0142\u0105 wsp\u00f3\u0142prac\u0119 z Radiem Krak\u00f3w, tworz\u0105c scenariusze s\u0142uchowisk i bajek z w\u0142asn\u0105 muzyk\u0105. Jest autork\u0105 \u201eMisterium Bo\u017conarodzeniowego\u201d przedstawionego w Filharmonii Krakowskiej w 1997 roku. W \u201ePiwnicy pod Baranami\u201d, a tak\u017ce w telewizyjnych \u201eSpotkaniach z ballad\u0105\u201d i innych programach rozrywkowych \u015bpiewano jej piosenki. Stworzy\u0142a spektakle poetycko-muzyczne dla telewizji: \u201eCa\u0142e nieba s\u0142\u00f3w\u201d \u2013 1985, \u201eMarzenia ca\u0142kiem zwyczajne\u201d \u2013 1991 oraz \u201eCzas uderza\u201d \u2013 1992.<\/p>\n<p>Poezja Alicji Tanew \u2013 debiut w \u201e\u017byciu Literackim\u201d oraz publikacje w wielu antologiach i czasopismach poetyckich, takich jak \u201eAkant\u201d, \u201eRadostowa\u201d i inne. W 1994 roku wyda\u0142a tomik poezji \u201eZamieni\u0119 kurtk\u0119 na mi\u0142o\u015b\u0107\u201d, w 2007 \u201eZbieranie przecink\u00f3w\u201d, w 2011 \u201eKrople z innego snu\u201d, w 2014 \u201eSzkice na wietrze\u201d a w 2008 bajk\u0119 muzyczn\u0105 \u201eNoc w mrowisku, czyli le\u015bna przygoda Honoraty\u201d oraz \u201eZaczarowany fortepian\u201d. Jest cz\u0142onkiem Zwi\u0105zku Literat\u00f3w Polskich, Zwi\u0105zku Polskich Autor\u00f3w i Kompozytor\u00f3w ZAKR, Stowarzyszenia Tw\u00f3rczego Artystyczno-Literackiego STAL oraz Stowarzyszenia Teatr\u00f3w Nieinstytucjonalnych SteN. W 2011 roku zdoby\u0142a I nagrod\u0119 w Og\u00f3lnopolskim X Konkursie Poetyckim im. Emila Zegad\u0142owicza.<\/p>\n<p>\u015apiewa piosenki, do kt\u00f3rych sama pisze teksty i muzyk\u0119. Jest wielokrotn\u0105 finalistk\u0105 Mi\u0119dzynarodowego Festiwalu Bard\u00f3w w Warszawie Og\u00f3lnopolskiego Przegl\u0105du Piosenki Autorskiej \u201eOPPA\u201d 2000, \u201eOPPA\u201d 2005 i \u201eOPPA\u201d 2013 z wyr\u00f3\u017cnieniem honorowym oraz OPPA 2015. Od wielu lat koncertuje na r\u00f3\u017cnych scenach z recitalami poetycko-muzycznymi, tak\u017ce w wielu ciekawych miejscach na \u015bwiecie: w Caracas w Wenezueli dla Polonii, w klubie staroangielskim w Bostonie, na Haiti w mie\u015bcie Jackmel, na pok\u0142adzie statku Stefan Batory, w Pary\u017cu w kabarecie \u201eBelle Epoque\u201d oraz w Polsce mi\u0119dzy innymi w Pa\u0142acu Dzia\u0142y\u0144skich w Poznaniu, Galerii Sztuki \u015alendzi\u0144skich w Bia\u0142ymstoku, u \u201ePie\u015bniarzy\u201d we Wroc\u0142awiu, w Warszawie w \u201dKlubie Ksi\u0119garza\u201d, czy w Centrum Kultury we W\u0142oc\u0142awku Browar B i wtedy te\u017c udziela wywiad\u00f3w radiowych i telewizyjnych.<br \/>\nPierwsza p\u0142yta Alicji Tanew \u201e\u2026i tak to by\u0142o!\u201d zosta\u0142a wydana w 1999r., kolejna autorska p\u0142yta \u201cMoment\u201d ukaza\u0142a si\u0119 w 2011 roku, obj\u0119ta patronatem honorowym Prezydenta Miasta Krakowa Jacka Majchrowskiego. Premiera p\u0142yty mia\u0142a miejsce w Teatrze Ludowym na Scenie Pod Ratuszem 12 grudnia 2012 roku. W styczniu 2015 roku zosta\u0142a odznaczona Srebrnym Medalem Towarzystwa im. Hipolita Cegielskiego w Poznaniu \u201eLABOR OMNIA VINCIT\u201d za Krzewienie Idei Pracy Organicznej.<\/p>\n<p>25-go maja 2015r w Teatrze Ludowym \u201eScena pod Ratuszem\u201d obchodzono uroczy\u015bcie Jubileusz 50-lecia dzia\u0142alno\u015bci artystycznej Alicji Tanew. W wydarzeniu tym wzi\u0119li udzia\u0142 wybitni arty\u015bci, aktorzy, piosenkarze, poeci z Krakowa oraz z wielu innych miast. Na scenie zosta\u0142a uhonorowana odznak\u0105 \u201d Honoris Gratia\u201dotrzyman\u0105 od Prezydenta Miasta Krakowa Jacka Majchrowskiego, a tak\u017ce otrzyma\u0142a \u201eNAGROD\u0118 PRACY ORGANICZNEJ im. MARII KONOPNICKIEJ\u201d przyznan\u0105 przez Kapitu\u0142\u0119 Nagrody za zas\u0142ugi dla kultury polskiej, kt\u00f3ra jest nagrod\u0105 o zasi\u0119gu mi\u0119dzynarodowym, a jej symbolem jest pi\u0119kna kryszta\u0142owa statuetka z wygrawerowan\u0105 dedykacj\u0105 dla laureatki. W czasie tej uroczysto\u015bci zosta\u0142a jeszcze obdarowana \u201eGalicjowym S\u0142owikiem\u201d od krakowskiego zespo\u0142u muzycznego Lidii Jazgar \u201eGalicja\u201d. O tym wszystkim, co si\u0119 dzia\u0142o, wy\u015bpiewa\u0142o i wyrecytowa\u0142o mo\u017cna by\u0142o us\u0142ysze\u0107 w audycji Radia Krak\u00f3w \u201dCo\u015b dla ducha\u201d Lidii Jazgar dn. 31 maja 2015r.<br \/>\nKolejna nagroda, przyznana w czerwcu 2015 roku, to NAGRODA imienia KLEMENSA JANICKIEGO \u201cIANICIUS\u201d za oryginaln\u0105 tw\u00f3rczo\u015b\u0107 literack\u0105 i artystyczn\u0105.<br \/>\nAlicja Tanew prowadzi w Krakowie w\u0142asn\u0105 piwnic\u0119 artystyczn\u0105 \u201eScena ATA\u201d, z bogatym repertuarem poetycko-muzycznym i teatralnym oraz wystawami polskiej fotografii i malarstwa wsp\u00f3\u0142czesnego, promuj\u0105c poet\u00f3w, aktor\u00f3w i artyst\u00f3w, tworz\u0105c tak\u017ce w\u0142asne spektakle i bajki muzyczne, czym zaznaczy\u0142a na sta\u0142e swoje miejsce na mapie artystycznej Krakowa, to tutaj od kilku lat odbywaj\u0105 si\u0119 te\u017c Krakowskie Noce Teatr\u00f3w i Noce Poezji (adres internetowy www.tanew.info.pl). W prowadzeniu tej dzia\u0142alno\u015bci artystycznej, kt\u00f3ra budzi zachwyt wielu os\u00f3b z kraju i go\u015bci z zagranicy, m. in. z Anglii, Holandii, USA, Chin i Australii pomagaj\u0105 jej przyjaciele, arty\u015bci, piosenkarze i aktorzy.<\/p>\n<p><span style=\"font-size: 12pt; font-family: arial black,sans-serif;\"><strong>Retrospekcja<\/strong><\/span><\/p>\n<p>mia\u0142am siedem lat<br \/>\nna batystowej bluzce<br \/>\npodskakiwa\u0142y jasne warkocze<br \/>\nkiedy gra\u0142am w klasy<br \/>\nprzeskakuj\u0105c przez czas<\/p>\n<p>mia\u0142am siedemna\u015bcie lat<br \/>\nuszy\u0142am sobie sp\u00f3dnic\u0119 z ob\u0142ok\u00f3w<br \/>\n\u017ceby bluzka ju\u017c d\u0142u\u017cej nie czu\u0142a si\u0119 samotna<\/p>\n<p>sk\u0105d mog\u0142am wiedzie\u0107<br \/>\n\u017ce nie popycha si\u0119 wiatru<br \/>\n\u017ceby zd\u0105\u017cy\u0107<\/p>\n<p><span style=\"font-size: 12pt; font-family: arial black,sans-serif;\"><strong>Ona<\/strong><\/span><\/p>\n<p>Delikatn\u0105 mia\u0142a sk\u00f3r\u0119<br \/>\nwida\u0107 by\u0142o przez ni\u0105<br \/>\nszczeliny my\u015bli<br \/>\ni rozbiegane \u017cy\u0142ki pragnie\u0144<br \/>\nzwie\u0144czone sercem<\/p>\n<p>odwaga zbli\u017ce\u0144<br \/>\nzawsze zatrzymywa\u0142a si\u0119<br \/>\nna pierwszej plamce nad \u0142okciem<\/p>\n<p>delikatn\u0105 mia\u0142a sk\u00f3r\u0119<br \/>\nz kruchego czekania<\/p>\n<p>musia\u0142a codziennie<br \/>\ndolepia\u0107 s\u0142owa do my\u015bli<br \/>\ni zawija\u0107<br \/>\nw kokony mitu<\/p>\n<p><span style=\"font-size: 12pt; font-family: arial black,sans-serif;\"><strong>Krople<\/strong><\/span><br \/>\n<span style=\"font-size: 12pt; font-family: arial black,sans-serif;\"> <strong>z innego snu<\/strong><\/span><\/p>\n<p>Kieliszki pe\u0142ne czekania<br \/>\nmdlej\u0105 od nostalgii<\/p>\n<p>koniak na dnie nocy<br \/>\nza chwil\u0119<br \/>\nb\u0119dzie ju\u017c tylko przesz\u0142o\u015bci\u0105<\/p>\n<p>sama wypij\u0119 cisz\u0119<br \/>\nw kt\u00f3rej usn\u0119\u0142y Twoje obietnice<\/p>\n<p>krople<br \/>\nz innego snu<\/p>\n<p><span style=\"font-size: 12pt; font-family: arial black,sans-serif;\"><strong>W opakowaniach<\/strong><\/span><\/p>\n<p>obdarowywa\u0142 j\u0105 z\u0142udzeniami<br \/>\nw tak zachwycaj\u0105cych opakowaniach<br \/>\n\u017ce nigdy nie chcia\u0142a<br \/>\nzagl\u0105da\u0107 do \u015brodka<\/p>\n<p>kiedy po latach<br \/>\n\u015bciera\u0142a kurzez z przesz\u0142o\u015bci<br \/>\npod zawi\u0105zan\u0105 kokard\u0105<br \/>\nodkry\u0142a ze zdumieniem<\/p>\n<p>nieobecno\u015b\u0107 wn\u0119trza<\/p>\n<p><span style=\"font-size: 12pt; font-family: arial black,sans-serif;\"><strong>Wypij moj\u0105 t\u0119sknot\u0119<\/strong><\/span><\/p>\n<p>wypij moj\u0105 t\u0119sknot\u0119<br \/>\npopatrz jaki pi\u0119kny kielich Ci podaj\u0119<br \/>\nw krysztale \u017cycia<\/p>\n<p>wypij moj\u0105 t\u0119sknot\u0119<br \/>\nsmakuje jak czerwone wino<br \/>\nto najlepszy rocznik jaki mam<br \/>\na ile to ju\u017c lat<br \/>\nsam wiesz<\/p>\n<p>wypij moj\u0105 t\u0119sknot\u0119<br \/>\nnie wypada odmawia\u0107<br \/>\ngdy z serca daj\u0105<\/p>\n<p><span style=\"font-size: 12pt; font-family: arial black,sans-serif;\"><strong>Kolce<\/strong><\/span><\/p>\n<p>wyjmuj\u0119 kolce<br \/>\nz wczorajszych my\u015bli<br \/>\npowoli<br \/>\n\u017ceby nie bola\u0142o bardziej<\/p>\n<p>nie pami\u0119tam<br \/>\ngdzie nieopatrznie stan\u0119\u0142am bosymi stopami<br \/>\nna ostach jesiennych pyta\u0144<\/p>\n<p>nie pami\u0119tam<br \/>\ngdzie zgubi\u0142am buty<br \/>\nzgubi\u0107 buty to troch\u0119 tak jakby zgubi\u0107 drog\u0119<\/p>\n<p>nie pami\u0119tam<br \/>\ndlaczego nie zauwa\u017cy\u0142am<br \/>\nopadania w\u0142asnych li\u015bci<br \/>\ni zrani\u0142am si\u0119 ostrzem<br \/>\nsp\u00f3\u017anionego zdziwienia<\/p>\n<p><span style=\"font-size: 12pt; font-family: arial black,sans-serif;\"><strong>Fotografia I<\/strong><\/span><\/p>\n<p>fotografia<br \/>\nchwila schowana<br \/>\nrado\u015b\u0107, kt\u00f3r\u0105 zmy\u0142a \u0142za<br \/>\npatefon, kieliszek i st\u00f3\u0142<br \/>\nli\u015b\u0107, kt\u00f3ry spada<br \/>\ni gra<br \/>\ni s\u0142ycha\u0107 Twoje s\u0142owa<br \/>\nparskaj\u0105 konie na \u0142\u0105ce<br \/>\njest cisza<br \/>\nkt\u00f3ra nas wo\u0142a<br \/>\njak wyp\u0142owia\u0142e s\u0142o\u0144ce<\/p>\n<p><span style=\"font-size: 12pt; font-family: arial black,sans-serif;\"><strong>Fotografia II<\/strong><\/span><\/p>\n<p>fotografia<br \/>\nscena<br \/>\nna kt\u00f3rej zn\u00f3w potrafi\u0119 zagra\u0107<br \/>\npami\u0119\u0107<br \/>\nd\u0142u\u017csz\u0105, ni\u017c \u017cycie<br \/>\nanio\u0142a<\/p>\n<p><span style=\"font-size: 12pt; font-family: arial black,sans-serif;\"><strong>Zbieranie przecink\u00f3w<\/strong><\/span><\/p>\n<p>\u017bycie<br \/>\nzbieranie przecink\u00f3w<br \/>\nkt\u00f3re oddzielaj\u0105 mnie od Ciebie<br \/>\njak \u017cycie<\/p>\n<p>zbieranie przecink\u00f3w<br \/>\nto moja odwaga<br \/>\na problem Syzyfa<\/p>\n<p>ja tylko mu pomagam<br \/>\ntak wysz\u0142o<\/p>\n<p><span style=\"font-size: 12pt; font-family: arial black,sans-serif;\"><strong>Na szyldach<\/strong><\/span><\/p>\n<p>Noc\u0105<br \/>\nUlice Pami\u0119ci<br \/>\nprowadz\u0105 na krakowski Kazimierz<br \/>\nw kafejce mo\u017cna wypi\u0107 fili\u017cank\u0119<br \/>\ndusznego powietrza<br \/>\nalbo unie\u015b\u0107 si\u0119 na skrzyd\u0142ach dach\u00f3w<br \/>\nkt\u00f3rym zawsze by\u0142o bli\u017cej<br \/>\ndo nieba<br \/>\ni nawet trzeba zosta\u0107 tam przez chwil\u0119<br \/>\n\u017ceby cokolwiek zrozumie\u0107<\/p>\n<p>w zau\u0142kach dyskretnych \u015bwiate\u0142<br \/>\nszept muzyki t\u0119pi ostrze czasu<br \/>\nd\u017awi\u0119ki nurzaj\u0105 si\u0119 w zapachu<br \/>\ncebulowych kadzide\u0142<br \/>\ni pr\u00f3buj\u0105 sobie przypomnie\u0107<br \/>\ntamt\u0105 tonacj\u0119<\/p>\n<p>i tylko<br \/>\nprzesz\u0142o\u015b\u0107 na szyldach<br \/>\njest pewna swego<\/p>\n<p><span style=\"font-size: 12pt; font-family: arial black,sans-serif;\"><strong>Zachwyt<\/strong><\/span><\/p>\n<p>Zachwyt ma natur\u0119<br \/>\nkwiat\u00f3w i ludzi<\/p>\n<p>dlatego codziennie<br \/>\nzmieniam wod\u0119 w wazonie<\/p>\n<p>bo usta i wiersze<br \/>\ns\u0105 spragnione<\/p>\n<p>dop\u00f3ki pami\u0119taj\u0105<br \/>\nkszta\u0142t li\u015bci i d\u0142oni<\/p>\n<p><span style=\"font-size: 12pt; font-family: arial black,sans-serif;\"><strong>Rozstania nieuniknione<\/strong><\/span><\/p>\n<p>Uk\u0142adam si\u0119 w cisz\u0119 lata<br \/>\nsnem brzozowego drzewa<\/p>\n<p>przytulam do kory<br \/>\npachn\u0105cej przepowiedni\u0105<\/p>\n<p>smakuj\u0119 soki<br \/>\npulsuj\u0105cej g\u0142\u0119bi<\/p>\n<p>a pod rz\u0119sami cieni<br \/>\npozwalam chmurom<br \/>\nzapisywa\u0107 na niebiesko<\/p>\n<p>rozstania nieuniknione<\/p>\n","protected":false},"excerpt":{"rendered":"<p>Alicja Tanew 30-049 Krak\u00f3w,\u00a0ul. Czarnowiejska 93\/3 tel. 12 633 54 05, 503 855 770 www.tanew.info.pl alicja@tanew.info.pl Alicja Tanew \u2013 poetka i kompozytorka, z zawodu radca prawny. Debiutowa\u0142a w Studenckim Kabarecie Piosenki \u201eSowizdrza\u0142\u201d w Krakowie. Jej \u201eRomans na p\u00f3\u0142 rosyjski\u201d zdoby\u0142 &#8230; <a class=\"more-link\" href=\"https:\/\/zlp-krakow.pl\/?page_id=275\">Read More &raquo;<\/a><\/p>\n","protected":false},"author":1,"featured_media":0,"parent":51,"menu_order":0,"comment_status":"closed","ping_status":"closed","template":"","meta":{"footnotes":""},"categories":[2],"tags":[],"class_list":["post-275","page","type-page","status-publish","hentry","category-czlonkowie"],"_links":{"self":[{"href":"https:\/\/zlp-krakow.pl\/index.php?rest_route=\/wp\/v2\/pages\/275","targetHints":{"allow":["GET"]}}],"collection":[{"href":"https:\/\/zlp-krakow.pl\/index.php?rest_route=\/wp\/v2\/pages"}],"about":[{"href":"https:\/\/zlp-krakow.pl\/index.php?rest_route=\/wp\/v2\/types\/page"}],"author":[{"embeddable":true,"href":"https:\/\/zlp-krakow.pl\/index.php?rest_route=\/wp\/v2\/users\/1"}],"replies":[{"embeddable":true,"href":"https:\/\/zlp-krakow.pl\/index.php?rest_route=%2Fwp%2Fv2%2Fcomments&post=275"}],"version-history":[{"count":9,"href":"https:\/\/zlp-krakow.pl\/index.php?rest_route=\/wp\/v2\/pages\/275\/revisions"}],"predecessor-version":[{"id":1925,"href":"https:\/\/zlp-krakow.pl\/index.php?rest_route=\/wp\/v2\/pages\/275\/revisions\/1925"}],"up":[{"embeddable":true,"href":"https:\/\/zlp-krakow.pl\/index.php?rest_route=\/wp\/v2\/pages\/51"}],"wp:attachment":[{"href":"https:\/\/zlp-krakow.pl\/index.php?rest_route=%2Fwp%2Fv2%2Fmedia&parent=275"}],"wp:term":[{"taxonomy":"category","embeddable":true,"href":"https:\/\/zlp-krakow.pl\/index.php?rest_route=%2Fwp%2Fv2%2Fcategories&post=275"},{"taxonomy":"post_tag","embeddable":true,"href":"https:\/\/zlp-krakow.pl\/index.php?rest_route=%2Fwp%2Fv2%2Ftags&post=275"}],"curies":[{"name":"wp","href":"https:\/\/api.w.org\/{rel}","templated":true}]}}