{"id":273,"date":"2015-03-06T01:40:37","date_gmt":"2015-03-06T00:40:37","guid":{"rendered":"http:\/\/zlp-krakow.org\/?page_id=273"},"modified":"2016-01-28T08:53:15","modified_gmt":"2016-01-28T07:53:15","slug":"sidorkiewicz-ryszard","status":"publish","type":"page","link":"https:\/\/zlp-krakow.pl\/?page_id=273","title":{"rendered":"Ryszard Sidorkiewicz"},"content":{"rendered":"<p><a href=\"https:\/\/zlp-krakow.pl\/wp-content\/uploads\/2015\/03\/sidorkiewczfoto.jpg\"><img loading=\"lazy\" decoding=\"async\" class=\"alignnone size-full wp-image-1171\" src=\"https:\/\/zlp-krakow.pl\/wp-content\/uploads\/2015\/03\/sidorkiewczfoto.jpg\" alt=\"sidorkiewczfoto\" width=\"150\" height=\"200\" \/><\/a><\/p>\n<p><strong><span class=\"tytul\">Ryszard Sidorkiewicz<\/span><\/strong><\/p>\n<p>Urodzi\u0142 si\u0119 22. lipca 1959 roku w Cz\u0119stochowie. Poeta, t\u0142umacz, pisuje te\u017c recenzje literackie. Z wykszta\u0142cenia filolog, polonista i rusycysta; pedagog, animator uczniowskiej i nieprofesjonalnej tw\u00f3rczo\u015bci literackiej. Za\u0142o\u017cyciel oraz prezes Janowskiego Klubu Literackiego, inicjator cyklicznych Jurajskich Jesieni Poetyckich w Z\u0142otym Potoku. Laureat wielu og\u00f3lnopolskich konkurs\u00f3w poetyckich. Wyr\u00f3\u017cniony: Nagrod\u0105 Starosty Cz\u0119stochowskiego (2001), tytu\u0142em &#8222;Regionalny Mistrz Mowy Polskiej&#8221; (2002), Nagrod\u0105 Prezydenta Miasta Cz\u0119stochowy (2004), Z\u0142otym Krzy\u017cem Zas\u0142ugi (2008). Wiersze, recenzje, przek\u0142ady zamieszcza\u0142 w antologiach i almanachach literackich oraz w prasie, m.in. w &#8222;Akancie&#8221;, &#8222;Aspektach Filozoficzno-Prozatorskich&#8221;, &#8222;Dekadzie Literackiej&#8221;, &#8222;Forum My\u015bli Wolnej&#8221;, &#8222;Gazecie Kulturalnej&#8221;, &#8222;Nurcie&#8221;, &#8222;Poezji dzisiaj&#8221;, &#8222;S\u0142owie Polonisty&#8221;, &#8222;W\u0142asnym G\u0142osem&#8221; i innych. Cz\u0142onek Krakowskiego Oddzia\u0142u Zwi\u0105zku Literat\u00f3w Polskich.<\/p>\n<p>Publikacje ksi\u0105\u017ckowe:<\/p>\n<p>1. Piosenki z miasteczka Sidor\u00f3w (1992)<br \/>\n2. Jeszcze.<br \/>\n3. Ksi\u0119ga (1994, 1996)<br \/>\n4. Sidor\u00f3w (1996)<br \/>\n5. Wiersze z rymami i bez (2001)<br \/>\n6. Legenda znad Gop\u0142a (dla dzieci; 2002)<br \/>\n7. \u015awiate\u0142ko (2003)<br \/>\n8. Poezje wybrane (2008)<br \/>\n9. Syberiada. Wiersze poet\u00f3w znad Bajka\u0142u (przek\u0142ady z j. rosyjskiego; 2010)<\/p>\n<p><span class=\"tekstbold\">MOJA PIE\u015a\u0143 MI\u0141OSNA<\/span><\/p>\n<p><span class=\"tekstwiersz\">wkocha\u0107 si\u0119 w \u017cycie<br \/>\nzakocha\u0107 bro\u0144<\/span><\/p>\n<p><span class=\"tekstwiersz\">nakocha\u0107 wierszy<br \/>\ndokocha\u0107 dom<\/span><\/p>\n<p><span class=\"tekstwiersz\">przekocha\u0107 drogi<br \/>\nwykocha\u0107 \u015blad<\/span><\/p>\n<p><span class=\"tekstwiersz\">przykocha\u0107 ludzi<br \/>\nobkocha\u0107 \u015bwiat<\/span><\/p>\n<p><span class=\"tekstwiersz\">kocha\u0107 jak wariat<br \/>\nukocha\u0107 si\u0119<\/span><\/p>\n<p><span class=\"tekstwiersz\">rozkocha\u0107 w drzazgi<br \/>\nskocha\u0107 na \u015bmier\u0107<\/span><\/p>\n<p><span class=\"tekstbold\">PO\u017bEGNANIE Z MIASTEM<br \/>\nalbo<br \/>\nPIOSENKA NA ODJEZDNE<\/span><\/p>\n<p><span class=\"tekstbold\">\u00a0\u00a0\u00a0\u00a0\u00a0\u00a0\u00a0\u00a0\u00a0\u00a0\u00a0\u00a0\u00a0\u00a0\u00a0\u00a0\u00a0\u00a0\u00a0\u00a0\u00a0\u00a0\u00a0\u00a0\u00a0\u00a0\u00a0\u00a0\u00a0\u00a0 mojej Cz\u0119stochowie<\/span><\/p>\n<p><span class=\"tekstwiersz\">wyludnia mi si\u0119 miasto<br \/>\npustoszej\u0105 aleje<\/span><\/p>\n<p><span class=\"tekstwiersz\">wypielgrzymowa\u0142 klasztor<br \/>\nstara mi\u0142o\u015b\u0107 rdzewieje<\/span><\/p>\n<p><span class=\"tekstwiersz\">wart\u0105 sp\u0142yn\u0119\u0142y \u015bni\u0119te<br \/>\nryby zdarzen i marze\u0144<\/span><\/p>\n<p><span class=\"tekstwiersz\">co wa\u017cne i co \u015bwi\u0119te<br \/>\nwyblak\u0142o w kalendarzach<\/span><\/p>\n<p><span class=\"tekstwiersz\">z pami\u0119tanych adres\u00f3w<br \/>\npozosta\u0142 cmentarz rocha<\/span><\/p>\n<p><span class=\"tekstwiersz\">gdy to\u017csamo\u015b\u0107 u kresu<br \/>\nczas si\u0119 z miasta wykocha\u0107<\/span><\/p>\n<p><span class=\"tekstwiersz\">zostawi\u0107 serce ryte<br \/>\nna \u0142awce pod ratuszem<\/span><\/p>\n<p><span class=\"tekstwiersz\">wyjecha\u0107 rannym \u015bwitem<br \/>\nprzekrwionym autobusem<\/span><\/p>\n<p>&nbsp;<\/p>\n","protected":false},"excerpt":{"rendered":"<p>Ryszard Sidorkiewicz Urodzi\u0142 si\u0119 22. lipca 1959 roku w Cz\u0119stochowie. Poeta, t\u0142umacz, pisuje te\u017c recenzje literackie. Z wykszta\u0142cenia filolog, polonista i rusycysta; pedagog, animator uczniowskiej i nieprofesjonalnej tw\u00f3rczo\u015bci literackiej. Za\u0142o\u017cyciel oraz prezes Janowskiego Klubu Literackiego, inicjator cyklicznych Jurajskich Jesieni Poetyckich &#8230; <a class=\"more-link\" href=\"https:\/\/zlp-krakow.pl\/?page_id=273\">Read More &raquo;<\/a><\/p>\n","protected":false},"author":1,"featured_media":0,"parent":51,"menu_order":0,"comment_status":"closed","ping_status":"closed","template":"","meta":{"footnotes":""},"categories":[2],"tags":[],"class_list":["post-273","page","type-page","status-publish","hentry","category-czlonkowie"],"_links":{"self":[{"href":"https:\/\/zlp-krakow.pl\/index.php?rest_route=\/wp\/v2\/pages\/273","targetHints":{"allow":["GET"]}}],"collection":[{"href":"https:\/\/zlp-krakow.pl\/index.php?rest_route=\/wp\/v2\/pages"}],"about":[{"href":"https:\/\/zlp-krakow.pl\/index.php?rest_route=\/wp\/v2\/types\/page"}],"author":[{"embeddable":true,"href":"https:\/\/zlp-krakow.pl\/index.php?rest_route=\/wp\/v2\/users\/1"}],"replies":[{"embeddable":true,"href":"https:\/\/zlp-krakow.pl\/index.php?rest_route=%2Fwp%2Fv2%2Fcomments&post=273"}],"version-history":[{"count":5,"href":"https:\/\/zlp-krakow.pl\/index.php?rest_route=\/wp\/v2\/pages\/273\/revisions"}],"predecessor-version":[{"id":1173,"href":"https:\/\/zlp-krakow.pl\/index.php?rest_route=\/wp\/v2\/pages\/273\/revisions\/1173"}],"up":[{"embeddable":true,"href":"https:\/\/zlp-krakow.pl\/index.php?rest_route=\/wp\/v2\/pages\/51"}],"wp:attachment":[{"href":"https:\/\/zlp-krakow.pl\/index.php?rest_route=%2Fwp%2Fv2%2Fmedia&parent=273"}],"wp:term":[{"taxonomy":"category","embeddable":true,"href":"https:\/\/zlp-krakow.pl\/index.php?rest_route=%2Fwp%2Fv2%2Fcategories&post=273"},{"taxonomy":"post_tag","embeddable":true,"href":"https:\/\/zlp-krakow.pl\/index.php?rest_route=%2Fwp%2Fv2%2Ftags&post=273"}],"curies":[{"name":"wp","href":"https:\/\/api.w.org\/{rel}","templated":true}]}}