{"id":268,"date":"2015-03-06T01:39:15","date_gmt":"2015-03-06T00:39:15","guid":{"rendered":"http:\/\/zlp-krakow.org\/?page_id=268"},"modified":"2019-03-04T08:09:28","modified_gmt":"2019-03-04T07:09:28","slug":"pociask-karteczka-joanna","status":"publish","type":"page","link":"https:\/\/zlp-krakow.pl\/?page_id=268","title":{"rendered":"Joanna Pociask-Karteczka"},"content":{"rendered":"<p><strong><a href=\"https:\/\/zlp-krakow.pl\/wp-content\/uploads\/2015\/03\/asia1.jpg\"><img loading=\"lazy\" decoding=\"async\" class=\"alignnone size-medium wp-image-643\" src=\"https:\/\/zlp-krakow.pl\/wp-content\/uploads\/2015\/03\/asia1-300x225.jpg\" alt=\"asia1\" width=\"300\" height=\"225\" srcset=\"https:\/\/zlp-krakow.pl\/wp-content\/uploads\/2015\/03\/asia1-300x225.jpg 300w, https:\/\/zlp-krakow.pl\/wp-content\/uploads\/2015\/03\/asia1.jpg 1024w, https:\/\/zlp-krakow.pl\/wp-content\/uploads\/2015\/03\/asia1-600x450.jpg 600w\" sizes=\"auto, (max-width: 300px) 100vw, 300px\" \/><\/a><\/strong><\/p>\n<p style=\"text-align: justify;\"><strong>\u00a0<\/strong><strong>Joanna Pociask-Karteczka<\/strong> \u2013 hydrolog, geograf, profesor, pracownik naukowy Uniwersytetu Jagiello\u0144skiego. h 1983 i 1984 bra\u0142a udzia\u0142 w polarnych badaniach ekspedycyjnych na Spitsbergenie, gdzie sp\u0119dzi\u0142a dwa kolejne sezony letnie prowadz\u0105c badania hydrologiczne. Stopie\u0144 doktora uzyska\u0142a w 1987 r., doktora habilitowanego \u2013 w 1996 r., natomiast tytu\u0142 naukowy profesora zosta\u0142 jej nadany w czerwcu 2005 r. W jej naukowym dorobku znajduje si\u0119 kilkaset naukowych i popularno-naukowych z zakresu nauk o Ziemi (g\u0142\u00f3wnie hydrologii i ochrony \u015brodowiska; http:\/\/www.geo.uj.edu.pl\/~j.pociask\/).<\/p>\n<p style=\"text-align: justify;\">\u201ePoetka natury, uczu\u0107 i metafizycznych poszukiwa\u0144 religijnych\u201d (A. Zemanek, <em>Ocalenia<\/em>, 2005). Tematyka jej tw\u00f3rczo\u015bci poetyckiej osadzona jest w prze\u017cyciach zwi\u0105zanych z ekspedycjami naukowymi i innymi licznymi podr\u00f3\u017cami, sporo utwor\u00f3w ma charakter religijny, do\u015b\u0107 liczne wiersze po\u015bwi\u0119cone s\u0105 g\u00f3rom.<\/p>\n<p style=\"text-align: justify;\">Cz\u0142onkini Zwi\u0105zku Literat\u00f3w Polskich, wsp\u00f3\u0142pracuje z Klubem Artystyczno-Literackim Teatr Stygmator; autorka tomik\u00f3w <em>Na drugi brzeg<\/em> (1996), <em>Droga Krzy\u017cowa<\/em> (1997, 2013), <em>Zosta\u0144cie<\/em> (1999), <em>Ocalenia<\/em> (2005), <em>Twarze z g\u00f3r<\/em> (2008), <em>bez dotyku<\/em> (2012).<\/p>\n<p style=\"text-align: justify;\">Jej utwory prezentowane by\u0142y m.in. podczas spotka\u0144 i imprez: wernisa\u017c wystawy \u201eKrzy\u017ce\u201d Teresy Iwanejko-Tarczy\u0144skiej (Krak\u00f3w, 1998), koncert pasyjny w ko\u015bciele oo. Pijar\u00f3w (Krak\u00f3w, 1999), my\u015blenickie spotkania \u201eAnio\u0142y\u201d (2001, 2002), programy poetyckie w radio \u201eAlfa\u201d (2002, 2006), Noce Krakowskich Poet\u00f3w (Krak\u00f3w 2002, 2007, 2008), Konkurs Jednego Wiersza im. J. Taw\u0142owicza na Harendzie (2013-2014), wieczory autorskie w ramach cyklu \u201ePoezja i muzyka w Ogrodzie\u201d (2002-2007).<\/p>\n<div><strong>Wiersze wybrane <\/strong><\/div>\n<div><strong>\u00a0<\/strong><\/div>\n<div><strong>a jednak <\/strong><strong><br \/>\n<\/strong><\/div>\n<h6><\/h6>\n<div>a jednak si\u0105dziemy razem przed domem<br \/>\nnaszej wyobra\u017ani<br \/>\ngar\u015bciami czerpa\u0107 b\u0119dziemy zachody s\u0142o\u0144c<br \/>\ni wschody<br \/>\nto musi wystarczy\u0107<br \/>\nna dzi\u015b<br \/>\nna jutro<br \/>\nna wieczno\u015b\u0107<\/div>\n<h6><\/h6>\n<div>spojrzeniem wstecz oprzemy oczy na ramionach bia\u0142ych g\u00f3r<br \/>\nzawsze wiernych<br \/>\nwiatr od morza zaklaszcze li\u015b\u0107mi topoli<br \/>\nsp\u0142oszy przycupni\u0119te pod k\u0119pk\u0105 lawendy s\u0142owa<br \/>\nzb\u0119dne<br \/>\nto przecie\u017c nie one<br \/>\nucz\u0105 oddania na wieczno\u015b\u0107<\/div>\n<h6><\/h6>\n<div>Krak\u00f3w, sierpie\u0144 15. 2015 r.<\/div>\n<div><strong>\u00a0<\/strong><\/div>\n<div><em>\u00a0\u00a0\u00a0\u00a0\u00a0\u00a0\u00a0\u00a0\u00a0\u00a0\u00a0\u00a0\u00a0\u00a0\u00a0\u00a0<span style=\"font-size: 10pt;\">\u00a0 Jackowi Kajtochowi (1933 \u2013 2019)<\/span> <\/em><\/div>\n<div><strong>\u00a0<\/strong><\/div>\n<div><strong>przebudzenie ewy<\/strong><\/div>\n<h6><\/h6>\n<div>przez lata<\/div>\n<div>dr\u017cenia serca wnika\u0142y w skalne szczeliny granitowych szlak\u00f3w<\/div>\n<div>biodra ju\u017c zastyg\u0142y w ekstazie obj\u0119\u0107 g\u0142adkiego marmuru<\/div>\n<div>wzrok utkwi\u0142 na paj\u0119czynie podniebnych t\u0119czy<\/div>\n<div><\/div>\n<div>nagle przyfrun\u0105\u0142 g\u00f3rski ptak<\/div>\n<div>i przyni\u00f3s\u0142 w dziobie pi\u00f3rko \u015bnie\u017cnobia\u0142ej mewy<\/div>\n<div><\/div>\n<div>struna harfy drgn\u0119\u0142a<\/div>\n<div>ewa przebudzi\u0142a si\u0119<\/div>\n<h6><\/h6>\n<div><span style=\"font-size: 10pt;\">Brela \u2013 V\u00e1c \u2013 Krak\u00f3w,\u00a0 sierpie\u0144 2012<\/span><\/div>\n<h6><\/h6>\n<div><em>\u00a0\u00a0\u00a0\u00a0\u00a0\u00a0\u00a0\u00a0\u00a0\u00a0\u00a0\u00a0\u00a0\u00a0\u00a0\u00a0\u00a0\u00a0\u00a0 <span style=\"font-size: 10pt;\">Ule\u0144ce Radwa\u0144skiej (1961<\/span><\/em><span style=\"font-size: 10pt;\"><em>\u2013 <\/em><\/span><em><span style=\"font-size: 10pt;\">2018)<\/span> <\/em><\/div>\n<div><strong>\u00a0<\/strong><\/div>\n<div><strong>rozkaz do Tatr <\/strong><\/div>\n<div><strong>\u00a0<\/strong><\/div>\n<div>zn\u00f3w zamykacie horyzont<\/div>\n<div>strzeliste wynios\u0142e samolubne<\/div>\n<div>bezwstydne w swym pi\u0119knie<\/div>\n<div>wiecznym<\/div>\n<div><\/div>\n<div>c\u00f3\u017c \u017ce jeste\u015bcie na wyci\u0105gni\u0119cie r\u0119ki<\/div>\n<div>skoro dzi\u015b zosta\u0142y tylko niebieskobia\u0142e doliny korytarzy<\/div>\n<div>z dziuplami sal<\/div>\n<div>przewieszkami kropl\u00f3wek<\/div>\n<div>i mozolnym w\u0119drowaniem przez Tw\u00f3j sen<\/div>\n<div>z przystankami nad potokami szybkich oddech\u00f3w<\/div>\n<div><\/div>\n<div>jak to mo\u017cliwe<\/div>\n<div>\u017ce bledn\u0105ce chabrowo oczy<\/div>\n<div>s\u0105 ci\u0105gle promienne<\/div>\n<div>i nad wyraz b\u0142\u0119kitsze ni\u017c niebo nad wami<\/div>\n<div><\/div>\n<div>wy drwicie z zanikaj\u0105cych uderze\u0144 t\u0119tna<\/div>\n<div>oboj\u0119tnie rejestrujecie coraz rzadsze oddechy<\/div>\n<div><\/div>\n<div>wy niewzruszone twarde graniaste<\/div>\n<div>zakorzenione w magmie<\/div>\n<div>moc\u0105 kipi\u0105ce<\/div>\n<div>dajcie dzi\u015b sw\u0105 si\u0142\u0119<\/div>\n<div>\u017c\u0105dam<\/div>\n<div>natychmiast<\/div>\n<h6><\/h6>\n<div><span style=\"font-size: 10pt;\">Krak\u00f3w \u2013 Zakopane, maj \u2013 czerwiec \u00a02018 r.<\/span><\/div>\n<div><em>\u00a0<\/em><\/div>\n<div><em>\u00a0\u00a0\u00a0\u00a0\u00a0\u00a0\u00a0\u00a0\u00a0\u00a0\u00a0\u00a0\u00a0\u00a0\u00a0\u00a0\u00a0\u00a0\u00a0 <span style=\"font-size: 10pt;\">Maciejowi\u00a0 Naglickiemu (1952 \u2013 2016)<\/span> <\/em><\/div>\n<div><strong>\u00a0<\/strong><\/div>\n<div><strong>nim zap\u0142onie noc<\/strong><\/div>\n<h6><\/h6>\n<div>nim zap\u0142onie noc<\/div>\n<div>wtul twarz w poduszk\u0119 zielonych traw<\/div>\n<div>i pos\u0142uchaj m\u0105dro\u015bci Ziemi<\/div>\n<div>niepoj\u0119tej<\/div>\n<div><\/div>\n<div>g\u00f3ra nad nami<\/div>\n<div>wysuwa pier\u015b ku niebu<\/div>\n<div>szukaj\u0105c schronienia w psalmach<\/div>\n<div>ponad symfoni\u0105 wichr\u00f3w<\/div>\n<div><\/div>\n<div>pos\u0142uchaj jak \u017carem z\u0142otej jesieni \u015bpiewaj\u0105 lasy<\/div>\n<div>szelest li\u015bci pod stopami pieszczotliwie otula s\u0142owa<\/div>\n<div><\/div>\n<div>s\u0142owa&#8230;<\/div>\n<div>s\u0142owa przemijaj\u0105<\/div>\n<div>nie umieraj\u0105 spojrzenia<\/div>\n<h6><\/h6>\n<div><span style=\"font-size: 10pt;\">Krak\u00f3w, 26 pa\u017adziernika 2012 r.<\/span><\/div>\n<h6><\/h6>\n<div><em>\u00a0\u00a0\u00a0\u00a0\u00a0\u00a0\u00a0\u00a0\u00a0\u00a0\u00a0\u00a0\u00a0\u00a0\u00a0 <span style=\"font-size: 10pt;\">Ks. Andrzejowi Baczy\u0144skiemu (1957 \u2013 2015)<\/span><\/em><\/div>\n<div><strong>\u00a0<\/strong><\/div>\n<div><strong>warto<\/strong><\/div>\n<h6><\/h6>\n<div>moje g\u00f3ry wstrzyma\u0142y oddech<\/div>\n<div>w oczekiwaniu na Tw\u00f3j oddech<\/div>\n<div>szczyty zamar\u0142y na niebach bez s\u0142o\u0144c<\/div>\n<div>lasy zaszumia\u0142y milczeniem<\/div>\n<div><\/div>\n<div>jak tu p\u0142on\u0105\u0107 jasno\u015bci\u0105<\/div>\n<div>gdy nawet anio\u0142om odebra\u0142o mow\u0119<\/div>\n<div><\/div>\n<div>za rogiem kruk dziobie ziarno jakby nigdy nic<\/div>\n<div>nasro\u017cone pi\u00f3ra po\u0142yskuj\u0105 t\u0142ustym granatem<\/div>\n<div><\/div>\n<div>warto wnikn\u0105\u0107 w mg\u0142\u0119 Twoich oczu<\/div>\n<div>\u0142atwiej jest t\u0119skni\u0107<\/div>\n<div>za Tamtymi G\u00f3rami<\/div>\n<div>za Tamt\u0105 Rzek\u0105<\/div>\n<div>ze \u0179r\u00f3d\u0142em Niewyczerpanym<\/div>\n<h6><\/h6>\n<div><span style=\"font-size: 10pt;\">20 listopada \u2013 20 grudnia 2015 r.<\/span><\/div>\n<h6><\/h6>\n<div><em>\u00a0\u00a0\u00a0\u00a0\u00a0\u00a0\u00a0\u00a0\u00a0\u00a0\u00a0\u00a0\u00a0\u00a0\u00a0\u00a0 <span style=\"font-size: 10pt;\">Andrzejowi T. Jankowskiemu(1938 \u2013 2014)<\/span> <\/em><\/div>\n<h6><\/h6>\n<div><strong>ostatnia pro\u015bba <\/strong><\/div>\n<h6><\/h6>\n<div>oczekuj nas<\/div>\n<div>przy wiecznie bij\u0105cym \u017ar\u00f3dle<\/div>\n<div><\/div>\n<div>w\u015br\u00f3d majowych bieszczadzkich buk\u00f3w<\/div>\n<div>odzianych w zielonoz\u0142ote tiule<\/div>\n<div>s\u0142o\u0144ce ogrzeje poranne mg\u0142y niepokoj\u00f3w<\/div>\n<div>nim na po\u0142oninach zabrzmi\u0105 dzwony \u015bwiat\u0142a<\/div>\n<div><\/div>\n<div>wiatrem znad Otrytu przywo\u0142amy wielkie rzeki<\/div>\n<div>ich nurty zatopi\u0105 z\u0142omiska czasu<\/div>\n<div>codzienno\u015b\u0107 stanie si\u0119 \u015bwi\u0119tem<\/div>\n<div>wodospady zaperl\u0105 wieczory<\/div>\n<div>i nic nie b\u0119dzie ju\u017c ciemne<\/div>\n<div><\/div>\n<div>oczekuj nas<\/div>\n<div>przy wiecznie bij\u0105cym \u017ar\u00f3dle<\/div>\n<h6><\/h6>\n<div><span style=\"font-size: 10pt;\">Bieszczady, 15 maja 2014 r.<\/span><\/div>\n<h6><\/h6>\n<div><em>\u00a0\u00a0\u00a0\u00a0\u00a0\u00a0\u00a0\u00a0\u00a0\u00a0\u00a0\u00a0\u00a0\u00a0\u00a0\u00a0<span style=\"font-size: 10pt;\"> Jerzemu Taw\u0142owiczowi, w pi\u0105t\u0105 rocznic\u0119 odej\u015bcia<\/span><\/em><\/div>\n<div><strong>\u00a0<\/strong><\/div>\n<div><strong>aniele dnia ostatniego<\/strong><\/div>\n<div><strong>\u00a0<\/strong><\/div>\n<div>gdy twoje skrzyd\u0142a otul\u0105 mnie snem kos\u00f3wki<\/div>\n<div>niech zata\u0144cz\u0105 wiewi\u00f3rki<\/div>\n<div>wok\u00f3\u0142 Smreczy\u0144skich Staw\u00f3w \u2013 u\u015bpionych zwierciade\u0142 nieba<\/div>\n<div><\/div>\n<div>figlarne my\u015bli rozmoszcz\u0105 si\u0119 w soczystych wilgoci\u0105 mchach<\/div>\n<div>a ziemia poch\u0142onie zgrzyt mieczy i krew<\/div>\n<div><\/div>\n<div>niech zaszumi wiatr w sztandarach \u015bwierk\u00f3w<\/div>\n<div>i zamieni drzazgi dnia w p\u0119kate grona szyszek<\/div>\n<div><\/div>\n<div>gdy swoim skrzyd\u0142em otulisz mnie snem kos\u00f3wki<\/div>\n<div>skaz\u0119 i cie\u0144 oderwane od cia\u0142a<\/div>\n<div>niech zabior\u0105 naremne wody Dunajca<\/div>\n<div>i niech w ca\u0142unie jesiennych s\u0142o\u0144c<\/div>\n<div>zawisn\u0119\u00a0w ol\u015bnieniu nad grani\u0105 purpurowych skucin<\/div>\n<div><\/div>\n<div>aniele dnia ostatniego<\/div>\n<h6><\/h6>\n<div><span style=\"font-size: 8pt;\">Rusinowa Polana, 16 wrze\u015bnia 2017 r. \u2013 Zakopane (DPT \u0141ada) 16 wrze\u015bnia 2017 r. \u2013 Krak\u00f3w, 27 wrze\u015bnia 2017 r.<\/span><\/div>\n","protected":false},"excerpt":{"rendered":"<p>\u00a0Joanna Pociask-Karteczka \u2013 hydrolog, geograf, profesor, pracownik naukowy Uniwersytetu Jagiello\u0144skiego. h 1983 i 1984 bra\u0142a udzia\u0142 w polarnych badaniach ekspedycyjnych na Spitsbergenie, gdzie sp\u0119dzi\u0142a dwa kolejne sezony letnie prowadz\u0105c badania hydrologiczne. Stopie\u0144 doktora uzyska\u0142a w 1987 r., doktora habilitowanego \u2013 &#8230; <a class=\"more-link\" href=\"https:\/\/zlp-krakow.pl\/?page_id=268\">Read More &raquo;<\/a><\/p>\n","protected":false},"author":1,"featured_media":0,"parent":51,"menu_order":0,"comment_status":"closed","ping_status":"closed","template":"","meta":{"footnotes":""},"categories":[2],"tags":[],"class_list":["post-268","page","type-page","status-publish","hentry","category-czlonkowie"],"_links":{"self":[{"href":"https:\/\/zlp-krakow.pl\/index.php?rest_route=\/wp\/v2\/pages\/268","targetHints":{"allow":["GET"]}}],"collection":[{"href":"https:\/\/zlp-krakow.pl\/index.php?rest_route=\/wp\/v2\/pages"}],"about":[{"href":"https:\/\/zlp-krakow.pl\/index.php?rest_route=\/wp\/v2\/types\/page"}],"author":[{"embeddable":true,"href":"https:\/\/zlp-krakow.pl\/index.php?rest_route=\/wp\/v2\/users\/1"}],"replies":[{"embeddable":true,"href":"https:\/\/zlp-krakow.pl\/index.php?rest_route=%2Fwp%2Fv2%2Fcomments&post=268"}],"version-history":[{"count":21,"href":"https:\/\/zlp-krakow.pl\/index.php?rest_route=\/wp\/v2\/pages\/268\/revisions"}],"predecessor-version":[{"id":4250,"href":"https:\/\/zlp-krakow.pl\/index.php?rest_route=\/wp\/v2\/pages\/268\/revisions\/4250"}],"up":[{"embeddable":true,"href":"https:\/\/zlp-krakow.pl\/index.php?rest_route=\/wp\/v2\/pages\/51"}],"wp:attachment":[{"href":"https:\/\/zlp-krakow.pl\/index.php?rest_route=%2Fwp%2Fv2%2Fmedia&parent=268"}],"wp:term":[{"taxonomy":"category","embeddable":true,"href":"https:\/\/zlp-krakow.pl\/index.php?rest_route=%2Fwp%2Fv2%2Fcategories&post=268"},{"taxonomy":"post_tag","embeddable":true,"href":"https:\/\/zlp-krakow.pl\/index.php?rest_route=%2Fwp%2Fv2%2Ftags&post=268"}],"curies":[{"name":"wp","href":"https:\/\/api.w.org\/{rel}","templated":true}]}}