{"id":267,"date":"2015-03-06T01:38:57","date_gmt":"2015-03-06T00:38:57","guid":{"rendered":"http:\/\/zlp-krakow.org\/?page_id=267"},"modified":"2015-03-21T02:48:10","modified_gmt":"2015-03-21T01:48:10","slug":"pituch-noworolska-anna","status":"publish","type":"page","link":"https:\/\/zlp-krakow.pl\/?page_id=267","title":{"rendered":"Anna Pituch-Noworolska"},"content":{"rendered":"<p><img loading=\"lazy\" decoding=\"async\" class=\"alignnone size-medium wp-image-1053\" src=\"https:\/\/zlp-krakow.pl\/wp-content\/uploads\/2015\/03\/IMG_0327-001-200x300.jpg\" alt=\"IMG_0327-001\" width=\"200\" height=\"300\" srcset=\"https:\/\/zlp-krakow.pl\/wp-content\/uploads\/2015\/03\/IMG_0327-001-200x300.jpg 200w, https:\/\/zlp-krakow.pl\/wp-content\/uploads\/2015\/03\/IMG_0327-001.jpg 320w\" sizes=\"auto, (max-width: 200px) 100vw, 200px\" \/><\/p>\n<p>Anna Pituch-Noworolska<\/p>\n<p>Urodzi\u0142am si\u0119 w Krakowie i tu uko\u0144czy\u0142am szko\u0142\u0119, studia medyczne i pracuj\u0119 nadal\u00a0 jako pediatra, immunolog kliniczny. Mieszkam w Krakowie, kt\u00f3ry uwa\u017cam za najpi\u0119kniejsze miasto Europy a poniewa\u017c jednym z moich hobby jest fotografia dokumentuj\u0119 zar\u00f3wno rozw\u00f3j tego miasta jak i\u00a0 renowacj\u0119 jego najstarszych fragment\u00f3w. Bardzo lubie spacery po ulicach \u015bredniowiecznego Krakowa, powolne pe\u0142ne zadumy w\u0119dr\u00f3wki po ko\u015bcio\u0142ach, klasztorach wzd\u0142u\u017c Wis\u0142y.<\/p>\n<p>Poza fotografi\u0105 bardzo lubi\u0119 podr\u00f3\u017ce i przywo\u017c\u0119 setki zdj\u0119\u0107 z r\u00f3\u017cnych miejsc w Europie. Zwiedzi\u0142am poza ukochanymi W\u0142ochami, Anglie i Szkocj\u0119, Finlandi\u0119, Litw\u0119, po\u0142udniow\u0105 Hiszpani\u0119, po\u0142udniow\u0105 Francj\u0119 i Niemcy a ostatnio Queensland w Australii. To co najcz\u0119\u015bciej pojawia si\u0119 na fotografia to architektura, najch\u0119tniej okresu \u015bredniowiecza i przyroda. W Andaluzji i Lizbonie dokumentowa\u0142am sztuk\u0119 \u015bwiata arabskiego i stylu manueli\u0144skiego.<\/p>\n<p>&nbsp;<\/p>\n<p>Wyda\u0142am tomiki: \u201eBukiety czasu\u201d (2006)<\/p>\n<p>\u201eGotyk\u201d (2008) (fascynacja klimatem, sztuk\u0105, obyczajami \u015bredniowiecza)<\/p>\n<p>\u201eJesienny ksi\u0119\u017cyc\u201d (2009) (m.in. reminiscencje\u00a0 podr\u00f3\u017cy do W\u0142och)<\/p>\n<p>\u201eWiersze rozsypane\u201d (2012) i ostatnio<\/p>\n<p>\u201eSkrzynia pe\u0142na wiatru\u201d (2014) z reminiscencjami podr\u00f3\u017cy do Australii)<\/p>\n<p>Jedynym zbiorem pisanym proz\u0105 poetyck\u0105 s\u0105 \u201eGobeliny\u201d (2011) zawieraj\u0105ce kr\u00f3tkie opowiadania po\u015bwi\u0119cone kobietom, ich uczuciom, losom i roli w otaczaj\u0105cej je rzeczywisto\u015bci. Ten zbi\u00f3r jest ilustrowany przez Bart\u0142omieja Zembaczy\u0144skiego.<\/p>\n<p>&nbsp;<\/p>\n<p>Z racji mojego zawodu i wieku wiele miejsca w wierszach po\u015bwi\u0119cam przyrodzie, przemijaniu zar\u00f3wno p\u00f3r roku jak i naszego \u017cycia, kt\u00f3re kruche i niepewne jest jak spadaj\u0105ca gwiazda. Cz\u0119sto tak kr\u00f3tkie, \u017ce nawet wypowiedzie\u0107 \u017cyczenia si\u0119 nie udaje.<\/p>\n<p>Poza cz\u0142onkostwem w Zwi\u0105zku Literat\u00f3w Polskich jestem cz\u0142onkiem Unii Polskich Pisarzy Lekarzy, prowadz\u0119 warsztaty poetyckie pt. \u201eObraz w lustrze\u201d dla os\u00f3b chorych na schizofreni\u0119.<\/p>\n<p>&nbsp;<\/p>\n<p>&nbsp;<\/p>\n<p>&nbsp;<\/p>\n<p>Z cyklu Blue Mountains<\/p>\n<p><strong>\u00a0<\/strong><\/p>\n<p><strong>Refleksja I<\/strong><\/p>\n<p>Las bez kresu, bez czasu,<\/p>\n<p>Bez horyzontu.<\/p>\n<p>W milczeniu p\u0142yn\u0105 wodospady<\/p>\n<p>Z granicy sennych g\u00f3r bez wierzcho\u0142k\u00f3w<\/p>\n<p>Mg\u0142y rodz\u0105 nowe strumienie<\/p>\n<p>Na chwil\u0119, na dni,<\/p>\n<p>Na czas do upalnego s\u0142o\u0144ca,<\/p>\n<p>kt\u00f3re otuli las b\u0142\u0119kitnym zapachem\u2026<\/p>\n<p>I tak trwaj\u0105 &#8211; las i wodospady<\/p>\n<p>Doliny i ska\u0142y\u2026<\/p>\n<p>A mo\u017ce<\/p>\n<p>To tylko my tworzymy horyzonty<\/p>\n<p>Rejestrujemy dni lata stulecia i chwile<\/p>\n<p>Ograniczanym los od&#8230; do&#8230; w nawiasach czasu.<\/p>\n<p>Zgubili\u015bmy wolno\u015b\u0107 i szans\u0119<\/p>\n<p>Na krok poza horyzont,<\/p>\n<p>Na \u017cycie bez czasu,<\/p>\n<p>Na chwile trwaj\u0105ce bez ko\u0144ca<\/p>\n<p>Jak deszczowy las&#8230;<\/p>\n<p><strong>\u00a0<\/strong><\/p>\n<p><strong>Kolekcjoner<\/strong><\/p>\n<p>Zbieram rozbite dni jak kawa\u0142ki lustra,<\/p>\n<p>Poszarza\u0142e fotografie,<\/p>\n<p>Strz\u0119py kartek z kalendarza<\/p>\n<p>Zim ostrych i \u015bnie\u017cnych,<\/p>\n<p>Wiosen ciep\u0142ych i lekkich<\/p>\n<p>Jak skrzyd\u0142a motyli\u2026<\/p>\n<p>&nbsp;<\/p>\n<p>Odp\u0142yn\u0119\u0142o z mg\u0142\u0105,<\/p>\n<p>Zata\u0144czy\u0142o z wiatrem<\/p>\n<p>Diabelskim kr\u0119giem li\u015bci tamto \u017cycie,<\/p>\n<p>Od\u0142o\u017cone wspomnienia, podr\u00f3\u017ce i sny..<\/p>\n<p>&nbsp;<\/p>\n<p>Przyp\u0142yn\u0119\u0142o z deszczem<\/p>\n<p>Zapomnienie i cisza&#8230;<\/p>\n<p>W listopadowy zmierzch<\/p>\n<p>Porz\u0105dkuj\u0119 kolekcj\u0119 przysz\u0142o\u015bci<\/p>\n<p><strong>\u00a0<\/strong><\/p>\n<p>Z cyklu Madonny<\/p>\n<p><strong>Matka Boska Pocieszenia<\/strong><\/p>\n<p>Mam str\u00f3j mieszczki bogatej,<\/p>\n<p>wysoko ods\u0142oni\u0119te czo\u0142o i szesna\u015bcie lat\u2026<\/p>\n<p>A wy prosicie mnie<\/p>\n<p>O wszystko co niesie czas i los<\/p>\n<p>O bogactwo, \u017cycie, rado\u015b\u0107,<\/p>\n<p>O dzieci, dobr\u0105 \u015bmier\u0107,<\/p>\n<p>O szybki up\u0142yw dnia i d\u0142ug\u0105 noc&#8230;<\/p>\n<p>Chcia\u0142abym da\u0107 cho\u0107 troch\u0119 ja\u015bniejszych dni<\/p>\n<p>By nie umiera\u0142y w po\u0142ogu kobiety,<\/p>\n<p>By nie gin\u0119li na wojnie ich synowie.<\/p>\n<p>Nie umiem, nie potrafi\u0119..<\/p>\n<p>Los da\u0142 mi syna i cierpienie,<\/p>\n<p>zamkni\u0119te w przepowiedni jak w szklanej kuli.<\/p>\n<p>Dzi\u015b daj\u0119 wam m\u00f3j u\u015bmiech<\/p>\n<p>Jutro \u015bmier\u0107 mojego syna&#8230;<\/p>\n<p>&nbsp;<\/p>\n<p>&nbsp;<\/p>\n<p>&nbsp;<\/p>\n<p>&nbsp;<\/p>\n<p>&nbsp;<\/p>\n<p>&nbsp;<\/p>\n<p>&nbsp;<\/p>\n<p>&nbsp;<\/p>\n<p>&nbsp;<\/p>\n<p>&nbsp;<\/p>\n<p>&nbsp;<\/p>\n<p>&nbsp;<\/p>\n<p>&nbsp;<\/p>\n","protected":false},"excerpt":{"rendered":"<p>Anna Pituch-Noworolska Urodzi\u0142am si\u0119 w Krakowie i tu uko\u0144czy\u0142am szko\u0142\u0119, studia medyczne i pracuj\u0119 nadal\u00a0 jako pediatra, immunolog kliniczny. Mieszkam w Krakowie, kt\u00f3ry uwa\u017cam za najpi\u0119kniejsze miasto Europy a poniewa\u017c jednym z moich hobby jest fotografia dokumentuj\u0119 zar\u00f3wno rozw\u00f3j tego &#8230; <a class=\"more-link\" href=\"https:\/\/zlp-krakow.pl\/?page_id=267\">Read More &raquo;<\/a><\/p>\n","protected":false},"author":1,"featured_media":0,"parent":51,"menu_order":0,"comment_status":"closed","ping_status":"closed","template":"","meta":{"footnotes":""},"categories":[2],"tags":[],"class_list":["post-267","page","type-page","status-publish","hentry","category-czlonkowie"],"_links":{"self":[{"href":"https:\/\/zlp-krakow.pl\/index.php?rest_route=\/wp\/v2\/pages\/267","targetHints":{"allow":["GET"]}}],"collection":[{"href":"https:\/\/zlp-krakow.pl\/index.php?rest_route=\/wp\/v2\/pages"}],"about":[{"href":"https:\/\/zlp-krakow.pl\/index.php?rest_route=\/wp\/v2\/types\/page"}],"author":[{"embeddable":true,"href":"https:\/\/zlp-krakow.pl\/index.php?rest_route=\/wp\/v2\/users\/1"}],"replies":[{"embeddable":true,"href":"https:\/\/zlp-krakow.pl\/index.php?rest_route=%2Fwp%2Fv2%2Fcomments&post=267"}],"version-history":[{"count":5,"href":"https:\/\/zlp-krakow.pl\/index.php?rest_route=\/wp\/v2\/pages\/267\/revisions"}],"predecessor-version":[{"id":1055,"href":"https:\/\/zlp-krakow.pl\/index.php?rest_route=\/wp\/v2\/pages\/267\/revisions\/1055"}],"up":[{"embeddable":true,"href":"https:\/\/zlp-krakow.pl\/index.php?rest_route=\/wp\/v2\/pages\/51"}],"wp:attachment":[{"href":"https:\/\/zlp-krakow.pl\/index.php?rest_route=%2Fwp%2Fv2%2Fmedia&parent=267"}],"wp:term":[{"taxonomy":"category","embeddable":true,"href":"https:\/\/zlp-krakow.pl\/index.php?rest_route=%2Fwp%2Fv2%2Fcategories&post=267"},{"taxonomy":"post_tag","embeddable":true,"href":"https:\/\/zlp-krakow.pl\/index.php?rest_route=%2Fwp%2Fv2%2Ftags&post=267"}],"curies":[{"name":"wp","href":"https:\/\/api.w.org\/{rel}","templated":true}]}}