{"id":258,"date":"2015-03-06T01:35:48","date_gmt":"2015-03-06T00:35:48","guid":{"rendered":"http:\/\/zlp-krakow.org\/?page_id=258"},"modified":"2015-03-24T18:19:17","modified_gmt":"2015-03-24T17:19:17","slug":"perier-berska-danuta","status":"publish","type":"page","link":"https:\/\/zlp-krakow.pl\/?page_id=258","title":{"rendered":"Danuta Perier Berska"},"content":{"rendered":"<p><a href=\"https:\/\/zlp-krakow.pl\/wp-content\/uploads\/2015\/03\/P3180396.jpg\"><img loading=\"lazy\" decoding=\"async\" class=\"alignnone size-medium wp-image-1049\" src=\"https:\/\/zlp-krakow.pl\/wp-content\/uploads\/2015\/03\/P3180396-246x300.jpg\" alt=\"OLYMPUS DIGITAL CAMERA\" width=\"246\" height=\"300\" srcset=\"https:\/\/zlp-krakow.pl\/wp-content\/uploads\/2015\/03\/P3180396-246x300.jpg 246w, https:\/\/zlp-krakow.pl\/wp-content\/uploads\/2015\/03\/P3180396-600x733.jpg 600w, https:\/\/zlp-krakow.pl\/wp-content\/uploads\/2015\/03\/P3180396.jpg 640w\" sizes=\"auto, (max-width: 246px) 100vw, 246px\" \/><\/a><\/p>\n<p><strong>DANUTA PERIER \u2013 BERSKA<\/strong><\/p>\n<p>Krakowianka od urodzenia. Kocha Krak\u00f3w, ale lubi od czasu do czasu poromansowa\u0107 z Pary\u017cem. W poezji ceni sobie prawd\u0119, pi\u0119kno i dobro. Zrzeszona w Zwi\u0105zku Literat\u00f3w Polskich. W latach 2006 \u2013 2011 pe\u0142ni\u0142a funkcje \u2013 najpierw, cz\u0142onka zarz\u0105du, a od 2007 roku sekretarza Oddzia\u0142u oraz opiekuna Ko\u0142a M\u0142odych, kt\u00f3rego dzia\u0142alno\u015b\u0107 uda\u0142o si\u0119 jej wznowi\u0107 po d\u0142ugiej przerwie.<\/p>\n<p>Debiutowa\u0142a w Dzienniku Polskim w 1999 roku. Publikowa\u0142a swoje utwory w licznych almanachach poezji. Bra\u0142a udzia\u0142 w Mi\u0119dzynarodowej Galicyjskiej Jesieni Literackiej, Mi\u0119dzynarodowej Warszawskiej Jesieni Poezji, XVI Mi\u0119dzynarodowym Spotkaniu Poetyckim \u201eMaj nad Wili\u0105, Mi\u0119dzynarodowym Listopadzie Poetyckim oraz w imprezie Dni Poezji w Broumovie (Czechy). Jej wiersze, mini opowiadania oraz recenzje tomik\u00f3w, drukowane s\u0105 mi\u0119dzy innymi w Gazecie Kulturalnej, Dworzaninie, Kurierze Dzielnicy XI, jak r\u00f3wnie\u017c w kanadyjskiej prasie polonijnej \u201cPolonez\u201d oraz w Antologii Poezji Emigrant\u00f3w Tom VIII. Zdobywczyni nagr\u00f3d i wyr\u00f3\u017cnie\u0144 w konkursach w kraju i za granic\u0105. Jej wyb\u00f3r wierszy zosta\u0142 przet\u0142umaczony na j\u0119zyk esperanto i wydany w tomiku p.t. Matenmango sur Venuso \/kaj aliaj versajoj\/ O poezji Danuty Perier \u2013 Berskiej zosta\u0142 napisany projekt przez uczennic\u0119 Liceum Og\u00f3lnokszta\u0142c\u0105cego w Strzelcach Kraje\u0144skich.<\/p>\n<p>Autorka tekst\u00f3w do piosenek \u015bpiewanych przez Niezale\u017cn\u0105 Grup\u0119 Teatraln\u0105 \u201ePORFIRION\u201d, do kt\u00f3rej melodie tworzy Gra\u017cyna \u0141apuszek. Malarka, ikonopistka nale\u017c\u0105ca do Stowarzyszenia Plastyk\u00f3w Ziemi Krakowskiej.<\/p>\n<p style=\"text-align: left;\">Autorka tomik\u00f3w wierszy:<\/p>\n<p>2000 \u2013 S\u0142onecznikowa mi\u0142o\u015b\u0107<br \/>\n2004 \u2013 Ogolona twarz m\u0119\u017cczyzny<br \/>\n2005 \u2013 Dla Ciebie zosta\u0142am czarownic\u0105<br \/>\n2006 \u2013 Niebo we w\u0142osach<br \/>\n2007 \u2013 \u015aniadanie na Wenus<br \/>\n2008 \u2013 \u015aniadanie na Wenus (polsko &#8211; esperancki)<br \/>\n2008 \u2013 Jej skrzyd\u0142a &#8211; kroniki poetyckie nr 3 wiersze z lat (2000 &#8211; 2007)<br \/>\n2009 \u2013 Smak czasu<br \/>\n2011 \u2013 \u015alad w mojej wyobra\u017ani<br \/>\n2013 \u2013 Niebieski krawiec \u2013 wiersze religijne<\/p>\n<p><strong>PRZESZ\u0141E LATA<\/strong><\/p>\n<p>tamto mieszkanie i meble<br \/>\nwiara w nieistnienie problem\u00f3w<br \/>\nl\u0119k przed wyborem<br \/>\nkt\u00f3rego musia\u0142am dokona\u0107<br \/>\nteraz kiedy mam nowy dom<br \/>\nnowe meble i ciebie<br \/>\nproblemem staje si\u0119<br \/>\numykaj\u0105cy czas<\/p>\n<p><strong>ZASKOCZENIE<\/strong><\/p>\n<p>coraz bardziej<br \/>\nzaskakuje mnie<br \/>\nch\u0142\u00f3d kamieni<br \/>\ndo z\u0142udzenia przypominaj\u0105cy<br \/>\nludzkie zachowania<\/p>\n<p><strong>* * *<\/strong><\/p>\n<p>obgryzanie paznokci<br \/>\nz b\u00f3lu<br \/>\nz niemocy<br \/>\nz braku zrozumienia<br \/>\nkto\u015b doradzi\u0142 tipsy<\/p>\n<p><strong>DRZEWO<\/strong><\/p>\n<p>daje ciep\u0142o w zimowe wieczory<br \/>\ni ch\u0142\u00f3d w upalne po\u0142udnie<br \/>\nmo\u017cna w jego cieniu wyznawa\u0107 mi\u0142o\u015b\u0107<br \/>\ni wzrokiem odprowadza\u0107 ptaki do gniazd<br \/>\na jednak dla mnie drzewo<br \/>\nkojarzy si\u0119 zawsze z cierpieniem<\/p>\n<p><strong>MINIATURKI EROTYCZNE<\/strong><\/p>\n<p><strong>I<\/strong><br \/>\nu\u015bpiony melodi\u0105 wiatru<br \/>\n\u015bnisz sen o latawcu<br \/>\nz mojej sukienki<br \/>\n<strong>II<\/strong><br \/>\nostatnim poca\u0142unkiem<br \/>\nods\u0142aniam nago\u015b\u0107 twarzy<br \/>\n<strong>III<\/strong><br \/>\nzbli\u017c si\u0119 do mnie<br \/>\npozw\u00f3l d\u0142oniom<br \/>\nu\u015bpi\u0107 czujno\u015b\u0107<br \/>\nzabawmy si\u0119<br \/>\nw brak odpowiedzialno\u015bci<\/p>\n<p><strong>WY\u015aCIG SZCZUR\u00d3W<\/strong><\/p>\n<p>Pani Oli<br \/>\npo\u017cyczasz z przysz\u0142o\u015bci<br \/>\ntera\u017aniejszo\u015b\u0107 ci nie wystarcza<br \/>\nzastawiasz<br \/>\nzapach kwiat\u00f3w<br \/>\n\u015bpiew ptak\u00f3w<br \/>\nobraz \u015bwiata<br \/>\nm\u00f3wisz \u2014 na to nie mam czasu<br \/>\nczas jak odsetki<br \/>\npracuje na twoj\u0105 niekorzy\u015b\u0107<br \/>\nwyhamuj \u2014 zanim og\u0142osisz bankructwo<\/p>\n<p><strong>* * *<\/strong><\/p>\n<p>wypalili si\u0119<br \/>\nsmu\u017cka dymu<br \/>\nnad popielniczk\u0105<br \/>\nna dnie niedopa\u0142ek<br \/>\njeden z resztkami pomadki<br \/>\ntyle zosta\u0142o po mi\u0142o\u015bci<br \/>\nnie s\u0142uchali ostrze\u017ce\u0144<br \/>\no szkodliwo\u015bci palenia<\/p>\n<p><strong>KISZENIE KAPUSTY<\/strong><\/p>\n<p>W domu zawsze pachnia\u0142o rodzin\u0105. W otwartym oknie oczy mamy jak radar wypatrywa\u0142y nadej\u015bcia dzieci ze szko\u0142y. A by\u0142y to przecie\u017c bezpieczne czasy. Babcia z dziadkiem plewili ogr\u00f3dek. Kapusta ros\u0142a jak na zawo\u0142anie. Wczesn\u0105 jesieni\u0105 wielka beczka czeka\u0142a a\u017c zape\u0142ni\u0105 j\u0105 g\u0142\u00f3wki kapusty, kt\u00f3re zostan\u0105 udeptane nogami dziadka (ca\u0142y rytua\u0142 mycia n\u00f3g przypomina\u0142 widowisko teatralne). Potem dziadek sapa\u0142, truchta\u0142, a my kibicowa\u0142y\u015bmy dodaj\u0105c mu ch\u0119ci do dzia\u0142ania. Na koniec dziadek gramoli\u0142 si\u0119 z beczki, a babcia wk\u0142ada\u0142a do niej jab\u0142ka. Kiedy si\u0119 ukisi\u0142y by\u0142y pyszne. Zim\u0105 krad\u0142y\u015bmy je odci\u0105gaj\u0105c ci\u0119\u017cki kamie\u0144, kt\u00f3ry mia\u0142 za zadanie wycisn\u0105\u0107 z kapusty wszystkie soki.<\/p>\n<p>Tato pracowa\u0142, a kiedy wraca\u0142 do domu pachnia\u0142o obiadem, ca\u0142owa\u0142 mam\u0119 w r\u0119k\u0119 i usta tak nami\u0119tnie, jak ogl\u0105damy to dzisiaj na filmach. Potem my\u0142 r\u0119ce i zasiada\u0142 z nami do obiadu. Po obiedzie wstawa\u0142 pierwszy od sto\u0142u i zn\u00f3w ca\u0142owa\u0142 mam\u0119 w czo\u0142o, dzi\u0119kuj\u0105c. Ka\u017cda z nas za przyk\u0142adem taty podchodzi\u0142a do mamy dzi\u0119kuj\u0105c za obiad.<\/p>\n<p>Sk\u00f3ra na jej twarzy by\u0142a g\u0142adka, pachn\u0105ca kremem tak, jak ona ca\u0142a. Przed przyj\u015bciem taty stawa\u0142a przed lustrem, malowa\u0142a na czerwono usta, grzebieniem rozczesywa\u0142a blond loki, przebiera\u0142a bluzk\u0119, a my udawa\u0142y\u015bmy, \u017ce tych zabieg\u00f3w nie widzimy. Potem ka\u017cda z nas bra\u0142a swoje naczynie i nios\u0142a do zmywaka. Tato sadza\u0142 mam\u0119 na kolana. Myj\u0105c naczynie zerka\u0142y\u015bmy spod oka, szepcz\u0105c po k\u0105tach o ich wielkiej mi\u0142o\u015bci.<\/p>\n<p><strong>STARY ANIO\u0141<\/strong><\/p>\n<p>Anio\u0142 na wie\u017cy ko\u015bcio\u0142a by\u0142 niemym \u015bwiadkiem grzechu. Nic nie m\u00f3g\u0142 poradzi\u0107, gdy Mary\u015bka uwodzi\u0142a m\u0119\u017ca Jagody, a stary Zbych krad\u0142 biednej Grzesiakowej ostatnie pieni\u0105dze na tanie wino. Sta\u0142 tylko, patrzy\u0142 i w\u015bcieka\u0142 si\u0119 na ludzi.<\/p>\n<p>Z biegiem lat zzielenia\u0142, nabawi\u0142 si\u0119 rdzawych wykwit\u00f3w na ca\u0142ym ciele. Reumatyzm bezlito\u015bnie zniekszta\u0142ci\u0142 mu skrzyd\u0142a. Przechodnie \u0142akomili si\u0119 na poz\u0142acane pi\u00f3ra grzesz\u0105c na jego osobie. P\u00f3\u017aniej zgarbi\u0142 si\u0119 i pochyli\u0142, sta\u0142 si\u0119 zagro\u017ceniem dla ludzi.<\/p>\n<p>Kt\u00f3rego\u015b dnia proboszcz przydzieli\u0142 mu nowe miejsce, stosowne do kondycji. Wraz ze starymi feretronami, sztandarami i rozklekotanymi \u0142awkami spocz\u0105\u0142 w ko\u015bcielnym lamusie.<\/p>\n<p>Mijaj\u0105 lata, stare pokolenia wymieraj\u0105, nowonarodzone przynosz\u0105 na \u015bwiat nowe grzechy. Na ziemi\u0119 schodz\u0105 armie Anio\u0142\u00f3w uzbrojonych w lasery, kamery, noktowizory, wszystko na wypadek epidemii nowych grzech\u00f3w, kt\u00f3re niesie ze sob\u0105 post\u0119p cywilizacji.<\/p>\n<p>Ko\u015bcielny lamus sta\u0142 si\u0119 obiektem cz\u0119stych odwiedzin. Tylko Anio\u0142 z wie\u017cy przewraca si\u0119 z boku na bok chroni\u0105c resztki pi\u00f3r przed inwazj\u0105 natr\u0119t\u00f3w wierz\u0105cych, \u017ce oskuba\u0107 go z pi\u00f3r, to mie\u0107 szcz\u0119\u015bcie w mi\u0142o\u015bci.<\/p>\n<p>&nbsp;<\/p>\n<p><a href=\"https:\/\/zlp-krakow.pl\/wp-content\/uploads\/2015\/03\/P3180396.jpg\"><img loading=\"lazy\" decoding=\"async\" class=\"alignnone size-medium wp-image-1049\" src=\"https:\/\/zlp-krakow.pl\/wp-content\/uploads\/2015\/03\/P3180396-246x300.jpg\" alt=\"OLYMPUS DIGITAL CAMERA\" width=\"246\" height=\"300\" srcset=\"https:\/\/zlp-krakow.pl\/wp-content\/uploads\/2015\/03\/P3180396-246x300.jpg 246w, https:\/\/zlp-krakow.pl\/wp-content\/uploads\/2015\/03\/P3180396-600x733.jpg 600w, https:\/\/zlp-krakow.pl\/wp-content\/uploads\/2015\/03\/P3180396.jpg 640w\" sizes=\"auto, (max-width: 246px) 100vw, 246px\" \/><\/a><\/p>\n","protected":false},"excerpt":{"rendered":"<p>DANUTA PERIER \u2013 BERSKA Krakowianka od urodzenia. Kocha Krak\u00f3w, ale lubi od czasu do czasu poromansowa\u0107 z Pary\u017cem. W poezji ceni sobie prawd\u0119, pi\u0119kno i dobro. Zrzeszona w Zwi\u0105zku Literat\u00f3w Polskich. W latach 2006 \u2013 2011 pe\u0142ni\u0142a funkcje \u2013 najpierw, &#8230; <a class=\"more-link\" href=\"https:\/\/zlp-krakow.pl\/?page_id=258\">Read More &raquo;<\/a><\/p>\n","protected":false},"author":1,"featured_media":0,"parent":51,"menu_order":0,"comment_status":"closed","ping_status":"closed","template":"","meta":{"footnotes":""},"categories":[2],"tags":[],"class_list":["post-258","page","type-page","status-publish","hentry","category-czlonkowie"],"_links":{"self":[{"href":"https:\/\/zlp-krakow.pl\/index.php?rest_route=\/wp\/v2\/pages\/258","targetHints":{"allow":["GET"]}}],"collection":[{"href":"https:\/\/zlp-krakow.pl\/index.php?rest_route=\/wp\/v2\/pages"}],"about":[{"href":"https:\/\/zlp-krakow.pl\/index.php?rest_route=\/wp\/v2\/types\/page"}],"author":[{"embeddable":true,"href":"https:\/\/zlp-krakow.pl\/index.php?rest_route=\/wp\/v2\/users\/1"}],"replies":[{"embeddable":true,"href":"https:\/\/zlp-krakow.pl\/index.php?rest_route=%2Fwp%2Fv2%2Fcomments&post=258"}],"version-history":[{"count":6,"href":"https:\/\/zlp-krakow.pl\/index.php?rest_route=\/wp\/v2\/pages\/258\/revisions"}],"predecessor-version":[{"id":1118,"href":"https:\/\/zlp-krakow.pl\/index.php?rest_route=\/wp\/v2\/pages\/258\/revisions\/1118"}],"up":[{"embeddable":true,"href":"https:\/\/zlp-krakow.pl\/index.php?rest_route=\/wp\/v2\/pages\/51"}],"wp:attachment":[{"href":"https:\/\/zlp-krakow.pl\/index.php?rest_route=%2Fwp%2Fv2%2Fmedia&parent=258"}],"wp:term":[{"taxonomy":"category","embeddable":true,"href":"https:\/\/zlp-krakow.pl\/index.php?rest_route=%2Fwp%2Fv2%2Fcategories&post=258"},{"taxonomy":"post_tag","embeddable":true,"href":"https:\/\/zlp-krakow.pl\/index.php?rest_route=%2Fwp%2Fv2%2Ftags&post=258"}],"curies":[{"name":"wp","href":"https:\/\/api.w.org\/{rel}","templated":true}]}}