{"id":257,"date":"2015-03-06T01:35:12","date_gmt":"2015-03-06T00:35:12","guid":{"rendered":"http:\/\/zlp-krakow.org\/?page_id=257"},"modified":"2025-04-13T23:35:00","modified_gmt":"2025-04-13T21:35:00","slug":"maslyk-jan-mj","status":"publish","type":"page","link":"https:\/\/zlp-krakow.pl\/?page_id=257","title":{"rendered":"Jan MJ Mas\u0142yk"},"content":{"rendered":"<p><a href=\"https:\/\/zlp-krakow.pl\/wp-content\/uploads\/2015\/03\/maslyk.jpg\"><img loading=\"lazy\" decoding=\"async\" class=\"alignnone size-full wp-image-2963\" src=\"https:\/\/zlp-krakow.pl\/wp-content\/uploads\/2015\/03\/maslyk.jpg\" alt=\"maslyk\" width=\"136\" height=\"200\" \/><\/a><\/p>\n<p><strong><span class=\"tytul\" style=\"font-size: 12pt;\">Jan M J Mas\u0142yk <\/span><\/strong><\/p>\n<p>Literat, historyk, andragog, plastyk, publicysta, dziennikarz, t\u0142umacz, sportowiec \u2013 biegacz, urz\u0119dnik.<\/p>\n<p style=\"text-align: justify;\">Wsp\u00f3\u0142za\u0142o\u017cyciel Grupy Tw\u00f3rczej \u201eIn-Ti\u201d. Cz\u0142onek Konfraterni Poet\u00f3w i Klubu Literackiego \u201ePog\u00f3rze\u201d. Cz\u0142onek Zwi\u0105zku Literat\u00f3w Polskich.<br \/>\nWyda\u0142 seri\u0119 34 mini tomik\u00f3w literackich. Ponadto jest autorem nast\u0119puj\u0105cych publikacji poetyckich: Jam poeta, Wiersze, Okruchy nadziei, Odnowa marze\u0144, W drodze zdarzy\u0107 si\u0119 mo\u017ce wszystko, Lunaryki, Poezja\/Poems (tomik dwuj\u0119zyczny). Teksty poetyckie jego autorstwa ukaza\u0142y si\u0119 w wielu almanachach wydawanych przez Krakowski Oddzia\u0142 ZLP, GT \u201eIn-Ti\u201d, Konfraterni\u0119 Poet\u00f3w, KL \u201ePog\u00f3rze\u201d, wielu innych periodykach i mediach (TV i Radio). Publikowa\u0142 opowiadania m.in. w wydawnictwach Krakowskiego Oddzia\u0142u ZLP i wydawnictwach zwi\u0105zanych w edukacj\u0105 doros\u0142ych. Teksty w jego t\u0142umaczeniu ukazywa\u0142y si\u0119 w prasie lokalnej.<br \/>\nZainteresowania historyczne dotycz\u0105 historii wsp\u00f3\u0142czesnej XIX i XX wiek, w szczeg\u00f3lno\u015bci edukacji doros\u0142ych oraz kultury. Wsp\u00f3\u0142za\u0142o\u017cyciel i cz\u0142onek Akademickiego Towarzystwa Andragogicznego oraz Towarzystwa Uniwersytet\u00f3w Ludowych.<\/p>\n<h6><\/h6>\n<p><strong>* * * <\/strong><\/p>\n<p>Kiedy si\u0119 urodzi\u0142em<br \/>\nzachodzi\u0142o s\u0142o\u0144ce<br \/>\nod tego czasu<br \/>\nzawsze zachodzi s\u0142o\u0144ce<br \/>\nza wzg\u00f3rzami Beskidu<\/p>\n<h6><\/h6>\n<p><strong>* * * <\/strong><strong>\u00a0<\/strong><\/p>\n<p>Daj mi dziewczyno<br \/>\ntwych oczu blask<br \/>\ntw\u00f3j odcie\u0144 kolor\u00f3w<br \/>\nwidzianych gdy si\u0119 \u015bmiejesz<br \/>\ni gdy p\u0142aczesz<br \/>\nPozw\u00f3l mi dziewczyno<br \/>\nspojrze\u0107 w tw\u00f3j \u015bwiat<br \/>\npragn\u0119 napisa\u0107 o nim<br \/>\nsymboliczne sto poemat\u00f3w<br \/>\nNie b\u00f3j si\u0119<br \/>\ntwych sekret\u00f3w nie zdradz\u0119<br \/>\nchocia\u017c nazywaj\u0105 mnie poet\u0105<\/p>\n<h6><\/h6>\n<p><strong>* * * <\/strong><\/p>\n<h6><\/h6>\n<p>na regale<br \/>\nznajduje si\u0119<br \/>\nniezapisana kolejna ju\u017c<br \/>\nksi\u0105\u017cka<br \/>\nkt\u00f3r\u0105 introligator<br \/>\noprawi\u0142 nie licz\u0105c<br \/>\nna spore tantiemy<br \/>\nb\u0119dzie wi\u0119c na p\u00f3\u0142ce<br \/>\nzajmowa\u0107 zaszczytne miejsce<br \/>\ni zachowa swoj\u0105 dziewiczo\u015b\u0107<br \/>\ndo ostatnich chwil<br \/>\nswego istnienia<br \/>\nskrywaj\u0105c tajemnice<br \/>\nna \u017c\u00f3\u0142kn\u0105cych kartkach<br \/>\nby tym zapisa\u0107 si\u0119<br \/>\nw ludzkiej pami\u0119ci<\/p>\n<p>&nbsp;<\/p>\n<p>&nbsp;<\/p>\n","protected":false},"excerpt":{"rendered":"<p>Jan M J Mas\u0142yk Literat, historyk, andragog, plastyk, publicysta, dziennikarz, t\u0142umacz, sportowiec \u2013 biegacz, urz\u0119dnik. Wsp\u00f3\u0142za\u0142o\u017cyciel Grupy Tw\u00f3rczej \u201eIn-Ti\u201d. Cz\u0142onek Konfraterni Poet\u00f3w i Klubu Literackiego \u201ePog\u00f3rze\u201d. Cz\u0142onek Zwi\u0105zku Literat\u00f3w Polskich. Wyda\u0142 seri\u0119 34 mini tomik\u00f3w literackich. Ponadto jest autorem nast\u0119puj\u0105cych &#8230; <a class=\"more-link\" href=\"https:\/\/zlp-krakow.pl\/?page_id=257\">Read More &raquo;<\/a><\/p>\n","protected":false},"author":1,"featured_media":0,"parent":51,"menu_order":0,"comment_status":"closed","ping_status":"closed","template":"","meta":{"footnotes":""},"categories":[2],"tags":[],"class_list":["post-257","page","type-page","status-publish","hentry","category-czlonkowie"],"_links":{"self":[{"href":"https:\/\/zlp-krakow.pl\/index.php?rest_route=\/wp\/v2\/pages\/257","targetHints":{"allow":["GET"]}}],"collection":[{"href":"https:\/\/zlp-krakow.pl\/index.php?rest_route=\/wp\/v2\/pages"}],"about":[{"href":"https:\/\/zlp-krakow.pl\/index.php?rest_route=\/wp\/v2\/types\/page"}],"author":[{"embeddable":true,"href":"https:\/\/zlp-krakow.pl\/index.php?rest_route=\/wp\/v2\/users\/1"}],"replies":[{"embeddable":true,"href":"https:\/\/zlp-krakow.pl\/index.php?rest_route=%2Fwp%2Fv2%2Fcomments&post=257"}],"version-history":[{"count":8,"href":"https:\/\/zlp-krakow.pl\/index.php?rest_route=\/wp\/v2\/pages\/257\/revisions"}],"predecessor-version":[{"id":7104,"href":"https:\/\/zlp-krakow.pl\/index.php?rest_route=\/wp\/v2\/pages\/257\/revisions\/7104"}],"up":[{"embeddable":true,"href":"https:\/\/zlp-krakow.pl\/index.php?rest_route=\/wp\/v2\/pages\/51"}],"wp:attachment":[{"href":"https:\/\/zlp-krakow.pl\/index.php?rest_route=%2Fwp%2Fv2%2Fmedia&parent=257"}],"wp:term":[{"taxonomy":"category","embeddable":true,"href":"https:\/\/zlp-krakow.pl\/index.php?rest_route=%2Fwp%2Fv2%2Fcategories&post=257"},{"taxonomy":"post_tag","embeddable":true,"href":"https:\/\/zlp-krakow.pl\/index.php?rest_route=%2Fwp%2Fv2%2Ftags&post=257"}],"curies":[{"name":"wp","href":"https:\/\/api.w.org\/{rel}","templated":true}]}}