{"id":255,"date":"2015-03-06T01:35:01","date_gmt":"2015-03-06T00:35:01","guid":{"rendered":"http:\/\/zlp-krakow.org\/?page_id=255"},"modified":"2016-03-31T10:23:49","modified_gmt":"2016-03-31T08:23:49","slug":"marcinkowski-robert","status":"publish","type":"page","link":"https:\/\/zlp-krakow.pl\/?page_id=255","title":{"rendered":"Robert Marcinkowski"},"content":{"rendered":"<p>&nbsp;<\/p>\n<p><a href=\"https:\/\/zlp-krakow.pl\/wp-content\/uploads\/2015\/03\/ART-1.jpg\"><img loading=\"lazy\" decoding=\"async\" class=\"alignnone size-medium wp-image-1115\" src=\"https:\/\/zlp-krakow.pl\/wp-content\/uploads\/2015\/03\/ART-1-199x300.jpg\" alt=\"ART 1\" width=\"199\" height=\"300\" srcset=\"https:\/\/zlp-krakow.pl\/wp-content\/uploads\/2015\/03\/ART-1-199x300.jpg 199w, https:\/\/zlp-krakow.pl\/wp-content\/uploads\/2015\/03\/ART-1-679x1024.jpg 679w, https:\/\/zlp-krakow.pl\/wp-content\/uploads\/2015\/03\/ART-1-600x905.jpg 600w, https:\/\/zlp-krakow.pl\/wp-content\/uploads\/2015\/03\/ART-1.jpg 892w\" sizes=\"auto, (max-width: 199px) 100vw, 199px\" \/><\/a><\/p>\n<p><span style=\"font-size: 14pt;\"><strong>Robert Marcinkowski<\/strong>,<\/span><\/p>\n<p>ur. 1959 w Krakowie. Architekt, nauczyciel akademicki, poeta. Adiunkt na Politechnice Krakowskiej, cz\u0142onek ZLP.<\/p>\n<p>W dorobku opr\u00f3cz realizacji architektonicznych posiada indywidualne wystawy rysunk\u00f3w i fotografii, liczne piosenki autorskie, oraz ilustracje zar\u00f3wno muzyczne \u2013 do prezentacji poetyckich, jak i plastyczne \u2013 do ksi\u0105\u017cek i czasopism. Indywidualne ksi\u0105\u017cki poetyckie: <em>Jutro <\/em>(1990), <em>Przez krajobraz nieziemski i\u015bcie <\/em>(2000), <em>\u2026Kolwiek<\/em> (2006), <em>Kierunki \u017ceglugi <\/em>(2008).<\/p>\n<p><strong>Wynios\u0142o\u015b\u0107 architekta?<\/strong><\/p>\n<div>Tylko B\u00f3g Ojciec patrzy naprawd\u0119 z g\u00f3ry.<\/div>\n<div><em>Uk\u0142adam funkcje<\/em> patrz\u0105c znad sufitu: to wszystko.<\/div>\n<div>Mia\u0142bym che\u0142pi\u0107 si\u0119 z tak g\u0142upio wyniesionej perspektywy?<\/div>\n<div>Daniel: \u2026 <em>but in Spain an architect is God.\u00a0 <\/em><\/div>\n<div>Gdyby\u017c tak zwia\u0107 do Alicante\u2026<\/div>\n<p><strong>\u00a0<\/strong><\/p>\n<p><strong>M\u017cenie ziemi<\/strong><\/p>\n<p><em>Architektura<\/em><\/p>\n<div>i widz\u0119 we \u015bnie<\/div>\n<div>jak przyjmuje kamie\u0144<\/div>\n<div>w \u015bcianie powietrza<\/div>\n<div>godne siebie miejsce<\/div>\n<div><\/div>\n<div>i widz\u0119 dalej<\/div>\n<div>jak skruszona g\u00f3ra<\/div>\n<div>skrywa mrowiska<\/div>\n<div>ludzi, przedro\u017cone<\/div>\n<div><\/div>\n<div>podsk\u00f3rnie jeszcze<\/div>\n<div>lecz ju\u017c si\u0119ga kornik<\/div>\n<div>w przestrza\u0142 planety<\/div>\n<div>my\u015bl\u0105 wyostrzon\u0105<\/div>\n<p>&nbsp;<\/p>\n<p><strong>Vincent<\/strong><\/p>\n<div>tu i tam<\/div>\n<div>przechadza si\u0119 po ulicy<\/div>\n<div>Vincent<\/div>\n<div><\/div>\n<div>mijaj\u0105 go ludzie<\/div>\n<div>do kt\u00f3rych przem\u00f3wi<\/div>\n<div>grubo po \u015bmierci<\/div>\n<div><\/div>\n<div>cicho<\/div>\n<div>przechadza si\u0119<\/div>\n<div>wraca<\/div>\n<p>&nbsp;<\/p>\n<p><strong>Artysta nie przeklina ich zrazu<\/strong><\/p>\n<p><em>wg JP<\/em><\/p>\n<div>Lecz czy widz\u0105cy mo\u017ce bez ko\u0144ca<\/div>\n<div>tolerowa\u0107 \u015blepych?<\/div>\n<div>Mo\u017ce \u2013 p\u00f3ki nie wpieraj\u0105 mu,<\/div>\n<div>\u017ce to on nie widzi.<\/div>\n<div><\/div>\n<div>\u017be nad dotykiem niczego nie ma.<\/div>\n<p>&nbsp;<\/p>\n<p><strong>Dzie\u0142a awans cholerny <\/strong><\/p>\n<div>Dop\u00f3ki pozostaje w niszy za\u015bcianka \u2212 dzie\u0142o sztuki mo\u017ce mie\u0107 i super publiczno\u015b\u0107, cho\u0107by<\/div>\n<div>niekompetentnie zachwycon\u0105. Lecz awansuj\u0105c, zderza si\u0119 samob\u00f3jczo<\/div>\n<div><\/div>\n<div>wszerz \u2013 z komercj\u0105<\/div>\n<div>i warto\u015bci\u00a0 w g \u00f3 w n o w s i \u0105 k n i e n i e m,<\/div>\n<div><\/div>\n<div>a wzwy\u017c \u2212 co jeszcze gorsza,<\/div>\n<div>ze szczerze wyznawanymi Mistrzami.<\/div>\n<p>&nbsp;<\/p>\n<p><strong>Wst\u0119ga drogi<\/strong><\/p>\n<div>Zawsze ta sama, a zawsze inna<\/div>\n<div>wci\u0105ga auto w mi\u0119kki \u0142uk<\/div>\n<div>pod baldachimy drzew<\/div>\n<div>w wir zieleni.<\/div>\n<div><\/div>\n<div>Skrzeczy \u017cwir.<\/div>\n<div>Czy rani Tao?<\/div>\n<div>Co byo \u2013 posz\u0142o si\u0119 bujao.<\/div>\n<div><\/div>\n<div>Pojmuj\u0119 na wskro\u015b<\/div>\n<div>pie\u0144 \u015bci\u0119ty w p\u00f3\u0142 \u2013<\/div>\n<div>dok\u0105d zb\u0142\u0105dzi\u0142y drogi<\/div>\n<div>wci\u0105gni\u0119te szyb\u0105 auta.<\/div>\n<p>&nbsp;<\/p>\n<div><\/div>\n<p><strong>Domy\u015blnie oczy\u015b\u0107 no\u015bnik <\/strong><\/p>\n<div>jak szybko gin\u0105<\/div>\n<div>m\u017c\u0105 strz\u0119pki chwil<\/div>\n<div><\/div>\n<div>formatuj<\/div>\n<div><\/div>\n<div>pami\u0119\u0107 jak strug\u0119<\/div>\n<div>w locie ku ziemi<\/div>\n<div><\/div>\n<div>szybsz\u0105 ni\u017c przed oczyma \u017cycie<\/div>\n<p>&nbsp;<\/p>\n<p><strong>M\u0142odo\u015b\u0107<\/strong><\/p>\n<div>Czego nie tkn\u0119li<\/div>\n<div>\u015bmy \u2013 by\u0142o dobre:<\/div>\n<div>z przeb\u0142ysku \u2013 projekt,<\/div>\n<div>na marginesie notatka \u2013 wiersz.<\/div>\n<div><\/div>\n<div>Przez szyb\u0119 u\u015bmiech \u2013 mi\u0142o\u015b\u0107.<\/div>\n<div>ze slajdu \u2013 olejny obraz.<\/div>\n<div>Od prawdy \u2013 zachwyt<\/div>\n<div>i od har\u00f3wy \u2013 odpocznienie.<\/div>\n<div><\/div>\n<div>Teraz s\u0142o\u0144ce<\/div>\n<div>blisko ju\u017c morza<\/div>\n<div>i chyli si\u0119 ga\u0142\u0105\u017asoczystej jab\u0142oni.<\/div>\n<div><\/div>\n<p>&nbsp;<\/p>\n<div>\n<p><strong>W\u0105w\u00f3z Homole<\/strong><strong>\u00a0<\/strong><\/p>\n<div>hydra pami\u0105tek st\u0119pi\u0142a dzi\u015b k\u0142y<\/div>\n<div>a ognie jesieni ledwie zaognione<\/div>\n<div>stygn\u0105 w niedopowiedzi strumienia<\/div>\n<div>przebrzmia\u0142e niedo\u015bpiewy<\/div>\n<div>\u0142agodno\u015b\u0107 sp\u0142ywa tonacj\u0105 ho-mol<\/div>\n<div>szkicuj\u0119 odrzucam i przek\u0142adam<\/div>\n<div>na nieprzek\u0142adalne j\u0119zyki<\/div>\n<div>m\u00f3j zmierzch: erozje g\u0142az\u00f3w<\/div>\n<div>co spad\u0142y z serca<\/div>\n<div>w ciep\u0142\u0105 staro\u015b\u0107<\/div>\n<div><\/div>\n<\/div>\n<p>&nbsp;<\/p>\n","protected":false},"excerpt":{"rendered":"<p>&nbsp; Robert Marcinkowski, ur. 1959 w Krakowie. Architekt, nauczyciel akademicki, poeta. Adiunkt na Politechnice Krakowskiej, cz\u0142onek ZLP. W dorobku opr\u00f3cz realizacji architektonicznych posiada indywidualne wystawy rysunk\u00f3w i fotografii, liczne piosenki autorskie, oraz ilustracje zar\u00f3wno muzyczne \u2013 do prezentacji poetyckich, jak &#8230; <a class=\"more-link\" href=\"https:\/\/zlp-krakow.pl\/?page_id=255\">Read More &raquo;<\/a><\/p>\n","protected":false},"author":1,"featured_media":0,"parent":51,"menu_order":0,"comment_status":"closed","ping_status":"closed","template":"","meta":{"footnotes":""},"categories":[2],"tags":[],"class_list":["post-255","page","type-page","status-publish","hentry","category-czlonkowie"],"_links":{"self":[{"href":"https:\/\/zlp-krakow.pl\/index.php?rest_route=\/wp\/v2\/pages\/255","targetHints":{"allow":["GET"]}}],"collection":[{"href":"https:\/\/zlp-krakow.pl\/index.php?rest_route=\/wp\/v2\/pages"}],"about":[{"href":"https:\/\/zlp-krakow.pl\/index.php?rest_route=\/wp\/v2\/types\/page"}],"author":[{"embeddable":true,"href":"https:\/\/zlp-krakow.pl\/index.php?rest_route=\/wp\/v2\/users\/1"}],"replies":[{"embeddable":true,"href":"https:\/\/zlp-krakow.pl\/index.php?rest_route=%2Fwp%2Fv2%2Fcomments&post=255"}],"version-history":[{"count":18,"href":"https:\/\/zlp-krakow.pl\/index.php?rest_route=\/wp\/v2\/pages\/255\/revisions"}],"predecessor-version":[{"id":2344,"href":"https:\/\/zlp-krakow.pl\/index.php?rest_route=\/wp\/v2\/pages\/255\/revisions\/2344"}],"up":[{"embeddable":true,"href":"https:\/\/zlp-krakow.pl\/index.php?rest_route=\/wp\/v2\/pages\/51"}],"wp:attachment":[{"href":"https:\/\/zlp-krakow.pl\/index.php?rest_route=%2Fwp%2Fv2%2Fmedia&parent=255"}],"wp:term":[{"taxonomy":"category","embeddable":true,"href":"https:\/\/zlp-krakow.pl\/index.php?rest_route=%2Fwp%2Fv2%2Fcategories&post=255"},{"taxonomy":"post_tag","embeddable":true,"href":"https:\/\/zlp-krakow.pl\/index.php?rest_route=%2Fwp%2Fv2%2Ftags&post=255"}],"curies":[{"name":"wp","href":"https:\/\/api.w.org\/{rel}","templated":true}]}}