{"id":250,"date":"2015-03-06T01:33:20","date_gmt":"2015-03-06T00:33:20","guid":{"rendered":"http:\/\/zlp-krakow.org\/?page_id=250"},"modified":"2021-10-12T11:31:53","modified_gmt":"2021-10-12T09:31:53","slug":"krezolek-paluchowa-barbara","status":"publish","type":"page","link":"https:\/\/zlp-krakow.pl\/?page_id=250","title":{"rendered":"Barbara Kr\u0119\u017co\u0142ek-Paluchowa"},"content":{"rendered":"<p><a href=\"https:\/\/zlp-krakow.pl\/wp-content\/uploads\/2021\/10\/B.-Paluchowa.jpg\"><img loading=\"lazy\" decoding=\"async\" class=\"alignnone wp-image-5075 size-thumbnail\" src=\"https:\/\/zlp-krakow.pl\/wp-content\/uploads\/2021\/10\/B.-Paluchowa-150x150.jpg\" alt=\"\" width=\"150\" height=\"150\" \/><\/a><\/p>\n<p><strong>BARBARA PALUCH <em>(Paluchowa)<\/em> z d. Kr\u0119\u017co\u0142ek\u00a0<\/strong><\/p>\n<div style=\"text-align: justify;\"><span style=\"font-size: 10pt;\">Ur. w Kobylance w Beskidzie Niskim. Art. plastyk &#8211; ASP Krak\u00f3w, poetka &#8211; pisze w j\u0119zyku literackim, w gwarze g\u00f3rali nadpopradzkich i pog\u00f3rzan, animatorka kultury, przez 22 lata do dzisiaj redaktor naczelna miesi\u0119cznika lokalnego \u201eZnad Popradu\u201d. Od urodzenia zwi\u0105zana z Ziemi\u0105 S\u0105deck\u0105, szczeg\u00f3lnie z uzdrowiskami Krynic\u0105 i Piwniczn\u0105 Zdrojem, gdzie mieszka od 51 lat i tworzy. Cz\u0142onkini ZPAP oddz. Nowy S\u0105cz, ZLP oddz. Krak\u00f3w. Debiut poetycki w roku 1986 na \u0142amach Gazety Krakowskiej. W tw\u00f3rczo\u015bci literackiej, publicystycznej i plastycznej Barbary Paluchowej bardzo mocno obecna jest tematyka dotycz\u0105ca regionu Beskidu S\u0105deckiego i Ma\u0142opolski. Pracowa\u0142a jako Plastyk Miejski Nowego S\u0105cza oraz kier. art. w Sp\u00f3\u0142dzielni Pracy R\u0119kodzie\u0142a Ludowego i Artystycznego \u201ePrze\u0142om\u201d\u00a0w N. S\u0105czu. Zwolniona po stanie wojennym w 1983 r. za czynne popieranie NSZZ \u201eSolidarno\u015b\u0107\u201d.<\/span><\/div>\n<div style=\"text-align: justify;\"><span style=\"font-size: 10pt;\">\u00a0\u00a0\u00a0\u00a0 Jest autork\u0105 14 tomik\u00f3w poezji, w tym jednego dwuj\u0119zycznego \u201eKusoczek Beskida\u201d, wydanego przez ambasad\u0119 polsk\u0105 i Poloni\u0119 w Sankt Petersburgu,\u00a0 (<em>ostatni tomik Modlitwy Przydro\u017cne wyd. w 2019), <\/em>dwucz\u0119\u015bciowego autorskiego albumu o dziedzictwie kulturowym Miasta i Gminy Piwniczna-Zdr\u00f3j \u201eDar Pami\u0119ci\u00a0 &#8211; dawni ludzie, rodziny, dawne domy\u201d i 3 ksi\u0105\u017ceczek dla dzieci, kt\u00f3re sama ilustrowa\u0142a:<\/span><\/div>\n<div style=\"text-align: justify;\">\n<ul>\n<li><span style=\"font-size: 10pt;\"><em>Za co babcia kocha Krak\u00f3w <\/em><\/span><\/li>\n<li><span style=\"font-size: 10pt;\"><em>kwiatach i Agatce niejadce <\/em><\/span><\/li>\n<li><span style=\"font-size: 10pt;\"><em>O g\u00f3ralce Hanusi i panience Danusi \u2013 <\/em>opowie\u015b\u0107 o dawnym dzieci\u0144stwie w g\u00f3rach i przyja\u017ani dw\u00f3ch dziewczynek: Danuty Szaflarskiej i jej o 9 lat starszej piastunki Anny Kluskowej z d. Piekarczyk.<\/span><\/li>\n<\/ul>\n<\/div>\n<div style=\"text-align: justify;\"><span style=\"font-size: 10pt;\">\u00a0\u00a0\u00a0\u00a0 Wsp\u00f3\u0142tworzy\u0142a album o Piwnicznej \u201eKraina Popradem opasana\u201d (proza poetycka) oraz ksi\u0105\u017ck\u0119 dla dzieci \u201eBajki\u201d (oprawa graf., ilustracje, wiersze). Ilustratorka wielu wydawnictw poetyckich, almanach\u00f3w pokonkursowych. Autorka ok\u0142adek ksi\u0105\u017cek,\u00a0 projekt\u00f3w graficznych i scenografii oraz ponad 30 scenariuszy przedstawie\u0144 dla najm\u0142odszych.<\/span><\/div>\n<div style=\"text-align: justify;\"><span style=\"font-size: 10pt;\">\u00a0\u00a0\u00a0\u00a0 Pomys\u0142odawczyni i organizatorka 20 Mi\u0119dzynarodowych Spotka\u0144 Poezji i Muzyki G\u00f3r &#8222;Wrzosowisko&#8221;, 15 edycji Mi\u0119dzynarodowego Konkursu Poetyckiego &#8222;Sen o Karpatach&#8221; i trzech Mi\u0119dzynarodowych plener\u00f3w malarskich \u201eBeskid p\u0119dzlem zapisany\u201d, na kt\u00f3rych by\u0142a komisarzem.<\/span><\/div>\n<div style=\"text-align: justify;\"><span style=\"font-size: 10pt;\">\u00a0\u00a0\u00a0\u00a0 Pisze do gazet: \u201eKrynickie Zdroje\u201d i miesi\u0119cznika \u201eS\u0105deczanin\u201d.<\/span><\/div>\n<div style=\"text-align: justify;\"><span style=\"font-size: 10pt;\">\u00a0\u00a0\u00a0\u00a0 W roku 1999 w chacie \u017bywczak\u00f3w w \u0141omnicy- Zdroju nagra\u0142a swoj\u0105 kamer\u0105 unikatowy film o Wigilii Czarnych G\u00f3rali. Uczestniczyli w nim, opr\u00f3cz gospodyni \u015bp. Rozalii, cz\u0142onkowie RZ Dolina Popradu.<\/span><\/div>\n<div style=\"text-align: justify;\"><span style=\"font-size: 10pt;\">\u00a0\u00a0\u00a0\u00a0 Kolejny jej pomys\u0142 i starania zaowocowa\u0142y, zorganizowanym w lecie 2000 r. wsp\u00f3lnie z MGOK w Pijalni na Zawodziu, pi\u0119knym benefisem na 85 urodziny Danuty Szaflarskiej.<\/span><\/div>\n<div style=\"text-align: justify;\"><span style=\"font-size: 10pt;\">\u00a0\u00a0\u00a0\u00a0 Podarowa\u0142a Muzeum Regionalnemu TMP dwa du\u017ce pastelowe portrety mieszkanek gminy \u2013 bab\u0107: Anny z \u0141omnicy Zdroju i Katarzyny z \u0141az\u00f3w.<\/span><\/div>\n<div style=\"text-align: justify;\"><span style=\"font-size: 10pt;\">\u00a0\u00a0\u00a0\u00a0\u00a0 Jest laureatk\u0105 g\u0142\u00f3wnych nagr\u00f3d w wielu presti\u017cowych polskich konkursach poetyckich.<\/span><\/div>\n<div style=\"text-align: justify;\"><span style=\"font-size: 10pt;\">Podsumowanie <\/span><\/div>\n<div style=\"text-align: justify;\"><span style=\"font-size: 10pt;\">\u00a0\u00a0\u00a0\u00a0 W moim \u017cyciu, najbardziej owocne artystycznie by\u0142o 30 ostatnich lat. W tym czasie skupi\u0142am si\u0119 na dw\u00f3ch uzupe\u0142niaj\u0105cych si\u0119 dziedzinach sztuki: poezji i malarstwie oraz dziennikarstwie. W ka\u017cdej z tych dziedzin w kr\u0119gu moich zainteresowa\u0144 tematem wiod\u0105cym by\u0142 zawsze i jest nadal cz\u0142owiek, jego kondycja psychiczna, warunki w jakich \u017cyje i jakimi warto\u015bciami kieruje si\u0119 w \u017cyciu. Fascynuje mnie to, \u017ce ka\u017cdy cz\u0142owiek jest bytem niepowtarzalnym, stworzonym przez Boga, a kszta\u0142towanym przez siebie samego i przez los.<\/span><\/div>\n<div style=\"text-align: justify;\"><span style=\"font-size: 10pt;\">\u00a0\u00a0\u00a0\u00a0 Po\u015br\u00f3d miliard\u00f3w ludzi jacy szli i id\u0105 Ziemi\u0105, nie ma i nie by\u0142o os\u00f3b identycznych. A \u017cycie ka\u017cdego z nas to kr\u00f3tki czas zmagania si\u0119 z trudno\u015bciami, i radzenia sobie z nimi, to walka z chorobami, gorycz bezsilno\u015bci wobec okrucie\u0144stwa, przebieg\u0142o\u015bci i bezwzgl\u0119dno\u015bci innych, cz\u0119ste odczucie samotno\u015bci, a tak\u017ce cierpienie i rado\u015b\u0107\u2026 O tym s\u0105 moje wiersze i opowiadania. To jest tematyka mojej ksi\u0105\u017cki \u201eHelka z ziemi niczyjej\u201d, opowie\u015bci o \u017cyciu w PRL-u i po nim, kt\u00f3r\u0105 pisz\u0119 od kilku lat w oparciu o wspomnienia w\u0142asne, moich braci oraz kole\u017ce\u0144stwa ze szko\u0142y, harcerstwa i studi\u00f3w na Akademii Sztuk Pi\u0119knych w Krakowie, mieszka\u0144c\u00f3w Krynicy i Piwnicznej. Ksi\u0105\u017ck\u0119 t\u0119 mam zamiar wyda\u0107 w roku 2022.<\/span><\/div>\n<div style=\"text-align: justify;\"><span style=\"font-size: 10pt;\">\u00a0\u00a0\u00a0\u00a0 Obecnie (z braku czasu!) na sztalugach maluj\u0119 znacznie mniej, ale opracowuj\u0119 graficznie, rysuj\u0119 i ilustruj\u0119 r\u00f3\u017cne wydawnictwa.<\/span><\/div>\n<div style=\"text-align: justify;\"><span style=\"font-size: 10pt;\">&#8211; Zainteresowanie ludzkimi losami spowodowa\u0142o, \u017ce postanowi\u0142am si\u0119 w nie zag\u0142\u0119bi\u0107. Los sprawi\u0142, \u017ce ostatecznie nie Krak\u00f3w, lecz to miasteczko sta\u0142o si\u0119 moim miejscem na ziemi. Widz\u0105c opustosza\u0142e ludzkie gniazda, o kt\u00f3rych pami\u0119\u0107 zasypuje czas, postanowi\u0142am t\u0119 pami\u0119\u0107 chocia\u017c w ma\u0142ej cz\u0119\u015bci ocali\u0107. W ten spos\u00f3b powsta\u0142y dwie cz\u0119\u015bci albumu Dar Pami\u0119ci \u2013 dawni ludzie, rodziny, dawne domy \u2013 dziedzictwo kulturowe Piwnicznej, w kt\u00f3rej mieszkam od ponad 50 lat.. Ciesz\u0119 si\u0119, \u017ce zainspirowa\u0142am w ten spos\u00f3b Tow. Mi\u0142o\u015bnik\u00f3w Piwnicznej, kt\u00f3re te\u017c zacz\u0119\u0142o wydobywa\u0107 z odm\u0119t\u00f3w zapomnienia to co dla mieszka\u0144c\u00f3w nadpopradzia wa\u017cne, i wydawa\u0107 w\u0142asne opracowania.<\/span><\/div>\n<div style=\"text-align: justify;\"><span style=\"font-size: 10pt;\">\u00a0\u00a0\u00a0\u00a0 Moje w\u0119dr\u00f3wki po g\u00f3rach i dolinach, w mie\u015bcie, wioskach i przysi\u00f3\u0142kach nadpopradzkiej krainy trwa\u0142y ponad 16 lat i pozwoli\u0142y mi zgromadzi\u0107 tysi\u0105ce starych zdj\u0119\u0107 i po\u017c\u00f3\u0142k\u0142ych dokument\u00f3w i spisa\u0107 \u2013 nieraz bardzo dramatyczne \u2013 historie rod\u00f3w zasiedlaj\u0105cych t\u0119 ziemi\u0119 od pokole\u0144. Pozna\u0142am jak si\u0119 budowa\u0142o domy w g\u00f3rach, jakie kultywowano tradycje i obyczaje w tych \u017cyj\u0105cych skromnie, by nie powiedzie\u0107 biednie wielodzietnych rodzinach.<\/span><\/div>\n<div style=\"text-align: justify;\">\n<ol>\n<li><span style=\"font-size: 10pt;\">&#8211; Od 22 lat p\u00f3\u0142spo\u0142ecznie, na w\u0142asnym sprz\u0119cie, prowadz\u0119 i redaguj\u0119 miesi\u0119cznik Znad Popradu, kt\u00f3ry powsta\u0142 z inspiracji i stara\u0144 Marii i Eugeniusza Lebdowicz\u00f3w w 1991 r. po transformacji 1989 r. Nie jest to tuzinkowe czasopismo, poniewa\u017c tre\u015bci jakie s\u0105 w nim zamieszczane, dotycz\u0105 nie tylko spraw lokalnych, cho\u0107 tych jest sporo, ale i wa\u017cnych lub ciekawych rzeczy ze \u015bwiata. W maju tego roku b\u0119dziemy obchodzi\u0107 30-lecie gazety.<\/span><\/li>\n<li><span style=\"font-size: 10pt;\">Od lat staram si\u0119 wspiera\u0107 Samorz\u0105d poprzez interwencje w terenie i publikacje na \u0142amach gazety. Dzi\u0119ki nim wr\u00f3ci\u0142 do nale\u017cnego mu wygl\u0105du zaniedbany i okradziony pomnik rozstrzelanych w M\u0142odowie, kt\u00f3ry zreszt\u0105 nieodp\u0142atnie zaprojektowa\u0142am wiele lat temu. Zosta\u0142a wyremontowana, b\u0119d\u0105ca w fatalnym stanie, droga do \u017ar\u00f3de\u0142 Kingi w G\u0142\u0119bokiem; W miejsce spr\u00f3chnia\u0142ego, zagra\u017caj\u0105cego bezpiecze\u0144stwu przechodz\u0105cym nim ludzi mostu-k\u0142adki na Czerczu w Kosarzyskach, powsta\u0142 nowy. By\u0142o te\u017c wiele pomniejszych interwencji, o kt\u00f3rych informowa\u0142am na \u0142amach ZP.<\/span><\/li>\n<li><span style=\"font-size: 10pt;\">&#8211; Odk\u0105d mieszkam w Piwnicznej, w mojej mini oazie spokoju i harmonii cz\u0142owieka z przyrod\u0105, stara\u0142am si\u0119 stworzy\u0107 co\u015b, co zwr\u00f3ci uwag\u0119 na ten zak\u0105tek kraju, co go rozs\u0142awi. St\u0105d pomys\u0142 i organizacja przez 20 lat \u201eWrzosowiska\u201d \u2013 Mi\u0119dzynarodowych spotka\u0144 Poezji i Muzyki G\u00f3r i zwi\u0105zanego z \u201eWrzosowiskiem\u201d konkursu poetyckiego \u201eSen o Karpatach\u201d. Ostatnia 15 edycja konkursu mia\u0142a miejsce w roku 2018. Zorganizowa\u0142am te\u017c 3 mi\u0119dzynarodowe plenery malarskie. Po obu stronach Karpat \u017cyj\u0105 wra\u017cliwi ludzie i chyba nie ma cz\u0142owieka, kt\u00f3ry by g\u00f3r nie kocha\u0142. Taka integracja poprzez poezj\u0119 i muzyk\u0119 tworzy silne wi\u0119zi mi\u0119dzy narodami, odrzuca stereotypy, pozwala zyskiwa\u0107 przyjaci\u00f3\u0142, o kt\u00f3rych dzisiaj coraz trudniej.<\/span><\/li>\n<li><span style=\"font-size: 10pt;\">&#8211; Spad\u0142o na mnie troch\u0119 zaszczyt\u00f3w, ot cho\u0107by ostatnio nagroda ksi\u0119dza prof. Boles\u0142awa Kumora \u201eS\u0105decki Autor\u201d, a wcze\u015bniej nagroda Wojew\u00f3dztwa Ma\u0142opolskiego im. Romana Reinfussa, nagroda im W\u0142adys\u0142awa Orkana, Z\u0142ote Jab\u0142ko S\u0105deckie, nagroda Ministerstwa Kultury i Dziedzictwa Narodowego Gloria Artis \u2013 Zas\u0142u\u017cony dla Kultury Polskiej oraz przyznany przez dzieci w r. 2005 cudowny Order U\u015bmiechu, nie m\u00f3wi\u0105c o wielu innych odznaczeniach Nagra\u0142\u0105m wiele wywiad\u00f3w, a TVP pr 2 nagra\u0142a film \u201eWrzosowa Pani znad Popradu\u201d w cyklu AKTYWNI 60+<\/span><\/li>\n<\/ol>\n<\/div>\n<div style=\"text-align: justify;\"><span style=\"font-size: 10pt;\">\u00a0\u00a0\u00a0\u00a0 \u00a0\u00a0\u00a0\u00a0\u00a0Ceni\u0119 sobie szczero\u015b\u0107 i czu\u0142o\u015b\u0107 \u017cycia bez uprzedze\u0144, bez ciasnoty umys\u0142owej i m\u015bciwo\u015bci wobec tych, kt\u00f3rzy skrzywdzili (chocia\u017c podobno zemsta jest rozkosz\u0105 bog\u00f3w). A najcenniejsz\u0105 nagrod\u0105 jest to, \u017ce mog\u0119 realizowa\u0107 swoje pasje w przepi\u0119knym krajobrazie w\u015br\u00f3d dobrych ludzi i satysfakcja z tego, co uda\u0142o mi si\u0119 w \u017cyciu zrobi\u0107. \u017be Pan B\u00f3g wci\u0105\u017c nape\u0142nia mnie energi\u0105 tw\u00f3rcz\u0105, zach\u0119ca do dzia\u0142ania i patrzy na to co robi\u0119 przychylnym okiem.<\/span><\/div>\n<p>&nbsp;<\/p>\n<div><strong>Dom z witra\u017cem<\/strong><\/div>\n<p>&nbsp;<\/p>\n<div>Posadzony z sadem<\/div>\n<div>w dziewi\u0119\u0107set dziewi\u0105tym<\/div>\n<div>dom* drewnia\u0142 na wzg\u00f3rzu<\/div>\n<div>skrzypia\u0142 \u017cyciem dymi\u0142<\/div>\n<div>z mosi\u0119\u017cnej ko\u0142atki<\/div>\n<div>na drzwiach stepuj\u0105cej<\/div>\n<div>ucieka\u0142o s\u0142o\u0144ce<\/div>\n<div>dachy miedzi\u0105 l\u015bni\u0142y<\/div>\n<div>lecz czasami w oknie<\/div>\n<div>pojawia\u0142 si\u0119 witra\u017c<\/div>\n<div>sylwetka kobiety<\/div>\n<div>szara twarz i d\u0142onie<\/div>\n<div>niewidoczne oczy<\/div>\n<div>niewidoczne usta<\/div>\n<div>w obr\u0119czy warkocza<\/div>\n<div>srebrnoszare skronie<\/div>\n<div>posta\u0107 w czas przedgwiezdny<\/div>\n<div>w p\u00f3\u0142mrok obleczona<\/div>\n<div>bry\u0142\u0119 domu w niebo<\/div>\n<div>nios\u0142a na ramionach<\/div>\n<div>p\u0142on\u0105\u0142 migotliwy<\/div>\n<div>nimb doko\u0142a g\u0142owy<\/div>\n<div>i w\u0142os\u00f3w patronki<\/div>\n<div>wszystkich opuszczonych<\/div>\n<div><\/div>\n<div>dom zgarbacia\u0142 sczernia\u0142<\/div>\n<div>ale ja pami\u0119tam<\/div>\n<div>by\u0142o okno witra\u017c<\/div>\n<div>a w nim szara \u015bwi\u0119ta<\/div>\n<p>&nbsp;<\/p>\n<div><em>* willa w Krynicy przy ul. Ko\u015bciuszki<\/em><\/div>\n<p>&nbsp;<\/p>\n<div><strong>I zawsze b\u0119d\u0119<\/strong><\/div>\n<p><strong>\u00a0<\/strong><\/p>\n<div>Zakryje mnie<\/div>\n<div>widokiem codziennym<\/div>\n<div>g\u00f3ra wschodz\u0105ca<\/div>\n<div>w oknie \u015bwitu<\/div>\n<div>kamie\u0144 wystuka<\/div>\n<div>prost\u0105 piosenk\u0119<\/div>\n<div>nutami granitu<\/div>\n<div>fale Popradu<\/div>\n<div>przemyj\u0105 oczy<\/div>\n<div>na kryszta\u0142owy szlak<\/div>\n<div>w poprzek nocy<\/div>\n<div>i ju\u017c mnie Nigdzie<\/div>\n<div>odt\u0105d nie b\u0119dzie<\/div>\n<div>i zawsze b\u0119d\u0119<\/div>\n<div>Wsz\u0119dzie<\/div>\n<p>&nbsp;<\/p>\n<div><strong>Kt\u00f3ry pisze ikony<\/strong><\/div>\n<p><strong>\u00a0<\/strong><\/p>\n<div><em>Pami\u0119ci Jerzego Harasymowicza<\/em><\/div>\n<p>&nbsp;<\/p>\n<div>Dzie\u0144<\/div>\n<div>w porcelanowej<\/div>\n<div>misie \u015bwitu<\/div>\n<div>cynober \u017c\u00f3\u0142\u0107 kadmow\u0105<\/div>\n<div>ochr\u0119 porozciera<\/div>\n<div>kobalty umbry z\u0142ote<\/div>\n<div>napisze ikon\u0119<\/div>\n<div>z Pankreatorem smag\u0142olicym<\/div>\n<div>las\u00f3w pod Tarnic\u0105<\/div>\n<div>ze s\u0142oneczn\u0105 Bogomatierju<\/div>\n<div>po\u0142onin<\/div>\n<div>i zawiesi w ikonostasie<\/div>\n<div>wszystkich \u015bwi\u0119tych<\/div>\n<div>krajobraz\u00f3w bieszczadzkich<\/div>\n<div><\/div>\n<div>tyle ju\u017c ikon napisa\u0142<\/div>\n<div>a jedna pi\u0119kniejsza od drugiej<\/div>\n<p>&nbsp;<\/p>\n<div><strong><span class=\"tekstbold\">SKLEP<\/span><\/strong><\/div>\n<p>&nbsp;<\/p>\n<div>Ciemno\u015b\u0107 zamyka oczy ulicom<br \/>\nga\u015bnie sklep<\/div>\n<div>sprzedaj\u0105cy z\u0142udzenia<br \/>\nzamykaj\u0105 p\u0119kate zyski<br \/>\nci co kupili<br \/>\nciesz\u0105 si\u0119 jak dzieci<br \/>\nchorzy z zawi\u015bci<br \/>\ngryz\u0105 palce przez sen<br \/>\nzakochani<br \/>\nczuwaj\u0105 p\u00f3\u0142przytomnie<br \/>\nprzy rozchylonych p\u0105kach ust<br \/>\n\u015bwiat w rzece nocy zmywa<br \/>\nzaschni\u0119t\u0105 Krew<br \/>\na wyb\u0142yszczona<br \/>\nod westchnie\u0144 klamka ksi\u0119\u017cyca<br \/>\nnie wszystkim otworzy<br \/>\nhipermarket dnia<\/div>\n<p>&nbsp;<\/p>\n<div><strong><span class=\"tekstbold\">KRAK\u00d3W<\/span><\/strong><\/div>\n<p>&nbsp;<\/p>\n<div><span class=\"tekstwiersz\">W tym mie\u015bcie ko\u015bcio\u0142\u00f3w<br \/>\njak grzyb\u00f3w po deszczu<br \/>\nulic wydeptanych<br \/>\nprzez Wielkich Artyst\u00f3w<br \/>\nkrok po kroku Planty<br \/>\nzau\u0142ki w go\u0142\u0119biach<br \/>\nistny wie\u017cobabel<br \/>\nj\u0119zyk goni j\u0119zyk<br \/>\npanowie i panie<br \/>\nzro\u015bni\u0119te z pieskami<br \/>\nzachodz\u0105 za \u017cycie<br \/>\nz u\u015bmiechem na oczach<br \/>\nwr\u00f3blo szarzy \u017cacy<br \/>\nstada wyg\u0142odnia\u0142e<br \/>\nwydziobuj\u0105 wiedz\u0119<br \/>\nz bia\u0142ych d\u0142oni ksi\u0105\u017cek<br \/>\ni Wawelu czakram<br \/>\npiecz\u0119ci\u0105 na mie\u015bcie<br \/>\nna czcigodnych murach<br \/>\npod dzwonem Zygmunta<\/span><\/div>\n","protected":false},"excerpt":{"rendered":"<p>BARBARA PALUCH (Paluchowa) z d. Kr\u0119\u017co\u0142ek\u00a0 Ur. w Kobylance w Beskidzie Niskim. Art. plastyk &#8211; ASP Krak\u00f3w, poetka &#8211; pisze w j\u0119zyku literackim, w gwarze g\u00f3rali nadpopradzkich i pog\u00f3rzan, animatorka kultury, przez 22 lata do dzisiaj redaktor naczelna miesi\u0119cznika lokalnego &#8230; <a class=\"more-link\" href=\"https:\/\/zlp-krakow.pl\/?page_id=250\">Read More &raquo;<\/a><\/p>\n","protected":false},"author":1,"featured_media":0,"parent":51,"menu_order":280,"comment_status":"closed","ping_status":"closed","template":"","meta":{"footnotes":""},"categories":[2],"tags":[],"class_list":["post-250","page","type-page","status-publish","hentry","category-czlonkowie"],"_links":{"self":[{"href":"https:\/\/zlp-krakow.pl\/index.php?rest_route=\/wp\/v2\/pages\/250","targetHints":{"allow":["GET"]}}],"collection":[{"href":"https:\/\/zlp-krakow.pl\/index.php?rest_route=\/wp\/v2\/pages"}],"about":[{"href":"https:\/\/zlp-krakow.pl\/index.php?rest_route=\/wp\/v2\/types\/page"}],"author":[{"embeddable":true,"href":"https:\/\/zlp-krakow.pl\/index.php?rest_route=\/wp\/v2\/users\/1"}],"replies":[{"embeddable":true,"href":"https:\/\/zlp-krakow.pl\/index.php?rest_route=%2Fwp%2Fv2%2Fcomments&post=250"}],"version-history":[{"count":14,"href":"https:\/\/zlp-krakow.pl\/index.php?rest_route=\/wp\/v2\/pages\/250\/revisions"}],"predecessor-version":[{"id":5081,"href":"https:\/\/zlp-krakow.pl\/index.php?rest_route=\/wp\/v2\/pages\/250\/revisions\/5081"}],"up":[{"embeddable":true,"href":"https:\/\/zlp-krakow.pl\/index.php?rest_route=\/wp\/v2\/pages\/51"}],"wp:attachment":[{"href":"https:\/\/zlp-krakow.pl\/index.php?rest_route=%2Fwp%2Fv2%2Fmedia&parent=250"}],"wp:term":[{"taxonomy":"category","embeddable":true,"href":"https:\/\/zlp-krakow.pl\/index.php?rest_route=%2Fwp%2Fv2%2Fcategories&post=250"},{"taxonomy":"post_tag","embeddable":true,"href":"https:\/\/zlp-krakow.pl\/index.php?rest_route=%2Fwp%2Fv2%2Ftags&post=250"}],"curies":[{"name":"wp","href":"https:\/\/api.w.org\/{rel}","templated":true}]}}