{"id":248,"date":"2015-03-06T01:32:58","date_gmt":"2015-03-06T00:32:58","guid":{"rendered":"http:\/\/zlp-krakow.org\/?page_id=248"},"modified":"2019-03-21T09:06:20","modified_gmt":"2019-03-21T08:06:20","slug":"konarski-leszek","status":"publish","type":"page","link":"https:\/\/zlp-krakow.pl\/?page_id=248","title":{"rendered":"Leszek Konarski"},"content":{"rendered":"<p><a href=\"https:\/\/zlp-krakow.pl\/wp-content\/uploads\/2015\/03\/Leszek-Konarski.jpg\"><img loading=\"lazy\" decoding=\"async\" class=\"alignnone wp-image-2293\" src=\"https:\/\/zlp-krakow.pl\/wp-content\/uploads\/2015\/03\/Leszek-Konarski-224x300.jpg\" alt=\"OLYMPUS DIGITAL CAMERA\" width=\"200\" height=\"268\" srcset=\"https:\/\/zlp-krakow.pl\/wp-content\/uploads\/2015\/03\/Leszek-Konarski-224x300.jpg 224w, https:\/\/zlp-krakow.pl\/wp-content\/uploads\/2015\/03\/Leszek-Konarski-764x1024.jpg 764w, https:\/\/zlp-krakow.pl\/wp-content\/uploads\/2015\/03\/Leszek-Konarski-600x804.jpg 600w, https:\/\/zlp-krakow.pl\/wp-content\/uploads\/2015\/03\/Leszek-Konarski.jpg 1324w\" sizes=\"auto, (max-width: 200px) 100vw, 200px\" \/><\/a><\/p>\n<p><strong>Leszek Konarski<\/strong><\/p>\n<p style=\"text-align: justify;\">reporter, dramaturg, ur.13.IX.1941 w Krzeszowicach. Jako student polonistyki Uniwersytetu Jagiello\u0144skiego w 1962 roku za sztuk\u0119 \u201eObsesje\u201d zdobywa wyr\u00f3\u017cnienie w III Og\u00f3lnopolskim Konkursie Debiutu Dramaturgicznego Teatru \u201eAteneum\u201d w Warszawie, w latach 1961-62 odbywa sta\u017c dramaturgiczny w Mi\u0119dzynarodowym Instytucie Teatralnym w Pary\u017cu. Po powrocie do kraju, jesieni\u0105 1962 roku, debiutuje jednoakt\u00f3wk\u0105 \u201eNie patrz w okno\u201d wystawion\u0105 w formie warsztatu dramaturgicznego na scenie Teatru \u201e38\u201d. Nagrodzona przez teatr \u201eAteneum\u201d sztuka \u201eObsesje\u201d zostaje w 1964 roku wystawiona przez Teatr Propozycji Klubu \u201e13 Muz\u201d w Szczecinie, a w 1965 Teatr Telewizji wystawia sztuk\u0119 \u201eSzafa\u201d. Jego monodram \u201eOstro\u017cnie z ogniem\u201d, grany przez Teatr \u201eEref 66\u201d, zdobywa pierwsz\u0105 nagrod\u0119 jury i drug\u0105 nagrod\u0119 publiczno\u015bci na XII Przegl\u0105dzie Zawodowych Teatr\u00f3w Ma\u0142ych Form w Szczecinie \/1977\/. Za sztuk\u0119 \u201ePi\u0119\u0107dziesi\u0105t odcieni jednego koloru\u201d w 1967 roku zdobywa wyr\u00f3\u017cnienie w konkursie dramaturgicznym Rady Narodowej m. Krakowa \/1967,\/ a za sztuk\u0119 \u201eRozr\u00f3ba\u201d wyr\u00f3\u017cnienie w konkursie dramaturgicznym Teatru Ludowego w Nowej Nowej Hucie \/1976\/.<\/p>\n<p style=\"text-align: justify;\">R\u00f3wnocze\u015bnie pracuje jako reporter w \u201eDzienniku Polskim\u201d \/1971-1982\/, w \u201ePrzegl\u0105dzie Tygodniowym\u201d \/1983-1999\/ i od 1999 w \u201ePrzegl\u0105dzie\u201d. Jego reporta\u017ce ukazuj\u0105 si\u0119 w tomikach \u201eEkspresu reporter\u00f3w\u201d jak te\u017c i w antologiach polskiego reporta\u017cu: \u201eJedno polskie \u017cycie\u201d \/WL 1980\/ czy \u201ePoker o wszystko\u201d \/KAW 1981\/. Na podstawie jego reporta\u017cy zrealizowany zosta\u0142 serial telewizyjny \u201eTulipan\u201d i film fabularny \u201eCzarodziej z Harlemu\u201d.Za osi\u0105gni\u0119cia dziennikarskie zosta\u0142 odznaczony mi\u0119dzy innymi \u201eZ\u0142ot\u0105 Gruszk\u0105\u201d, Z\u0142otym Krzy\u017cem Zas\u0142ugi, z\u0142ot\u0105 odznak\u0105 za prac\u0119 spo\u0142eczn\u0105 dla m. Krakowa\u201d, odznak\u0105 \u201eHonoris gratia\u201d, a rz\u0105d francuski w 2004 roku przyzna\u0142 mu godno\u015b\u0107 kawalera orderu \u201edes Arts et des Lettres\u201d za osi\u0105gni\u0119cia w promowaniu kultury francuskiej w Polsce. W 2009 roku by\u0142 nominowany do nagrody \u201eGrand Press\u201d za najlepszy news w polskiej prasie &#8211; o rzeczniku rz\u0105du Pawle Grasiu, kt\u00f3ry by\u0142 r\u00f3wnocze\u015bnie w Zabierzowie dozorc\u0105 u niemieckiego przedsi\u0119biorcy, a w 2018 za news o znikni\u0119ciu 100 milion\u00f3w euro z konta Fundacji XX. Czartoryskich, kt\u00f3re znalaz\u0142y si\u0119 w Lichtensteinie, na koncie Fundacji Le Jour Viendra, za\u0142o\u017conej przez Adama Karola Czartoryskiego, szefa rady krakowskiej fundacji.<\/p>\n<p>Od 1987 cz\u0142onek Oddzia\u0142u Warszawskiego ZLP, od 2003 oddzia\u0142u w Krakowie.<\/p>\n<p>kontakt:\u00a0<a href=\"mailto:konarski@kki.pl\">konarski@kki.pl<\/a><\/p>\n<p>&nbsp;<\/p>\n","protected":false},"excerpt":{"rendered":"<p>Leszek Konarski reporter, dramaturg, ur.13.IX.1941 w Krzeszowicach. Jako student polonistyki Uniwersytetu Jagiello\u0144skiego w 1962 roku za sztuk\u0119 \u201eObsesje\u201d zdobywa wyr\u00f3\u017cnienie w III Og\u00f3lnopolskim Konkursie Debiutu Dramaturgicznego Teatru \u201eAteneum\u201d w Warszawie, w latach 1961-62 odbywa sta\u017c dramaturgiczny w Mi\u0119dzynarodowym Instytucie Teatralnym &#8230; <a class=\"more-link\" href=\"https:\/\/zlp-krakow.pl\/?page_id=248\">Read More &raquo;<\/a><\/p>\n","protected":false},"author":1,"featured_media":0,"parent":51,"menu_order":0,"comment_status":"closed","ping_status":"closed","template":"","meta":{"footnotes":""},"categories":[2],"tags":[],"class_list":["post-248","page","type-page","status-publish","hentry","category-czlonkowie"],"_links":{"self":[{"href":"https:\/\/zlp-krakow.pl\/index.php?rest_route=\/wp\/v2\/pages\/248","targetHints":{"allow":["GET"]}}],"collection":[{"href":"https:\/\/zlp-krakow.pl\/index.php?rest_route=\/wp\/v2\/pages"}],"about":[{"href":"https:\/\/zlp-krakow.pl\/index.php?rest_route=\/wp\/v2\/types\/page"}],"author":[{"embeddable":true,"href":"https:\/\/zlp-krakow.pl\/index.php?rest_route=\/wp\/v2\/users\/1"}],"replies":[{"embeddable":true,"href":"https:\/\/zlp-krakow.pl\/index.php?rest_route=%2Fwp%2Fv2%2Fcomments&post=248"}],"version-history":[{"count":9,"href":"https:\/\/zlp-krakow.pl\/index.php?rest_route=\/wp\/v2\/pages\/248\/revisions"}],"predecessor-version":[{"id":4295,"href":"https:\/\/zlp-krakow.pl\/index.php?rest_route=\/wp\/v2\/pages\/248\/revisions\/4295"}],"up":[{"embeddable":true,"href":"https:\/\/zlp-krakow.pl\/index.php?rest_route=\/wp\/v2\/pages\/51"}],"wp:attachment":[{"href":"https:\/\/zlp-krakow.pl\/index.php?rest_route=%2Fwp%2Fv2%2Fmedia&parent=248"}],"wp:term":[{"taxonomy":"category","embeddable":true,"href":"https:\/\/zlp-krakow.pl\/index.php?rest_route=%2Fwp%2Fv2%2Fcategories&post=248"},{"taxonomy":"post_tag","embeddable":true,"href":"https:\/\/zlp-krakow.pl\/index.php?rest_route=%2Fwp%2Fv2%2Ftags&post=248"}],"curies":[{"name":"wp","href":"https:\/\/api.w.org\/{rel}","templated":true}]}}