{"id":247,"date":"2015-03-06T14:31:53","date_gmt":"2015-03-06T13:31:53","guid":{"rendered":"http:\/\/zlp-krakow.org\/?page_id=247"},"modified":"2015-03-29T14:08:15","modified_gmt":"2015-03-29T12:08:15","slug":"klimek-franciszek","status":"publish","type":"page","link":"https:\/\/zlp-krakow.pl\/?page_id=247","title":{"rendered":"Franciszek Klimek"},"content":{"rendered":"<p lang=\"en-US\" align=\"JUSTIFY\"><a href=\"https:\/\/zlp-krakow.pl\/wp-content\/uploads\/2015\/03\/klimek.jpg\"><img loading=\"lazy\" decoding=\"async\" class=\"alignnone size-full wp-image-1164\" src=\"https:\/\/zlp-krakow.pl\/wp-content\/uploads\/2015\/03\/klimek.jpg\" alt=\"klimek\" width=\"150\" height=\"200\" \/><\/a><\/p>\n<p lang=\"en-US\" align=\"JUSTIFY\"><span style=\"color: #333366;\"><span style=\"font-family: Verdana, sans-serif;\"><span style=\"font-size: small;\"><span style=\"color: #000000;\"><span lang=\"pl-PL\"><b>Franciszek Klimek<\/b><\/span><\/span><span style=\"color: #000000;\"><span lang=\"pl-PL\"> &#8211; <\/span><\/span><span style=\"color: #000000;\"><span lang=\"pl-PL\">Krakowianin z urodzenia i wyboru, emerytowany muzyk, ale nie emerytowany poeta.<\/span><\/span><b> <\/b><span style=\"color: #000000;\"><span lang=\"pl-PL\">25 lat sp\u0119dzi\u0142 w Zespole Pie\u015bni i Ta\u0144ca &#8222;\u015al\u0105sk&#8221;\u2013 najpierw jako \u015bpiewak, z czasem jako asystent dyrektora zespo\u0142u do spraw artystycznych, nast\u0119pnie 11 lat \u015bpiewa\u0142 w ch\u00f3rze Filharmonii Krakowskiej. Pod koniec lat 70. zadebiutowa\u0142 w pozna\u0144skim pi\u015bmie <\/span><\/span><span style=\"color: #000000;\"><span lang=\"pl-PL\"><i>Mucha<\/i><\/span><\/span><span style=\"color: #000000;\"><span lang=\"pl-PL\"> jako autor satyrycznych fraszek i wierszy, wsp\u00f3\u0142pracowa\u0142 te\u017c z dwutygodnikiem <\/span><\/span><span style=\"color: #000000;\"><span lang=\"pl-PL\"><i>Karuzela<\/i><\/span><\/span><span style=\"color: #000000;\"><span lang=\"pl-PL\">, a w latach 80-tych publikowa\u0142 humoreski proz\u0105 w tygodniku <\/span><\/span><span style=\"color: #000000;\"><span lang=\"pl-PL\"><i>Veto<\/i><\/span><\/span><span style=\"color: #000000;\"><span lang=\"pl-PL\">. W 2004 nak\u0142adem Wydawnictwa\u00a0 \u201cNowy \u015awiat\u201d i \u201eDebit\u201d\u00a0 wydana zosta\u0142a ksi\u0105\u017cka Aleksandry Zi\u00f3\u0142kowskiej-Boehm <\/span><\/span><span style=\"color: #000000;\"><span lang=\"pl-PL\"><i>Podr\u00f3\u017ce z moj\u0105 kotk\u0105,<\/i><\/span><\/span><span style=\"color: #000000;\"><span lang=\"pl-PL\"> w kt\u00f3rej autorka zamie\u015bci\u0142a ok. 30 wierszy Franciszka Klimka. S<\/span><\/span><span style=\"color: #000000;\"><span lang=\"pl-PL\">woje najnowsze wiersze Franciszek Klimek prezentuje na spotkaniach autorskich w szko\u0142ach i domach kultury, a tak\u017ce okazjonalnie na scenie kabaretu Loch Camelot.<\/span><\/span><\/span><\/span><\/span><\/p>\n<p><span style=\"font-family: Verdana, sans-serif;\"><span style=\"font-size: small;\">Do tej pory zosta\u0142y wydane:<\/span><\/span><\/p>\n<p lang=\"en-US\"><span style=\"color: #333366;\"><span style=\"font-family: Verdana, sans-serif;\"><span style=\"font-size: small;\"><span style=\"color: #000000;\"><span lang=\"pl-PL\">&#8211; 2003 r. &#8211; tomik wierszy <\/span><\/span><span style=\"color: #000000;\"><span lang=\"pl-PL\"><i>Ja w sprawie kota<\/i><\/span><\/span><span style=\"color: #000000;\"><span lang=\"pl-PL\"> (Wydawnictwo JANPOL \u2013 Warszawa)<\/span><\/span><\/span><\/span><\/span><\/p>\n<p lang=\"en-US\"><span style=\"color: #333366;\"><span style=\"font-family: Verdana, sans-serif;\"><span style=\"font-size: small;\"><span style=\"color: #000000;\"><span lang=\"pl-PL\">&#8211; 2004 r. &#8211; tomik wierszy <\/span><\/span><span style=\"color: #000000;\"><span lang=\"pl-PL\"><i>Otul\u0119 ci\u0119 ciep\u0142ym mruczeniem<\/i><\/span><\/span><span style=\"color: #000000;\"><span lang=\"pl-PL\"> (Wydawnictwo JANPOL &#8211; Warszawa)<\/span><\/span><\/span><\/span><\/span><\/p>\n<p lang=\"en-US\"><span style=\"color: #333366;\"><span style=\"font-family: Verdana, sans-serif;\"><span style=\"font-size: small;\"><span style=\"color: #000000;\"><span lang=\"pl-PL\">&#8211; 2005<\/span><\/span><span style=\"color: #000000;\"><span lang=\"pl-PL\"> r.<\/span><\/span><span style=\"color: #000000;\"><span lang=\"pl-PL\"> &#8211; tomik wierszy dla dzieci \u2013 <\/span><\/span><span style=\"color: #000000;\"><span lang=\"pl-PL\"><i>Kotki, pieski, niespodzianki<\/i><\/span><\/span><span style=\"color: #000000;\"><span lang=\"pl-PL\">(Wydawnictwo \u201cbis\u201d &#8211; Warszawa)<\/span><\/span><\/span><\/span><\/span><\/p>\n<p lang=\"en-US\"><span style=\"color: #333366;\"><span style=\"font-family: Verdana, sans-serif;\"><span style=\"font-size: small;\"><span style=\"color: #000000;\"><span lang=\"pl-PL\">&#8211; 2005<\/span><\/span><span style=\"color: #000000;\"><span lang=\"pl-PL\"> r.<\/span><\/span><span style=\"color: #000000;\"><span lang=\"pl-PL\"> &#8211; tomik wierszy<\/span><\/span><span style=\"color: #000000;\"><span lang=\"pl-PL\"><i> Nie chodzi o to, by cz\u0142owiek mia\u0142 kota <\/i><\/span><\/span><span style=\"color: #000000;\"><span lang=\"pl-PL\">(Wyd. Arfa-Studio &#8211; Krak\u00f3w)<\/span><\/span><\/span><\/span><\/span><\/p>\n<p lang=\"en-US\"><span style=\"color: #333366;\"><span style=\"font-family: Verdana, sans-serif;\"><span style=\"font-size: small;\"><span style=\"color: #000000;\"><span lang=\"pl-PL\">&#8211; 2006 <\/span><\/span><span style=\"color: #000000;\"><span lang=\"pl-PL\">r. &#8211; <\/span><\/span><span style=\"color: #000000;\"><span lang=\"pl-PL\">tomik wierszy <\/span><\/span><span style=\"color: #000000;\"><span lang=\"pl-PL\"><i>Gdy KOT przebiegnie ci drog\u0119 <\/i><\/span><\/span><span style=\"color: #000000;\"><span lang=\"pl-PL\">(Wydawnictwo \u201dGalaktyka\u201d \u2013 \u0141\u00f3d\u017a)<\/span><\/span><\/span><\/span><\/span><\/p>\n<p lang=\"en-US\"><span style=\"color: #333366;\"><span style=\"font-family: Verdana, sans-serif;\"><span style=\"font-size: small;\"><span style=\"color: #000000;\"><span lang=\"pl-PL\">&#8211; 2007 <\/span><\/span><span style=\"color: #000000;\"><span lang=\"pl-PL\">r. &#8211; <\/span><\/span><span style=\"color: #000000;\"><span lang=\"pl-PL\">tomik wierszy <\/span><\/span><span style=\"color: #000000;\"><span lang=\"pl-PL\"><i>Mrucz\u0119 wi\u0119c jestem <\/i><\/span><\/span><span style=\"color: #000000;\"><span lang=\"pl-PL\">(Wydawnictwo \u201dGalaktyka\u201d \u2013 \u0141\u00f3d\u017a)<\/span><\/span><\/span><\/span><\/span><\/p>\n<p lang=\"en-US\"><span style=\"color: #333366;\"><span style=\"font-family: Verdana, sans-serif;\"><span style=\"font-size: small;\"><span style=\"color: #000000;\"><span lang=\"pl-PL\">&#8211; 2008 <\/span><\/span><span style=\"color: #000000;\"><span lang=\"pl-PL\">r. &#8211; <\/span><\/span><span style=\"color: #000000;\"><span lang=\"pl-PL\">tomik <\/span><\/span><span style=\"color: #000000;\"><span lang=\"pl-PL\"><i>Tym razem limeryki (<\/i><\/span><\/span><span style=\"color: #000000;\"><span lang=\"pl-PL\">Wydawnictwo OKTOPUS &#8211; Krak\u00f3w<\/span><\/span><\/span><\/span><\/span><\/p>\n<p lang=\"en-US\"><span style=\"color: #333366;\"><span style=\"font-family: Verdana, sans-serif;\"><span style=\"font-size: small;\"><span style=\"color: #000000;\"><span lang=\"pl-PL\">&#8211; 2012 r. &#8211; tomik <\/span><\/span><span style=\"color: #000000;\"><span lang=\"pl-PL\">wierszy<\/span><\/span> <span style=\"color: #000000;\"><span lang=\"pl-PL\"><i>Jak pies z kotem<\/i><\/span><\/span><span style=\"color: #000000;\"><span lang=\"pl-PL\"> (Wydawnictwo GoldenForest \u2013 Olsztyn)<\/span><\/span><\/span><\/span><\/span><\/p>\n<p class=\"western\"><span style=\"font-family: Verdana, sans-serif;\"><span style=\"font-size: small;\"><i><b>KUMPEL<\/b><\/i><\/span><\/span><\/p>\n<p class=\"western\"><span style=\"font-family: Verdana, sans-serif;\"><span style=\"font-size: small;\">Pies bezpa\u0144ski, pies bezdomny, nierasowy,<\/span><\/span><\/p>\n<p class=\"western\"><span style=\"font-family: Verdana, sans-serif;\"><span style=\"font-size: small;\">mia\u0142 dylemat &#8211; mo\u017ce troch\u0119 nietypowy:<\/span><\/span><\/p>\n<p class=\"western\"><span style=\"font-family: Verdana, sans-serif;\"><span style=\"font-size: small;\">Ot\u00f3\u017c pad\u0142a propozycja &#8211; nie wiem sk\u0105d,<\/span><\/span><\/p>\n<p class=\"western\"><span style=\"font-family: Verdana, sans-serif;\"><span style=\"font-size: small;\">\u017ce si\u0119 znajdzie dla zwierzaka jaki\u015b k\u0105t.<\/span><\/span><\/p>\n<p class=\"western\"><span style=\"font-family: Verdana, sans-serif;\"><span style=\"font-size: small;\">Dach nad g\u0142ow\u0105, legowisko, \u017carcia miska &#8211;<\/span><\/span><\/p>\n<p class=\"western\"><span style=\"font-family: Verdana, sans-serif;\"><span style=\"font-size: small;\">trzeba b\u0119dzie tylko trafi\u0107 do schroniska.<\/span><\/span><\/p>\n<p class=\"western\"><span style=\"font-family: Verdana, sans-serif;\"><span style=\"font-size: small;\">Tam ju\u017c siedzi ca\u0142a sfora jego braci,<\/span><\/span><\/p>\n<p class=\"western\"><span style=\"font-family: Verdana, sans-serif;\"><span style=\"font-size: small;\">lecz ma problem: ile zyska, ile straci.<\/span><\/span><\/p>\n<p class=\"western\"><span style=\"font-family: Verdana, sans-serif;\"><span style=\"font-size: small;\">Dach nad g\u0142ow\u0105 i tak dalej &#8211; to ju\u017c co\u015b,<\/span><\/span><\/p>\n<p class=\"western\"><span style=\"font-family: Verdana, sans-serif;\"><span style=\"font-size: small;\">lecz czy mo\u017ce tak sam zosta\u0107 tu ten kto\u015b,<\/span><\/span><\/p>\n<p class=\"western\"><span style=\"font-family: Verdana, sans-serif;\"><span style=\"font-size: small;\">z kim czasami dzieli noc\u0105 \u0142awk\u0119 w parku,<\/span><\/span><\/p>\n<p class=\"western\"><span style=\"font-family: Verdana, sans-serif;\"><span style=\"font-size: small;\">kt\u00f3ry mile potarmosi go po karku,<\/span><\/span><\/p>\n<p class=\"western\"><span style=\"font-family: Verdana, sans-serif;\"><span style=\"font-size: small;\">kt\u00f3ry cz\u0119sto zachowuje si\u0119 okropnie,<\/span><\/span><\/p>\n<p class=\"western\"><span style=\"font-family: Verdana, sans-serif;\"><span style=\"font-size: small;\">ale nigdy nie uderzy i nie kopnie,<\/span><\/span><\/p>\n<p class=\"western\"><span style=\"font-family: Verdana, sans-serif;\"><span style=\"font-size: small;\">a odst\u0105pi kawa\u0142eczek smako\u0142yku<\/span><\/span><\/p>\n<p class=\"western\"><span style=\"font-family: Verdana, sans-serif;\"><span style=\"font-size: small;\">gdy si\u0119 rankiem spotykaj\u0105 przy \u015bmietniku.<\/span><\/span><\/p>\n<p class=\"western\"><span style=\"font-family: Verdana, sans-serif;\"><span style=\"font-size: small;\">I zostawi\u0107 go samego niech tu czeka?<\/span><\/span><\/p>\n<p class=\"western\"><span style=\"font-family: Verdana, sans-serif;\"><span style=\"font-size: small;\">Przecie\u017c <\/span><\/span><span style=\"font-family: Verdana, sans-serif;\"><span style=\"font-size: small;\"><i>kumpel, <\/i><\/span><\/span><span style=\"font-family: Verdana, sans-serif;\"><span style=\"font-size: small;\">cho\u0107 wygl\u0105da na cz\u0142owieka.<\/span><\/span><\/p>\n<p class=\"western\"><span style=\"font-family: Verdana, sans-serif;\"><span style=\"font-size: small;\">I pomy\u015bla\u0142 pies bezpa\u0144ski w pewnej chwili:<\/span><\/span><\/p>\n<p class=\"western\"><span style=\"font-family: Verdana, sans-serif;\"><span style=\"font-size: small;\">czy mo\u017cliwe, by ich razem tam wpu\u015bcili?<\/span><\/span><\/p>\n<p class=\"western\"><span style=\"font-family: Verdana, sans-serif;\"><span style=\"font-size: small;\">Czy zgodzili by si\u0119 na to inni ludzie,<\/span><\/span><\/p>\n<p class=\"western\"><span style=\"font-family: Verdana, sans-serif;\"><span style=\"font-size: small;\">\u017ceby by\u0142 ze swoim kumplem w jednej budzie?<\/span><\/span><\/p>\n<p class=\"western\"><span style=\"font-family: Verdana, sans-serif;\"><span style=\"font-size: small;\">Pewnie nie. Wi\u0119c oci\u0119\u017cale i powoli<\/span><\/span><\/p>\n<p class=\"western\"><span style=\"font-family: Verdana, sans-serif;\"><span style=\"font-size: small;\">ruszy\u0142 \u015bladem towarzysza swojej doli<\/span><\/span><\/p>\n<p class=\"western\"><span style=\"font-family: Verdana, sans-serif;\"><span style=\"font-size: small;\">i w tej chwili wszystko si\u0119 zrobi\u0142o proste:<\/span><\/span><\/p>\n<p class=\"western\"><span style=\"font-family: Verdana, sans-serif;\"><span style=\"font-size: small;\">w dw\u00f3jk\u0119 da si\u0119 jako\u015b \u017cy\u0107 &#8211; nawet pod mostem.<\/span><\/span><\/p>\n<p class=\"western\">\u2026\u2026\u2026\u2026\u2026\u2026\u2026\u2026\u2026\u2026\u2026\u2026\u2026\u2026\u2026\u2026\u2026\u2026\u2026\u2026\u2026\u2026\u2026\u2026\u2026\u2026\u2026\u2026\u2026\u2026<\/p>\n<p class=\"western\"><span style=\"font-family: Verdana, sans-serif;\"><span style=\"font-size: small;\"><i>Niech odgadnie mo\u017ce kto\u015b, kogo to wzruszy,<\/i><\/span><\/span><\/p>\n<p class=\"western\"><span style=\"font-family: Verdana, sans-serif;\"><span style=\"font-size: small;\"><i>jakie struny tak potrafi\u0105 gra\u0107 w psiej duszy\u2026<\/i><\/span><\/span><\/p>\n<p class=\"western\"><span style=\"font-family: Verdana, sans-serif;\"><span style=\"font-size: xx-small;\">2004<\/span><\/span><\/p>\n<p class=\"western\"><span style=\"font-family: Verdana, sans-serif;\"><span style=\"font-size: small;\"><i><b>DWA KO\u0143CE<\/b><\/i><\/span><\/span><\/p>\n<p class=\"western\"><span style=\"font-family: Verdana, sans-serif;\"><span style=\"font-size: small;\">Za czas\u00f3w dziadka Samuraja<\/span><\/span><\/p>\n<p class=\"western\"><span style=\"font-family: Verdana, sans-serif;\"><span style=\"font-size: small;\">szed\u0142 ch\u0142op Roztropek drog\u0105 bit\u0105<\/span><\/span><\/p>\n<p class=\"western\"><span style=\"font-family: Verdana, sans-serif;\"><span style=\"font-size: small;\">i w\u0142a\u015bnie tutaj na rozstajach<\/span><\/span><\/p>\n<p class=\"western\"><span style=\"font-family: Verdana, sans-serif;\"><span style=\"font-size: small;\">spotka\u0142 by\u0142 szefa z jego \u015bwit\u0105.<\/span><\/span><\/p>\n<p class=\"western\"><span style=\"font-family: Verdana, sans-serif;\"><span style=\"font-size: small;\">Ch\u0142opek Roztropek mimochodem<\/span><\/span><\/p>\n<p class=\"western\"><span style=\"font-family: Verdana, sans-serif;\"><span style=\"font-size: small;\">w pi\u015bmie drogowym by\u0142 uczony,<\/span><\/span><\/p>\n<p class=\"western\"><span style=\"font-family: Verdana, sans-serif;\"><span style=\"font-size: small;\">wi\u0119c nie przepu\u015bci\u0142 szefa przodem,<\/span><\/span><\/p>\n<p class=\"western\"><span style=\"font-family: Verdana, sans-serif;\"><span style=\"font-size: small;\">bo sam by\u0142 w\u0142a\u015bnie z prawej strony.<\/span><\/span><\/p>\n<p class=\"western\"><span style=\"font-family: Verdana, sans-serif;\"><span style=\"font-size: small;\">Kodeks kodeksem, prawo prawem,<\/span><\/span><\/p>\n<p class=\"western\"><span style=\"font-family: Verdana, sans-serif;\"><span style=\"font-size: small;\">lecz przede wszystkim w\u0142adza \u2013 w\u0142adz\u0105:<\/span><\/span><\/p>\n<p class=\"western\"><span style=\"font-family: Verdana, sans-serif;\"><span style=\"font-size: small;\">&#8211; Bra\u0107 go za szmaty i na \u0142aw\u0119,<\/span><\/span><\/p>\n<p class=\"western\"><span style=\"font-family: Verdana, sans-serif;\"><span style=\"font-size: small;\">niech mu tam dziesi\u0119\u0107 kij\u00f3w wsadz\u0105!<\/span><\/span><\/p>\n<p class=\"western\"><span style=\"font-family: Verdana, sans-serif;\"><span style=\"font-size: small;\">Ch\u0142op by\u0142 uparty jak cholera<\/span><\/span><\/p>\n<p class=\"western\"><span style=\"font-family: Verdana, sans-serif;\"><span style=\"font-size: small;\">i jeszcze miejsca tar\u0142 bol\u0105ce,<\/span><\/span><\/p>\n<p class=\"western\"><span style=\"font-family: Verdana, sans-serif;\"><span style=\"font-size: small;\">ale gdy tylko si\u0119 pozbiera\u0142,<\/span><\/span><\/p>\n<p class=\"western\"><span style=\"font-family: Verdana, sans-serif;\"><span style=\"font-size: small;\">krzykn\u0105\u0142: &#8211; A kij, to ma dwa ko\u0144ce!<\/span><\/span><\/p>\n<p class=\"western\"><span style=\"font-family: Verdana, sans-serif;\"><span style=\"font-size: small;\">Pan zaskoczony skin\u0105\u0142 g\u0142ow\u0105<\/span><\/span><\/p>\n<p class=\"western\"><span style=\"font-family: Verdana, sans-serif;\"><span style=\"font-size: small;\">i wezwa\u0142 znowu swoje s\u0142ugi:<\/span><\/span><\/p>\n<p class=\"western\"><span style=\"font-family: Verdana, sans-serif;\"><span style=\"font-size: small;\">&#8211; Ten ch\u0142op ma racj\u0119. Prawid\u0142owo.<\/span><\/span><\/p>\n<p class=\"western\"><span style=\"font-family: Verdana, sans-serif;\"><span style=\"font-size: small;\">Wlejcie mu jeszcze ko\u0144cem drugim.<\/span><\/span><\/p>\n<p class=\"western\"><span style=\"font-family: Verdana, sans-serif;\"><span style=\"font-size: small;\">&#8230;&#8230;&#8230;&#8230;&#8230;&#8230;&#8230;&#8230;&#8230;&#8230;&#8230;&#8230;&#8230;&#8230;&#8230;&#8230;.<\/span><\/span><\/p>\n<p class=\"western\"><span style=\"font-family: Verdana, sans-serif;\"><span style=\"font-size: small;\">Z tego nauki p\u0142yn\u0105, kt\u00f3re<\/span><\/span><\/p>\n<p class=\"western\"><span style=\"font-family: Verdana, sans-serif;\"><span style=\"font-size: small;\">w tym jednym zdaniu chyba zmieszcz\u0119:<\/span><\/span><\/p>\n<p class=\"western\"><span style=\"font-family: Verdana, sans-serif;\"><span style=\"font-size: small;\">Je\u015bli ju\u017c raz dosta\u0142e\u015b w sk\u00f3r\u0119,<\/span><\/span><\/p>\n<p class=\"western\"><span style=\"font-family: Verdana, sans-serif;\"><span style=\"font-size: small;\">to milcz, bo mo\u017cesz dosta\u0107 jeszcze.<\/span><\/span><\/p>\n<p class=\"western\"><span style=\"font-family: Verdana, sans-serif;\"><span style=\"font-size: xx-small;\"><i>1970<\/i><\/span><\/span><\/p>\n","protected":false},"excerpt":{"rendered":"<p>Franciszek Klimek &#8211; Krakowianin z urodzenia i wyboru, emerytowany muzyk, ale nie emerytowany poeta. 25 lat sp\u0119dzi\u0142 w Zespole Pie\u015bni i Ta\u0144ca &#8222;\u015al\u0105sk&#8221;\u2013 najpierw jako \u015bpiewak, z czasem jako asystent dyrektora zespo\u0142u do spraw artystycznych, nast\u0119pnie 11 lat \u015bpiewa\u0142 w &#8230; <a class=\"more-link\" href=\"https:\/\/zlp-krakow.pl\/?page_id=247\">Read More &raquo;<\/a><\/p>\n","protected":false},"author":1,"featured_media":0,"parent":51,"menu_order":0,"comment_status":"closed","ping_status":"closed","template":"","meta":{"footnotes":""},"categories":[2],"tags":[],"class_list":["post-247","page","type-page","status-publish","hentry","category-czlonkowie"],"_links":{"self":[{"href":"https:\/\/zlp-krakow.pl\/index.php?rest_route=\/wp\/v2\/pages\/247","targetHints":{"allow":["GET"]}}],"collection":[{"href":"https:\/\/zlp-krakow.pl\/index.php?rest_route=\/wp\/v2\/pages"}],"about":[{"href":"https:\/\/zlp-krakow.pl\/index.php?rest_route=\/wp\/v2\/types\/page"}],"author":[{"embeddable":true,"href":"https:\/\/zlp-krakow.pl\/index.php?rest_route=\/wp\/v2\/users\/1"}],"replies":[{"embeddable":true,"href":"https:\/\/zlp-krakow.pl\/index.php?rest_route=%2Fwp%2Fv2%2Fcomments&post=247"}],"version-history":[{"count":3,"href":"https:\/\/zlp-krakow.pl\/index.php?rest_route=\/wp\/v2\/pages\/247\/revisions"}],"predecessor-version":[{"id":1165,"href":"https:\/\/zlp-krakow.pl\/index.php?rest_route=\/wp\/v2\/pages\/247\/revisions\/1165"}],"up":[{"embeddable":true,"href":"https:\/\/zlp-krakow.pl\/index.php?rest_route=\/wp\/v2\/pages\/51"}],"wp:attachment":[{"href":"https:\/\/zlp-krakow.pl\/index.php?rest_route=%2Fwp%2Fv2%2Fmedia&parent=247"}],"wp:term":[{"taxonomy":"category","embeddable":true,"href":"https:\/\/zlp-krakow.pl\/index.php?rest_route=%2Fwp%2Fv2%2Fcategories&post=247"},{"taxonomy":"post_tag","embeddable":true,"href":"https:\/\/zlp-krakow.pl\/index.php?rest_route=%2Fwp%2Fv2%2Ftags&post=247"}],"curies":[{"name":"wp","href":"https:\/\/api.w.org\/{rel}","templated":true}]}}