{"id":242,"date":"2015-03-06T01:31:40","date_gmt":"2015-03-06T00:31:40","guid":{"rendered":"http:\/\/zlp-krakow.org\/?page_id=242"},"modified":"2015-03-29T14:05:52","modified_gmt":"2015-03-29T12:05:52","slug":"kasprzak-rafal","status":"publish","type":"page","link":"https:\/\/zlp-krakow.pl\/?page_id=242","title":{"rendered":"Rafa\u0142 Kasprzak"},"content":{"rendered":"<p><a href=\"https:\/\/zlp-krakow.pl\/wp-content\/uploads\/2015\/03\/kasprzakfoto.jpg\"><img loading=\"lazy\" decoding=\"async\" class=\"alignnone size-full wp-image-1161\" src=\"https:\/\/zlp-krakow.pl\/wp-content\/uploads\/2015\/03\/kasprzakfoto.jpg\" alt=\"kasprzakfoto\" width=\"150\" height=\"200\" \/><\/a><\/p>\n<p><span class=\"tytul\">Rafa\u0142 \u201eJe\u017cyk\u201d Kasprzak<\/span><\/p>\n<div class=\"tekstnormal\">Poeta urodzi\u0142 si\u0119 29 sierpnia 1973 r. w Cz\u0119stochowie. Wiersze publikowa\u0142 w \u201eGazecie Cz\u0119stochowskiej\u201d, \u201eMini Galerii\u201d, \u201eAlejach 3\u201d, \u201eEchu Dobrodzienia\u201d, \u201eAspektach Filozoficzno-Prozatorskich\u201d, \u201eAkancie\u201d, \u201ePoezji Dzisiaj\u201d, \u201eSchodach Kawowych\u201d, \u201eMiesi\u0119czniku Prowincjonalnym\u201d, \u201eSzafie\u201d, Kraje\u0144skim Kwartalniku Kulturalnym \u201eObok\u201d oraz prasie zagranicznej, m.in. na Cyprze, Ukrainie, Finlandii. Jest cz\u0142onkiem Krakowskiego Oddzia\u0142u Zwi\u0105zku Literat\u00f3w Polskich. Mieszka i pracuje w Cz\u0119stochowie. Dotychczas opublikowa\u0142 trzy ksi\u0105\u017cki poetyckie: Ostry dy\u017cur (Warszawa 1996), Sennik Syzyfa (Krak\u00f3w 2002) oraz Raport (Cz\u0119stochowa 2007).Dotychczas opublikowa\u0142 trzy ksi\u0105\u017cki poetyckie:<br \/>\nOstry dy\u017cur (Warszawa 1996),<br \/>\nSennik Syzyfa (Krak\u00f3w 2002)<br \/>\nRaport (Cz\u0119stochowa 2007).<\/p>\n<p>Strona internetowa poety: <a href=\"http:\/\/www.rjk.art.pl\/\">www.rjk.art.pl<br \/>\n<\/a><\/p>\n<\/div>\n<p>&nbsp;<\/p>\n<p><span class=\"tekstwiersz\">***<\/span><\/p>\n<p><span class=\"tekstwiersz\">Wbijam ig\u0142\u0119<br \/>\nw modre oczy<br \/>\nm\u0142odej dziewczyny<br \/>\nodci\u0105gam t\u0142ok<br \/>\nstrzykawka wype\u0142nia si\u0119<br \/>\np\u0142ynem w kolorze moczu<br \/>\n\u017arenice jak suszone \u015bliwki<br \/>\nmarszcz\u0105 si\u0119 i zapadaj\u0105<\/span><\/p>\n<p><span class=\"tekstwiersz\"><br \/>\n***<\/span><\/p>\n<p><span class=\"tekstwiersz\">Dzisiaj spotka\u0142em moj\u0105<br \/>\ndrug\u0105 a mo\u017ce trzeci\u0105 mi\u0142o\u015b\u0107<br \/>\nju\u017c nie pami\u0119tam jej imienia<br \/>\nna sk\u00f3rze denatki<br \/>\no strukturze zmi\u0119tej gazety<br \/>\nodczytuj\u0119 destrukcyjne znaki czasu<br \/>\njej niegdy\u015b nabrzmia\u0142e<br \/>\ni nami\u0119tne usta zapad\u0142y si\u0119<br \/>\ndo szcz\u0105tkowych \u00f3semek<br \/>\nwida\u0107 \u017ce na \u017cyciu zjad\u0142a z\u0119by<\/span><\/p>\n<p><span class=\"tekstwiersz\">Do rozbijania atom\u00f3w ciszy<br \/>\nu\u017cywam radia<br \/>\ng\u0142o\u015bnik weso\u0142o charczy<br \/>\njak si\u0119 masz kochanie<br \/>\njak si\u0119 masz<br \/>\nto by\u0142 tw\u00f3j ostatni<br \/>\nhappy end<\/span><\/p>\n<p>&nbsp;<\/p>\n","protected":false},"excerpt":{"rendered":"<p>Rafa\u0142 \u201eJe\u017cyk\u201d Kasprzak Poeta urodzi\u0142 si\u0119 29 sierpnia 1973 r. w Cz\u0119stochowie. Wiersze publikowa\u0142 w \u201eGazecie Cz\u0119stochowskiej\u201d, \u201eMini Galerii\u201d, \u201eAlejach 3\u201d, \u201eEchu Dobrodzienia\u201d, \u201eAspektach Filozoficzno-Prozatorskich\u201d, \u201eAkancie\u201d, \u201ePoezji Dzisiaj\u201d, \u201eSchodach Kawowych\u201d, \u201eMiesi\u0119czniku Prowincjonalnym\u201d, \u201eSzafie\u201d, Kraje\u0144skim Kwartalniku Kulturalnym \u201eObok\u201d oraz prasie zagranicznej, &#8230; <a class=\"more-link\" href=\"https:\/\/zlp-krakow.pl\/?page_id=242\">Read More &raquo;<\/a><\/p>\n","protected":false},"author":1,"featured_media":0,"parent":51,"menu_order":0,"comment_status":"closed","ping_status":"closed","template":"","meta":{"footnotes":""},"categories":[2],"tags":[],"class_list":["post-242","page","type-page","status-publish","hentry","category-czlonkowie"],"_links":{"self":[{"href":"https:\/\/zlp-krakow.pl\/index.php?rest_route=\/wp\/v2\/pages\/242","targetHints":{"allow":["GET"]}}],"collection":[{"href":"https:\/\/zlp-krakow.pl\/index.php?rest_route=\/wp\/v2\/pages"}],"about":[{"href":"https:\/\/zlp-krakow.pl\/index.php?rest_route=\/wp\/v2\/types\/page"}],"author":[{"embeddable":true,"href":"https:\/\/zlp-krakow.pl\/index.php?rest_route=\/wp\/v2\/users\/1"}],"replies":[{"embeddable":true,"href":"https:\/\/zlp-krakow.pl\/index.php?rest_route=%2Fwp%2Fv2%2Fcomments&post=242"}],"version-history":[{"count":4,"href":"https:\/\/zlp-krakow.pl\/index.php?rest_route=\/wp\/v2\/pages\/242\/revisions"}],"predecessor-version":[{"id":1163,"href":"https:\/\/zlp-krakow.pl\/index.php?rest_route=\/wp\/v2\/pages\/242\/revisions\/1163"}],"up":[{"embeddable":true,"href":"https:\/\/zlp-krakow.pl\/index.php?rest_route=\/wp\/v2\/pages\/51"}],"wp:attachment":[{"href":"https:\/\/zlp-krakow.pl\/index.php?rest_route=%2Fwp%2Fv2%2Fmedia&parent=242"}],"wp:term":[{"taxonomy":"category","embeddable":true,"href":"https:\/\/zlp-krakow.pl\/index.php?rest_route=%2Fwp%2Fv2%2Fcategories&post=242"},{"taxonomy":"post_tag","embeddable":true,"href":"https:\/\/zlp-krakow.pl\/index.php?rest_route=%2Fwp%2Fv2%2Ftags&post=242"}],"curies":[{"name":"wp","href":"https:\/\/api.w.org\/{rel}","templated":true}]}}