{"id":236,"date":"2015-03-06T01:30:24","date_gmt":"2015-03-06T00:30:24","guid":{"rendered":"http:\/\/zlp-krakow.org\/?page_id=236"},"modified":"2024-02-22T21:01:26","modified_gmt":"2024-02-22T20:01:26","slug":"jegor-roma","status":"publish","type":"page","link":"https:\/\/zlp-krakow.pl\/?page_id=236","title":{"rendered":"Roma Jegor"},"content":{"rendered":"<p><a href=\"https:\/\/zlp-krakow.pl\/wp-content\/uploads\/2015\/03\/10348376_10200251462445340_271782478602151102_n.jpg\"><img loading=\"lazy\" decoding=\"async\" class=\"alignnone size-medium wp-image-304\" src=\"https:\/\/zlp-krakow.pl\/wp-content\/uploads\/2015\/03\/10348376_10200251462445340_271782478602151102_n-225x300.jpg\" alt=\"10348376_10200251462445340_271782478602151102_n\" width=\"225\" height=\"300\" srcset=\"https:\/\/zlp-krakow.pl\/wp-content\/uploads\/2015\/03\/10348376_10200251462445340_271782478602151102_n-225x300.jpg 225w, https:\/\/zlp-krakow.pl\/wp-content\/uploads\/2015\/03\/10348376_10200251462445340_271782478602151102_n-600x800.jpg 600w, https:\/\/zlp-krakow.pl\/wp-content\/uploads\/2015\/03\/10348376_10200251462445340_271782478602151102_n.jpg 720w\" sizes=\"auto, (max-width: 225px) 100vw, 225px\" \/><\/a><\/p>\n<p>&nbsp;<\/p>\n<p><span class=\"tytul\">Roma Jegor<\/p>\n<p><\/span><\/p>\n<div><span class=\"tekstnormal\">Jest cz\u0142onkiem G\u00f3rno\u015bl\u0105skiego Towarzystwa Literackiego, laureatk\u0105 wielu konkurs\u00f3w poetyckich.<\/span><br class=\"tekstnormal\" \/><span class=\"tekstnormal\">Wydanie drugiego tomiku p.t. \u201eBielej\u0105 ksi\u0119\u017cyce paznokci\u201d by\u0142o nagrod\u0105 za zaj\u0119cie pierwszego miejsca w og\u00f3lnopolskim konkursie poetyckim organizowanym przez Towarzystwo Liberum Arbitrium. <\/span><br class=\"tekstnormal\" \/><span class=\"tekstnormal\">Pozosta\u0142e konkursy, w kt\u00f3rych by\u0142a nagrodzona, lub wyr\u00f3\u017cniona to m.in.\u00a0 konkursy jednego wiersza organizowane przez Dom Kultury Chorz\u00f3w, D\u0105browa G\u00f3rnicza, S\u0142awk\u00f3w (trzykrotnie), Katowice &#8211; Koszutka, Katowice-Szopienice, Katowice-Zawodzie, Pszczyna, a tak\u017ce w III Og\u00f3lnopolskim Biennale Poezji im\u00a0 K.I. Ga\u0142czy\u0144skiego,\u00a0 pod Honorowym Patronatem\u00a0 Prezydenta Szczecina i Kiry Ga\u0142czy\u0144skiej, XII Og\u00f3lnopolskim Konkursie Wierszy \u201eO Laur Klemensa Janickiego\u201d w Centrum Kultury \u201eZamek\u201d w Poznaniu, XV Og\u00f3lnopolskim Konkursie Poetyckim Ksi\u0105\u017cnicy P\u0142ockiej \u2013 \u201eO li\u015b\u0107 d\u0119bu\u201d .<\/span><br class=\"tekstnormal\" \/><span class=\"tekstnormal\">Wiersz p.t. \u201e\u015al\u0105skie podw\u00f3rka\u201d znalaz\u0142 si\u0119 w antologii poezji inspirowanej fotografi\u0105 , p.t. \u201ePisane \u015bwiat\u0142em\u201d (Wydawnictwo BOSZ, Olszanica) . <\/span><br class=\"tekstnormal\" \/><span class=\"tekstnormal\">Poezja Romy Jegor przedstawiana by\u0142a w czasopismach : \u201eAkant\u201d, \u201e\u015al\u0105sk\u201d, \u201eMigotania Przeja\u015bnienia\u201d, \u201eZnaj\u201d, a tak\u017ce drukowana w licznych antologiach pokonkursowych.<\/span><br class=\"tekstnormal\" \/><span class=\"tekstnormal\">Wiersze poetki pojawiaj\u0105 si\u0119 te\u017c na\u00a0 internetowych stronach \u201ePKPzin\u201d, \u201ePolis2008\u201d , \u201eFragmentu\u201d, oraz Parnas.pl. <\/span><br class=\"tekstnormal\" \/><span class=\"tekstnormal\">Mo\u017cna je te\u017c us\u0142ysze\u0107 w audycjach poetyckich na antenie\u00a0 Radia Katowice.<\/span><br class=\"tekstnormal\" \/><span class=\"tekstnormal\">Jest cz\u0142onkiem G\u00f3rno\u015bl\u0105skiego Towarzystwa Literackiego, laureatk\u0105 wielu konkurs\u00f3w poetyckich, oraz autork\u0105 trzech tomik\u00f3w wierszy:<\/span><br class=\"tekstnormal\" \/><br class=\"tekstnormal\" \/><span class=\"tekstnormal\">&#8211; \u00a0&#8222;Wiecz\u00f3r w kocim futrze&#8221;\u00a0 \u00a0 \u00a0 \u00a0 (2004) <\/span><br class=\"tekstnormal\" \/><span class=\"tekstnormal\">&#8211; \u00a0&#8222;Bielej\u0105 ksi\u0119\u017cyce paznokci&#8221;\u00a0 \u00a0 \u00a0 (2006)\u00a0 <\/span><br class=\"tekstnormal\" \/><span class=\"tekstnormal\">&#8211; \u00a0&#8222;Salamandra&#8221;\u00a0 \u00a0 \u00a0 \u00a0 \u00a0 \u00a0 \u00a0 \u00a0 \u00a0 \u00a0 \u00a0 \u00a0 (2008)<br \/>\n&#8211; \u00a0&#8222;Tatua\u017c na jab\u0142ku&#8221; \u00a0\u00a0 \u00a0 \u00a0 \u00a0 \u00a0 \u00a0 \u00a0 \u00a0(2010)\u00a0 <br class=\"tekstnormal\" \/><\/span><br class=\"tekstnormal\" \/><span class=\"tekstnormal\">Do Instytutu Miko\u0142owskiego zosta\u0142 ju\u017c z\u0142o\u017cony czwarty tomik, p.t. \u201eTatua\u017c na jab\u0142ku\u201d, kt\u00f3ry ma si\u0119 ukaza\u0107 za par\u0119 miesi\u0119cy.<\/p>\n<p><\/span><span class=\"tekstbold\">B\u0142\u0119dy powtarzalne<\/span><span class=\"tekstnormal\"><\/p>\n<p><\/span><span class=\"tekstwiersz\">Ja c\u00f3rka Ewy powtarzam jej b\u0142\u0119dy<\/span><br class=\"tekstwiersz\" \/><span class=\"tekstwiersz\">porzucam raje gdy mi syczy w g\u0142owie<\/span><br class=\"tekstwiersz\" \/><span class=\"tekstwiersz\">i z drzewa z\u0142ego bior\u0119 co najlepsze<\/span><br class=\"tekstwiersz\" \/><span class=\"tekstwiersz\">wci\u0105\u017c zapatrzona w z\u0142ote oczy w\u0119\u017ca<\/span><br class=\"tekstwiersz\" \/><br class=\"tekstwiersz\" \/><span class=\"tekstwiersz\">Topi\u0119 swe dzieci w paru \u0142y\u017ckach wody<\/span><br class=\"tekstwiersz\" \/><span class=\"tekstwiersz\">przysi\u0119gi wieszam na temblaku klamki<\/span><br class=\"tekstwiersz\" \/><span class=\"tekstwiersz\">ogr\u00f3d mam w sobie \u2013 pachnie\u0107 mog\u0119<\/span><br class=\"tekstwiersz\" \/><span class=\"tekstwiersz\">wszystkim<\/span><br class=\"tekstwiersz\" \/><br class=\"tekstwiersz\" \/><span class=\"tekstwiersz\">ja c\u00f3rka Adama kt\u00f3ry umar\u0142<\/span><br class=\"tekstwiersz\" \/><span class=\"tekstwiersz\">z \u017calu<\/span><br class=\"tekstwiersz\" \/><span class=\"tekstnormal\"><br \/>\n<\/span><span class=\"tekstbold\">Ewa op\u0119tana<\/span><span class=\"tekstnormal\"><\/p>\n<p><\/span><span class=\"tekstwiersz\">W\u0142a\u015bciwie mog\u0142abym by\u0107 Mari\u0105<\/span><br class=\"tekstwiersz\" \/><span class=\"tekstwiersz\">piec podp\u0142omyki pra\u0107 J\u00f3zefowi koszule<\/span><br class=\"tekstwiersz\" \/><span class=\"tekstwiersz\">\u015bpiewa\u0107 dziecku<\/span><br class=\"tekstwiersz\" \/><span class=\"tekstwiersz\">Niewiele trzeba<\/span><br class=\"tekstwiersz\" \/><span class=\"tekstwiersz\">tylko \u017ce J\u00f3zef ma zbyt rzadk\u0105 brod\u0119<\/span><br class=\"tekstwiersz\" \/><span class=\"tekstwiersz\">podp\u0142omyki za szybko czerstwiej\u0105<\/span><br class=\"tekstwiersz\" \/><span class=\"tekstwiersz\">a m\u00f3j g\u0142os nie wydob\u0119dzie snu<\/span><br class=\"tekstwiersz\" \/><span class=\"tekstwiersz\">spod \u017cadnych powiek<\/span><br class=\"tekstwiersz\" \/><span class=\"tekstwiersz\">W\u0142a\u015bciwie mog\u0142abym by\u0107 Magdalen\u0105<\/span><br class=\"tekstwiersz\" \/><span class=\"tekstwiersz\">twarz umy\u0107 rozpu\u015bci\u0107 w\u0142osy i wybaczy\u0107 sobie <\/span><br class=\"tekstwiersz\" \/><span class=\"tekstwiersz\">ale wol\u0119 pozosta\u0107 Ew\u0105 op\u0119tan\u0105<\/span><br class=\"tekstwiersz\" \/><span class=\"tekstwiersz\">bo gdzie\u015b za twoim gniewem jest raj z wulkanami<\/span><br class=\"tekstwiersz\" \/><span class=\"tekstwiersz\">i koralowej rafy brzytwy<\/span><br class=\"tekstwiersz\" \/><span class=\"tekstwiersz\">I tyle jeszcze krwi do przetoczenia<\/span><br class=\"tekstwiersz\" \/><span class=\"tekstwiersz\">kt\u00f3r\u0105 lekcewa\u017cy\u0142e\u015b tworz\u0105c mnie kobiet\u0105<\/span><br class=\"tekstwiersz\" \/><span class=\"tekstwiersz\">Ty stary i samotny zazdrosny i m\u015bciwy<\/span><br class=\"tekstwiersz\" \/><span class=\"tekstwiersz\">Nie zatrzymasz mnie ogniem<\/span><br class=\"tekstwiersz\" \/><span class=\"tekstwiersz\">p\u00f3ki \u017cyj\u0105 ska\u0142y<\/span><br class=\"tekstwiersz\" \/><span class=\"tekstnormal\"><br \/>\n<\/span><span class=\"tekstitalicbold\">Tr\u0119dowate<\/span><span class=\"tekstnormal\"><\/p>\n<p><\/span><span class=\"tekstwiersz\">Matka Boska w\u015br\u00f3d chabr\u00f3w <\/span><br class=\"tekstwiersz\" \/><span class=\"tekstwiersz\">\u015bwi\u0119ty Jan w reumatyzmie z opar\u00f3w Jordanu<\/span><br class=\"tekstwiersz\" \/><span class=\"tekstwiersz\">\u015bwi\u0119ty Antoni zagubiony w Padwie<\/span><br class=\"tekstwiersz\" \/><span class=\"tekstwiersz\">\u015bwi\u0119ty Jerzy um\u0119czony po brzegi<\/span><br class=\"tekstwiersz\" \/><span class=\"tekstwiersz\">t\u0119skni\u0105cy za mieczem<\/span><br class=\"tekstwiersz\" \/><br class=\"tekstwiersz\" \/><span class=\"tekstwiersz\">I do kogo teraz my tr\u0119dowate<\/span><br class=\"tekstwiersz\" \/><span class=\"tekstwiersz\">komu swoje pacierze rozsypane<\/span><br class=\"tekstwiersz\" \/><span class=\"tekstwiersz\">po wszystkich zakr\u0119tach<\/span><br class=\"tekstwiersz\" \/><span class=\"tekstwiersz\">i p\u0142on\u0105ce jak witra\u017ce<\/span><br class=\"tekstwiersz\" \/><span class=\"tekstwiersz\">szk\u0142a niebieskich oczu<\/span><br class=\"tekstwiersz\" \/><br class=\"tekstwiersz\" \/><span class=\"tekstwiersz\">Matka Boska w bia\u0142ych r\u0119kawiczkach<\/span><br class=\"tekstwiersz\" \/><span class=\"tekstwiersz\">a my ani do karczmy ani do klasztoru<\/span><br class=\"tekstwiersz\" \/><span class=\"tekstwiersz\">ani przejrze\u0107 si\u0119 w studni albo dotkn\u0105\u0107 sznura<\/span><br class=\"tekstwiersz\" \/><span class=\"tekstwiersz\">tylko grzechotka w nas krzyczy<\/span><br class=\"tekstwiersz\" \/><span class=\"tekstwiersz\">i m\u00f3wimy do innych pod wiatr<\/span><br class=\"tekstwiersz\" \/><br class=\"tekstwiersz\" \/><span class=\"tekstwiersz\">Szubienice wzd\u0142u\u017c drogi<\/span><br class=\"tekstwiersz\" \/><span class=\"tekstwiersz\">wygl\u0105daj\u0105 jak weso\u0142e miasteczko<\/span><br class=\"tekstwiersz\" \/><span class=\"tekstwiersz\">ale znowu trzeba by zgrzeszy\u0107<\/span><br class=\"tekstwiersz\" \/><span class=\"tekstnormal\"><br \/>\n<\/span><span class=\"tekstbold\">Zlecenie<\/span><span class=\"tekstnormal\"><\/p>\n<p><\/span><span class=\"tekstwiersz\">Pilnuj Adama Ewo<\/span><br class=\"tekstwiersz\" \/><span class=\"tekstwiersz\">niech si\u0119 nie zapuszcza <\/span><br class=\"tekstwiersz\" \/><span class=\"tekstwiersz\">w widnokr\u0119gi o oczach przekrwionych<\/span><br class=\"tekstwiersz\" \/><span class=\"tekstwiersz\">niech nie milczy i nie czyta za du\u017co<\/span><br class=\"tekstwiersz\" \/><span class=\"tekstwiersz\">nie my\u015bli nad tajemnic\u0105 i prochem <\/span><br class=\"tekstwiersz\" \/><span class=\"tekstwiersz\">kt\u00f3re s\u0105 moj\u0105 rzecz\u0105<\/span><br class=\"tekstwiersz\" \/><span class=\"tekstwiersz\">s\u0142aby jest wi\u0119c ty Ewo daj mu si\u0142\u0119<\/span><br class=\"tekstwiersz\" \/><span class=\"tekstwiersz\">pilnuj go jak swoje pi\u0105te dziecko<\/span><br class=\"tekstwiersz\" \/><span class=\"tekstwiersz\">i sz\u00f3sty zmys\u0142<\/span><br class=\"tekstwiersz\" \/><span class=\"tekstwiersz\">ci\u0105gle si\u0119 gubi i sp\u00f3\u017ania ale<\/span><br class=\"tekstwiersz\" \/><span class=\"tekstwiersz\">sitowie wieczor\u00f3w zawsze ci go odda<\/span><br class=\"tekstwiersz\" \/><span class=\"tekstwiersz\">a on porzuci dla twoich piersi<\/span><br class=\"tekstwiersz\" \/><span class=\"tekstwiersz\">zbroj\u0119 i kamie\u0144 i mnie<\/span><br class=\"tekstwiersz\" \/><span class=\"tekstwiersz\">kt\u00f3rego b\u0119dzie omija\u0142 jakbym<\/span><br class=\"tekstwiersz\" \/><span class=\"tekstwiersz\">to ja sutki twoje malinowym sokiem<\/span><br class=\"tekstwiersz\" \/><span class=\"tekstwiersz\">napina\u0142<\/span><span class=\"tekstnormal\"><\/p>\n<p><\/span><\/div>\n","protected":false},"excerpt":{"rendered":"<p>&nbsp; Roma Jegor Jest cz\u0142onkiem G\u00f3rno\u015bl\u0105skiego Towarzystwa Literackiego, laureatk\u0105 wielu konkurs\u00f3w poetyckich.Wydanie drugiego tomiku p.t. \u201eBielej\u0105 ksi\u0119\u017cyce paznokci\u201d by\u0142o nagrod\u0105 za zaj\u0119cie pierwszego miejsca w og\u00f3lnopolskim konkursie poetyckim organizowanym przez Towarzystwo Liberum Arbitrium. Pozosta\u0142e konkursy, w kt\u00f3rych by\u0142a nagrodzona, lub &#8230; <a class=\"more-link\" href=\"https:\/\/zlp-krakow.pl\/?page_id=236\">Read More &raquo;<\/a><\/p>\n","protected":false},"author":1,"featured_media":0,"parent":56,"menu_order":0,"comment_status":"closed","ping_status":"closed","template":"","meta":{"footnotes":""},"categories":[4],"tags":[],"class_list":["post-236","page","type-page","status-publish","hentry","category-byli-wsrod-nas"],"_links":{"self":[{"href":"https:\/\/zlp-krakow.pl\/index.php?rest_route=\/wp\/v2\/pages\/236","targetHints":{"allow":["GET"]}}],"collection":[{"href":"https:\/\/zlp-krakow.pl\/index.php?rest_route=\/wp\/v2\/pages"}],"about":[{"href":"https:\/\/zlp-krakow.pl\/index.php?rest_route=\/wp\/v2\/types\/page"}],"author":[{"embeddable":true,"href":"https:\/\/zlp-krakow.pl\/index.php?rest_route=\/wp\/v2\/users\/1"}],"replies":[{"embeddable":true,"href":"https:\/\/zlp-krakow.pl\/index.php?rest_route=%2Fwp%2Fv2%2Fcomments&post=236"}],"version-history":[{"count":4,"href":"https:\/\/zlp-krakow.pl\/index.php?rest_route=\/wp\/v2\/pages\/236\/revisions"}],"predecessor-version":[{"id":6871,"href":"https:\/\/zlp-krakow.pl\/index.php?rest_route=\/wp\/v2\/pages\/236\/revisions\/6871"}],"up":[{"embeddable":true,"href":"https:\/\/zlp-krakow.pl\/index.php?rest_route=\/wp\/v2\/pages\/56"}],"wp:attachment":[{"href":"https:\/\/zlp-krakow.pl\/index.php?rest_route=%2Fwp%2Fv2%2Fmedia&parent=236"}],"wp:term":[{"taxonomy":"category","embeddable":true,"href":"https:\/\/zlp-krakow.pl\/index.php?rest_route=%2Fwp%2Fv2%2Fcategories&post=236"},{"taxonomy":"post_tag","embeddable":true,"href":"https:\/\/zlp-krakow.pl\/index.php?rest_route=%2Fwp%2Fv2%2Ftags&post=236"}],"curies":[{"name":"wp","href":"https:\/\/api.w.org\/{rel}","templated":true}]}}