{"id":234,"date":"2015-03-06T01:29:48","date_gmt":"2015-03-06T00:29:48","guid":{"rendered":"http:\/\/zlp-krakow.org\/?page_id=234"},"modified":"2023-05-30T10:25:15","modified_gmt":"2023-05-30T08:25:15","slug":"hrabiec-andrzej-maria","status":"publish","type":"page","link":"https:\/\/zlp-krakow.pl\/?page_id=234","title":{"rendered":"Andrzej Maria Hrabiec"},"content":{"rendered":"<p><span class=\"tytul\">Andrzej Maria Hrabiec<\/span><\/p>\n<div class=\"tekstnormal\">\n<p>Poeta, publicysta, architekt. Autor wielu projekt\u00f3w budowlanych oraz prac naukowych z zakresu urbanistyki miast. Laureat nagr\u00f3d za projekty architektoniczne. Jako poeta debiutowa\u0142 w roku 1981 na \u0142amach prasy studenckiej. Wsp\u00f3\u0142redaktor kwartalnika \u201eForum My\u015bli Wolnej\u201d. Nale\u017ca\u0142 do Stowarzyszenia Architekt\u00f3w Polskich, Stowarzyszenia \u201eKu\u017anica\u201d, Zwi\u0105zku Plastyk\u00f3w oraz Stowarzyszenia Tw\u00f3rczego Artystyczno-Literackiego (STA-L).<\/p>\n<p>Og\u0142osi\u0142 zbiory poetyckie:<br \/>\n\u201eDezercja tektoniki\u201d (1992),<br \/>\n\u201eKosztorys sn\u00f3w\u201d (1993),<br \/>\n\u201eSzcz\u0119sny tryptyk\u201d (1998),<br \/>\n\u201d T\u0119czostrunnie\u201d (2002),<br \/>\n\u201e\u0141\u0105ka zapach\u00f3w pe\u0142na\/Syzyf zielony\u201d (2003).<\/p>\n<\/div>\n<p>&nbsp;<\/p>\n<p><span class=\"tekstwiersz\">***<br \/>\nMeandruje pomi\u0119dzy<br \/>\nliniami \u017cycia z si\u0142\u0105 wiosennej powodzi<br \/>\nrzucam si\u0119 w wiry uczu\u0107<br \/>\nposkramiaj\u0105 mnie zapory<br \/>\nludzkiej nieokie\u0142znanej wrogo\u015bci<br \/>\nzmieniam cz\u0119sto koryto<br \/>\npodcinam brzegi<br \/>\nobiecuje sobie<br \/>\npowr\u00f3t do<br \/>\n\u017ar\u00f3de\u0142.<\/span><\/p>\n<p><span class=\"tekstwiersz\">***<br \/>\nCzasem tworz\u0119<br \/>\nczasem odtwarzam<br \/>\njestem grafomanem<br \/>\njestem gramofonem<br \/>\njestem empetr\u00f3jk\u0105<br \/>\nw bitach kolorowego czasu<br \/>\np\u0142yn\u0119 zwojami \u015brodowej ascezy<br \/>\nprzez m\u0142yn kwant\u00f3w spotka\u0144<br \/>\nnapotkanych obcych byt\u00f3w<br \/>\nniczym widz spektaklu \u017cycia<br \/>\ncoraz bardziej wirtualnego<\/span><\/p>\n<p><span class=\"tekstwiersz\">kiedy chwycimy si\u0119 za r\u0119ce<br \/>\nkiedy spojrzymy sobie w oczy<br \/>\nnie wykorzystuj\u0105c<br \/>\nprotezy skajpa.<\/span><\/p>\n<p><span class=\"tekstwiersz\">***<br \/>\nPoezjo wr\u00f3\u0107<br \/>\nz emigracji<br \/>\nz czelu\u015bci<br \/>\nz niebytu<\/span><\/p>\n<p><span class=\"tekstwiersz\">Poezjo dotknij<br \/>\nw przelocie<br \/>\nodrealnij<br \/>\ni upu\u015b\u0107 pi\u00f3ro<br \/>\ngdzie\u015b w pobli\u017cu<br \/>\nniedaleko<br \/>\nko\u0142o biurka<br \/>\nlub w s\u0105siednim pokoju<\/span><\/p>\n<p><span class=\"tekstwiersz\">T\u0119sknie za Tob\u0105.<\/span><\/p>\n<p><span class=\"tekstwiersz\"><br \/>\n***<br \/>\nZm\u0119czenie p\u0142awi<br \/>\nsi\u0119 w pierwszych promieniach s\u0142o\u0144ca<br \/>\nskromnie prze\u015bwituj\u0105cych przez zas\u0142ony<\/span><\/p>\n<p><span class=\"tekstwiersz\">Zm\u0119czenie d\u0142awi<br \/>\nsi\u0119 ostatnim \u0142ykiem kawy<br \/>\nchwyta za gard\u0142o i bije na o\u015blep<\/span><\/p>\n<p><span class=\"tekstwiersz\">Zm\u0119czenie s\u0142awi<br \/>\nsi\u0119 samym sob\u0105 przed realno\u015bci\u0105<br \/>\nb\u0119d\u0105c dowodem g\u0142upoty pracoholizmu.<\/span><\/p>\n","protected":false},"excerpt":{"rendered":"<p>Andrzej Maria Hrabiec Poeta, publicysta, architekt. Autor wielu projekt\u00f3w budowlanych oraz prac naukowych z zakresu urbanistyki miast. Laureat nagr\u00f3d za projekty architektoniczne. Jako poeta debiutowa\u0142 w roku 1981 na \u0142amach prasy studenckiej. Wsp\u00f3\u0142redaktor kwartalnika \u201eForum My\u015bli Wolnej\u201d. Nale\u017ca\u0142 do Stowarzyszenia &#8230; <a class=\"more-link\" href=\"https:\/\/zlp-krakow.pl\/?page_id=234\">Read More &raquo;<\/a><\/p>\n","protected":false},"author":1,"featured_media":0,"parent":56,"menu_order":0,"comment_status":"closed","ping_status":"closed","template":"","meta":{"footnotes":""},"categories":[4],"tags":[],"class_list":["post-234","page","type-page","status-publish","hentry","category-byli-wsrod-nas"],"_links":{"self":[{"href":"https:\/\/zlp-krakow.pl\/index.php?rest_route=\/wp\/v2\/pages\/234","targetHints":{"allow":["GET"]}}],"collection":[{"href":"https:\/\/zlp-krakow.pl\/index.php?rest_route=\/wp\/v2\/pages"}],"about":[{"href":"https:\/\/zlp-krakow.pl\/index.php?rest_route=\/wp\/v2\/types\/page"}],"author":[{"embeddable":true,"href":"https:\/\/zlp-krakow.pl\/index.php?rest_route=\/wp\/v2\/users\/1"}],"replies":[{"embeddable":true,"href":"https:\/\/zlp-krakow.pl\/index.php?rest_route=%2Fwp%2Fv2%2Fcomments&post=234"}],"version-history":[{"count":4,"href":"https:\/\/zlp-krakow.pl\/index.php?rest_route=\/wp\/v2\/pages\/234\/revisions"}],"predecessor-version":[{"id":5973,"href":"https:\/\/zlp-krakow.pl\/index.php?rest_route=\/wp\/v2\/pages\/234\/revisions\/5973"}],"up":[{"embeddable":true,"href":"https:\/\/zlp-krakow.pl\/index.php?rest_route=\/wp\/v2\/pages\/56"}],"wp:attachment":[{"href":"https:\/\/zlp-krakow.pl\/index.php?rest_route=%2Fwp%2Fv2%2Fmedia&parent=234"}],"wp:term":[{"taxonomy":"category","embeddable":true,"href":"https:\/\/zlp-krakow.pl\/index.php?rest_route=%2Fwp%2Fv2%2Fcategories&post=234"},{"taxonomy":"post_tag","embeddable":true,"href":"https:\/\/zlp-krakow.pl\/index.php?rest_route=%2Fwp%2Fv2%2Ftags&post=234"}],"curies":[{"name":"wp","href":"https:\/\/api.w.org\/{rel}","templated":true}]}}