{"id":230,"date":"2015-03-06T01:29:16","date_gmt":"2015-03-06T00:29:16","guid":{"rendered":"http:\/\/zlp-krakow.org\/?page_id=230"},"modified":"2015-03-29T13:50:03","modified_gmt":"2015-03-29T11:50:03","slug":"golab-marcin","status":"publish","type":"page","link":"https:\/\/zlp-krakow.pl\/?page_id=230","title":{"rendered":"Marcin Go\u0142\u0105b"},"content":{"rendered":"<p><a href=\"https:\/\/zlp-krakow.pl\/wp-content\/uploads\/2015\/03\/golobfoto.jpg\"><img loading=\"lazy\" decoding=\"async\" class=\"alignnone size-full wp-image-1153\" src=\"https:\/\/zlp-krakow.pl\/wp-content\/uploads\/2015\/03\/golobfoto.jpg\" alt=\"golobfoto\" width=\"150\" height=\"200\" \/><\/a><\/p>\n<p><strong><span class=\"tytul\">Marcin Go\u0142\u0105b<\/span><\/strong><\/p>\n<p><span class=\"tekstnormal\">Lekarz medycyny<\/span><span class=\"tekstnormal\">, <\/span><span class=\"tekstnormal\">poeta, publicysta, laureat wielu konkurs\u00f3w poetyckich. Swoje utwory publikowa\u0142 w \u201eGazecie Krakowskiej\u201d, \u201eLekturze\u201d, \u201ePi\u015bmie Literacko- Artystycznym\u201d, \u201e\u017byciu Literackim\u201d, \u201ePodhalance\u201d. Cz\u0142onek niezale\u017cnej grupy poetyckiej \u201eWerenda\u201d.<\/span><\/p>\n<div class=\"tekstnormal\">Autor tomik\u00f3w:<br \/>\n\u201eRozrzuci\u0142 gwiazdy cerkwiom\u201d (1989),<br \/>\n\u201eOkruchy\u201d (1990),<br \/>\n\u201eWidzie\u0107 czas\u201d (2005).<br \/>\n\u201e\u015awi\u0119toja\u0144skie noce\u201d (2006)<\/div>\n<p><span class=\"tekstbold\">POG\u00d3D\u0179 SI\u0118<\/span><\/p>\n<p><span class=\"tekstwiersz\">Cisza dzwoni w uszach &#8211;<br \/>\nkrew przez naczynia<br \/>\ndo cebra<br \/>\nzwanego m\u00f3zgiem<\/span><\/p>\n<p><span class=\"tekstwiersz\">czujesz to<br \/>\na wola\u0142by\u015b dzwony<br \/>\nszum wiatru<br \/>\nkl\u0119gor \u017curawi<br \/>\nczujesz to a chcia\u0142by\u015b<br \/>\nmow\u0119 potoku<br \/>\ncho\u0107by kruka<\/span><\/p>\n<p><span class=\"tekstwiersz\"><br \/>\nsztuka<br \/>\nprzyj\u0105\u0107 to bez zdziwienia &#8211;<br \/>\nna staro\u015b\u0107 dziej\u0105 si\u0119<br \/>\nr\u00f3\u017cne rzeczy<br \/>\ntak\u017ce bez sensu<\/span><\/p>\n<p><span class=\"tekstwiersz\">*\u00a0 *\u00a0 *<\/span><\/p>\n<p><span class=\"tekstwiersz\">gwiazdy<br \/>\ncie\u0144 drzewa<br \/>\nksi\u0119\u017cyc p\u0142ynie &#8211;<br \/>\npiasek oceanu<br \/>\nporusza wiatr S\u0142o\u0144ca<\/span><\/p>\n<p><span class=\"tekstwiersz\">stygn\u0105<br \/>\np\u0119kaj\u0105<br \/>\nrodz\u0105 si\u0119 od nowa<br \/>\nnie z twojej woli<\/span><\/p>\n<p><span class=\"tekstwiersz\">m\u00f3wisz:<br \/>\nB\u00f3g nie istnieje<br \/>\nnie prowadzi wszech\u015bwiata<\/span><\/p>\n<p><span class=\"tekstwiersz\">w i \u0119 c\u00a0 k t o ?!<\/span><\/p>\n<p><span class=\"tekstwiersz\">Krak\u00f3w, 12.03.2006<\/span><\/p>\n<p><span class=\"tekstwiersz\"><br \/>\n*\u00a0 *\u00a0 *<\/span><\/p>\n<p><span class=\"tekstwiersz\">p\u0142aszcz mgie\u0142 &#8211;<br \/>\nmarz\u0119 \u015bpiew ptak\u00f3w<br \/>\nprzyle\u0107 skowronku!<\/span><\/p>\n<p><span class=\"tekstwiersz\">\u017cycie\u00a0 niech si\u0119 dzieje<br \/>\nw polu<br \/>\nw lesie<br \/>\nna czubach drzew<\/span><\/p>\n<p><span class=\"tekstwiersz\">niech pszczo\u0142y w ulach graj\u0105<br \/>\ngrzybnia niech si\u0119 sposobi<br \/>\nrodzi\u0107 prawdziwie<\/span><\/p>\n<p><span class=\"tekstwiersz\">przejd\u017a<br \/>\no \u017c y w\u00a0 mnie !<br \/>\nwidzisz \u017ce umieram<\/span><\/p>\n<p><span class=\"tekstwiersz\">Krak\u00f3w, 05.03.2006<\/span><\/p>\n","protected":false},"excerpt":{"rendered":"<p>Marcin Go\u0142\u0105b Lekarz medycyny, poeta, publicysta, laureat wielu konkurs\u00f3w poetyckich. Swoje utwory publikowa\u0142 w \u201eGazecie Krakowskiej\u201d, \u201eLekturze\u201d, \u201ePi\u015bmie Literacko- Artystycznym\u201d, \u201e\u017byciu Literackim\u201d, \u201ePodhalance\u201d. Cz\u0142onek niezale\u017cnej grupy poetyckiej \u201eWerenda\u201d. Autor tomik\u00f3w: \u201eRozrzuci\u0142 gwiazdy cerkwiom\u201d (1989), \u201eOkruchy\u201d (1990), \u201eWidzie\u0107 czas\u201d (2005). \u201e\u015awi\u0119toja\u0144skie &#8230; <a class=\"more-link\" href=\"https:\/\/zlp-krakow.pl\/?page_id=230\">Read More &raquo;<\/a><\/p>\n","protected":false},"author":1,"featured_media":0,"parent":51,"menu_order":160,"comment_status":"closed","ping_status":"closed","template":"","meta":{"footnotes":""},"categories":[2],"tags":[],"class_list":["post-230","page","type-page","status-publish","hentry","category-czlonkowie"],"_links":{"self":[{"href":"https:\/\/zlp-krakow.pl\/index.php?rest_route=\/wp\/v2\/pages\/230","targetHints":{"allow":["GET"]}}],"collection":[{"href":"https:\/\/zlp-krakow.pl\/index.php?rest_route=\/wp\/v2\/pages"}],"about":[{"href":"https:\/\/zlp-krakow.pl\/index.php?rest_route=\/wp\/v2\/types\/page"}],"author":[{"embeddable":true,"href":"https:\/\/zlp-krakow.pl\/index.php?rest_route=\/wp\/v2\/users\/1"}],"replies":[{"embeddable":true,"href":"https:\/\/zlp-krakow.pl\/index.php?rest_route=%2Fwp%2Fv2%2Fcomments&post=230"}],"version-history":[{"count":3,"href":"https:\/\/zlp-krakow.pl\/index.php?rest_route=\/wp\/v2\/pages\/230\/revisions"}],"predecessor-version":[{"id":1154,"href":"https:\/\/zlp-krakow.pl\/index.php?rest_route=\/wp\/v2\/pages\/230\/revisions\/1154"}],"up":[{"embeddable":true,"href":"https:\/\/zlp-krakow.pl\/index.php?rest_route=\/wp\/v2\/pages\/51"}],"wp:attachment":[{"href":"https:\/\/zlp-krakow.pl\/index.php?rest_route=%2Fwp%2Fv2%2Fmedia&parent=230"}],"wp:term":[{"taxonomy":"category","embeddable":true,"href":"https:\/\/zlp-krakow.pl\/index.php?rest_route=%2Fwp%2Fv2%2Fcategories&post=230"},{"taxonomy":"post_tag","embeddable":true,"href":"https:\/\/zlp-krakow.pl\/index.php?rest_route=%2Fwp%2Fv2%2Ftags&post=230"}],"curies":[{"name":"wp","href":"https:\/\/api.w.org\/{rel}","templated":true}]}}