{"id":228,"date":"2015-03-06T01:28:33","date_gmt":"2015-03-06T00:28:33","guid":{"rendered":"http:\/\/zlp-krakow.org\/?page_id=228"},"modified":"2020-10-19T22:16:47","modified_gmt":"2020-10-19T20:16:47","slug":"garbaczewska-pawlikowska-zofia","status":"publish","type":"page","link":"https:\/\/zlp-krakow.pl\/?page_id=228","title":{"rendered":"Zofia Garbaczewska-Pawlikowska"},"content":{"rendered":"<p><a href=\"https:\/\/zlp-krakow.pl\/wp-content\/uploads\/2015\/03\/pawlikowskafoto.jpg\"><img loading=\"lazy\" decoding=\"async\" class=\"alignnone size-full wp-image-1150\" src=\"https:\/\/zlp-krakow.pl\/wp-content\/uploads\/2015\/03\/pawlikowskafoto.jpg\" alt=\"pawlikowskafoto\" width=\"150\" height=\"200\" \/><\/a><\/p>\n<p>&nbsp;<\/p>\n<p><strong><span class=\"tytul\">Zofia Garbaczewska-Pawlikowska<\/span><\/strong><\/p>\n<div class=\"tekstnormal\">Malarka, poetka, uczestniczka wielu wystaw zbiorowych (m.in. W Pa\u0142acu Puget\u00f3w, \u015ar\u00f3dmiejskim O\u015brodku Kultury, Galerii Helena) i indywidualnych (w kraju i za granic\u0105). Sta\u0142a ekspozycja jej obraz\u00f3w znajduje sie w Pa\u0142acu Villa Serbelloni w Bellagio (W\u0142ochy).Jako poetka opublikowa\u0142a tomiki:<br \/>\n\u201eAlfabet tajemnic\u201d (1991),<br \/>\n\u201eK\u0142\u00f3dka czasu\u201d(1993),<br \/>\n\u201eZag\u0142\u0119bienie d\u0142oni\u201d (1994),<br \/>\n\u201eSkarby na czarn\u0105 godzin\u0119\u201d (1995),<br \/>\n\u201eOb\u0142askawi\u0107 dzie\u0144\u201d(1996),<br \/>\n\u201eOpieram si\u0119 o wiatr\u201d (wyb\u00f3r wierszy, 1996),<br \/>\n\u201eZmiana kalendarzy\u201d (1997),<br \/>\n\u201eNie ma ciszy\u201d (1998),<br \/>\n\u201eMini szepty\u201d (1998),<br \/>\n\u201eTrzecia cz\u0119\u015b\u0107 \u017cycia\u201d (1999),<br \/>\n\u201eOto jestem\u201d (2000),<br \/>\n\u201eOkruchy raju\u201d (2000),<br \/>\n\u201eZakr\u0119ty\u201d (2001),<br \/>\n\u201ePal\u0105c fotografie\u201d (2002),<br \/>\n\u201eW blasku zachodz\u0105cego \u017cycia\u201d (2003),<br \/>\n\u201eCisza mi\u0119dzy wierszami\u201d (2005),oraz tom prozy autobiograficznej:<br \/>\n\u201eKrajobraz \u017cycia\u201d (1996)<\/div>\n<p>&nbsp;<\/p>\n<p><span class=\"tekstbold\">OKRUCIE\u0143STWO<\/span><\/p>\n<p><span class=\"tekstwiersz\">pi\u0119kny ptak<br \/>\no wdzi\u0119ku baletnicy<br \/>\nsroka<br \/>\nhu\u015btaj\u0105ca si\u0119<br \/>\nna ga\u0142\u0119zi modrzewia<br \/>\nzeskoczy\u0142a zgrabnie<br \/>\nna m\u00f3j balkon<br \/>\ni rozszarpa\u0142a<br \/>\npiskl\u0119 go\u0142\u0119bicy<\/span><\/p>\n<p>wstrz\u0105\u015bni\u0119ta<br \/>\nna pocieszenie<br \/>\nzasiad\u0142am<br \/>\ndo obiadu<br \/>\nna talerzu<br \/>\napetyczne<br \/>\nudko kurczaka<\/p>\n<p>&nbsp;<\/p>\n<p><span class=\"tekstbold\">KLASZTORNY FRESK<\/span><\/p>\n<p><span class=\"tekstwiersz\"><span class=\"tekstwiersz\">te oczy<br \/>\nw sp\u0142owia\u0142ym fresku<br \/>\npatrz\u0105 mi<br \/>\nprosto w twarz<br \/>\nspojrzeniem<br \/>\nsprzed wiek\u00f3w<br \/>\nprze\u015bwietlaj\u0105cym\u00a0 na wskro\u015b<br \/>\nmoje my\u015bli<br \/>\nmoje \u017cycie<br \/>\nmoj\u0105 epok\u0119<br \/>\nprzesuwam si\u0119<br \/>\nkilka krok\u00f3w w lewo<br \/>\nw prawo<br \/>\npatrzysz uparcie<br \/>\ni b\u0119dziesz tak<br \/>\npatrzy\u0142<br \/>\ndo ko\u0144ca<br \/>\nkim\u017ce jeste\u015b<br \/>\nkim\u017ce by\u0142e\u015b<br \/>\n\u017ce a\u017c tak mocno<br \/>\nna mnie patrzysz<br \/>\njakim prawem<br \/>\njeszcze ci\u0105gle trwasz<br \/>\na przecie\u017c<br \/>\ndawno w grobie<\/span><\/span><\/p>\n","protected":false},"excerpt":{"rendered":"<p>&nbsp; Zofia Garbaczewska-Pawlikowska Malarka, poetka, uczestniczka wielu wystaw zbiorowych (m.in. W Pa\u0142acu Puget\u00f3w, \u015ar\u00f3dmiejskim O\u015brodku Kultury, Galerii Helena) i indywidualnych (w kraju i za granic\u0105). Sta\u0142a ekspozycja jej obraz\u00f3w znajduje sie w Pa\u0142acu Villa Serbelloni w Bellagio (W\u0142ochy).Jako poetka opublikowa\u0142a &#8230; <a class=\"more-link\" href=\"https:\/\/zlp-krakow.pl\/?page_id=228\">Read More &raquo;<\/a><\/p>\n","protected":false},"author":1,"featured_media":0,"parent":56,"menu_order":0,"comment_status":"closed","ping_status":"closed","template":"","meta":{"footnotes":""},"categories":[4],"tags":[],"class_list":["post-228","page","type-page","status-publish","hentry","category-byli-wsrod-nas"],"_links":{"self":[{"href":"https:\/\/zlp-krakow.pl\/index.php?rest_route=\/wp\/v2\/pages\/228","targetHints":{"allow":["GET"]}}],"collection":[{"href":"https:\/\/zlp-krakow.pl\/index.php?rest_route=\/wp\/v2\/pages"}],"about":[{"href":"https:\/\/zlp-krakow.pl\/index.php?rest_route=\/wp\/v2\/types\/page"}],"author":[{"embeddable":true,"href":"https:\/\/zlp-krakow.pl\/index.php?rest_route=\/wp\/v2\/users\/1"}],"replies":[{"embeddable":true,"href":"https:\/\/zlp-krakow.pl\/index.php?rest_route=%2Fwp%2Fv2%2Fcomments&post=228"}],"version-history":[{"count":8,"href":"https:\/\/zlp-krakow.pl\/index.php?rest_route=\/wp\/v2\/pages\/228\/revisions"}],"predecessor-version":[{"id":3707,"href":"https:\/\/zlp-krakow.pl\/index.php?rest_route=\/wp\/v2\/pages\/228\/revisions\/3707"}],"up":[{"embeddable":true,"href":"https:\/\/zlp-krakow.pl\/index.php?rest_route=\/wp\/v2\/pages\/56"}],"wp:attachment":[{"href":"https:\/\/zlp-krakow.pl\/index.php?rest_route=%2Fwp%2Fv2%2Fmedia&parent=228"}],"wp:term":[{"taxonomy":"category","embeddable":true,"href":"https:\/\/zlp-krakow.pl\/index.php?rest_route=%2Fwp%2Fv2%2Fcategories&post=228"},{"taxonomy":"post_tag","embeddable":true,"href":"https:\/\/zlp-krakow.pl\/index.php?rest_route=%2Fwp%2Fv2%2Ftags&post=228"}],"curies":[{"name":"wp","href":"https:\/\/api.w.org\/{rel}","templated":true}]}}