{"id":226,"date":"2015-03-06T01:28:16","date_gmt":"2015-03-06T00:28:16","guid":{"rendered":"http:\/\/zlp-krakow.org\/?page_id=226"},"modified":"2015-03-29T13:45:24","modified_gmt":"2015-03-29T11:45:24","slug":"fronczek-jerzy-stanislaw","status":"publish","type":"page","link":"https:\/\/zlp-krakow.pl\/?page_id=226","title":{"rendered":"Jerzy Stanis\u0142aw Fronczek"},"content":{"rendered":"<p><a href=\"https:\/\/zlp-krakow.pl\/wp-content\/uploads\/2015\/03\/fronczek.jpg\"><img loading=\"lazy\" decoding=\"async\" class=\"alignnone size-full wp-image-1147\" src=\"https:\/\/zlp-krakow.pl\/wp-content\/uploads\/2015\/03\/fronczek.jpg\" alt=\"OLYMPUS DIGITAL CAMERA\" width=\"150\" height=\"113\" \/><\/a><\/p>\n<p><b>Jerzy Stanis\u0142aw Fronczek<\/b><\/p>\n<p>Urodzi\u0142 si\u0119 26 lipca 1963 roku w Krakowie. Poeta, kolekcjoner skamienia\u0142o\u015bci, ezoteryk. Wyda\u0142 arkusz poetycki &#8211; &#8222;Kapelusz pe\u0142en wiatru&#8221; oraz tomiki wierszy: &#8222;Ciemna strona Ksi\u0119\u017cyca&#8221; (1991), &#8222;Ballada o wiklinie&#8221; (1991), &#8222;Szklany portret dziewczyny&#8221; (1992), &#8222;Jesie\u0144 nad Skaw\u0105&#8221; (1993), &#8222;Wiatr w ogrodzie. Piosenki&#8221; (1996), &#8222;Zwyci\u0119zcy i pokonani&#8221; (1998), &#8222;Rodzinna jab\u0142o\u0144&#8221; (2003), &#8222;Ballada o grudce ziemi&#8221; (2006), &#8222;Kantyczki polskie&#8221; (2007), &#8222;Miasteczko w chmurach &#8211; w\u0119dr\u00f3wki z Nikiforem&#8221; (2010), &#8222;Otulony Twoj\u0105 mg\u0142\u0105 &#8211; sonetty i kapliczki&#8221;.<\/p>\n<p>&nbsp;<br \/>\n<strong>\u00a0\u00a0\u00a0\u00a0\u00a0\u00a0\u00a0\u00a0\u00a0\u00a0\u00a0\u00a0\u00a0\u00a0\u00a0\u00a0\u00a0\u00a0\u00a0\u00a0\u017bAGLOWIEC NIKIFORA<br \/>\n<\/strong>\u00a0\u00a0\u00a0\u00a0\u00a0\u00a0\u00a0\u00a0\u00a0\u00a0\u00a0\u00a0\u00a0\u00a0\u00a0\u00a0\u00a0\u00a0\u00a0\u00a0\u00a0\u00a0\u00a0\u00a0\u00a0\u00a0\u00a0\u00a0\u00a0\u00a0\u00a0\u00a0\u00a0\u00a0\u00a0\u00a0\u00a0\u00a0\u00a0\u00a0\u00a0\u00a0\u00a0\u00a0\u00a0\u00a0\u00a0\u00a0\u00a0\u00a0\u00a0Beacie Annie Symo\u0142on<\/p>\n<p>Wyruszaj\u0105c z drewnianej Krynicy<br \/>\nbajkowym \u017caglowcem Nikifora,<br \/>\nmo\u017cna op\u0142yn\u0105\u0107 \u015bwiat.<\/p>\n<p>Przesuwaj\u0105 si\u0119 ob\u0142oki dnem piaszczystego potoku,<br \/>\nca\u0142uj\u0105c skrzyd\u0142a lec\u0105cego anio\u0142a<br \/>\ni \u015blimaka \u015bpi\u0105cego na li\u015bciu moczarki.<\/p>\n<p>Czajki zbieraj\u0105 si\u0119 na odwag\u0119, by<br \/>\nnoc\u0105 odlecie\u0107 w pust\u0105<br \/>\nprzestrze\u0144 niebieskiej krainy.<\/p>\n<p>\u017baglowcem Nokifora mo\u017cna op\u0142yn\u0105\u0107 \u015bwiat, gdzie<br \/>\nserce z piernika, zagubiona dziewczynka<br \/>\ni kilku \u017co\u0142nierzy w szarym prochowcu lata.<\/p>\n<p>Branzoletk\u0105 ciszy otacza miasteczko<br \/>\nz drewnianymi ko\u0144mi i tunelem strachu,<br \/>\nw kt\u00f3rym mo\u017cna us\u0142ysze\u0107 czasami<br \/>\ndelikatny stukot kopyt Jednoro\u017cca.<\/p>\n<p><strong>\u00a0\u00a0\u00a0\u00a0\u00a0\u00a0\u00a0\u00a0\u00a0\u00a0\u00a0\u00a0\u00a0\u00a0\u00a0\u00a0\u00a0\u00a0\u00a0\u00a0\u00a0\u00a0PORTRET S\u0141ONECZNY<br \/>\n<\/strong><\/p>\n<p>Podobno Nikifor<br \/>\nw d\u0142oniach przechowywa\u0142<br \/>\nma\u0142e pioruny w kszta\u0142cie Pegaz\u00f3w, ktr\u00f3rymi<br \/>\nus\u0142ane jest ca\u0142e niebo.<\/p>\n<p>Malowa\u0142 zazwyczaj na kartce<br \/>\nwyrwanej z dzieci\u0119cego zeszytu.<\/p>\n<p>Woskow\u0105 kredk\u0105 i zaczarowanym o\u0142\u00f3wkiem<br \/>\ntworzy\u0142 dzieci\u0119ce wizje ze snu.<\/p>\n<p>M\u00f3g\u0142 malowa\u0107 tak\u017ce i bez nich, bo widzia\u0142,<br \/>\nwidzia\u0142 \u015bwiate\u0142ko sztuki nawet w najdalszym<br \/>\nzak\u0105tku krynickiej ulicy.<\/p>\n<p>Wiatr ta\u0144czy\u0142 w jego dziewiczych obrazkach,<br \/>\nrze\u017abionych w tajemnicy przed szkie\u0142kiem<br \/>\ni okiem zawodowych artyst\u00f3w.<\/p>\n<p>Jego boska akwarela \u017cycia<br \/>\nskleja po\u0142amane pierniki serc,<br \/>\nprzynosz\u0105c ludziom spok\u00f3j<br \/>\nw sko\u0142atanej duszy.<\/p>\n<p>Jest wiele ciep\u0142ych pejza\u017cy, kt\u00f3rymi<br \/>\nleczy j\u0105trz\u0105ce si\u0119 rany<br \/>\nmiasta unosz\u0105cego w chmurach<br \/>\nr\u00f3\u017cowy ob\u0142ok poezji, pe\u0142en<br \/>\nmagicznych zwierz\u0105t i ryb<br \/>\np\u0142ywaj\u0105cych ca\u0142ymi stadami po<br \/>\nniesko\u0144czonym oceanie<br \/>\ncz\u0142owieczego bytu.<\/p>\n<p><strong><br \/>\nKAPLICZKA PI\u0104TA &#8211; LWOWSKA<br \/>\n<\/strong><br \/>\nMarcinowi Ha\u0142asiowi &#8211; poecie<\/p>\n<p>W godzin\u0119 nieszcz\u0119\u015bcia<br \/>\nAdam Zagajewski czyta wiersze o Lwowie<br \/>\nust\u0105pcie mu miejsca podajcie \u015bwiat\u0142o<br \/>\ndo spragnionych powiek w mie\u015bcie artyst\u00f3w<br \/>\nz przestrzelonym skrzyd\u0142em<br \/>\nruin spalonego ko\u015bcio\u0142a<\/p>\n<p>niech os\u0142oni nas swoim pi\u00f3rem<br \/>\nz cierniowych ga\u0142\u0105zek krzy\u017ca<br \/>\npo\u015br\u00f3d kamienistej pustki zamglonych ob\u0142ok\u00f3w<\/p>\n<p>Wysokiego Zamku na kt\u00f3rego szczycie<br \/>\nusiad\u0142 strudzony poeta-w\u0119drowiec<br \/>\nz teczk\u0105 b\u0142\u0119kitnych wierszy zapisanych cisz\u0105<br \/>\nodlatuj\u0105cej w ciemny deszcz jask\u00f3\u0142ki<br \/>\ngdzie nie wida\u0107 drogi do miasta umar\u0142ych<br \/>\nkt\u00f3remu na imi\u0119 Lw\u00f3w<\/p>\n","protected":false},"excerpt":{"rendered":"<p>Jerzy Stanis\u0142aw Fronczek Urodzi\u0142 si\u0119 26 lipca 1963 roku w Krakowie. Poeta, kolekcjoner skamienia\u0142o\u015bci, ezoteryk. Wyda\u0142 arkusz poetycki &#8211; &#8222;Kapelusz pe\u0142en wiatru&#8221; oraz tomiki wierszy: &#8222;Ciemna strona Ksi\u0119\u017cyca&#8221; (1991), &#8222;Ballada o wiklinie&#8221; (1991), &#8222;Szklany portret dziewczyny&#8221; (1992), &#8222;Jesie\u0144 nad Skaw\u0105&#8221; &#8230; <a class=\"more-link\" href=\"https:\/\/zlp-krakow.pl\/?page_id=226\">Read More &raquo;<\/a><\/p>\n","protected":false},"author":1,"featured_media":0,"parent":51,"menu_order":140,"comment_status":"closed","ping_status":"closed","template":"","meta":{"footnotes":""},"categories":[2],"tags":[],"class_list":["post-226","page","type-page","status-publish","hentry","category-czlonkowie"],"_links":{"self":[{"href":"https:\/\/zlp-krakow.pl\/index.php?rest_route=\/wp\/v2\/pages\/226","targetHints":{"allow":["GET"]}}],"collection":[{"href":"https:\/\/zlp-krakow.pl\/index.php?rest_route=\/wp\/v2\/pages"}],"about":[{"href":"https:\/\/zlp-krakow.pl\/index.php?rest_route=\/wp\/v2\/types\/page"}],"author":[{"embeddable":true,"href":"https:\/\/zlp-krakow.pl\/index.php?rest_route=\/wp\/v2\/users\/1"}],"replies":[{"embeddable":true,"href":"https:\/\/zlp-krakow.pl\/index.php?rest_route=%2Fwp%2Fv2%2Fcomments&post=226"}],"version-history":[{"count":4,"href":"https:\/\/zlp-krakow.pl\/index.php?rest_route=\/wp\/v2\/pages\/226\/revisions"}],"predecessor-version":[{"id":1149,"href":"https:\/\/zlp-krakow.pl\/index.php?rest_route=\/wp\/v2\/pages\/226\/revisions\/1149"}],"up":[{"embeddable":true,"href":"https:\/\/zlp-krakow.pl\/index.php?rest_route=\/wp\/v2\/pages\/51"}],"wp:attachment":[{"href":"https:\/\/zlp-krakow.pl\/index.php?rest_route=%2Fwp%2Fv2%2Fmedia&parent=226"}],"wp:term":[{"taxonomy":"category","embeddable":true,"href":"https:\/\/zlp-krakow.pl\/index.php?rest_route=%2Fwp%2Fv2%2Fcategories&post=226"},{"taxonomy":"post_tag","embeddable":true,"href":"https:\/\/zlp-krakow.pl\/index.php?rest_route=%2Fwp%2Fv2%2Ftags&post=226"}],"curies":[{"name":"wp","href":"https:\/\/api.w.org\/{rel}","templated":true}]}}