{"id":224,"date":"2015-03-06T01:27:57","date_gmt":"2015-03-06T00:27:57","guid":{"rendered":"http:\/\/zlp-krakow.org\/?page_id=224"},"modified":"2015-03-12T22:24:46","modified_gmt":"2015-03-12T21:24:46","slug":"frania-arkadiusz","status":"publish","type":"page","link":"https:\/\/zlp-krakow.pl\/?page_id=224","title":{"rendered":"Arkadiusz Frania"},"content":{"rendered":"<p><a href=\"https:\/\/zlp-krakow.pl\/wp-content\/uploads\/2015\/03\/A.-Frania_zdj\u0119cie.jpg\"><img loading=\"lazy\" decoding=\"async\" class=\"alignnone size-medium wp-image-872\" src=\"https:\/\/zlp-krakow.pl\/wp-content\/uploads\/2015\/03\/A.-Frania_zdj\u0119cie-196x300.jpg\" alt=\"A. Frania_zdj\u0119cie\" width=\"196\" height=\"300\" srcset=\"https:\/\/zlp-krakow.pl\/wp-content\/uploads\/2015\/03\/A.-Frania_zdj\u0119cie-196x300.jpg 196w, https:\/\/zlp-krakow.pl\/wp-content\/uploads\/2015\/03\/A.-Frania_zdj\u0119cie-670x1024.jpg 670w, https:\/\/zlp-krakow.pl\/wp-content\/uploads\/2015\/03\/A.-Frania_zdj\u0119cie-600x918.jpg 600w, https:\/\/zlp-krakow.pl\/wp-content\/uploads\/2015\/03\/A.-Frania_zdj\u0119cie.jpg 2008w\" sizes=\"auto, (max-width: 196px) 100vw, 196px\" \/><\/a><\/p>\n<p>Arkadiusz Frania<\/p>\n<p>urodzi\u0142 si\u0119 4 maja 1973 roku w Przechlewie (obecnie woj. pomorskie). Poeta, prozaik, krytyk literacki.<\/p>\n<p>W 1993 roku uko\u0144czy\u0142 Technikum Hutnicze w Zespole Szk\u00f3\u0142 Elektroniczno-Mechanicznych w Cz\u0119stochowie (technik-elektronik o specjalno\u015bci: elektryczna i elektroniczna automatyka przemys\u0142owa). W latach 1993 \u2013 1994 studiowa\u0142 na Wydziale Elektrycznym Politechniki Cz\u0119stochowskiej w Cz\u0119stochowie.<\/p>\n<p>W 1999 roku uko\u0144czy\u0142 filologi\u0119 polsk\u0105 w Wy\u017cszej Szkole Pedagogicznej w\u00a0Cz\u0119stochowie, a w roku 2000 \u2013 Podyplomowe Studium Informatyczne w Szkole Informatyki przy Politechnice Cz\u0119stochowskiej w Cz\u0119stochowie.<\/p>\n<p>W 2003 roku uzyska\u0142 tytu\u0142 doktora nauk humanistycznych w zakresie literaturoznawstwa (Uniwersytet \u015al\u0105ski) na podstawie rozprawy <em>Powojenne dyskusje nad pozytywizmem. 1944\/45-1948\/49<\/em>.<\/p>\n<p>&nbsp;<\/p>\n<p>Opublikowa\u0142<\/p>\n<ul>\n<li>pi\u0119\u0107 zbior\u00f3w poetyckich:<\/li>\n<li><em>na przyk\u0142ad mnie nie ma<\/em> (1994, 1996),<\/li>\n<li><em>powiedz mi siebie<\/em> (1995, 1996),<\/li>\n<li><em>na zimnym uczynku<\/em> (1999),<\/li>\n<li><em>ale si\u0119 nie budz\u0119<\/em> (2004),<\/li>\n<li><em>zacz\u0105\u0107 nic od pocz\u0105tku<\/em> (2012);<\/li>\n<li>dwie ksi\u0105\u017cki prozatorskie:<\/li>\n<li><em>Jestem pomys\u0142em Pana Boga na cz\u0142owieka<\/em> (2010),<\/li>\n<li><em>Rze\u017aby w ma\u015ble. Prozy z pami\u0119ci<\/em> (2014);<\/li>\n<li>cztery tomy krytycznoliterackie:<\/li>\n<li><em>\u201eSolidne niefarbowane retro\u201d. O poezji Tadeusza Gierymskiego<\/em> (2004),<\/li>\n<li><em>Stra\u017cnicy i naje\u017ad\u017acy. Zjawiska we wsp\u00f3\u0142czesnej poezji regionu cz\u0119stochowskiego<\/em> (2005),<\/li>\n<li><em>Po\u015bwiatowska, Marja\u0144ska, Cichla-Czarniawska. Trzy szkice typu ziemia-ziemia-ziemia<\/em> (2007),<\/li>\n<li><em>Lipton story. Esencje krytyczne o\u00a0sztuce pisarskiej Jacka Durskiego<\/em> (2009).<\/li>\n<\/ul>\n<p>&nbsp;<\/p>\n<p>W 2014 roku nak\u0142adem Knji\u017eevniego Klubu \u201eBranko Miljkovi\u0107\u201d w Knja\u017eevacu (w\u00a0serii Biblioteka \u201eBdenje\u201d) w\u00a0t\u0142umaczeniu Olgi Lali\u0107-Krowickiej ukaza\u0142o si\u0119 pt. <em>Asocijacije<\/em> serbskie wydanie <em>Jestem pomys\u0142em Pana Boga na cz\u0142owieka<\/em>.<\/p>\n<p>&nbsp;<\/p>\n<p>Mieszka w Cz\u0119stochowie.<\/p>\n<p>Arkadiusz Frania<\/p>\n<p>&nbsp;<\/p>\n<p>* * *<\/p>\n<p>&nbsp;<\/p>\n<p>z trudem roz\u0142upa\u0142em<\/p>\n<p>ten kamie\u0144<\/p>\n<p>ale wreszcie si\u0119 uda\u0142o<\/p>\n<p>z wn\u0119trza rozleg\u0142o si\u0119 s\u0142owo<\/p>\n<p>kt\u00f3rego nie ma w ludzkim j\u0119zyku ziemi<\/p>\n<p>&nbsp;<\/p>\n<p>* * *<\/p>\n<p>&nbsp;<\/p>\n<p>licz\u0119 chmury<\/p>\n<p>pierwsza druga trzecia<\/p>\n<p>&nbsp;<\/p>\n<p>licz\u0119 ludzi<\/p>\n<p>jeden dwa<\/p>\n<p>&nbsp;<\/p>\n<p>licz\u0119 biedronki<\/p>\n<p>na sukni sprzedawczyni<\/p>\n<p>w kiosku ruchu<\/p>\n<p>jedna<\/p>\n<p>&nbsp;<\/p>\n<p>patrz\u0119 na wskazanie<\/p>\n<p>s\u0142upka rt\u0119ci<\/p>\n<p>zero<\/p>\n<p>niemi\u0142osierne<\/p>\n<p>zero<\/p>\n<p>&nbsp;<\/p>\n<p>* * *<\/p>\n<p>&nbsp;<\/p>\n<p>wreszcie zrozumia\u0142em ide\u0119<\/p>\n<p>&nbsp;<\/p>\n<p>w bia\u0142ej fili\u017cance<\/p>\n<p>do po\u0142owy wype\u0142nionej kaw\u0105<\/p>\n<p>tonie osa<\/p>\n<p>oblepione cukrem skrzyd\u0142a<\/p>\n<p>ci\u0105gn\u0105 na dno<\/p>\n<p>&nbsp;<\/p>\n<p>spokojnie obserwuj\u0119<\/p>\n<p>nie wpadam w panik\u0119<\/p>\n<p>&nbsp;<\/p>\n<p>wiem<\/p>\n<p>\u017ce w\u0142a\u015bnie w tej chwili<\/p>\n<p>chaos staje si\u0119 porz\u0105dkiem<\/p>\n<p>&nbsp;<\/p>\n<p>jasno\u015b\u0107 zosta\u0142a raz na zawsze<\/p>\n<p>oddzielona od ciemno\u015bci<\/p>\n<p>&nbsp;<\/p>\n<p>w oczach przechodz\u0105cej kelnerki<\/p>\n<p>nie widz\u0119 zaniepokojenia<\/p>\n<p>&nbsp;<\/p>\n<p>mo\u017ce podejrzewa mnie<\/p>\n<p>o mistyfikacj\u0119<\/p>\n<p>&nbsp;<\/p>\n<p>to przecie\u017c nie pierwsza zapowied\u017a<\/p>\n<p>ko\u0144ca \u015bwiata<\/p>\n<p>w tym roku<\/p>\n<p>&nbsp;<\/p>\n<p>* * *<\/p>\n<p>&nbsp;<\/p>\n<p>przep\u0142ywa przeze mnie rzeka<\/p>\n<p>&nbsp;<\/p>\n<p>urwiste brzegi<\/p>\n<p>poro\u015bni\u0119te ostami pokrzywami<\/p>\n<p>dzikim mleczem<\/p>\n<p>&nbsp;<\/p>\n<p>zwabione smakiem r\u00f3\u017cy<\/p>\n<p>kaczki<\/p>\n<p>gin\u0105<\/p>\n<p>spl\u0105tane w zielu<\/p>\n<p>dusz\u0105 si\u0119 w\u0142asnym \u0142akomstwem<\/p>\n<p>&nbsp;<\/p>\n<p>dno skaliste nier\u00f3wne gro\u017ane<\/p>\n<p>wy\u0142o\u017cone terakot\u0105 kolczastych kamieni<\/p>\n<p>wody nie zdo\u0142a\u0142y z\u0142agodzi\u0107<\/p>\n<p>kszta\u0142t\u00f3w<\/p>\n<p>&nbsp;<\/p>\n<p>s\u0142o\u0144ce nie potrafi prze\u015bwietli\u0107<\/p>\n<p>m\u0119tnej powierzchni<\/p>\n<p>na kt\u00f3rej b\u0142\u0105kaj\u0105 si\u0119 wa\u017cki<\/p>\n<p>osy i nenufary<\/p>\n<p>&nbsp;<\/p>\n<p>przep\u0142ywa przeze mnie rzeka<\/p>\n<p>&nbsp;<\/p>\n<p>bez \u017ar\u00f3d\u0142a<\/p>\n<p>bez morza<\/p>\n<p>&nbsp;<\/p>\n<p>* * *<\/p>\n<p>&nbsp;<\/p>\n<p>w nocy<\/p>\n<p>odczytuj\u0119<\/p>\n<p>my\u015bli spisane na pergaminie<\/p>\n<p>z asuncion<\/p>\n<p>&nbsp;<\/p>\n<p>tajowie wypuszczaj\u0105 lampiony<\/p>\n<p>balony z \u017cywym ogniem<\/p>\n<p>&nbsp;<\/p>\n<p>w niebo<\/p>\n<p>&nbsp;<\/p>\n<p>odchodz\u0105 troski<\/p>\n<p>i z\u0142e moce<\/p>\n<p>&nbsp;<\/p>\n<p>roz\u015bwietla si\u0119 przerwana<\/p>\n<p>wp\u00f3\u0142<\/p>\n<p>\u015bcie\u017cka \u017cywota<\/p>\n<p>&nbsp;<\/p>\n<p>rozbi\u0142 si\u0119<\/p>\n<p>garnuszek z gor\u0105cym mlekiem<\/p>\n<p>&nbsp;<\/p>\n<p>krople \u0142apczywie<\/p>\n<p>z pod\u0142ogi<\/p>\n<p>zlizuje czarny kot<\/p>\n<p>&nbsp;<\/p>\n<p>* * *<\/p>\n<p>&nbsp;<\/p>\n<p>kapie czerwone mleko<\/p>\n<p>z nabrzmia\u0142ej piersi<\/p>\n<p>uniwersum<\/p>\n<p>&nbsp;<\/p>\n<p>p\u0119kaj\u0105 gwiazdy<\/p>\n<p>jak p\u0119cherze<\/p>\n<p>&nbsp;<\/p>\n<p>cierpka rosa sp\u0142ywa<\/p>\n<p>korytarzami<\/p>\n<p>ciemnymi<\/p>\n<p>od gnij\u0105cego konaru topoli<\/p>\n<p>&nbsp;<\/p>\n<p>macica nocy<\/p>\n<p>wyd\u0119ta<\/p>\n<p>przeczuciem<\/p>\n<p>&nbsp;<\/p>\n<p>na razie stoimy<\/p>\n<p>przy zatrutej studni<\/p>\n<p>a tobie chce si\u0119 pi\u0107<\/p>\n<p>&nbsp;<\/p>\n<p>nie zadr\u017cy mi g\u0142os<\/p>\n<p>gdy podam ci kubek<\/p>\n<p>m\u00f3wi\u0105c \u201epij kochanie\u201d<\/p>\n<p>&nbsp;<\/p>\n<p>* * *<\/p>\n<p>&nbsp;<\/p>\n<p>budz\u0119 si\u0119 optymistycznie<\/p>\n<p>&nbsp;<\/p>\n<p>nie mam konkretnych plan\u00f3w<\/p>\n<p>na dzisiejsz\u0105<\/p>\n<p>wieczno\u015b\u0107<\/p>\n<p>&nbsp;<\/p>\n<p>wstaj\u0119 i wychodz\u0119<\/p>\n<p>przychodz\u0119 i siadam<\/p>\n<p>&nbsp;<\/p>\n<p>mi\u0119dzy wstawaniem i siadaniem<\/p>\n<p>wychodzeniem i przychodzeniem<\/p>\n<p>milczenie krwi w \u017cy\u0142ach<\/p>\n<p>&nbsp;<\/p>\n<p>a potem szum w uszach<\/p>\n<p>&nbsp;<\/p>\n<p>zako\u0144czy\u0142 si\u0119 pi\u0119kny dzie\u0144<\/p>\n<p>k\u0142ad\u0119 g\u0142ow\u0119 pod m\u0142ot<\/p>\n<p>kt\u00f3ry mia\u017cd\u017cy m\u00f3j<\/p>\n<p>sen<\/p>\n<p>&nbsp;<\/p>\n<p>* * *<\/p>\n<p>&nbsp;<\/p>\n<p>m\u00f3j sen o rzece<\/p>\n<p>wysycha<\/p>\n<p>&nbsp;<\/p>\n<p>miasto<\/p>\n<p>wypala mi w oczach<\/p>\n<p>spojrzenie<\/p>\n<p>&nbsp;<\/p>\n<p>czer\u0144<\/p>\n<p>nie mam innych skojarze\u0144<\/p>\n<p>&nbsp;<\/p>\n<p>chcia\u0142em z podartych kawa\u0142k\u00f3w<\/p>\n<p>chmur<\/p>\n<p>zszy\u0107 swoje prowizoryczne<\/p>\n<p>niebo<\/p>\n<p>z terminem przydatno\u015bci<\/p>\n<p>cho\u0107 na kilka dni<\/p>\n<p>&nbsp;<\/p>\n<p>m\u00f3j sen o rzece<\/p>\n<p>wysycha<\/p>\n<p>&nbsp;<\/p>\n<p>a jednak obracam si\u0119<\/p>\n<p>na drug\u0105 stron\u0119<\/p>\n<p>rzeki<\/p>\n<p>&nbsp;<\/p>\n<p>&nbsp;<\/p>\n<p>* * *<\/p>\n<p>&nbsp;<\/p>\n<p>widzia\u0142em we \u015bnie<\/p>\n<p>&nbsp;<\/p>\n<p>potem jecha\u0142em czarnym wozem<\/p>\n<p>w kierunku rzeki kt\u00f3ra nie p\u0142yn\u0119\u0142a<\/p>\n<p>jej wody sta\u0142y i puch\u0142y od ognisk<\/p>\n<p>rozpalonych we wn\u0119trzno\u015bciach rozkopanej ziemi<\/p>\n<p>&nbsp;<\/p>\n<p>my\u015bla\u0142em we \u015bnie<\/p>\n<p>&nbsp;<\/p>\n<p>przyjdzie listonosz w czarnym mundurku<\/p>\n<p>bez jednego z\u0142otego guzika<\/p>\n<p>i powie \u017ce m\u00f3j list do boga nie dojdzie do adresata<\/p>\n<p>bo<\/p>\n<p>nie naklei\u0142em znaczka<\/p>\n<p>&nbsp;<\/p>\n<p>m\u00f3wi\u0142em we \u015bnie<\/p>\n<p>o tym co widzia\u0142em<\/p>\n<p>m\u00f3wi\u0142em we \u015bnie<\/p>\n<p>o tym co my\u015bla\u0142em<\/p>\n<p>&nbsp;<\/p>\n<p>* * *<\/p>\n<p>&nbsp;<\/p>\n<p>naiwni my\u015bleli<\/p>\n<p>\u017ce jest wielki<\/p>\n<p>bo w szkole pani polonistka<\/p>\n<p>m\u00f3wi\u0142a egzaltowanym g\u0142osem:<\/p>\n<p>\u201epoeta to kto\u015b wielki<\/p>\n<p>kto zmienia \u015bwiat<\/p>\n<p>i jednym s\u0142owem mo\u017ce wstrzyma\u0107 ziemi\u0119<\/p>\n<p>albo przywo\u0142a\u0107 za\u0107mienie s\u0142o\u0144ca\u201d<\/p>\n<p>&nbsp;<\/p>\n<p>a on by\u0142 po prostu<\/p>\n<p>zwyczajny<\/p>\n<p>&nbsp;<\/p>\n<p>wci\u015bni\u0119ty w rynek krakowskiego wrze\u015bnia<\/p>\n<p>nie r\u00f3\u017cni\u0142 si\u0119 niczym szczeg\u00f3lnym<\/p>\n<p>od starszego pana<\/p>\n<p>kt\u00f3ry w tej chwili wyjrza\u0142 przez szyb\u0119<\/p>\n<p>z secesyjnego wn\u0119trza kawiarni<\/p>\n<p>a wcze\u015bniej drobnymi \u0142ykami<\/p>\n<p>popija\u0142 herbat\u0119 dilmah<\/p>\n<p>&nbsp;<\/p>\n<p>kiedy poeta przechodzi\u0142<\/p>\n<p>w\u015br\u00f3d hordy go\u0142\u0119bi<\/p>\n<p>one nie rozpozna\u0142y w nim \u017cadnego mi\u0142osza<\/p>\n<p>herberta<\/p>\n<p>ani r\u00f3\u017cewicza<\/p>\n<p>&nbsp;<\/p>\n<p>a od ostatniego zbiorku wierszy<\/p>\n<p>wcale nie zrobi\u0142o si\u0119 ja\u015bniej na<\/p>\n<p>\u015bwiecie<\/p>\n<p>&nbsp;<\/p>\n<p>* * *<\/p>\n<p>&nbsp;<\/p>\n<p>\u201episz\u0119 wiersze<\/p>\n<p>kr\u00f3tsze ni\u017c oddech<\/p>\n<p>&nbsp;<\/p>\n<p>pisz\u0119 wiersze<\/p>\n<p>g\u0142\u0119bsze ni\u017c morze<\/p>\n<p>&nbsp;<\/p>\n<p>pisz\u0119 wiersze<\/p>\n<p>na kolanie\u201d<\/p>\n<p>&nbsp;<\/p>\n<p>szuka\u0142em tego wiersza kilka lat<\/p>\n<p>&nbsp;<\/p>\n<p>napisany jeszcze na maszynie erica<\/p>\n<p>gdzie\u015b na prze\u0142omie 1992 i 1993<\/p>\n<p>zgubi\u0142 si\u0119 zawieruszy\u0142 w czasie<\/p>\n<p>przeprowadzki<\/p>\n<p>&nbsp;<\/p>\n<p>mo\u017ce upad\u0142 pod szaf\u0119<\/p>\n<p>zakurzony nabiera liryzmu<\/p>\n<p>g\u0119stnieje<\/p>\n<p>hartuje przestrze\u0144<\/p>\n<p>&nbsp;<\/p>\n<p>szuka\u0142em tego wiersza w pami\u0119ci<\/p>\n<p>spokojnie rozsuwa\u0142em firanki<\/p>\n<p>i zagl\u0105da\u0142em w oczy nienapotkanych<\/p>\n<p>nie my\u015bla\u0142em o nim parz\u0105c kaw\u0119<\/p>\n<p>czytaj\u0105c wspomnienie lechonia o tuwimie<\/p>\n<p>&nbsp;<\/p>\n<p>wyda\u0142em kilka osieroconych tomik\u00f3w<\/p>\n<p>&nbsp;<\/p>\n<p>w zesz\u0142y czwartek uda\u0142o mi si\u0119 w ko\u0144cu<\/p>\n<p>zrekonstruowa\u0107 kilka s\u0142\u00f3w<\/p>\n<p>dwa pierwsze dystychy chyba przywo\u0142a\u0142em w ca\u0142o\u015bci<\/p>\n<p>ale zako\u0144czenie takie beztroskie<\/p>\n<p>wi\u0119c mo\u017ce naprawd\u0119 brzmia\u0142o<\/p>\n<p>&nbsp;<\/p>\n<p>\u201episz\u0119 wiersze<\/p>\n<p>cichsze ni\u017c fale rozbijaj\u0105ce si\u0119 o czarny brzeg\u201d<\/p>\n<p>&nbsp;<\/p>\n<p>* * *<\/p>\n<p>&nbsp;<\/p>\n<p>nie lubi\u0119 m\u00f3wi\u0107<\/p>\n<p>wol\u0119 pisa\u0107<\/p>\n<p>&nbsp;<\/p>\n<p>odrysowuj\u0119<\/p>\n<p>\u015bwiat zatrzymany w pr\u00f3chniej\u0105cym<\/p>\n<p>jak drewniany krzy\u017c<\/p>\n<p>albumie<\/p>\n<p>&nbsp;<\/p>\n<p>kre\u015bl\u0119 za pomoc\u0105<\/p>\n<p>znak\u00f3w wyj\u0119tych z<\/p>\n<p>prymitywnego pisma kr\u0119gowc\u00f3w<\/p>\n<p>&nbsp;<\/p>\n<p>\u201ecz\u0142owiek\u201d<\/p>\n<p>&nbsp;<\/p>\n<p>widz\u0119 zgarbion\u0105 sylwetk\u0119 starca<\/p>\n<p>czuj\u0119 wyczyszczone wiatrem w\u0142osy m\u0142odych kobiet<\/p>\n<p>s\u0142ysz\u0119 rwany ch\u00f3d dziecka wracaj\u0105cego ze szko\u0142y<\/p>\n<p>&nbsp;<\/p>\n<p>\u201emorze\u201d<\/p>\n<p>&nbsp;<\/p>\n<p>widz\u0119 wyg\u0142adzone przed burz\u0105 zmarszczki fal<\/p>\n<p>czuj\u0119 niewypatroszone brzuchy \u0142ososi<\/p>\n<p>s\u0142ysz\u0119 stygn\u0105cy d\u017awi\u0119k kutra<\/p>\n<p>&nbsp;<\/p>\n<p>nie lubi\u0119 m\u00f3wi\u0107<\/p>\n<p>wol\u0119 pisa\u0107<\/p>\n<p>&nbsp;<\/p>\n<p>kropk\u0105 i \u015brednikiem<\/p>\n<p>chc\u0119 przechytrzy\u0107 \u015bmier\u0107<\/p>\n<p>&nbsp;<\/p>\n<p>&nbsp;<\/p>\n<p>Arkadiusz Frania<\/p>\n<p>&nbsp;<\/p>\n<p><strong>Relikwie b\u0142ogos\u0142awionej Anieli Salawy i chrumkanie Rudej<\/strong><\/p>\n<p>&nbsp;<\/p>\n<p>W ko\u015bciele jest weso\u0142o. \u201eWeso\u0142o\u201d to niedobre okre\u015blenie. W\u0142a\u015bciwsze to \u201erado\u015bnie\u201d i \u201ebezpiecznie\u201d. Raduje si\u0119, cieszy serce i dusza. Do niedzielnego ko\u015bcio\u0142a wychodz\u0119 bez \u015bniadania. Na czczo pe\u0142niejsza jest modlitwa, s\u0142owa maj\u0105 miejsce, by si\u0119 rozgo\u015bci\u0107. Wiara zdobywa wyra\u017aniejsze podstawy, zakorzenia si\u0119, wczepia, dobre panoszenie. Dzisiaj, tak pusty, z \u017co\u0142\u0105dkiem niemaj\u0105cym nic do trawienia wymodl\u0119 si\u0119 za wszystkie stracone czasy przez w\u0105tpliwo\u015bci i rozterki religijne, przez odej\u015bcie od Ko\u015bcio\u0142a. Agatka na g\u0142odnego nigdzie nie wyjdzie, chyba \u017ceby odda\u0107 krew do analizy, ale to wy\u017csza powinno\u015b\u0107, wym\u00f3g medycyny. Uszykowa\u0142em ma\u0142\u017conce kromk\u0119 chleba z mas\u0142em i szynk\u0105, za\u017cyczy\u0142a sobie kawa\u0142ek bez t\u0142uszczu, obrywa\u0142em wi\u0119c z mozo\u0142em bia\u0142e s\u0142oninowe paseczki.<\/p>\n<p>Zesp\u00f3\u0142 m\u0142odzie\u017cowy \u015bpiewa. Po stokro\u0107 upojenie w leukocytach, cukrze i innych nieprzebadanych minera\u0142ach w organizmie, jaki\u015b tam anionach, kationach. Do dzisiaj nosz\u0119 w teczce wystawione w dniu 28 maja 2004 roku przez lekarza chor\u00f3b wewn\u0119trznych \u2013 anestezjologa skierowanie do poradni hematologicznej w sprawie konsultacji specjalistycznej na okoliczno\u015b\u0107 podejrzenia u mnie poliglobulii. Agatce najbardziej podoba si\u0119 pie\u015b\u0144 o mi\u0142o\u015bci, bo jest czu\u0142\u0105, wra\u017cliw\u0105 dziewczyn\u0105, jak pie\u015b\u0144. I mi\u0142\u0105 te\u017c.<\/p>\n<p>Siadamy na skraju \u0142aweczki stoj\u0105cej przy schodach na ch\u00f3r, blisko wyj\u015bcia, opodal konfesjona\u0142u. To nasze sta\u0142e miejsce. Ksi\u0105dz proboszcz, chodz\u0105c po kol\u0119dzie powiedzia\u0142, \u017ce siedzimy zawsze tam, gdzie siedzimy i \u0142atwo nas namierzy\u0107. Agatka od brzegu, bli\u017cej o\u0142tarza, a ja za ni\u0105. Za nami przychodz\u0105 inni, r\u00f3\u017cni, ci sami. Modlimy si\u0119 o zdrowie, niech uszy us\u0142ysz\u0105, niech oczy zobacz\u0105, niech dusza cierpliwie czeka na zbawienie. Przy drugim kl\u0119kni\u0119ciu zauwa\u017cam, \u017ce przyty\u0142em par\u0119 kilogram\u00f3w, ju\u017c dawno powinienem przesta\u0107 je\u015b\u0107 kolacj\u0119, piwo przed snem te\u017c do odprawienia. Pasek w spodniach si\u0119 napr\u0119\u017ca, wyciera, przesuwam dziurki. Agatka m\u00f3wi, \u017ce przesadzam, jeszcze musz\u0119 przyty\u0107, to akurat dobrze, gdy\u017c ona lubi pan\u00f3w z brzuszkiem. Nie mam brzuszka, ale, to jasne, rozci\u0105gn\u0105\u0142 mi si\u0119 obrys, p\u0119czniej\u0119. Wierz\u0119 i tak si\u0119 ratuj\u0119 przed sob\u0105. Maru\u015b pos\u0105dzi\u0142 mnie o tendencje autodestrukcyjne. To orzeczone, jestem dla siebie najwi\u0119kszym zagro\u017ceniem. Tylko pisz\u0105c, nie mog\u0105c nad \u017cyciem zapanowa\u0107, jako\u015b panuj\u0119 i si\u0119 rozlu\u017aniam. Tak niewiele o sobie wiemy. Autoportret pami\u0119ciowy przedstawia\u0142by kogo\u015b innego, obcego. Gdybym nagle si\u0119 zgubi\u0142 i poszed\u0142 zg\u0142osi\u0107 na policj\u0119 swoje zagini\u0119cie, by\u0142bym w niez\u0142ych tarapatach, nie wiedzia\u0142bym, co powiedzie\u0107. Niebiescy panowie pomy\u015bleliby, \u017ce kombinuj\u0119, mam rozdwojenie ja\u017ani i poszed\u0142bym jak nic do ciupy z bia\u0142ymi klamkami, to znaczy do bia\u0142ego domu bez klamek.<\/p>\n<p>Ludzie na mszy \u015bwi\u0119tej to mena\u017ceria, pasmanteria, garsoniera. M\u0105\u017c pani w kr\u00f3tkich \u017c\u00f3\u0142tych w\u0142osach ma baki i w\u0119szy za dziewczynami. Przygl\u0105da si\u0119 ka\u017cdemu damskiemu ty\u0142kowi, taksuje ko\u015blawo\u015b\u0107 n\u00f3g opi\u0119tych d\u017cinsami i rajstopami. Kobieta co mia\u0142a d\u0142u\u017csz\u0105 czarn\u0105 fryzur\u0119 \u015bci\u0119\u0142a j\u0105 figlarnie, m\u00f3wi\u0105c pewnie \u201eDo\u015b\u0107 symetrii\u201d. Jest te\u017c dziewczyna-modnisia, posiada z tysi\u0105c przebra\u0144, teraz na r\u00f3\u017cowo, w zesz\u0142ym tygodniu zaryzykowa\u0142a po\u0142\u0105czenie zieleni z bordo. Agatka zauwa\u017ca, \u017ce dawno w ko\u015bciele nie widzia\u0142a naszych s\u0105siad\u00f3w, chodz\u0105 chyba na p\u00f3\u017aniejsz\u0105 godzin\u0119, nie ka\u017cdy wstanie po sobocie o \u00f3smej.<\/p>\n<p>Nie mog\u0119 si\u0119 skupi\u0107, bo sp\u00f3\u017aniona Ruda pcha si\u0119 na \u0142awk\u0119, rozsadza si\u0119, taka byle jaka, po niewczasie i wa\u017cna, wa\u017cniejsza, najwa\u017cniejsza. Cmoka. Wycmokuje z mi\u0119dzyz\u0119bia mak po kajzerce lub mysi ogonek rzodkiewki. Cmyk, cmyk. Cmok, cmok. Cmyka, cmoka. Poci\u0105ga nosem, katar z Kuwejtu do Norwegii. Prawdziwa zatoka \u015bwini, pu\u015bci\u0142y \u015bluzy. Bez chusteczki, na \u017cywca. Chrumkanie. Nieustanna laryngologia ko\u015bcielna przy konfesjonale. \u017beby przynajmniej, przy-najwi\u0119cej Ruda by\u0142a posadzk\u0105, posadzon\u0105 siedzia\u0142a. A ona wierci si\u0119. Podniesienie, cmyk. Opuszczenie, cmok. Odpuszczenie, chrumk. Ksi\u0105dz wyg\u0142asza homili\u0119 o rytua\u0142ach poga\u0144skich w spo\u0142ecze\u0144stwie chrze\u015bcijan. I gdy ustaje chrumkanie, wtedy chrz\u0119\u015bci Jan, s\u0105siad Rudej, jakby pozazdro\u015bci\u0142 jej istnienia g\u0142o\u015bnych p\u0142yn\u00f3w ustrojowych.<\/p>\n<p>W ko\u015bciele msza. W ko\u015bciele relikwie b\u0142ogos\u0142awionej Anieli Salawy. Obecno\u015b\u0107 przewodnik\u00f3w, czerwone \u015bwiate\u0142ko w tabernakulum, rze\u017aby patron\u00f3w i wielki Chrystus z drzewa wisz\u0105cy z rozpostartymi ramionami nad gromad\u0105. Przez witra\u017c w kszta\u0142cie krzy\u017ca w \u015bcianie p\u0142ynie jasno\u015b\u0107 r\u00f3\u017cnobarwna jak stroje parafianki-elegantki o grubych \u0142ydkach. W bia\u0142ych oknach uj\u0119ty fragment budynku szpitala przy ulicy Mickiewicza. Wszystko idzie swoj\u0105 przetart\u0105, cho\u0107 now\u0105 dla nas kolej\u0105. To ju\u017c kiedy\u015b b\u0119dzie. Wieczno\u015b\u0107 rzuca cz\u0142owiekowi na przyn\u0119t\u0119 chwil\u0119, a ja walcz\u0119 z chrumkaniem Rudej i nie mog\u0119 dojrze\u0107, czy krew w naczynku na o\u0142tarzu si\u0119 \u015bci\u0119\u0142a. A mo\u017ce to nie by\u0142a krew, mo\u017ce to by\u0142y ko\u015bci? Z tej odleg\u0142o\u015bci s\u0142abo widz\u0119, ale \u201eWierz\u0119 w Ducha \u015awi\u0119tego, \u015bwi\u0119ty Ko\u015bci\u00f3\u0142 Powszechny, \u015awi\u0119tych obcowanie, grzech\u00f3w odpuszczenie, cia\u0142a zmartwychwstanie, \u017cywot wieczny\u201d. Amen.<\/p>\n<p>&nbsp;<\/p>\n","protected":false},"excerpt":{"rendered":"<p>Arkadiusz Frania urodzi\u0142 si\u0119 4 maja 1973 roku w Przechlewie (obecnie woj. pomorskie). Poeta, prozaik, krytyk literacki. W 1993 roku uko\u0144czy\u0142 Technikum Hutnicze w Zespole Szk\u00f3\u0142 Elektroniczno-Mechanicznych w Cz\u0119stochowie (technik-elektronik o specjalno\u015bci: elektryczna i elektroniczna automatyka przemys\u0142owa). W latach 1993 &#8230; <a class=\"more-link\" href=\"https:\/\/zlp-krakow.pl\/?page_id=224\">Read More &raquo;<\/a><\/p>\n","protected":false},"author":1,"featured_media":0,"parent":51,"menu_order":130,"comment_status":"closed","ping_status":"closed","template":"","meta":{"footnotes":""},"categories":[2],"tags":[],"class_list":["post-224","page","type-page","status-publish","hentry","category-czlonkowie"],"_links":{"self":[{"href":"https:\/\/zlp-krakow.pl\/index.php?rest_route=\/wp\/v2\/pages\/224","targetHints":{"allow":["GET"]}}],"collection":[{"href":"https:\/\/zlp-krakow.pl\/index.php?rest_route=\/wp\/v2\/pages"}],"about":[{"href":"https:\/\/zlp-krakow.pl\/index.php?rest_route=\/wp\/v2\/types\/page"}],"author":[{"embeddable":true,"href":"https:\/\/zlp-krakow.pl\/index.php?rest_route=\/wp\/v2\/users\/1"}],"replies":[{"embeddable":true,"href":"https:\/\/zlp-krakow.pl\/index.php?rest_route=%2Fwp%2Fv2%2Fcomments&post=224"}],"version-history":[{"count":7,"href":"https:\/\/zlp-krakow.pl\/index.php?rest_route=\/wp\/v2\/pages\/224\/revisions"}],"predecessor-version":[{"id":874,"href":"https:\/\/zlp-krakow.pl\/index.php?rest_route=\/wp\/v2\/pages\/224\/revisions\/874"}],"up":[{"embeddable":true,"href":"https:\/\/zlp-krakow.pl\/index.php?rest_route=\/wp\/v2\/pages\/51"}],"wp:attachment":[{"href":"https:\/\/zlp-krakow.pl\/index.php?rest_route=%2Fwp%2Fv2%2Fmedia&parent=224"}],"wp:term":[{"taxonomy":"category","embeddable":true,"href":"https:\/\/zlp-krakow.pl\/index.php?rest_route=%2Fwp%2Fv2%2Fcategories&post=224"},{"taxonomy":"post_tag","embeddable":true,"href":"https:\/\/zlp-krakow.pl\/index.php?rest_route=%2Fwp%2Fv2%2Ftags&post=224"}],"curies":[{"name":"wp","href":"https:\/\/api.w.org\/{rel}","templated":true}]}}