{"id":222,"date":"2015-03-06T01:27:25","date_gmt":"2015-03-06T00:27:25","guid":{"rendered":"http:\/\/zlp-krakow.org\/?page_id=222"},"modified":"2023-02-17T19:18:27","modified_gmt":"2023-02-17T18:18:27","slug":"fiut-ignacy-stanislaw","status":"publish","type":"page","link":"https:\/\/zlp-krakow.pl\/?page_id=222","title":{"rendered":"Ignacy Stanis\u0142aw Fiut"},"content":{"rendered":"<p><a href=\"https:\/\/zlp-krakow.pl\/wp-content\/uploads\/2015\/03\/Moja-fotka.jpg\"><img loading=\"lazy\" decoding=\"async\" class=\"alignnone size-medium wp-image-987\" src=\"https:\/\/zlp-krakow.pl\/wp-content\/uploads\/2015\/03\/Moja-fotka-225x300.jpg\" alt=\"Moja fotka\" width=\"225\" height=\"300\" srcset=\"https:\/\/zlp-krakow.pl\/wp-content\/uploads\/2015\/03\/Moja-fotka-225x300.jpg 225w, https:\/\/zlp-krakow.pl\/wp-content\/uploads\/2015\/03\/Moja-fotka.jpg 540w\" sizes=\"auto, (max-width: 225px) 100vw, 225px\" \/><\/a><\/p>\n<p><strong>Ignacy S. Fiut<\/strong> \u2013 profesor filozofii w Akademii G\u00f3rniczo-Hutniczej w Krakowie od roku 1997. Od roku 2000 kieruje Katedr\u0105 Kulturoznawstwa i Filozofii na Wydziale Humanistycznym AGH. Filozof, poeta, krytyk literacki, nauczyciel akademicki.<\/p>\n<div><strong>Autor dwunastu tomik\u00f3w wierszy:<\/strong><br \/>\nPr\u00f3ba zapytywania (1989),<br \/>\nPrawo Natury (1991),<br \/>\nZoologia Rozumu (1993),<br \/>\nLogika Serca (1996),<br \/>\nWyznania R\u00f3\u017cowej Pantery (1999),<br \/>\nCzas na egzorcyst\u0119 (2004),<br \/>\nPolisemia pi\u0119kna (2009),<br \/>\nMoja Samotrake. Wyb\u00f3r wierszy 1979-2009 (2011),<br \/>\nMoje sny i inne wiersze (2014),<\/div>\n<div>Pegazowi prosto w oczy (2018),<\/div>\n<div>Dusze (2019),<\/div>\n<div>Tylko nie czytaj tego nikomu (2020)<\/div>\n<p>&nbsp;<\/p>\n<p style=\"text-align: justify;\">Autor czterech ksi\u0105\u017cek po\u015bwi\u0119conych poezji wsp\u00f3\u0142czesnej: \u015awiaty poet\u00f3w (1996), Kulturowa to\u017csamo\u015b\u0107 poet\u00f3w. Prezentacje i analizy (2008) i To\u017csamo\u015bci \u015bwiat\u00f3w poet\u00f3w (2014), Kultury literackie poet\u00f3w (2017).<\/p>\n<p style=\"text-align: justify;\">Cz\u0142onek Zwi\u0105zku Literat\u00f3w Polskich od 1991 roku oraz Stowarzyszenia Tw\u00f3rczego Artystyczno-Literackiego. Uczestniczy w pracach redakcji czasopism: \u201eNowa Krytyka. Czasopismo filozoficzne\u201d, \u201eProblemy Ekorozwoju\u201d, \u201eForum My\u015bli Wolnej. Krakowski Magazyn Racjonalist\u00f3w\u201d, \u201eHybryda\u201d, \u201eGazeta Kulturalna\u201d i \u201eKrytyka Literacka\u201d. Nale\u017cy r\u00f3wnie\u017c do Polskiego Towarzystwa Filozoficznego, Polskiego Towarzystwa Komunikacji Spo\u0142ecznej. W latach 1990-1998 by\u0142 cz\u0142onkiem redakcji \u201eZeszyt\u00f3w Prasoznawczych\u201d.<\/p>\n<p><strong>Krakowskie sny<\/strong><\/p>\n<p>kiedy tylko wychyl\u0119 g\u0142ow\u0119 z r\u0119kawa mojego<br \/>\ndomu ogarnia mnie sen, do kt\u00f3rego ko\u0142ysz\u0105<br \/>\nniebieskie przeguby autobus\u00f3w<br \/>\ni tramwaj\u00f3w miejskich<br \/>\nuliczny splin<\/p>\n<p>pasam niekiedy w malignie nocy bia\u0142e<br \/>\nkozy na zboczach Kopca Ko\u015bciuszki<br \/>\nfrun\u0119 z chmar\u0105 jazgotliwych kawek<br \/>\nnad brzegiem zielonego<br \/>\njeziora B\u0142o\u0144<\/p>\n<p>innym razem budz\u0119 si\u0119 spocony<br \/>\nkroplami nocy na ciele<br \/>\na spod korony Wawelu<br \/>\nodp\u0142ywaj\u0105 wianki<br \/>\nmojej naiwno\u015bci<\/p>\n<p>wiem, \u017ce jutro rano brunatne fale<br \/>\nzmarszczek na tafli Wis\u0142y<br \/>\no poranku utopi\u0105 m\u00f3j<br \/>\nsen i marzenie<br \/>\no wieczno\u015bci<\/p>\n<p>jego mara zawieruszy si\u0119 pewnie<br \/>\nw okolicach Barbakanu<br \/>\npomi\u0119dzy kolorowymi obrazami<br \/>\nwyzywaj\u0105cego makija\u017cu<br \/>\nBramy Floria\u0144skiej i tam m\u00f3j<br \/>\nsen pozostanie z Wami<\/p>\n<p>na wieki<\/p>\n<p><em>Krak\u00f3w, stycze\u0144 2012 roku<\/em><\/p>\n<p><strong>Zwidy poranne<\/strong><\/p>\n<p>Monument Wawelu i Kurza Stopka<br \/>\ncie\u0144 Jadwigi odci\u015bni\u0119ty<br \/>\nna ceglanym murze<br \/>\nCollegium Novum<br \/>\nu\u015bmiech papie\u017ca grzej\u0105cy<br \/>\nwyobra\u017ani\u0119 Wyspia\u0144skiego<br \/>\nna witra\u017cach katedry<br \/>\nprzy ulicy Franciszka\u0144skiej<br \/>\na obok w ka\u0142u\u017cy<br \/>\nparuje \u201etwarz mojego boga\u201d<br \/>\n&#8211; S\u0142o\u0144ca<\/p>\n<p>na Plantach spotykam<br \/>\npoetyck\u0105 bra\u0107<br \/>\n&#8211; widz\u0119 i czuj\u0119<br \/>\n\u017ce si\u0119 tej nocy ur\u017cn\u0119li<br \/>\nz ich oczu wyziera<br \/>\nskatowana dusza<br \/>\nKrwawej Mery<\/p>\n<p>Czy Ty widzisz<br \/>\nto samo, co<br \/>\nja?<\/p>\n<p><em>Krak\u00f3w, wczesnym porankiem<\/em><br \/>\n<em>14 kwietnia 2012 roku<\/em><\/p>\n<p><strong>Kapsu\u0142a \u015bmiechu<\/strong><\/p>\n<p>\u015bmiej\u0119 si\u0119 do \u015bwiata:<br \/>\nps\u00f3w: ptak\u00f3w, ryb i rak\u00f3w<br \/>\nogrod\u00f3w i \u0142\u0105k pe\u0142nych:<br \/>\ntraw, turzyc i kwiat\u00f3w<\/p>\n<p>\u015bmiej\u0119 si\u0119 do rodzic\u00f3w:<br \/>\nch\u0142opc\u00f3w, dziewczynek<br \/>\na potem pe\u0142nych wdzi\u0119ku<br \/>\nkobiet<\/p>\n<p>\u015bmiej\u0119 si\u0119 do Boga,<br \/>\na On \u2013 nic!<br \/>\n\u015bmiej\u0119 si\u0119 z Niego,<br \/>\na on nic!<br \/>\n&#8211; chyba nie ma poczucia<br \/>\nhumoru!<\/p>\n<p>\u015bmieje si\u0119 do lustra<br \/>\ndo siebie \u015bmieje si\u0119,<br \/>\nbo \u015bmiech to przecie\u017c<br \/>\nzdrowie!<\/p>\n<p>zach\u0119cam do budowy<br \/>\nz pikseli \u015bmiechu kapsu\u0142y<br \/>\nnaszego zdrowego<br \/>\n\u015bwiata<\/p>\n","protected":false},"excerpt":{"rendered":"<p>Ignacy S. Fiut \u2013 profesor filozofii w Akademii G\u00f3rniczo-Hutniczej w Krakowie od roku 1997. Od roku 2000 kieruje Katedr\u0105 Kulturoznawstwa i Filozofii na Wydziale Humanistycznym AGH. Filozof, poeta, krytyk literacki, nauczyciel akademicki. Autor dwunastu tomik\u00f3w wierszy: Pr\u00f3ba zapytywania (1989), Prawo &#8230; <a class=\"more-link\" href=\"https:\/\/zlp-krakow.pl\/?page_id=222\">Read More &raquo;<\/a><\/p>\n","protected":false},"author":1,"featured_media":0,"parent":51,"menu_order":0,"comment_status":"closed","ping_status":"closed","template":"","meta":{"footnotes":""},"categories":[2],"tags":[],"class_list":["post-222","page","type-page","status-publish","hentry","category-czlonkowie"],"_links":{"self":[{"href":"https:\/\/zlp-krakow.pl\/index.php?rest_route=\/wp\/v2\/pages\/222","targetHints":{"allow":["GET"]}}],"collection":[{"href":"https:\/\/zlp-krakow.pl\/index.php?rest_route=\/wp\/v2\/pages"}],"about":[{"href":"https:\/\/zlp-krakow.pl\/index.php?rest_route=\/wp\/v2\/types\/page"}],"author":[{"embeddable":true,"href":"https:\/\/zlp-krakow.pl\/index.php?rest_route=\/wp\/v2\/users\/1"}],"replies":[{"embeddable":true,"href":"https:\/\/zlp-krakow.pl\/index.php?rest_route=%2Fwp%2Fv2%2Fcomments&post=222"}],"version-history":[{"count":14,"href":"https:\/\/zlp-krakow.pl\/index.php?rest_route=\/wp\/v2\/pages\/222\/revisions"}],"predecessor-version":[{"id":5786,"href":"https:\/\/zlp-krakow.pl\/index.php?rest_route=\/wp\/v2\/pages\/222\/revisions\/5786"}],"up":[{"embeddable":true,"href":"https:\/\/zlp-krakow.pl\/index.php?rest_route=\/wp\/v2\/pages\/51"}],"wp:attachment":[{"href":"https:\/\/zlp-krakow.pl\/index.php?rest_route=%2Fwp%2Fv2%2Fmedia&parent=222"}],"wp:term":[{"taxonomy":"category","embeddable":true,"href":"https:\/\/zlp-krakow.pl\/index.php?rest_route=%2Fwp%2Fv2%2Fcategories&post=222"},{"taxonomy":"post_tag","embeddable":true,"href":"https:\/\/zlp-krakow.pl\/index.php?rest_route=%2Fwp%2Fv2%2Ftags&post=222"}],"curies":[{"name":"wp","href":"https:\/\/api.w.org\/{rel}","templated":true}]}}