{"id":213,"date":"2015-03-06T01:24:43","date_gmt":"2015-03-06T00:24:43","guid":{"rendered":"http:\/\/zlp-krakow.org\/?page_id=213"},"modified":"2015-03-29T13:22:56","modified_gmt":"2015-03-29T11:22:56","slug":"faron-boleslaw","status":"publish","type":"page","link":"https:\/\/zlp-krakow.pl\/?page_id=213","title":{"rendered":"Boles\u0142aw Faron"},"content":{"rendered":"<p><strong><a href=\"https:\/\/zlp-krakow.pl\/wp-content\/uploads\/2015\/03\/faronfoto.jpg\"><img loading=\"lazy\" decoding=\"async\" class=\"alignnone size-full wp-image-1133\" src=\"https:\/\/zlp-krakow.pl\/wp-content\/uploads\/2015\/03\/faronfoto.jpg\" alt=\"faronfoto\" width=\"150\" height=\"200\" \/><\/a><\/strong><\/p>\n<p><span style=\"font-size: 12pt;\"><strong>Boles\u0142aw Faron<\/strong><\/span><\/p>\n<p>pseudonim: Andrzej Turek<\/p>\n<p>kryptonimy: beef, B.F.<\/p>\n<p>literaturoznawca, krytyk literacki, publicysta<\/p>\n<p>Urodzi\u0142 si\u0119 17 lutego 1937 roku w Czarnym Potoku, w pow. nowos\u0105deckim. Studiowa\u0142 filologi\u0119 polsk\u0105 w Wy\u017cszej Szkole Pedagogicznej w Krakowie, prof. dr hab. Pedagog w szkolnictwie \u015brednim (1958-1964), pracownik naukowy WSP (od 1958), prorektor i rektor WSP (1971-1981). Minister o\u015bwiaty i wychowania (1981-1985). W latach 1986-1990 radca ds. kulturalnych i naukowych ambasady PRL w Wiedniu i dyrektor tamtejszego Instytutu Polskiego. Wiceprzewodnicz\u0105cy Komisji Historycznoliterackiej PAN, Oddzia\u0142 Krak\u00f3w (1970-1976), cz\u0142onek Komitetu Nauki o Literaturze PAN (1975-1986), redaktor naukowy serii: \u201eBiblioteka Polonistyki\u201d w Wydawnictwach Szkolnych i Pedagogicznych (od 1982). W latach 1993-1995 prezes Wydawnictwa Edukacyjnego w Warszawie \u2013 oddzia\u0142 w Krakowie, a\u00a0od 1995 dyrektor ds. naukowych w Krakowie, obecnie dyrektor Niepublicznego Instytutu Kszta\u0142cenia Nauczycieli Wydawnictwa Edukacyjnego. Cz\u0142onek Towarzystwa Literackiego im. A. Mickiewicza. Redaktor naczelny dwumiesi\u0119cznika \u201eRuch Literacki\u201d (1975-1981), zast\u0119pca redaktora naczelnego czasopisma ZLP \u201eLektura\u201d (1991-1994). Od 1994 cz\u0142onek Stowarzyszenia Tw\u00f3rczego \u201ePolart\u201d. Od 1975 cz\u0142onek Stowarzyszenia \u201eKu\u017anica\u201d (od 1996 wiceprzewodnicz\u0105cy Rady \u201eKu\u017anica\u201d). Cz\u0142onek Senatu Akademickiego WSP w Krakowie (1996-1999). Dyrektor Instytutu Filologii Polskiej Akademii Pedagogicznej w\u00a0Krakowie (2000-2006). Cz\u0142oniek jury inicjatywy \u201eMistrz Mowy Polskiej\u201d. Nagroda ministra nauki, szkolnictwa wy\u017cszego i techniki I, II, III stopnia. Cz\u0142onek ZLP od 1983.<\/p>\n<p>Debiutowa\u0142 szkicem o W\u0142adys\u0142awie Orkanie na \u0142amach \u201eRuchu Literackiego\u201d w 1960. Publikowa\u0142 m.in. w \u201eLiteraturze\u201d, \u201eMiesi\u0119czniku Literackim\u201d, Nowych Ksi\u0105\u017ckach\u201d, \u201eOjczy\u017anie Polszczy\u017anie\u201d, \u201ePami\u0119tniku Literackim\u201d, \u201eRuchu Literackim\u201d, \u201eSycynie\u201d, \u201eTw\u00f3rczo\u015bci\u201d, \u201eWiadomo\u015bciach Kulturalnych\u201d, \u201e\u017byciu Literackim\u201d, \u201eNowej Polszczy\u017anie\u201d (przewodnicz\u0105cy Rady Naukowej). W latach 1968-1981 prowadzi\u0142 sta\u0142y felieton literacki w krakowskiej telewizji. Obecnie wsp\u00f3\u0142pracuje z Radiem Krak\u00f3w, audycje: W kr\u0119gu nauki i Pejza\u017ce regionalne. Wyk\u0142ada w Katedrze Medi\u00f3w i Bada\u0144 Kulturowych UP. Jego prace t\u0142umaczone by\u0142y na j\u0119zyk niemiecki, rosyjski.<\/p>\n<p>&nbsp;<\/p>\n<p>Publikacje ksi\u0105\u017ckowe<\/p>\n<ul>\n<li><em>Zbigniew Uni\u0142owski,<\/em>\u00a0[monografia], Warszawa 1969 (seria: Profile).<\/li>\n<li><em>Zbigniew Uni\u0142owski,<\/em>\u00a0[monografia], Warszawa 1969 (seria: Nauka dla wszystkich).<\/li>\n<li><em>Stanis\u0142aw Pi\u0119tak,<\/em>\u00a0[monografia], Krak\u00f3w 1971 (seria: Nauka dla wszystkich).<\/li>\n<li><em>Stefan Ko\u0142aczkowski jako krytyk i historyk literatury,\u00a0<\/em>[studium naukowe], Wroc\u0142aw 1976.<\/li>\n<li><em>O\u015bwiatowe przekroje i zbli\u017cenia,<\/em>\u00a0[szkice], Warszawa 1985.<\/li>\n<li><em>Spotkania i powroty. Sylwetki i szkice. Sylwetki i szkice o literaturze,\u00a0<\/em>Krak\u00f3w 1995.<\/li>\n<li><em>Jama Michalika,<\/em>\u00a0[monografia], Krak\u00f3w 1995, (wyd. IV rozsz. Krak\u00f3w 2014).<\/li>\n<li><em>Powr\u00f3t do korzeni,\u00a0<\/em>[szkice i wspomnienia], Krak\u00f3w 2000.<\/li>\n<li><em>W\u0142adys\u0142aw Orkan,<\/em>\u00a0Krak\u00f3w 2004.<\/li>\n<li><em>Okruchy. Szkice o literaturze i kulturze XX wieku,<\/em>\u00a0Krak\u00f3w 2005.<\/li>\n<li><em>&#8230;z podr\u00f3\u017cy,<\/em>\u00a0Krak\u00f3w 2007.<\/li>\n<li><em>Powr\u00f3t do korzeni. Nowy<\/em>, Krak\u00f3w 2010, Wydawnictwo Edukacyjne.<\/li>\n<li><em>W\u0142adys\u0142aw Orkan. Rozszerzony<\/em>, Krak\u00f3w 2012, Wydawnictwo Edukacyjne.<\/li>\n<\/ul>\n","protected":false},"excerpt":{"rendered":"<p>Boles\u0142aw Faron pseudonim: Andrzej Turek kryptonimy: beef, B.F. literaturoznawca, krytyk literacki, publicysta Urodzi\u0142 si\u0119 17 lutego 1937 roku w Czarnym Potoku, w pow. nowos\u0105deckim. Studiowa\u0142 filologi\u0119 polsk\u0105 w Wy\u017cszej Szkole Pedagogicznej w Krakowie, prof. dr hab. Pedagog w szkolnictwie \u015brednim &#8230; <a class=\"more-link\" href=\"https:\/\/zlp-krakow.pl\/?page_id=213\">Read More &raquo;<\/a><\/p>\n","protected":false},"author":1,"featured_media":0,"parent":51,"menu_order":80,"comment_status":"closed","ping_status":"closed","template":"","meta":{"footnotes":""},"categories":[2],"tags":[],"class_list":["post-213","page","type-page","status-publish","hentry","category-czlonkowie"],"_links":{"self":[{"href":"https:\/\/zlp-krakow.pl\/index.php?rest_route=\/wp\/v2\/pages\/213","targetHints":{"allow":["GET"]}}],"collection":[{"href":"https:\/\/zlp-krakow.pl\/index.php?rest_route=\/wp\/v2\/pages"}],"about":[{"href":"https:\/\/zlp-krakow.pl\/index.php?rest_route=\/wp\/v2\/types\/page"}],"author":[{"embeddable":true,"href":"https:\/\/zlp-krakow.pl\/index.php?rest_route=\/wp\/v2\/users\/1"}],"replies":[{"embeddable":true,"href":"https:\/\/zlp-krakow.pl\/index.php?rest_route=%2Fwp%2Fv2%2Fcomments&post=213"}],"version-history":[{"count":6,"href":"https:\/\/zlp-krakow.pl\/index.php?rest_route=\/wp\/v2\/pages\/213\/revisions"}],"predecessor-version":[{"id":1135,"href":"https:\/\/zlp-krakow.pl\/index.php?rest_route=\/wp\/v2\/pages\/213\/revisions\/1135"}],"up":[{"embeddable":true,"href":"https:\/\/zlp-krakow.pl\/index.php?rest_route=\/wp\/v2\/pages\/51"}],"wp:attachment":[{"href":"https:\/\/zlp-krakow.pl\/index.php?rest_route=%2Fwp%2Fv2%2Fmedia&parent=213"}],"wp:term":[{"taxonomy":"category","embeddable":true,"href":"https:\/\/zlp-krakow.pl\/index.php?rest_route=%2Fwp%2Fv2%2Fcategories&post=213"},{"taxonomy":"post_tag","embeddable":true,"href":"https:\/\/zlp-krakow.pl\/index.php?rest_route=%2Fwp%2Fv2%2Ftags&post=213"}],"curies":[{"name":"wp","href":"https:\/\/api.w.org\/{rel}","templated":true}]}}