{"id":1072,"date":"2015-03-22T00:30:53","date_gmt":"2015-03-21T23:30:53","guid":{"rendered":"http:\/\/zlp-krakow.org\/?page_id=1072"},"modified":"2015-03-22T01:16:50","modified_gmt":"2015-03-22T00:16:50","slug":"dudziak-witold","status":"publish","type":"page","link":"https:\/\/zlp-krakow.pl\/?page_id=1072","title":{"rendered":"Witold Dudziak"},"content":{"rendered":"<p><img decoding=\"async\" src=\"http:\/\/historiawisly.pl\/wiki\/images\/0\/09\/Witold_Dudziak.jpg\" alt=\"\" \/><\/p>\n<p>&nbsp;<\/p>\n<p><b>Witold Dudziak<\/b>,<\/p>\n<p>lekkoatleta Wis\u0142y, urodzi\u0142 si\u0119 25 lipca 1934 roku w Grudzi\u0105dzu.<\/p>\n<p>Dudziak specjalizowa\u0142 si\u0119 w biegach przez p\u0142otki. W 1955 roku by\u0142 mistrzem Polski w biegu przez p\u0142otki na dystansie 80 metr\u00f3w. W latach 1958-1960 by\u0142 reprezentantem Polski w biegu na 400 metr\u00f3w przez p\u0142otki.<\/p>\n<p>Witold Dudziak jest absolwentem Wydzia\u0142u Architektury Politechniki Krakowskiej. Po uko\u0144czeniu studi\u00f3w wyjecha\u0142 do Szwajcarii na dwuletni sta\u017c zawodowy. Po powrocie rozpocz\u0105\u0142 prac\u0119 jako wyk\u0142adowca architektury wn\u0119trz w Liceum Sztuk Plastycznych im. Antoniego Kenara w Zakopanem, gdzie zamieszka\u0142. Jego autorstwa jest m.in. projekt stylowej restauracji &#8222;Nosalowy Dw\u00f3r&#8221; w Zakopanem.<\/p>\n<p>Jako prezes zakopia\u0144skiego Klubu Literackiego Dudziak by\u0142 jednym z inicjator\u00f3w Komitetu Porozumiewawczego Zwi\u0105zk\u00f3w Tw\u00f3rczych i Naukowych maj\u0105cego za zadanie podniesienie intelektualnej rangi Zakopanego (1980). By\u0142 te\u017c delegatem Komitetu na Kongres Kultury Polskiej w Warszawie w grudniu 1981 , kt\u00f3ry zosta\u0142 przerwany w momencie og\u0142oszenia stanu wojennego.<\/p>\n<p>Cz\u0142onek Zwi\u0105zku Literat\u00f3w Polskich (od 1988 r.)<\/p>\n<p>Wszechstronnie utalentowany Dudziak pr\u00f3bowa\u0142 swych si\u0142 r\u00f3wnie\u017c w dziedzinie literatury. Jego debiut przypada na 1960 r., kiedy na \u0142amach \u201ePrzegl\u0105du Sportowego\u201d zamieszczono jego opowiadanie. Teksty Witolda Dudziaka systematycznie publikowano w \u201ePolityce\u201d, \u201eSportowcu\u201d, \u201eMiesi\u0119czniku Literackim\u201d. Jego opowiadania drukowa\u0142a &#8222;Kultura&#8221;. W 1971 roku wydawnictwo &#8222;Iskry&#8221; opublikowa\u0142o jego zbi\u00f3r opowiada\u0144 &#8222;Finisz&#8221; (w cyklu &#8222;Autentyk&#8221;). Jest te\u017c autorem ksi\u0105\u017cki &#8222;Spe\u0142nione marzenia&#8221;. Jeden z jego utwor\u00f3w przet\u0142umaczono na j\u0119zyk w\u0119gierski.<\/p>\n<p>Wojciech Mr\u00f3z wspominaj\u0105c Dudziaka w &#8222;Dzienniku Polskim&#8221; napisa\u0142: <i>&#8222;Z nieod\u0142\u0105cznym papierosem w ustach przypomina\u0142 Marka H\u0142ask\u0119 &#8211; zachowa\u0142 wiele z poetyki tamtych lat.&#8221;<\/i><\/p>\n<p>Witold Dudziak zmar\u0142 po d\u0142ugiej chorobie 30 sierpnia 2010 roku w Zakopanem. Msza \u015bwi\u0119ta \u017ca\u0142obna zosta\u0142a odprawiona 4 wrze\u015bnia 2010 roku o godzinie 12.00 w parafii Naj\u015bwi\u0119tszej Rodziny przy Krup\u00f3wkach w Zakopanem.<\/p>\n","protected":false},"excerpt":{"rendered":"<p>&nbsp; Witold Dudziak, lekkoatleta Wis\u0142y, urodzi\u0142 si\u0119 25 lipca 1934 roku w Grudzi\u0105dzu. Dudziak specjalizowa\u0142 si\u0119 w biegach przez p\u0142otki. W 1955 roku by\u0142 mistrzem Polski w biegu przez p\u0142otki na dystansie 80 metr\u00f3w. W latach 1958-1960 by\u0142 reprezentantem Polski &#8230; <a class=\"more-link\" href=\"https:\/\/zlp-krakow.pl\/?page_id=1072\">Read More &raquo;<\/a><\/p>\n","protected":false},"author":1,"featured_media":0,"parent":56,"menu_order":0,"comment_status":"closed","ping_status":"closed","template":"","meta":{"footnotes":""},"categories":[4],"tags":[],"class_list":["post-1072","page","type-page","status-publish","hentry","category-byli-wsrod-nas"],"_links":{"self":[{"href":"https:\/\/zlp-krakow.pl\/index.php?rest_route=\/wp\/v2\/pages\/1072","targetHints":{"allow":["GET"]}}],"collection":[{"href":"https:\/\/zlp-krakow.pl\/index.php?rest_route=\/wp\/v2\/pages"}],"about":[{"href":"https:\/\/zlp-krakow.pl\/index.php?rest_route=\/wp\/v2\/types\/page"}],"author":[{"embeddable":true,"href":"https:\/\/zlp-krakow.pl\/index.php?rest_route=\/wp\/v2\/users\/1"}],"replies":[{"embeddable":true,"href":"https:\/\/zlp-krakow.pl\/index.php?rest_route=%2Fwp%2Fv2%2Fcomments&post=1072"}],"version-history":[{"count":3,"href":"https:\/\/zlp-krakow.pl\/index.php?rest_route=\/wp\/v2\/pages\/1072\/revisions"}],"predecessor-version":[{"id":1075,"href":"https:\/\/zlp-krakow.pl\/index.php?rest_route=\/wp\/v2\/pages\/1072\/revisions\/1075"}],"up":[{"embeddable":true,"href":"https:\/\/zlp-krakow.pl\/index.php?rest_route=\/wp\/v2\/pages\/56"}],"wp:attachment":[{"href":"https:\/\/zlp-krakow.pl\/index.php?rest_route=%2Fwp%2Fv2%2Fmedia&parent=1072"}],"wp:term":[{"taxonomy":"category","embeddable":true,"href":"https:\/\/zlp-krakow.pl\/index.php?rest_route=%2Fwp%2Fv2%2Fcategories&post=1072"},{"taxonomy":"post_tag","embeddable":true,"href":"https:\/\/zlp-krakow.pl\/index.php?rest_route=%2Fwp%2Fv2%2Ftags&post=1072"}],"curies":[{"name":"wp","href":"https:\/\/api.w.org\/{rel}","templated":true}]}}